{"id":2910,"date":"2019-08-04T13:39:06","date_gmt":"2019-08-04T11:39:06","guid":{"rendered":"https:\/\/live-french.net\/blog\/il-francese-per-principianti-online\/"},"modified":"2025-11-29T14:44:24","modified_gmt":"2025-11-29T13:44:24","slug":"francese-principianti-online","status":"publish","type":"page","link":"https:\/\/live-french.net\/it\/francese-principianti-online\/","title":{"rendered":"Il francese online per principianti"},"content":{"rendered":"<p>Non \u00e8 mai troppo tardi per imparare una lingua! Questo vale anche per il francese, ovviamente! Se non avete mai studiato il francese o non avete una reale conoscenza di base, allora questo corso fa per voi.<\/p>\r\n<h2>Il francese per principianti: un programma strutturato<\/h2>\r\n<p>Live-French.net ha creato un programma speciale per chi decide di imparare il francese online partendo da zero. Con il tuo insegnante madrelingua online potrai imparare il vocabolario, la grammatica e la pronuncia. Attraverso i dialoghi, imparerai le basi della lingua. Tutti i nostri insegnanti di francese online parlano l&#8217;inglese, quindi potrai avere tutti chiarimenti di cui hai bisogno.<\/p>\r\n<p><iframe title=\"YouTube video player\" src=\"https:\/\/www.youtube.com\/embed\/iQ-R11cdNhE\" width=\"560\" height=\"315\" frameborder=\"0\" allowfullscreen=\"allowfullscreen\"><\/iframe><\/p>\r\n<p>Questo corso si struttura in 20 lezioni con verifiche ogni 5 lezioni perch\u00e9 tu possa assimilare il programma al meglio. Ogni lezione \u00e8 individuale, quindi l&#8217;insegnante rispetter\u00e0 il tuo ritmo.<\/p>\r\n<p>Per permetterti di migliorare seguendo il tuo ritmo di apprendimento, ti consigliamo<strong> 3 lezioni da 30 minuti<\/strong> alla settimana con compiti da svolgere tra una lezione e l&#8217;altra. Grazie ai nostri consigli non sentirai la frustrazione che si prova nell&#8217;affrontare una lingua completamente nuova.<\/p>\r\n<p><strong><span style=\"font-size: inherit;\">Scarica il corso di Francese per principianti<\/span><\/strong><\/p>\r\n\n<div class=\"wpcf7 no-js\" id=\"wpcf7-f27605-o1\" lang=\"en-US\" dir=\"ltr\" data-wpcf7-id=\"27605\">\n<div class=\"screen-reader-response\"><p role=\"status\" aria-live=\"polite\" aria-atomic=\"true\"><\/p> <ul><\/ul><\/div>\n<form action=\"\/it\/wp-json\/wp\/v2\/pages\/2910#wpcf7-f27605-o1\" method=\"post\" class=\"wpcf7-form init\" aria-label=\"Contact form\" novalidate=\"novalidate\" data-status=\"init\">\n<div style=\"display: none;\">\n<input type=\"hidden\" name=\"_wpcf7\" value=\"27605\" \/>\n<input type=\"hidden\" name=\"_wpcf7_version\" value=\"6.0.6\" \/>\n<input type=\"hidden\" name=\"_wpcf7_locale\" value=\"en_US\" \/>\n<input type=\"hidden\" name=\"_wpcf7_unit_tag\" value=\"wpcf7-f27605-o1\" \/>\n<input type=\"hidden\" name=\"_wpcf7_container_post\" value=\"0\" \/>\n<input type=\"hidden\" name=\"_wpcf7_posted_data_hash\" value=\"\" \/>\n<input type=\"hidden\" name=\"_wpcf7_recaptcha_response\" value=\"\" \/>\n<\/div>\n<div>\n\t<p>Le unit\u00e0 1 e 2 sono gratis!\n\t<\/p>\n<input class=\"wpcf7-form-control wpcf7-hidden\" value=\"6\" type=\"hidden\" name=\"office\" \/>\n<input class=\"wpcf7-form-control wpcf7-hidden\" value=\"\" type=\"hidden\" name=\"email\" \/>\n<input class=\"wpcf7-form-control wpcf7-hidden\" value=\"it\" type=\"hidden\" name=\"lg\" \/>\n<input class=\"wpcf7-form-control wpcf7-hidden\" value=\"13\" type=\"hidden\" name=\"leadsource\" \/>\n<input class=\"wpcf7-form-control wpcf7-hidden\" value=\"32\" type=\"hidden\" name=\"redirect\" \/>\n\t<p><label for=\"fname\">Nome:<\/label>\n\t<\/p>\n\t<p><span class=\"wpcf7-form-control-wrap\" data-name=\"fname\"><input size=\"40\" maxlength=\"400\" class=\"wpcf7-form-control wpcf7-text wpcf7-validates-as-required text\" id=\"awf_field-73358383-first\" tabindex=\"500\" aria-required=\"true\" aria-invalid=\"false\" value=\"\" type=\"text\" name=\"fname\" \/><\/span>\n\t<\/p>\n\t<p><label for=\"lname\">Cognome:<\/label>\n\t<\/p>\n\t<p><span class=\"wpcf7-form-control-wrap\" data-name=\"lname\"><input size=\"40\" maxlength=\"400\" class=\"wpcf7-form-control wpcf7-text wpcf7-validates-as-required text\" id=\"awf_field-73358383-last\" tabindex=\"501\" aria-required=\"true\" aria-invalid=\"false\" value=\"\" type=\"text\" name=\"lname\" \/><\/span>\n\t<\/p>\n\t<p><label for=\"alternate\">Email:<\/label>\n\t<\/p>\n\t<p><span class=\"wpcf7-form-control-wrap\" data-name=\"alternate\"><input size=\"40\" maxlength=\"400\" class=\"wpcf7-form-control wpcf7-email wpcf7-validates-as-required wpcf7-text wpcf7-validates-as-email text\" id=\"awf_field-73358384\" tabindex=\"502\" aria-required=\"true\" aria-invalid=\"false\" value=\"\" type=\"email\" name=\"alternate\" \/><\/span>\n\t<\/p>\n\t<p><input class=\"wpcf7-form-control wpcf7-submit has-spinner\" type=\"submit\" value=\"Send\" \/>\n\t<\/p>\n<\/div><div class=\"wpcf7-response-output\" aria-hidden=\"true\"><\/div>\n<\/form>\n<\/div>\n\r\n<p>Ti consigliamo di seguire questo corso su Zoom (per maggiori dettagli vedi <a title=\"Lezioni di francese online su Zoom\" href=\"https:\/\/live-french.net\/it\/lezioni-di-francese-online-su-zoom\/\">Lezioni di francese su Zoom<\/a>)<\/p>\r\n<h2>Gli insegnanti del corso di francese per principianti<\/h2>\r\n<p>Gli insegnanti del corso di francese per principianti parlano tutti inglese. Tutte le spiegazioni e le regole di grammatica ti verranno spiegate in inglese cos\u00ec che tu possa comprendere perfettamente i principi base. I nostri insegnanti di francese sono molto disponibili e ti imposteranno anche la pronuncia quando leggi o parli.<\/p>\r\n<h2>Quanto tempo serve per imparare il francese partendo da zero?<\/h2>\r\n<p>Ovviamente sono molte le variabili di cui tenere conto in questo caso:<\/p>\r\n<ul>\r\n<li>\u00c8 tua abitudine studiare nuove lingue?<\/li>\r\n<li>Sei esposto in qualche modo alla lingua francese? (per esempio se vivi in una paese francofono)<\/li>\r\n<li>Hai difficolt\u00e0 con la grammatica?<\/li>\r\n<li>\u00c8 facile per te imparare nuove cose?<\/li>\r\n<li>Conosci un&#8217;altra lingua neolatina oltre all&#8217;italiano? (le lingue neolatine come il francese, l&#8217;italiano, lo spagnolo e il portoghese derivano da un ceppo comune. Impararne una se ne conosci gi\u00e0 altre sar\u00e0 molto pi\u00f9 facile.)<\/li>\r\n<\/ul>\r\n<p>Il nostro obiettivo \u00e8 aiutarti ad imparare il Francese il pi\u00f9 velocemente possibile, soffermandoci su diverse aree del linguaggio come la grammatica, la lettura e la scrittura, poich\u00e9 crediamo che sia importante avere una conoscenza completa del funzionamento della lingua francese.<\/p>\r\n<p>La classificazione europea divide le abilit\u00e0 linguistiche in 6 livelli: A1, A2 (per principianti), B1, B2 (per il livello intermedio), C1, C2 (per il livello avanzato). Da A1 a B2 raggiungere ogni livello richiede tra i 6 e i 18 di mesi di studio.<\/p>\r\n<h2>L&#8217;ebook del corso di francese per principianti pubblicato da Live-French.net<\/h2>\r\n<p>Per la durata del corso di<strong> francese per principianti<\/strong> userai un ebook che ti permetter\u00e0 di acquisire le basi della lingua francese, fondamentali per raggiungere il livello A1.<\/p>\r\n\r\n<p>&nbsp;<\/p>\r\n\r\n\r\n<hr class=\"wp-block-separator\" \/>\r\n\r\n\r\n<p><strong>E&#8217; il momento giusto per iniziare! Registrati ora per<a href=\"https:\/\/live-french.net\/it\/lezione-di-prova\/\"> \u00a0una lezione di prova gratuita su Zoom<\/a> e consultati con uno dei nostri insegnanti madrelingua sul percorso migliore per raggiungere i tuoi obiettivi. <\/strong><\/p>\r\n<div id=\"media_image-2\" class=\"si-sidebar-widget si-widget si-entry widget widget_media_image amr_widget\"><h4 class=\"widget-title\">Perfectionnez votre fran\u00e7ais &#8211; cours d&#8217;essai gratuit! Inscrivez-vous ici<\/h4><a href=\"https:\/\/member.booknstart.com\/trial-registration?lg=fr&#038;referred_by=CTA&#038;office_id=6\"><img fetchpriority=\"high\" decoding=\"async\" width=\"1024\" height=\"366\" src=\"https:\/\/live-french.net\/wp-content\/uploads\/2025\/04\/CTA-LFNfr-1024x366.jpg\" class=\"image wp-image-27798  attachment-large size-large\" alt=\"\" style=\"max-width: 100%; height: auto;\" title=\"Perfectionnez votre fran\u00e7ais - cours d&#039;essai gratuit! Inscrivez-vous ici\" srcset=\"https:\/\/live-french.net\/wp-content\/uploads\/2025\/04\/CTA-LFNfr-1024x366.jpg 1024w, https:\/\/live-french.net\/wp-content\/uploads\/2025\/04\/CTA-LFNfr-300x107.jpg 300w, https:\/\/live-french.net\/wp-content\/uploads\/2025\/04\/CTA-LFNfr-768x274.jpg 768w, https:\/\/live-french.net\/wp-content\/uploads\/2025\/04\/CTA-LFNfr-1536x549.jpg 1536w, https:\/\/live-french.net\/wp-content\/uploads\/2025\/04\/CTA-LFNfr-2048x731.jpg 2048w\" sizes=\"(max-width: 1024px) 100vw, 1024px\" \/><\/a><\/div>","protected":false},"excerpt":{"rendered":"<p>Non \u00e8 mai troppo tardi per imparare una lingua! Questo vale anche per il francese, ovviamente! Se non avete mai studiato il francese o non avete una reale conoscenza di&hellip;<\/p>\n","protected":false},"author":1,"featured_media":23612,"parent":0,"menu_order":0,"comment_status":"closed","ping_status":"closed","template":"","meta":{"om_disable_all_campaigns":false,"_monsterinsights_skip_tracking":false,"_monsterinsights_sitenote_active":false,"_monsterinsights_sitenote_note":"","_monsterinsights_sitenote_category":0,"footnotes":""},"class_list":["post-2910","page","type-page","status-publish","has-post-thumbnail","hentry"],"aioseo_notices":[],"yoast_head":"<!-- This site is optimized with the Yoast SEO plugin v26.9 - https:\/\/yoast.com\/product\/yoast-seo-wordpress\/ -->\n<title>Il francese online per principianti - Live-French.net<\/title>\n<meta name=\"description\" content=\"Se non avete mai studiato il francese o non avete una reale conoscenza di base, allora questo corso di francese su skype fa per voi.\" \/>\n<meta name=\"robots\" content=\"index, follow, max-snippet:-1, max-image-preview:large, max-video-preview:-1\" \/>\n<link rel=\"canonical\" href=\"https:\/\/live-french.net\/it\/francese-principianti-online\/\" \/>\n<meta property=\"og:locale\" content=\"it_IT\" \/>\n<meta property=\"og:type\" content=\"article\" \/>\n<meta property=\"og:title\" content=\"Il francese online per principianti - Live-French.net\" \/>\n<meta property=\"og:description\" content=\"Se non avete mai studiato il francese o non avete una reale conoscenza di base, allora questo corso di francese su skype fa per voi.\" \/>\n<meta property=\"og:url\" content=\"https:\/\/live-french.net\/it\/francese-principianti-online\/\" \/>\n<meta property=\"og:site_name\" content=\"Live-French.net\" \/>\n<meta property=\"article:modified_time\" content=\"2025-11-29T13:44:24+00:00\" \/>\n<meta property=\"og:image\" content=\"https:\/\/live-french.net\/wp-content\/uploads\/2023\/07\/Il-francese-per-principianti.jpg\" \/>\n\t<meta property=\"og:image:width\" content=\"2240\" \/>\n\t<meta property=\"og:image:height\" content=\"1260\" \/>\n\t<meta property=\"og:image:type\" content=\"image\/jpeg\" \/>\n<meta name=\"twitter:label1\" content=\"Tempo di lettura stimato\" \/>\n\t<meta name=\"twitter:data1\" content=\"3 minuti\" \/>\n<script type=\"application\/ld+json\" class=\"yoast-schema-graph\">{\"@context\":\"https:\/\/schema.org\",\"@graph\":[{\"@type\":\"WebPage\",\"@id\":\"https:\/\/live-french.net\/it\/francese-principianti-online\/\",\"url\":\"https:\/\/live-french.net\/it\/francese-principianti-online\/\",\"name\":\"Il francese online per principianti - Live-French.net\",\"isPartOf\":{\"@id\":\"https:\/\/live-french.net\/it\/#website\"},\"primaryImageOfPage\":{\"@id\":\"https:\/\/live-french.net\/it\/francese-principianti-online\/#primaryimage\"},\"image\":{\"@id\":\"https:\/\/live-french.net\/it\/francese-principianti-online\/#primaryimage\"},\"thumbnailUrl\":\"https:\/\/live-french.net\/wp-content\/uploads\/2023\/07\/Il-francese-per-principianti.jpg\",\"datePublished\":\"2019-08-04T11:39:06+00:00\",\"dateModified\":\"2025-11-29T13:44:24+00:00\",\"description\":\"Se non avete mai studiato il francese o non avete una reale conoscenza di base, allora questo corso di francese su skype fa per voi.\",\"breadcrumb\":{\"@id\":\"https:\/\/live-french.net\/it\/francese-principianti-online\/#breadcrumb\"},\"inLanguage\":\"it-IT\",\"potentialAction\":[{\"@type\":\"ReadAction\",\"target\":[\"https:\/\/live-french.net\/it\/francese-principianti-online\/\"]}]},{\"@type\":\"ImageObject\",\"inLanguage\":\"it-IT\",\"@id\":\"https:\/\/live-french.net\/it\/francese-principianti-online\/#primaryimage\",\"url\":\"https:\/\/live-french.net\/wp-content\/uploads\/2023\/07\/Il-francese-per-principianti.jpg\",\"contentUrl\":\"https:\/\/live-french.net\/wp-content\/uploads\/2023\/07\/Il-francese-per-principianti.jpg\",\"width\":2240,\"height\":1260},{\"@type\":\"BreadcrumbList\",\"@id\":\"https:\/\/live-french.net\/it\/francese-principianti-online\/#breadcrumb\",\"itemListElement\":[{\"@type\":\"ListItem\",\"position\":1,\"name\":\"Home\",\"item\":\"https:\/\/live-french.net\/it\/\"},{\"@type\":\"ListItem\",\"position\":2,\"name\":\"Il francese online per principianti\"}]},{\"@type\":\"WebSite\",\"@id\":\"https:\/\/live-french.net\/it\/#website\",\"url\":\"https:\/\/live-french.net\/it\/\",\"name\":\"Live-French.net\",\"description\":\"Learn French Online\",\"publisher\":{\"@id\":\"https:\/\/live-french.net\/it\/#organization\"},\"potentialAction\":[{\"@type\":\"SearchAction\",\"target\":{\"@type\":\"EntryPoint\",\"urlTemplate\":\"https:\/\/live-french.net\/it\/?s={search_term_string}\"},\"query-input\":{\"@type\":\"PropertyValueSpecification\",\"valueRequired\":true,\"valueName\":\"search_term_string\"}}],\"inLanguage\":\"it-IT\"},{\"@type\":\"Organization\",\"@id\":\"https:\/\/live-french.net\/it\/#organization\",\"name\":\"Live-French.net\",\"url\":\"https:\/\/live-french.net\/it\/\",\"logo\":{\"@type\":\"ImageObject\",\"inLanguage\":\"it-IT\",\"@id\":\"https:\/\/live-french.net\/it\/#\/schema\/logo\/image\/\",\"url\":\"https:\/\/live-french.net\/wp-content\/uploads\/2021\/12\/cropped-LiveFrenchLogo.png\",\"contentUrl\":\"https:\/\/live-french.net\/wp-content\/uploads\/2021\/12\/cropped-LiveFrenchLogo.png\",\"width\":3319,\"height\":593,\"caption\":\"Live-French.net\"},\"image\":{\"@id\":\"https:\/\/live-french.net\/it\/#\/schema\/logo\/image\/\"}}]}<\/script>\n<!-- \/ Yoast SEO plugin. -->","yoast_head_json":{"title":"Il francese online per principianti - Live-French.net","description":"Se non avete mai studiato il francese o non avete una reale conoscenza di base, allora questo corso di francese su skype fa per voi.","robots":{"index":"index","follow":"follow","max-snippet":"max-snippet:-1","max-image-preview":"max-image-preview:large","max-video-preview":"max-video-preview:-1"},"canonical":"https:\/\/live-french.net\/it\/francese-principianti-online\/","og_locale":"it_IT","og_type":"article","og_title":"Il francese online per principianti - Live-French.net","og_description":"Se non avete mai studiato il francese o non avete una reale conoscenza di base, allora questo corso di francese su skype fa per voi.","og_url":"https:\/\/live-french.net\/it\/francese-principianti-online\/","og_site_name":"Live-French.net","article_modified_time":"2025-11-29T13:44:24+00:00","og_image":[{"width":2240,"height":1260,"url":"https:\/\/live-french.net\/wp-content\/uploads\/2023\/07\/Il-francese-per-principianti.jpg","type":"image\/jpeg"}],"twitter_misc":{"Tempo di lettura stimato":"3 minuti"},"schema":{"@context":"https:\/\/schema.org","@graph":[{"@type":"WebPage","@id":"https:\/\/live-french.net\/it\/francese-principianti-online\/","url":"https:\/\/live-french.net\/it\/francese-principianti-online\/","name":"Il francese online per principianti - Live-French.net","isPartOf":{"@id":"https:\/\/live-french.net\/it\/#website"},"primaryImageOfPage":{"@id":"https:\/\/live-french.net\/it\/francese-principianti-online\/#primaryimage"},"image":{"@id":"https:\/\/live-french.net\/it\/francese-principianti-online\/#primaryimage"},"thumbnailUrl":"https:\/\/live-french.net\/wp-content\/uploads\/2023\/07\/Il-francese-per-principianti.jpg","datePublished":"2019-08-04T11:39:06+00:00","dateModified":"2025-11-29T13:44:24+00:00","description":"Se non avete mai studiato il francese o non avete una reale conoscenza di base, allora questo corso di francese su skype fa per voi.","breadcrumb":{"@id":"https:\/\/live-french.net\/it\/francese-principianti-online\/#breadcrumb"},"inLanguage":"it-IT","potentialAction":[{"@type":"ReadAction","target":["https:\/\/live-french.net\/it\/francese-principianti-online\/"]}]},{"@type":"ImageObject","inLanguage":"it-IT","@id":"https:\/\/live-french.net\/it\/francese-principianti-online\/#primaryimage","url":"https:\/\/live-french.net\/wp-content\/uploads\/2023\/07\/Il-francese-per-principianti.jpg","contentUrl":"https:\/\/live-french.net\/wp-content\/uploads\/2023\/07\/Il-francese-per-principianti.jpg","width":2240,"height":1260},{"@type":"BreadcrumbList","@id":"https:\/\/live-french.net\/it\/francese-principianti-online\/#breadcrumb","itemListElement":[{"@type":"ListItem","position":1,"name":"Home","item":"https:\/\/live-french.net\/it\/"},{"@type":"ListItem","position":2,"name":"Il francese online per principianti"}]},{"@type":"WebSite","@id":"https:\/\/live-french.net\/it\/#website","url":"https:\/\/live-french.net\/it\/","name":"Live-French.net","description":"Learn French Online","publisher":{"@id":"https:\/\/live-french.net\/it\/#organization"},"potentialAction":[{"@type":"SearchAction","target":{"@type":"EntryPoint","urlTemplate":"https:\/\/live-french.net\/it\/?s={search_term_string}"},"query-input":{"@type":"PropertyValueSpecification","valueRequired":true,"valueName":"search_term_string"}}],"inLanguage":"it-IT"},{"@type":"Organization","@id":"https:\/\/live-french.net\/it\/#organization","name":"Live-French.net","url":"https:\/\/live-french.net\/it\/","logo":{"@type":"ImageObject","inLanguage":"it-IT","@id":"https:\/\/live-french.net\/it\/#\/schema\/logo\/image\/","url":"https:\/\/live-french.net\/wp-content\/uploads\/2021\/12\/cropped-LiveFrenchLogo.png","contentUrl":"https:\/\/live-french.net\/wp-content\/uploads\/2021\/12\/cropped-LiveFrenchLogo.png","width":3319,"height":593,"caption":"Live-French.net"},"image":{"@id":"https:\/\/live-french.net\/it\/#\/schema\/logo\/image\/"}}]}},"_links":{"self":[{"href":"https:\/\/live-french.net\/it\/wp-json\/wp\/v2\/pages\/2910","targetHints":{"allow":["GET"]}}],"collection":[{"href":"https:\/\/live-french.net\/it\/wp-json\/wp\/v2\/pages"}],"about":[{"href":"https:\/\/live-french.net\/it\/wp-json\/wp\/v2\/types\/page"}],"author":[{"embeddable":true,"href":"https:\/\/live-french.net\/it\/wp-json\/wp\/v2\/users\/1"}],"replies":[{"embeddable":true,"href":"https:\/\/live-french.net\/it\/wp-json\/wp\/v2\/comments?post=2910"}],"version-history":[{"count":21,"href":"https:\/\/live-french.net\/it\/wp-json\/wp\/v2\/pages\/2910\/revisions"}],"predecessor-version":[{"id":28330,"href":"https:\/\/live-french.net\/it\/wp-json\/wp\/v2\/pages\/2910\/revisions\/28330"}],"wp:featuredmedia":[{"embeddable":true,"href":"https:\/\/live-french.net\/it\/wp-json\/wp\/v2\/media\/23612"}],"wp:attachment":[{"href":"https:\/\/live-french.net\/it\/wp-json\/wp\/v2\/media?parent=2910"}],"curies":[{"name":"wp","href":"https:\/\/api.w.org\/{rel}","templated":true}]}}