{"id":2909,"date":"2019-08-04T13:38:09","date_gmt":"2019-08-04T11:38:09","guid":{"rendered":"https:\/\/live-french.net\/blog\/esami-di-francese-e-delf\/"},"modified":"2023-10-28T21:29:58","modified_gmt":"2023-10-28T19:29:58","slug":"esami-francese-delf","status":"publish","type":"page","link":"https:\/\/live-french.net\/it\/esami-francese-delf\/","title":{"rendered":"Esami di francese e DELF"},"content":{"rendered":"<p>Hai bisogno di prepararti per un esame di\u00a0 francese DELF, DALF o qualsiasi altro esame? Lasciati aiutare dai nostri insegnanti qualificati! La certificazione francese \u00e8 a portata di mano.<\/p>\r\n<h2>Esami di certificazione di lingua francese<\/h2>\r\n<p>Con Live-French.net puoi preparare qualsiasi <strong>esame di certificazione di lingua francese<\/strong>.<\/p>\r\n<p>Non importa di quale esame si tratta, Live-French.net ti aiuter\u00e0 a prepararlo. Anche se si tratta di un esame universitario, di scuola superiore o di un esame necessario per ottenere un lavoro in Francia; il nostro team di insegnanti sa benissimo cosa ti serve e come offrirti il miglior corso possibile.<\/p>\r\n<div id=\"custom_html-26\" class=\"widget_text si-sidebar-widget si-widget si-entry widget widget_custom_html amr_widget\"><div class=\"textwidget custom-html-widget\"><a href=\"https:\/\/member.booknstart.com\/trial-registration?lg=fr&referred_by=sCTA&office_id=6\" target=\"_blank\"><img decoding=\"async\" alt=\"Cours d'essai de fran\u00e7ais\" src=\"https:\/\/live-french.net\/wp-content\/uploads\/2023\/02\/sCTA-fr.jpg\"><\/a><\/div><\/div>\r\n<h2>Corso DELF Online<\/h2>\r\n<p>Il DELF \u00e8 fortemente consigliato se hai bisogno di certificare il tuo livello di francese. I nostri corsi di preparazione per il DELF ripercorrono tutte le parti di cui si compone questo esame. Potrai anche decidere di concentrarti solo una o due sezioni del programma.<br \/>Controlla sul nostro <a title=\"Esami di francese\" href=\"https:\/\/live-french.net\/it\/blog\/category\/esami-di-francese\/\">blog<\/a> nella parte dedicata agli esami di certificazione e scopri quali consigli abbiamo raccolto per te per avere successo.<\/p>\r\n<h2>Come posso prepararmi per il DELF?<\/h2>\r\n<p>Gli esami certificazione di lingua francese pi\u00f9 popolari sono il DELF B1, B2 e il DALF C1. Prepariamo i nostri studenti di francese per questi esami, come anche per i livelli A1, A2 e C2.<\/p>\r\n<ul>\r\n<li>Comprensione della lingua parlata<\/li>\r\n<li>Comprensione della lingua scritta<\/li>\r\n<li>Scrittura<\/li>\r\n<li>Conversazione<\/li>\r\n<\/ul>\r\n<p>Gli esercizi verranno adattati al tuo livello di partenza. Durante la preparazione avrai bisogno di prendere confidenza con la tipologia di esercizi che dovrai sostenere.<\/p>\r\n<p>La prima sessione servir\u00e0 a stabilire il tuo livello (ossia per quale esame di certificazione \u00e8 meglio tu sostenga), i tuoi punti di forza e le tue debolezze.<\/p>\r\n<p>In base a questo, insieme al tuo insegnante deciderete una strategia. Il nostro obiettivo \u00e8 aumentare la tua fiducia e raggiungere il livello necessario per superare l&#8217;esame. Se ti senti di dover lavorare di pi\u00f9 sul tuo vocabolario o sulla comprensione delle regole grammaticali, parte delle lezioni sar\u00e0 dedicata a questo. Fondamentale, in ogni caso, sar\u00e0 che tu faccia esercizi e che vengano corretti durante la lezione stessa.<\/p>\r\n<p>Il tuo insegnante ti sapr\u00e0, inoltre, consigliare qualche trucco per migliorare il tuo livello linguistico (quali sono le espressioni chiave da utilizzare ecc.)<\/p>\r\n\r\n\r\n<h2 class=\"wp-block-heading\">Esame di francese e simulazione<\/h2>\r\n\r\n\r\n\r\n<figure class=\"wp-block-embed is-type-video is-provider-youtube wp-block-embed-youtube wp-embed-aspect-16-9 wp-has-aspect-ratio\"><div class=\"wp-block-embed__wrapper\">\r\n<iframe title=\"Faut-il passer un examen de fran\u00e7ais comme le DELF?\" width=\"500\" height=\"281\" src=\"https:\/\/www.youtube.com\/embed\/NxZur_aKEpE?feature=oembed\" frameborder=\"0\" allow=\"accelerometer; autoplay; clipboard-write; encrypted-media; gyroscope; picture-in-picture; web-share\" referrerpolicy=\"strict-origin-when-cross-origin\" allowfullscreen><\/iframe>\r\n<\/div><figcaption>Esame di francese<\/figcaption><\/figure>\r\n\r\n\r\n\r\n<p>Per maggiori informazioni: <a href=\"https:\/\/live-french.net\/fr\/blog\/examens-de-francais-fle\/faut-il-passer-un-examen-de-francais-de-type-delf\/\">https:\/\/live-french.net\/fr\/blog\/examens-de-francais-fle\/faut-il-passer-un-examen-de-francais-de-type-delf\/<\/a> <\/p>\r\n<div id=\"media_image-2\" class=\"si-sidebar-widget si-widget si-entry widget widget_media_image amr_widget\"><h4 class=\"widget-title\">Perfectionnez votre fran\u00e7ais &#8211; cours d&#8217;essai gratuit! Inscrivez-vous ici<\/h4><a href=\"https:\/\/member.booknstart.com\/trial-registration?lg=fr&#038;referred_by=CTA&#038;office_id=6\"><img fetchpriority=\"high\" decoding=\"async\" width=\"1024\" height=\"366\" src=\"https:\/\/live-french.net\/wp-content\/uploads\/2025\/04\/CTA-LFNfr-1024x366.jpg\" class=\"image wp-image-27798  attachment-large size-large\" alt=\"\" style=\"max-width: 100%; height: auto;\" title=\"Perfectionnez votre fran\u00e7ais - cours d&#039;essai gratuit! Inscrivez-vous ici\" srcset=\"https:\/\/live-french.net\/wp-content\/uploads\/2025\/04\/CTA-LFNfr-1024x366.jpg 1024w, https:\/\/live-french.net\/wp-content\/uploads\/2025\/04\/CTA-LFNfr-300x107.jpg 300w, https:\/\/live-french.net\/wp-content\/uploads\/2025\/04\/CTA-LFNfr-768x274.jpg 768w, https:\/\/live-french.net\/wp-content\/uploads\/2025\/04\/CTA-LFNfr-1536x549.jpg 1536w, https:\/\/live-french.net\/wp-content\/uploads\/2025\/04\/CTA-LFNfr-2048x731.jpg 2048w\" sizes=\"(max-width: 1024px) 100vw, 1024px\" \/><\/a><\/div>","protected":false},"excerpt":{"rendered":"<p>Hai bisogno di prepararti per un esame di\u00a0 francese DELF, DALF o qualsiasi altro esame? Lasciati aiutare dai nostri insegnanti qualificati! La certificazione francese \u00e8 a portata di mano. Esami&hellip;<\/p>\n","protected":false},"author":1,"featured_media":21865,"parent":0,"menu_order":0,"comment_status":"closed","ping_status":"closed","template":"","meta":{"om_disable_all_campaigns":false,"_monsterinsights_skip_tracking":false,"_monsterinsights_sitenote_active":false,"_monsterinsights_sitenote_note":"","_monsterinsights_sitenote_category":0,"footnotes":""},"class_list":["post-2909","page","type-page","status-publish","has-post-thumbnail","hentry"],"aioseo_notices":[],"yoast_head":"<!-- This site is optimized with the Yoast SEO plugin v26.9 - https:\/\/yoast.com\/product\/yoast-seo-wordpress\/ -->\n<title>Esami di francese e DELF - Live-French.net<\/title>\n<meta name=\"description\" content=\"Con Live-French.net puoi preparare qualsiasi esame di certificazione di lingua francese. Non importa di quale esame si tratta, ti aiuteremo.\" \/>\n<meta name=\"robots\" content=\"index, follow, max-snippet:-1, max-image-preview:large, max-video-preview:-1\" \/>\n<link rel=\"canonical\" href=\"https:\/\/live-french.net\/it\/esami-francese-delf\/\" \/>\n<meta property=\"og:locale\" content=\"it_IT\" \/>\n<meta property=\"og:type\" content=\"article\" \/>\n<meta property=\"og:title\" content=\"Esami di francese e DELF - Live-French.net\" \/>\n<meta property=\"og:description\" content=\"Con Live-French.net puoi preparare qualsiasi esame di certificazione di lingua francese. Non importa di quale esame si tratta, ti aiuteremo.\" \/>\n<meta property=\"og:url\" content=\"https:\/\/live-french.net\/it\/esami-francese-delf\/\" \/>\n<meta property=\"og:site_name\" content=\"Live-French.net\" \/>\n<meta property=\"article:modified_time\" content=\"2023-10-28T19:29:58+00:00\" \/>\n<meta property=\"og:image\" content=\"https:\/\/live-french.net\/wp-content\/uploads\/2023\/02\/DELF-DALF-altro-esame-francese.jpg\" \/>\n\t<meta property=\"og:image:width\" content=\"2240\" \/>\n\t<meta property=\"og:image:height\" content=\"1260\" \/>\n\t<meta property=\"og:image:type\" content=\"image\/jpeg\" \/>\n<meta name=\"twitter:label1\" content=\"Tempo di lettura stimato\" \/>\n\t<meta name=\"twitter:data1\" content=\"2 minuti\" \/>\n<script type=\"application\/ld+json\" class=\"yoast-schema-graph\">{\"@context\":\"https:\/\/schema.org\",\"@graph\":[{\"@type\":\"WebPage\",\"@id\":\"https:\/\/live-french.net\/it\/esami-francese-delf\/\",\"url\":\"https:\/\/live-french.net\/it\/esami-francese-delf\/\",\"name\":\"Esami di francese e DELF - Live-French.net\",\"isPartOf\":{\"@id\":\"https:\/\/live-french.net\/it\/#website\"},\"primaryImageOfPage\":{\"@id\":\"https:\/\/live-french.net\/it\/esami-francese-delf\/#primaryimage\"},\"image\":{\"@id\":\"https:\/\/live-french.net\/it\/esami-francese-delf\/#primaryimage\"},\"thumbnailUrl\":\"https:\/\/live-french.net\/wp-content\/uploads\/2023\/02\/DELF-DALF-altro-esame-francese.jpg\",\"datePublished\":\"2019-08-04T11:38:09+00:00\",\"dateModified\":\"2023-10-28T19:29:58+00:00\",\"description\":\"Con Live-French.net puoi preparare qualsiasi esame di certificazione di lingua francese. Non importa di quale esame si tratta, ti aiuteremo.\",\"breadcrumb\":{\"@id\":\"https:\/\/live-french.net\/it\/esami-francese-delf\/#breadcrumb\"},\"inLanguage\":\"it-IT\",\"potentialAction\":[{\"@type\":\"ReadAction\",\"target\":[\"https:\/\/live-french.net\/it\/esami-francese-delf\/\"]}]},{\"@type\":\"ImageObject\",\"inLanguage\":\"it-IT\",\"@id\":\"https:\/\/live-french.net\/it\/esami-francese-delf\/#primaryimage\",\"url\":\"https:\/\/live-french.net\/wp-content\/uploads\/2023\/02\/DELF-DALF-altro-esame-francese.jpg\",\"contentUrl\":\"https:\/\/live-french.net\/wp-content\/uploads\/2023\/02\/DELF-DALF-altro-esame-francese.jpg\",\"width\":2240,\"height\":1260,\"caption\":\"DELF, DALF e altro esame de francese\"},{\"@type\":\"BreadcrumbList\",\"@id\":\"https:\/\/live-french.net\/it\/esami-francese-delf\/#breadcrumb\",\"itemListElement\":[{\"@type\":\"ListItem\",\"position\":1,\"name\":\"Home\",\"item\":\"https:\/\/live-french.net\/it\/\"},{\"@type\":\"ListItem\",\"position\":2,\"name\":\"Esami di francese e DELF\"}]},{\"@type\":\"WebSite\",\"@id\":\"https:\/\/live-french.net\/it\/#website\",\"url\":\"https:\/\/live-french.net\/it\/\",\"name\":\"Live-French.net\",\"description\":\"Learn French Online\",\"publisher\":{\"@id\":\"https:\/\/live-french.net\/it\/#organization\"},\"potentialAction\":[{\"@type\":\"SearchAction\",\"target\":{\"@type\":\"EntryPoint\",\"urlTemplate\":\"https:\/\/live-french.net\/it\/?s={search_term_string}\"},\"query-input\":{\"@type\":\"PropertyValueSpecification\",\"valueRequired\":true,\"valueName\":\"search_term_string\"}}],\"inLanguage\":\"it-IT\"},{\"@type\":\"Organization\",\"@id\":\"https:\/\/live-french.net\/it\/#organization\",\"name\":\"Live-French.net\",\"url\":\"https:\/\/live-french.net\/it\/\",\"logo\":{\"@type\":\"ImageObject\",\"inLanguage\":\"it-IT\",\"@id\":\"https:\/\/live-french.net\/it\/#\/schema\/logo\/image\/\",\"url\":\"https:\/\/live-french.net\/wp-content\/uploads\/2021\/12\/cropped-LiveFrenchLogo.png\",\"contentUrl\":\"https:\/\/live-french.net\/wp-content\/uploads\/2021\/12\/cropped-LiveFrenchLogo.png\",\"width\":3319,\"height\":593,\"caption\":\"Live-French.net\"},\"image\":{\"@id\":\"https:\/\/live-french.net\/it\/#\/schema\/logo\/image\/\"}}]}<\/script>\n<!-- \/ Yoast SEO plugin. -->","yoast_head_json":{"title":"Esami di francese e DELF - Live-French.net","description":"Con Live-French.net puoi preparare qualsiasi esame di certificazione di lingua francese. Non importa di quale esame si tratta, ti aiuteremo.","robots":{"index":"index","follow":"follow","max-snippet":"max-snippet:-1","max-image-preview":"max-image-preview:large","max-video-preview":"max-video-preview:-1"},"canonical":"https:\/\/live-french.net\/it\/esami-francese-delf\/","og_locale":"it_IT","og_type":"article","og_title":"Esami di francese e DELF - Live-French.net","og_description":"Con Live-French.net puoi preparare qualsiasi esame di certificazione di lingua francese. Non importa di quale esame si tratta, ti aiuteremo.","og_url":"https:\/\/live-french.net\/it\/esami-francese-delf\/","og_site_name":"Live-French.net","article_modified_time":"2023-10-28T19:29:58+00:00","og_image":[{"width":2240,"height":1260,"url":"https:\/\/live-french.net\/wp-content\/uploads\/2023\/02\/DELF-DALF-altro-esame-francese.jpg","type":"image\/jpeg"}],"twitter_misc":{"Tempo di lettura stimato":"2 minuti"},"schema":{"@context":"https:\/\/schema.org","@graph":[{"@type":"WebPage","@id":"https:\/\/live-french.net\/it\/esami-francese-delf\/","url":"https:\/\/live-french.net\/it\/esami-francese-delf\/","name":"Esami di francese e DELF - Live-French.net","isPartOf":{"@id":"https:\/\/live-french.net\/it\/#website"},"primaryImageOfPage":{"@id":"https:\/\/live-french.net\/it\/esami-francese-delf\/#primaryimage"},"image":{"@id":"https:\/\/live-french.net\/it\/esami-francese-delf\/#primaryimage"},"thumbnailUrl":"https:\/\/live-french.net\/wp-content\/uploads\/2023\/02\/DELF-DALF-altro-esame-francese.jpg","datePublished":"2019-08-04T11:38:09+00:00","dateModified":"2023-10-28T19:29:58+00:00","description":"Con Live-French.net puoi preparare qualsiasi esame di certificazione di lingua francese. Non importa di quale esame si tratta, ti aiuteremo.","breadcrumb":{"@id":"https:\/\/live-french.net\/it\/esami-francese-delf\/#breadcrumb"},"inLanguage":"it-IT","potentialAction":[{"@type":"ReadAction","target":["https:\/\/live-french.net\/it\/esami-francese-delf\/"]}]},{"@type":"ImageObject","inLanguage":"it-IT","@id":"https:\/\/live-french.net\/it\/esami-francese-delf\/#primaryimage","url":"https:\/\/live-french.net\/wp-content\/uploads\/2023\/02\/DELF-DALF-altro-esame-francese.jpg","contentUrl":"https:\/\/live-french.net\/wp-content\/uploads\/2023\/02\/DELF-DALF-altro-esame-francese.jpg","width":2240,"height":1260,"caption":"DELF, DALF e altro esame de francese"},{"@type":"BreadcrumbList","@id":"https:\/\/live-french.net\/it\/esami-francese-delf\/#breadcrumb","itemListElement":[{"@type":"ListItem","position":1,"name":"Home","item":"https:\/\/live-french.net\/it\/"},{"@type":"ListItem","position":2,"name":"Esami di francese e DELF"}]},{"@type":"WebSite","@id":"https:\/\/live-french.net\/it\/#website","url":"https:\/\/live-french.net\/it\/","name":"Live-French.net","description":"Learn French Online","publisher":{"@id":"https:\/\/live-french.net\/it\/#organization"},"potentialAction":[{"@type":"SearchAction","target":{"@type":"EntryPoint","urlTemplate":"https:\/\/live-french.net\/it\/?s={search_term_string}"},"query-input":{"@type":"PropertyValueSpecification","valueRequired":true,"valueName":"search_term_string"}}],"inLanguage":"it-IT"},{"@type":"Organization","@id":"https:\/\/live-french.net\/it\/#organization","name":"Live-French.net","url":"https:\/\/live-french.net\/it\/","logo":{"@type":"ImageObject","inLanguage":"it-IT","@id":"https:\/\/live-french.net\/it\/#\/schema\/logo\/image\/","url":"https:\/\/live-french.net\/wp-content\/uploads\/2021\/12\/cropped-LiveFrenchLogo.png","contentUrl":"https:\/\/live-french.net\/wp-content\/uploads\/2021\/12\/cropped-LiveFrenchLogo.png","width":3319,"height":593,"caption":"Live-French.net"},"image":{"@id":"https:\/\/live-french.net\/it\/#\/schema\/logo\/image\/"}}]}},"_links":{"self":[{"href":"https:\/\/live-french.net\/it\/wp-json\/wp\/v2\/pages\/2909","targetHints":{"allow":["GET"]}}],"collection":[{"href":"https:\/\/live-french.net\/it\/wp-json\/wp\/v2\/pages"}],"about":[{"href":"https:\/\/live-french.net\/it\/wp-json\/wp\/v2\/types\/page"}],"author":[{"embeddable":true,"href":"https:\/\/live-french.net\/it\/wp-json\/wp\/v2\/users\/1"}],"replies":[{"embeddable":true,"href":"https:\/\/live-french.net\/it\/wp-json\/wp\/v2\/comments?post=2909"}],"version-history":[{"count":12,"href":"https:\/\/live-french.net\/it\/wp-json\/wp\/v2\/pages\/2909\/revisions"}],"predecessor-version":[{"id":24317,"href":"https:\/\/live-french.net\/it\/wp-json\/wp\/v2\/pages\/2909\/revisions\/24317"}],"wp:featuredmedia":[{"embeddable":true,"href":"https:\/\/live-french.net\/it\/wp-json\/wp\/v2\/media\/21865"}],"wp:attachment":[{"href":"https:\/\/live-french.net\/it\/wp-json\/wp\/v2\/media?parent=2909"}],"curies":[{"name":"wp","href":"https:\/\/api.w.org\/{rel}","templated":true}]}}