{"id":28181,"date":"2025-10-29T11:28:16","date_gmt":"2025-10-29T10:28:16","guid":{"rendered":"https:\/\/live-french.net\/lezioni-di-francese-online-su-zoom\/"},"modified":"2025-10-29T11:37:06","modified_gmt":"2025-10-29T10:37:06","slug":"lezioni-di-francese-online-su-zoom","status":"publish","type":"page","link":"https:\/\/live-french.net\/it\/lezioni-di-francese-online-su-zoom\/","title":{"rendered":"Lezioni di francese online su Zoom"},"content":{"rendered":"\r\n\r\n<p>Zoom \u00e8 un&#8217;app di videoconferenza molto avanzata che \u00e8 diventata estremamente popolare dal 2020. Live-French.net ora offre lezioni di francese su Zoom per consentire a chi gi\u00e0 conosce questa applicazione di connettersi con i propri insegnanti di francese tramite Zoom. Le <a title=\"Lezioni individuali di francese\" href=\"https:\/\/live-french.net\/online-french-course\/\">lezioni individuali di francese<\/a> e le <a title=\"Lezioni di francese di gruppo\" href=\"https:\/\/live-french.net\/live-french-club-french-group-lessons\/\">lezioni di gruppo<\/a> si svolgono su Zoom.<\/p>\r\n\r\n<div id=\"custom_html-26\" class=\"widget_text si-sidebar-widget si-widget si-entry widget widget_custom_html amr_widget\"><div class=\"textwidget custom-html-widget\"><a href=\"https:\/\/member.booknstart.com\/trial-registration?lg=fr&referred_by=sCTA&office_id=6\" target=\"_blank\"><img decoding=\"async\" alt=\"Cours d'essai de fran\u00e7ais\" src=\"https:\/\/live-french.net\/wp-content\/uploads\/2023\/02\/sCTA-fr.jpg\"><\/a><\/div><\/div>\r\n\r\n<h2 class=\"wp-block-heading\">Quali sono i vantaggi delle lezioni di francese su Zoom?<\/h2>\r\n\r\n\r\n\r\n\r\n<p>Oggi esiste un&#8217;ampia gamma di applicazioni che permettono la comunicazione VoIP. Tuttavia, non tutte raggiungono il livello di qualit\u00e0 che offre Zoom. L\u2019audio \u00e8 eccellente, il video \u00e8 in alta definizione, \u00e8 facile da usare e funziona perfettamente sia da computer che da smartphone.<\/p>\r\n\r\n\r\n\r\n\r\n<p>Cercavamo un\u2019app che si adattasse bene alle nostre lezioni di francese online e Zoom ha soddisfatto tutti i criteri!<\/p>\r\n\r\n\r\n\r\n\r\n<p>La tecnologia offerta da Zoom \u00e8 in linea con la nostra visione di come dovrebbe essere la tecnologia: uno strumento di alta qualit\u00e0 che ci aiuta a mettere in contatto gli insegnanti di francese con te, anche se vi trovate lontani.<\/p>\r\n\r\n\r\n\r\n\r\n<ul class=\"wp-block-list\">\r\n<li>\u00c8 facile da usare. Basta cliccare sul link che ti inviamo per partecipare alla lezione.<\/li>\r\n<li>Offre audio e video in HD senza ritardi.<\/li>\r\n<li>Pu\u00f2 essere utilizzata da qualsiasi dispositivo: computer, tablet o telefono.<\/li>\r\n<li>Consente la condivisione dello schermo, la messaggistica istantanea e la condivisione di contenuti.<\/li>\r\n<\/ul>\r\n\r\n\r\n\r\n\r\n<h2 class=\"wp-block-heading\">A chi sono rivolte le lezioni di francese su Zoom?<\/h2>\r\n\r\n<p>Le lezioni di francese su Zoom sono flessibili, interattive e orientate ai tuoi obiettivi personali. Sono quindi il modo pi\u00f9 comodo per migliorare il tuo francese: puoi accedere alle lezioni da qualsiasi luogo con una connessione Internet. Sono adatte a tutti i livelli, quindi non preoccuparti se il tuo francese \u00e8 ancora di base. Se non vuoi perdere tempo e desideri imparare con insegnanti madrelingua, le lezioni di francese su Zoom di Live-French.net ti offriranno la migliore esperienza di apprendimento possibile.<\/p>\r\n\r\n\r\n\r\n<h2 class=\"wp-block-heading\">Come si svolge una lezione di francese su Zoom?<\/h2>\r\n\r\n\r\n\r\n\r\n<p>Dopo la registrazione, avrai accesso all\u2019orario del tuo insegnante di francese su Zoom. Prenoti l\u2019orario che ti \u00e8 pi\u00f9 comodo e ricevi il link per accedere alla lezione. Le lezioni sono coinvolgenti, divertenti e focalizzate sulle abilit\u00e0 orali, per aiutarti a migliorare la tua fluidit\u00e0 e sicurezza nel parlare francese.<\/p>\r\n\r\n\r\n\r\n\r\n<h2 class=\"wp-block-heading\">Ti interessa imparare il francese su Zoom?<\/h2>\r\n\r\n\r\n\r\n\r\n<p>Se vuoi provare le nostre lezioni di francese su Zoom, registrati ora per una <a href=\"https:\/\/live-french.net\/french-trial-lesson\/\">lezione di prova gratuita<\/a> e scopri come puoi imparare e migliorare il tuo francese con uno dei <a href=\"https:\/\/live-french.net\/it\/insegnanti-francese-online\/\">nostri insegnanti<\/a> al tuo ritmo.<\/p>\r\n\r\n<div id=\"media_image-2\" class=\"si-sidebar-widget si-widget si-entry widget widget_media_image amr_widget\"><h4 class=\"widget-title\">Perfectionnez votre fran\u00e7ais &#8211; cours d&#8217;essai gratuit! Inscrivez-vous ici<\/h4><a href=\"https:\/\/member.booknstart.com\/trial-registration?lg=fr&#038;referred_by=CTA&#038;office_id=6\"><img fetchpriority=\"high\" decoding=\"async\" width=\"1024\" height=\"366\" src=\"https:\/\/live-french.net\/wp-content\/uploads\/2025\/04\/CTA-LFNfr-1024x366.jpg\" class=\"image wp-image-27798  attachment-large size-large\" alt=\"\" style=\"max-width: 100%; height: auto;\" title=\"Perfectionnez votre fran\u00e7ais - cours d&#039;essai gratuit! Inscrivez-vous ici\" srcset=\"https:\/\/live-french.net\/wp-content\/uploads\/2025\/04\/CTA-LFNfr-1024x366.jpg 1024w, https:\/\/live-french.net\/wp-content\/uploads\/2025\/04\/CTA-LFNfr-300x107.jpg 300w, https:\/\/live-french.net\/wp-content\/uploads\/2025\/04\/CTA-LFNfr-768x274.jpg 768w, https:\/\/live-french.net\/wp-content\/uploads\/2025\/04\/CTA-LFNfr-1536x549.jpg 1536w, https:\/\/live-french.net\/wp-content\/uploads\/2025\/04\/CTA-LFNfr-2048x731.jpg 2048w\" sizes=\"(max-width: 1024px) 100vw, 1024px\" \/><\/a><\/div>","protected":false},"excerpt":{"rendered":"<p>Zoom \u00e8 un&#8217;app di videoconferenza molto avanzata che \u00e8 diventata estremamente popolare dal 2020. Live-French.net ora offre lezioni di francese su Zoom per consentire a chi gi\u00e0 conosce questa applicazione&hellip;<\/p>\n","protected":false},"author":1,"featured_media":28182,"parent":0,"menu_order":0,"comment_status":"closed","ping_status":"closed","template":"","meta":{"om_disable_all_campaigns":false,"_monsterinsights_skip_tracking":false,"_monsterinsights_sitenote_active":false,"_monsterinsights_sitenote_note":"","_monsterinsights_sitenote_category":0,"footnotes":""},"class_list":["post-28181","page","type-page","status-publish","has-post-thumbnail","hentry"],"aioseo_notices":[],"yoast_head":"<!-- This site is optimized with the Yoast SEO plugin v26.9 - https:\/\/yoast.com\/product\/yoast-seo-wordpress\/ -->\n<title>Lezioni di francese online su Zoom - Live-French.net<\/title>\n<meta name=\"robots\" content=\"index, follow, max-snippet:-1, max-image-preview:large, max-video-preview:-1\" \/>\n<link rel=\"canonical\" href=\"https:\/\/live-french.net\/it\/lezioni-di-francese-online-su-zoom\/\" \/>\n<meta property=\"og:locale\" content=\"it_IT\" \/>\n<meta property=\"og:type\" content=\"article\" \/>\n<meta property=\"og:title\" content=\"Lezioni di francese online su Zoom - Live-French.net\" \/>\n<meta property=\"og:description\" content=\"Zoom \u00e8 un&#8217;app di videoconferenza molto avanzata che \u00e8 diventata estremamente popolare dal 2020. Live-French.net ora offre lezioni di francese su Zoom per consentire a chi gi\u00e0 conosce questa applicazione&hellip;\" \/>\n<meta property=\"og:url\" content=\"https:\/\/live-french.net\/it\/lezioni-di-francese-online-su-zoom\/\" \/>\n<meta property=\"og:site_name\" content=\"Live-French.net\" \/>\n<meta property=\"article:modified_time\" content=\"2025-10-29T10:37:06+00:00\" \/>\n<meta property=\"og:image\" content=\"https:\/\/live-french.net\/wp-content\/uploads\/2025\/10\/Lezioni-di-francese-online-su-Zoom.jpg\" \/>\n\t<meta property=\"og:image:width\" content=\"2240\" \/>\n\t<meta property=\"og:image:height\" content=\"1260\" \/>\n\t<meta property=\"og:image:type\" content=\"image\/jpeg\" \/>\n<meta name=\"twitter:label1\" content=\"Tempo di lettura stimato\" \/>\n\t<meta name=\"twitter:data1\" content=\"2 minuti\" \/>\n<script type=\"application\/ld+json\" class=\"yoast-schema-graph\">{\"@context\":\"https:\/\/schema.org\",\"@graph\":[{\"@type\":\"WebPage\",\"@id\":\"https:\/\/live-french.net\/it\/lezioni-di-francese-online-su-zoom\/\",\"url\":\"https:\/\/live-french.net\/it\/lezioni-di-francese-online-su-zoom\/\",\"name\":\"Lezioni di francese online su Zoom - Live-French.net\",\"isPartOf\":{\"@id\":\"https:\/\/live-french.net\/it\/#website\"},\"primaryImageOfPage\":{\"@id\":\"https:\/\/live-french.net\/it\/lezioni-di-francese-online-su-zoom\/#primaryimage\"},\"image\":{\"@id\":\"https:\/\/live-french.net\/it\/lezioni-di-francese-online-su-zoom\/#primaryimage\"},\"thumbnailUrl\":\"https:\/\/live-french.net\/wp-content\/uploads\/2025\/10\/Lezioni-di-francese-online-su-Zoom.jpg\",\"datePublished\":\"2025-10-29T10:28:16+00:00\",\"dateModified\":\"2025-10-29T10:37:06+00:00\",\"breadcrumb\":{\"@id\":\"https:\/\/live-french.net\/it\/lezioni-di-francese-online-su-zoom\/#breadcrumb\"},\"inLanguage\":\"it-IT\",\"potentialAction\":[{\"@type\":\"ReadAction\",\"target\":[\"https:\/\/live-french.net\/it\/lezioni-di-francese-online-su-zoom\/\"]}]},{\"@type\":\"ImageObject\",\"inLanguage\":\"it-IT\",\"@id\":\"https:\/\/live-french.net\/it\/lezioni-di-francese-online-su-zoom\/#primaryimage\",\"url\":\"https:\/\/live-french.net\/wp-content\/uploads\/2025\/10\/Lezioni-di-francese-online-su-Zoom.jpg\",\"contentUrl\":\"https:\/\/live-french.net\/wp-content\/uploads\/2025\/10\/Lezioni-di-francese-online-su-Zoom.jpg\",\"width\":2240,\"height\":1260,\"caption\":\"Lezioni di francese online su Zoom\"},{\"@type\":\"BreadcrumbList\",\"@id\":\"https:\/\/live-french.net\/it\/lezioni-di-francese-online-su-zoom\/#breadcrumb\",\"itemListElement\":[{\"@type\":\"ListItem\",\"position\":1,\"name\":\"Home\",\"item\":\"https:\/\/live-french.net\/it\/\"},{\"@type\":\"ListItem\",\"position\":2,\"name\":\"Lezioni di francese online su Zoom\"}]},{\"@type\":\"WebSite\",\"@id\":\"https:\/\/live-french.net\/it\/#website\",\"url\":\"https:\/\/live-french.net\/it\/\",\"name\":\"Live-French.net\",\"description\":\"Learn French Online\",\"publisher\":{\"@id\":\"https:\/\/live-french.net\/it\/#organization\"},\"potentialAction\":[{\"@type\":\"SearchAction\",\"target\":{\"@type\":\"EntryPoint\",\"urlTemplate\":\"https:\/\/live-french.net\/it\/?s={search_term_string}\"},\"query-input\":{\"@type\":\"PropertyValueSpecification\",\"valueRequired\":true,\"valueName\":\"search_term_string\"}}],\"inLanguage\":\"it-IT\"},{\"@type\":\"Organization\",\"@id\":\"https:\/\/live-french.net\/it\/#organization\",\"name\":\"Live-French.net\",\"url\":\"https:\/\/live-french.net\/it\/\",\"logo\":{\"@type\":\"ImageObject\",\"inLanguage\":\"it-IT\",\"@id\":\"https:\/\/live-french.net\/it\/#\/schema\/logo\/image\/\",\"url\":\"https:\/\/live-french.net\/wp-content\/uploads\/2021\/12\/cropped-LiveFrenchLogo.png\",\"contentUrl\":\"https:\/\/live-french.net\/wp-content\/uploads\/2021\/12\/cropped-LiveFrenchLogo.png\",\"width\":3319,\"height\":593,\"caption\":\"Live-French.net\"},\"image\":{\"@id\":\"https:\/\/live-french.net\/it\/#\/schema\/logo\/image\/\"}}]}<\/script>\n<!-- \/ Yoast SEO plugin. -->","yoast_head_json":{"title":"Lezioni di francese online su Zoom - Live-French.net","robots":{"index":"index","follow":"follow","max-snippet":"max-snippet:-1","max-image-preview":"max-image-preview:large","max-video-preview":"max-video-preview:-1"},"canonical":"https:\/\/live-french.net\/it\/lezioni-di-francese-online-su-zoom\/","og_locale":"it_IT","og_type":"article","og_title":"Lezioni di francese online su Zoom - Live-French.net","og_description":"Zoom \u00e8 un&#8217;app di videoconferenza molto avanzata che \u00e8 diventata estremamente popolare dal 2020. Live-French.net ora offre lezioni di francese su Zoom per consentire a chi gi\u00e0 conosce questa applicazione&hellip;","og_url":"https:\/\/live-french.net\/it\/lezioni-di-francese-online-su-zoom\/","og_site_name":"Live-French.net","article_modified_time":"2025-10-29T10:37:06+00:00","og_image":[{"width":2240,"height":1260,"url":"https:\/\/live-french.net\/wp-content\/uploads\/2025\/10\/Lezioni-di-francese-online-su-Zoom.jpg","type":"image\/jpeg"}],"twitter_misc":{"Tempo di lettura stimato":"2 minuti"},"schema":{"@context":"https:\/\/schema.org","@graph":[{"@type":"WebPage","@id":"https:\/\/live-french.net\/it\/lezioni-di-francese-online-su-zoom\/","url":"https:\/\/live-french.net\/it\/lezioni-di-francese-online-su-zoom\/","name":"Lezioni di francese online su Zoom - Live-French.net","isPartOf":{"@id":"https:\/\/live-french.net\/it\/#website"},"primaryImageOfPage":{"@id":"https:\/\/live-french.net\/it\/lezioni-di-francese-online-su-zoom\/#primaryimage"},"image":{"@id":"https:\/\/live-french.net\/it\/lezioni-di-francese-online-su-zoom\/#primaryimage"},"thumbnailUrl":"https:\/\/live-french.net\/wp-content\/uploads\/2025\/10\/Lezioni-di-francese-online-su-Zoom.jpg","datePublished":"2025-10-29T10:28:16+00:00","dateModified":"2025-10-29T10:37:06+00:00","breadcrumb":{"@id":"https:\/\/live-french.net\/it\/lezioni-di-francese-online-su-zoom\/#breadcrumb"},"inLanguage":"it-IT","potentialAction":[{"@type":"ReadAction","target":["https:\/\/live-french.net\/it\/lezioni-di-francese-online-su-zoom\/"]}]},{"@type":"ImageObject","inLanguage":"it-IT","@id":"https:\/\/live-french.net\/it\/lezioni-di-francese-online-su-zoom\/#primaryimage","url":"https:\/\/live-french.net\/wp-content\/uploads\/2025\/10\/Lezioni-di-francese-online-su-Zoom.jpg","contentUrl":"https:\/\/live-french.net\/wp-content\/uploads\/2025\/10\/Lezioni-di-francese-online-su-Zoom.jpg","width":2240,"height":1260,"caption":"Lezioni di francese online su Zoom"},{"@type":"BreadcrumbList","@id":"https:\/\/live-french.net\/it\/lezioni-di-francese-online-su-zoom\/#breadcrumb","itemListElement":[{"@type":"ListItem","position":1,"name":"Home","item":"https:\/\/live-french.net\/it\/"},{"@type":"ListItem","position":2,"name":"Lezioni di francese online su Zoom"}]},{"@type":"WebSite","@id":"https:\/\/live-french.net\/it\/#website","url":"https:\/\/live-french.net\/it\/","name":"Live-French.net","description":"Learn French Online","publisher":{"@id":"https:\/\/live-french.net\/it\/#organization"},"potentialAction":[{"@type":"SearchAction","target":{"@type":"EntryPoint","urlTemplate":"https:\/\/live-french.net\/it\/?s={search_term_string}"},"query-input":{"@type":"PropertyValueSpecification","valueRequired":true,"valueName":"search_term_string"}}],"inLanguage":"it-IT"},{"@type":"Organization","@id":"https:\/\/live-french.net\/it\/#organization","name":"Live-French.net","url":"https:\/\/live-french.net\/it\/","logo":{"@type":"ImageObject","inLanguage":"it-IT","@id":"https:\/\/live-french.net\/it\/#\/schema\/logo\/image\/","url":"https:\/\/live-french.net\/wp-content\/uploads\/2021\/12\/cropped-LiveFrenchLogo.png","contentUrl":"https:\/\/live-french.net\/wp-content\/uploads\/2021\/12\/cropped-LiveFrenchLogo.png","width":3319,"height":593,"caption":"Live-French.net"},"image":{"@id":"https:\/\/live-french.net\/it\/#\/schema\/logo\/image\/"}}]}},"_links":{"self":[{"href":"https:\/\/live-french.net\/it\/wp-json\/wp\/v2\/pages\/28181","targetHints":{"allow":["GET"]}}],"collection":[{"href":"https:\/\/live-french.net\/it\/wp-json\/wp\/v2\/pages"}],"about":[{"href":"https:\/\/live-french.net\/it\/wp-json\/wp\/v2\/types\/page"}],"author":[{"embeddable":true,"href":"https:\/\/live-french.net\/it\/wp-json\/wp\/v2\/users\/1"}],"replies":[{"embeddable":true,"href":"https:\/\/live-french.net\/it\/wp-json\/wp\/v2\/comments?post=28181"}],"version-history":[{"count":2,"href":"https:\/\/live-french.net\/it\/wp-json\/wp\/v2\/pages\/28181\/revisions"}],"predecessor-version":[{"id":28190,"href":"https:\/\/live-french.net\/it\/wp-json\/wp\/v2\/pages\/28181\/revisions\/28190"}],"wp:featuredmedia":[{"embeddable":true,"href":"https:\/\/live-french.net\/it\/wp-json\/wp\/v2\/media\/28182"}],"wp:attachment":[{"href":"https:\/\/live-french.net\/it\/wp-json\/wp\/v2\/media?parent=28181"}],"curies":[{"name":"wp","href":"https:\/\/api.w.org\/{rel}","templated":true}]}}