{"id":3033,"date":"2019-08-11T21:33:59","date_gmt":"2019-08-11T19:33:59","guid":{"rendered":"https:\/\/77.104.174.166\/~livefrench\/?page_id=3033\/"},"modified":"2023-05-02T11:13:30","modified_gmt":"2023-05-02T09:13:30","slug":"devenir-professeur-fle","status":"publish","type":"page","link":"https:\/\/live-french.net\/fr\/devenir-professeur-fle\/","title":{"rendered":"Devenir professeur de FLE \u00e0 Live-French.net"},"content":{"rendered":"\r\n<p> \r\n\t\t\t\t<strong>Live-French.net, \u00e9cole de FLE en ligne depuis 2007, recherche des professeurs de fran\u00e7ais langue \u00e9trang\u00e8res freelance pour enseigner via Skype \/ Zoom.<\/strong>\r\n<\/p><h2>Qualit\u00e9s requises:<\/h2>\r\n&#8211; de langue maternelle fran\u00e7aise<br>\r\n&#8211; dipl\u00f4me universitaire (en FLE ou autre)<br>\r\n&#8211; bonnes bases de grammaire, bon vocabulaire<br>\r\n&#8211; sociable, int\u00e9ress\u00e9 par le multi-culturel<br>\r\n&#8211; parle anglais couramment<br>\r\n&#8211; disponible au moins 4 p\u00e9riodes de 5 heures dans la semaine, l&rsquo;\u00e9cole proposant des cours tous les jours entre 7h et 22h heure fran\u00e7aise.<br>\r\n&#8211; bonnes connaissances d&rsquo;Internet<br>\r\n<br>\r\n<strong>Le travail est en freelance, flexible, de la maison. Il n&rsquo;est pas n\u00e9cessaire d&rsquo;\u00eatre localis\u00e9 en France.<\/strong><br><br>\r\n\r\nSi vous pensez correspondre au profil, envoyez-nous votre CV \u00e0 admin@live-french.net, sujet \u00ab\u00a0professeur FLE\u00a0\u00bb avec une lettre de motivation dans le corps de l&#8217;email (pas en pi\u00e8ce jointe) en pr\u00e9cisant vos disponibilit\u00e9s pour enseigner.<br>\r\nSeules les personnes correspondant \u00e0 nos crit\u00e8res seront convi\u00e9es \u00e0 un entretien via Zoom.<br><br><p><\/p>\r\n","protected":false},"excerpt":{"rendered":"<p>Live-French.net, \u00e9cole de FLE en ligne depuis 2007, recherche des professeurs de fran\u00e7ais langue \u00e9trang\u00e8res freelance pour enseigner via Skype \/ Zoom. Qualit\u00e9s requises: &#8211; de langue maternelle fran\u00e7aise &#8211;&hellip;<\/p>\n","protected":false},"author":1,"featured_media":5316,"parent":0,"menu_order":0,"comment_status":"closed","ping_status":"closed","template":"","meta":{"om_disable_all_campaigns":false,"_monsterinsights_skip_tracking":false,"_monsterinsights_sitenote_active":false,"_monsterinsights_sitenote_note":"","_monsterinsights_sitenote_category":0,"footnotes":""},"class_list":["post-3033","page","type-page","status-publish","has-post-thumbnail","hentry"],"aioseo_notices":[],"yoast_head":"<!-- This site is optimized with the Yoast SEO plugin v26.9 - https:\/\/yoast.com\/product\/yoast-seo-wordpress\/ -->\n<title>Devenir professeur de fran<\/title>\n<meta name=\"description\" content=\"Live-French.net,\" \/>\n<meta name=\"robots\" content=\"index, follow, max-snippet:-1, max-image-preview:large, max-video-preview:-1\" \/>\n<link rel=\"canonical\" href=\"https:\/\/live-french.net\/fr\/devenir-professeur-fle\/\" \/>\n<meta property=\"og:locale\" content=\"fr_FR\" \/>\n<meta property=\"og:type\" content=\"article\" \/>\n<meta property=\"og:title\" content=\"Devenir professeur de fran\" \/>\n<meta property=\"og:description\" content=\"Live-French.net,\" \/>\n<meta property=\"og:url\" content=\"https:\/\/live-french.net\/fr\/devenir-professeur-fle\/\" \/>\n<meta property=\"og:site_name\" content=\"Live-French.net\" \/>\n<meta property=\"article:modified_time\" content=\"2023-05-02T09:13:30+00:00\" \/>\n<meta property=\"og:image\" content=\"https:\/\/live-french.net\/wp-content\/uploads\/2020\/02\/girl.png\" \/>\n\t<meta property=\"og:image:width\" content=\"1920\" \/>\n\t<meta property=\"og:image:height\" content=\"662\" \/>\n\t<meta property=\"og:image:type\" content=\"image\/png\" \/>\n<meta name=\"twitter:label1\" content=\"Dur\u00e9e de lecture estim\u00e9e\" \/>\n\t<meta name=\"twitter:data1\" content=\"1 minute\" \/>\n<script type=\"application\/ld+json\" class=\"yoast-schema-graph\">{\"@context\":\"https:\/\/schema.org\",\"@graph\":[{\"@type\":\"WebPage\",\"@id\":\"https:\/\/live-french.net\/fr\/devenir-professeur-fle\/\",\"url\":\"https:\/\/live-french.net\/fr\/devenir-professeur-fle\/\",\"name\":\"Devenir professeur de fran\",\"isPartOf\":{\"@id\":\"https:\/\/live-french.net\/fr\/#website\"},\"primaryImageOfPage\":{\"@id\":\"https:\/\/live-french.net\/fr\/devenir-professeur-fle\/#primaryimage\"},\"image\":{\"@id\":\"https:\/\/live-french.net\/fr\/devenir-professeur-fle\/#primaryimage\"},\"thumbnailUrl\":\"https:\/\/live-french.net\/wp-content\/uploads\/2020\/02\/girl.png\",\"datePublished\":\"2019-08-11T19:33:59+00:00\",\"dateModified\":\"2023-05-02T09:13:30+00:00\",\"description\":\"Live-French.net,\",\"breadcrumb\":{\"@id\":\"https:\/\/live-french.net\/fr\/devenir-professeur-fle\/#breadcrumb\"},\"inLanguage\":\"fr-FR\",\"potentialAction\":[{\"@type\":\"ReadAction\",\"target\":[\"https:\/\/live-french.net\/fr\/devenir-professeur-fle\/\"]}]},{\"@type\":\"ImageObject\",\"inLanguage\":\"fr-FR\",\"@id\":\"https:\/\/live-french.net\/fr\/devenir-professeur-fle\/#primaryimage\",\"url\":\"https:\/\/live-french.net\/wp-content\/uploads\/2020\/02\/girl.png\",\"contentUrl\":\"https:\/\/live-french.net\/wp-content\/uploads\/2020\/02\/girl.png\",\"width\":1920,\"height\":662,\"caption\":\"French phone conversation\"},{\"@type\":\"BreadcrumbList\",\"@id\":\"https:\/\/live-french.net\/fr\/devenir-professeur-fle\/#breadcrumb\",\"itemListElement\":[{\"@type\":\"ListItem\",\"position\":1,\"name\":\"Home\",\"item\":\"https:\/\/live-french.net\/fr\/\"},{\"@type\":\"ListItem\",\"position\":2,\"name\":\"Devenir professeur de FLE \u00e0 Live-French.net\"}]},{\"@type\":\"WebSite\",\"@id\":\"https:\/\/live-french.net\/fr\/#website\",\"url\":\"https:\/\/live-french.net\/fr\/\",\"name\":\"Live-French.net\",\"description\":\"Learn French Online\",\"publisher\":{\"@id\":\"https:\/\/live-french.net\/fr\/#organization\"},\"potentialAction\":[{\"@type\":\"SearchAction\",\"target\":{\"@type\":\"EntryPoint\",\"urlTemplate\":\"https:\/\/live-french.net\/fr\/?s={search_term_string}\"},\"query-input\":{\"@type\":\"PropertyValueSpecification\",\"valueRequired\":true,\"valueName\":\"search_term_string\"}}],\"inLanguage\":\"fr-FR\"},{\"@type\":\"Organization\",\"@id\":\"https:\/\/live-french.net\/fr\/#organization\",\"name\":\"Live-French.net\",\"url\":\"https:\/\/live-french.net\/fr\/\",\"logo\":{\"@type\":\"ImageObject\",\"inLanguage\":\"fr-FR\",\"@id\":\"https:\/\/live-french.net\/fr\/#\/schema\/logo\/image\/\",\"url\":\"https:\/\/live-french.net\/wp-content\/uploads\/2021\/12\/cropped-LiveFrenchLogo.png\",\"contentUrl\":\"https:\/\/live-french.net\/wp-content\/uploads\/2021\/12\/cropped-LiveFrenchLogo.png\",\"width\":3319,\"height\":593,\"caption\":\"Live-French.net\"},\"image\":{\"@id\":\"https:\/\/live-french.net\/fr\/#\/schema\/logo\/image\/\"}}]}<\/script>\n<!-- \/ Yoast SEO plugin. -->","yoast_head_json":{"title":"Devenir professeur de fran","description":"Live-French.net,","robots":{"index":"index","follow":"follow","max-snippet":"max-snippet:-1","max-image-preview":"max-image-preview:large","max-video-preview":"max-video-preview:-1"},"canonical":"https:\/\/live-french.net\/fr\/devenir-professeur-fle\/","og_locale":"fr_FR","og_type":"article","og_title":"Devenir professeur de fran","og_description":"Live-French.net,","og_url":"https:\/\/live-french.net\/fr\/devenir-professeur-fle\/","og_site_name":"Live-French.net","article_modified_time":"2023-05-02T09:13:30+00:00","og_image":[{"width":1920,"height":662,"url":"https:\/\/live-french.net\/wp-content\/uploads\/2020\/02\/girl.png","type":"image\/png"}],"twitter_misc":{"Dur\u00e9e de lecture estim\u00e9e":"1 minute"},"schema":{"@context":"https:\/\/schema.org","@graph":[{"@type":"WebPage","@id":"https:\/\/live-french.net\/fr\/devenir-professeur-fle\/","url":"https:\/\/live-french.net\/fr\/devenir-professeur-fle\/","name":"Devenir professeur de fran","isPartOf":{"@id":"https:\/\/live-french.net\/fr\/#website"},"primaryImageOfPage":{"@id":"https:\/\/live-french.net\/fr\/devenir-professeur-fle\/#primaryimage"},"image":{"@id":"https:\/\/live-french.net\/fr\/devenir-professeur-fle\/#primaryimage"},"thumbnailUrl":"https:\/\/live-french.net\/wp-content\/uploads\/2020\/02\/girl.png","datePublished":"2019-08-11T19:33:59+00:00","dateModified":"2023-05-02T09:13:30+00:00","description":"Live-French.net,","breadcrumb":{"@id":"https:\/\/live-french.net\/fr\/devenir-professeur-fle\/#breadcrumb"},"inLanguage":"fr-FR","potentialAction":[{"@type":"ReadAction","target":["https:\/\/live-french.net\/fr\/devenir-professeur-fle\/"]}]},{"@type":"ImageObject","inLanguage":"fr-FR","@id":"https:\/\/live-french.net\/fr\/devenir-professeur-fle\/#primaryimage","url":"https:\/\/live-french.net\/wp-content\/uploads\/2020\/02\/girl.png","contentUrl":"https:\/\/live-french.net\/wp-content\/uploads\/2020\/02\/girl.png","width":1920,"height":662,"caption":"French phone conversation"},{"@type":"BreadcrumbList","@id":"https:\/\/live-french.net\/fr\/devenir-professeur-fle\/#breadcrumb","itemListElement":[{"@type":"ListItem","position":1,"name":"Home","item":"https:\/\/live-french.net\/fr\/"},{"@type":"ListItem","position":2,"name":"Devenir professeur de FLE \u00e0 Live-French.net"}]},{"@type":"WebSite","@id":"https:\/\/live-french.net\/fr\/#website","url":"https:\/\/live-french.net\/fr\/","name":"Live-French.net","description":"Learn French Online","publisher":{"@id":"https:\/\/live-french.net\/fr\/#organization"},"potentialAction":[{"@type":"SearchAction","target":{"@type":"EntryPoint","urlTemplate":"https:\/\/live-french.net\/fr\/?s={search_term_string}"},"query-input":{"@type":"PropertyValueSpecification","valueRequired":true,"valueName":"search_term_string"}}],"inLanguage":"fr-FR"},{"@type":"Organization","@id":"https:\/\/live-french.net\/fr\/#organization","name":"Live-French.net","url":"https:\/\/live-french.net\/fr\/","logo":{"@type":"ImageObject","inLanguage":"fr-FR","@id":"https:\/\/live-french.net\/fr\/#\/schema\/logo\/image\/","url":"https:\/\/live-french.net\/wp-content\/uploads\/2021\/12\/cropped-LiveFrenchLogo.png","contentUrl":"https:\/\/live-french.net\/wp-content\/uploads\/2021\/12\/cropped-LiveFrenchLogo.png","width":3319,"height":593,"caption":"Live-French.net"},"image":{"@id":"https:\/\/live-french.net\/fr\/#\/schema\/logo\/image\/"}}]}},"_links":{"self":[{"href":"https:\/\/live-french.net\/fr\/wp-json\/wp\/v2\/pages\/3033","targetHints":{"allow":["GET"]}}],"collection":[{"href":"https:\/\/live-french.net\/fr\/wp-json\/wp\/v2\/pages"}],"about":[{"href":"https:\/\/live-french.net\/fr\/wp-json\/wp\/v2\/types\/page"}],"author":[{"embeddable":true,"href":"https:\/\/live-french.net\/fr\/wp-json\/wp\/v2\/users\/1"}],"replies":[{"embeddable":true,"href":"https:\/\/live-french.net\/fr\/wp-json\/wp\/v2\/comments?post=3033"}],"version-history":[{"count":13,"href":"https:\/\/live-french.net\/fr\/wp-json\/wp\/v2\/pages\/3033\/revisions"}],"predecessor-version":[{"id":22634,"href":"https:\/\/live-french.net\/fr\/wp-json\/wp\/v2\/pages\/3033\/revisions\/22634"}],"wp:featuredmedia":[{"embeddable":true,"href":"https:\/\/live-french.net\/fr\/wp-json\/wp\/v2\/media\/5316"}],"wp:attachment":[{"href":"https:\/\/live-french.net\/fr\/wp-json\/wp\/v2\/media?parent=3033"}],"curies":[{"name":"wp","href":"https:\/\/api.w.org\/{rel}","templated":true}]}}