{"id":2879,"date":"2019-07-29T16:20:54","date_gmt":"2019-07-29T14:20:54","guid":{"rendered":"https:\/\/live-french.net\/blog\/delf-dalf-et-autres-examens-de-francais-fle\/"},"modified":"2025-12-02T09:41:35","modified_gmt":"2025-12-02T08:41:35","slug":"delf-dalf-examens-francais-fle","status":"publish","type":"page","link":"https:\/\/live-french.net\/fr\/delf-dalf-examens-francais-fle\/","title":{"rendered":"Pr\u00e9parez-vous au DELF, DALF et autres examens de fran\u00e7ais FLE"},"content":{"rendered":"<p>Notre \u00e9quipe de professeurs de fran\u00e7ais en ligne par Zoom pourront vous aider pour tout examen de fran\u00e7ais langue \u00e9trang\u00e8re (FLE). Certains de nos professeurs sont m\u00eame examinateurs officiels de certains examens.<\/p>\r\n<h2>Pr\u00e9parer un examen de fran\u00e7ais en ligne<\/h2>\r\n<p>Que vous souhaitiez vous pr\u00e9parer \u00e0 un examen universitaire, ou \u00e0 des examens internationaux de fran\u00e7ais tels que le DELF-DALF, nos professeurs de fran\u00e7ais seront d&rsquo;une aide pr\u00e9cieuse pour vous aider \u00e0 r\u00e9viser.<\/p>\r\n<div id=\"custom_html-26\" class=\"widget_text si-sidebar-widget si-widget si-entry widget widget_custom_html amr_widget\"><div class=\"textwidget custom-html-widget\"><a href=\"https:\/\/member.booknstart.com\/trial-registration?lg=fr&referred_by=sCTA&office_id=6\" target=\"_blank\"><img decoding=\"async\" alt=\"Cours d'essai de fran\u00e7ais\" src=\"https:\/\/live-french.net\/wp-content\/uploads\/2023\/02\/sCTA-fr.jpg\"><\/a><\/div><\/div>\r\n<h2>Types d&rsquo;examens de fran\u00e7ais langue \u00e9trang\u00e8re (FLE)<\/h2>\r\n<p>En g\u00e9n\u00e9ral, les examens de fran\u00e7ais sont compos\u00e9s d&rsquo;une ou plusieurs parties:<br \/>&#8211; une \u00e9preuve d&rsquo;<strong>expression orale:<\/strong> un entretien et des exercices pour \u00e9valuer vos comp\u00e9tences \u00e0 l&rsquo;oral<br \/>&#8211; une \u00e9preuve de <strong>compr\u00e9hension orale:<\/strong> un ou plusieurs bandes son et des questions de compr\u00e9hension <br \/>&#8211; une \u00e9preuve d&rsquo;<strong>expression \u00e9crite:<\/strong> une r\u00e9daction \u00e0 partir d&rsquo;un sujet \u00e9nonc\u00e9<br \/>&#8211; une \u00e9preuve de <strong>compr\u00e9hension \u00e9crite:<\/strong> un ou plusieurs textes pour tester votre aptitude \u00e0 lire en fran\u00e7ais<\/p>\r\n<p>En fonction de vos besoins pour chacune de ces \u00e9preuves, nous disposons d&rsquo;outils adapt\u00e9s pour vous permettre de <strong>r\u00e9ussir vos examens de fran\u00e7ais<\/strong>.<\/p>\r\n<h2>Pr\u00e9parer le DELF en ligne<\/h2>\r\n<p>Les examens du DELF B1, B2 et C1 sont probablement les plus populaires. Nous pr\u00e9parons \u00e0 ces examens, ainsi qu&rsquo;aux examens A1, A2 et C2. Nous vous demandons en g\u00e9n\u00e9ral d&rsquo;acheter s\u00e9par\u00e9ment un livre de pr\u00e9paration \u00e0 l&rsquo;examen en question, mais nous fournissons \u00e9galement un grand nombre de supports.<\/p>\r\n<p>Dans un premier temps, il s&rsquo;agit de d\u00e9terminer l&rsquo;examen qui correspond le mieux \u00e0 vos aspirations. En effet, vous devez choisir le niveau de l&rsquo;examen, un mauvais choix \u00e0 ce niveau peut \u00eatre lourd en cons\u00e9quences.<\/p>\r\n<p>Dans un deuxi\u00e8me temps, nous essayons d&rsquo;analyser vos forces et faiblesses et d\u00e9terminons une strat\u00e9gie qui prend en compte le temps allou\u00e9. Une bonne pr\u00e9paration dure entre 3 mois et 6 mois.<\/p>\r\n<p>Enfin, nous travaillons sur des exercices type tir\u00e9 d&rsquo;un livre (achet\u00e9 s\u00e9par\u00e9ment) pour les diff\u00e9rentes parties de l&rsquo;examen. Vous pouvez choisir de travailler sur une ou deux parties en particulier avec votre professeur ou sur tout l&rsquo;examen. Il est absolument n\u00e9cessaire de bien comprendre les diff\u00e9rents types d&rsquo;exercices demand\u00e9s pour r\u00e9ussir les \u00e9preuves. Selon les besoins, certains cours peuvent \u00eatre consacr\u00e9 \u00e0 des points de grammaire, du vocabulaire afin de pouvoir monter de niveau selon ce qui est requis pour l&rsquo;examen.<\/p>\r\n<p>Vous pouvez \u00e9galement coupler cela \u00e0 un module de <a title=\"conversation fran\u00e7aise\" href=\"https:\/\/live-french.net\/fr\/cours-conversation-fle\/\">conversation fran\u00e7aise<\/a>.<\/p>\r\n\r\n<h2 class=\"wp-block-heading\">Les conseils de notre professeur Violaine pour r\u00e9ussir le DELF<\/h2>\r\n\r\n\r\n\r\n<p>Violaine, en plus d&rsquo;enseigner le fran\u00e7ais avec Live-French.net, est examinatrice et correctrice des examens du DELF et DALF. Elle est au courant de toutes le nouveaut\u00e9s et du syst\u00e8me de notation de ces examens. A travers cette interview, vous retrouverez ses conseils pour bien appr\u00e9hender l&rsquo;examen avant de se lance.<\/p>\r\n\r\n\r\n\r\n<figure class=\"wp-block-embed is-type-video is-provider-youtube wp-block-embed-youtube wp-embed-aspect-16-9 wp-has-aspect-ratio\">\r\n<div class=\"wp-block-embed__wrapper\">https:\/\/youtu.be\/NxZur_aKEpE<\/div>\r\n<figcaption>Quel examen de fran\u00e7ais faut-il passer?<\/figcaption>\r\n<\/figure>\r\n\r\n<h2>Pour aller plus loin: les questions \u00e0 se poser avant de pr\u00e9parer un examen de fran\u00e7ais<\/h2>\r\n\r\n<ul>\r\n<li><a title=\"Devrais-je passer un exam de type DELF ou DALF ?\" href=\"https:\/\/live-french.net\/fr\/blog\/examens-de-francais-fle\/faut-il-passer-un-examen-de-francais-de-type-delf\/\">Devrais-je passer un exam de type DELF ou DALF ?<\/a> Quelques cl\u00e9s pour comprendre si un examen est n\u00e9cessaire pour moi.<\/li>\r\n<li><a title=\"L'examen du DELF B2 est-il ce qui me convient ?\" href=\"https:\/\/live-french.net\/blog\/exams\/delf-b2-exam\/\">L&rsquo;examen du DELF B2 est-il ce qui me convient ?<\/a><\/li>\r\n<li><a title=\"Est-ce que le DELF A1 sert \u00e0 quelque chose ?\" href=\"https:\/\/live-french.net\/blog\/exams\/delf-a1-exam\/\">Est-ce que le DELF A1 sert \u00e0 quelque chose ?<\/a><\/li>\r\n<li><a title=\"Que dois-je savoir pour pr\u00e9parer le DELF A2 ?\" href=\"https:\/\/live-french.net\/blog\/exams\/delf-a2\/\">Que dois-je savoir pour pr\u00e9parer le DELF A2 ?<\/a><\/li>\r\n<li><a title=\"Quels sont les conseils pour r\u00e9ussir la production \u00e9crite du DELF B1 ?\" href=\"https:\/\/live-french.net\/blog\/exams\/delf-b1-writing\/\">Quels sont les conseils pour r\u00e9ussir la production \u00e9crite du DELF B1 ?<\/a><\/li>\r\n<\/ul>\r\n<div id=\"media_image-2\" class=\"si-sidebar-widget si-widget si-entry widget widget_media_image amr_widget\"><h4 class=\"widget-title\">Perfectionnez votre fran\u00e7ais &#8211; cours d&rsquo;essai gratuit! Inscrivez-vous ici<\/h4><a href=\"https:\/\/member.booknstart.com\/trial-registration?lg=fr&#038;referred_by=CTA&#038;office_id=6\"><img fetchpriority=\"high\" decoding=\"async\" width=\"1024\" height=\"366\" src=\"https:\/\/live-french.net\/wp-content\/uploads\/2025\/04\/CTA-LFNfr-1024x366.jpg\" class=\"image wp-image-27798  attachment-large size-large\" alt=\"\" style=\"max-width: 100%; height: auto;\" title=\"Perfectionnez votre fran\u00e7ais - cours d&#039;essai gratuit! Inscrivez-vous ici\" srcset=\"https:\/\/live-french.net\/wp-content\/uploads\/2025\/04\/CTA-LFNfr-1024x366.jpg 1024w, https:\/\/live-french.net\/wp-content\/uploads\/2025\/04\/CTA-LFNfr-300x107.jpg 300w, https:\/\/live-french.net\/wp-content\/uploads\/2025\/04\/CTA-LFNfr-768x274.jpg 768w, https:\/\/live-french.net\/wp-content\/uploads\/2025\/04\/CTA-LFNfr-1536x549.jpg 1536w, https:\/\/live-french.net\/wp-content\/uploads\/2025\/04\/CTA-LFNfr-2048x731.jpg 2048w\" sizes=\"(max-width: 1024px) 100vw, 1024px\" \/><\/a><\/div>","protected":false},"excerpt":{"rendered":"<p>Notre \u00e9quipe de professeurs de fran\u00e7ais en ligne par Zoom pourront vous aider pour tout examen de fran\u00e7ais langue \u00e9trang\u00e8re (FLE). Certains de nos professeurs sont m\u00eame examinateurs officiels de&hellip;<\/p>\n","protected":false},"author":1,"featured_media":21843,"parent":0,"menu_order":0,"comment_status":"closed","ping_status":"closed","template":"","meta":{"om_disable_all_campaigns":false,"_monsterinsights_skip_tracking":false,"_monsterinsights_sitenote_active":false,"_monsterinsights_sitenote_note":"","_monsterinsights_sitenote_category":0,"footnotes":""},"class_list":["post-2879","page","type-page","status-publish","has-post-thumbnail","hentry"],"aioseo_notices":[],"yoast_head":"<!-- This site is optimized with the Yoast SEO plugin v26.9 - https:\/\/yoast.com\/product\/yoast-seo-wordpress\/ -->\n<title>Pr\u00e9parez-vous au DELF, DALF et autres examens de fran\u00e7ais FLE<\/title>\n<meta name=\"description\" content=\"Les examens de fran\u00e7ais langue \u00e9trang\u00e8res sont importants pour prouver son niveau de fran\u00e7ais en vue d&#039;un emploi, une immigration ou autres\" \/>\n<meta name=\"robots\" content=\"index, follow, max-snippet:-1, max-image-preview:large, max-video-preview:-1\" \/>\n<link rel=\"canonical\" href=\"https:\/\/live-french.net\/fr\/delf-dalf-examens-francais-fle\/\" \/>\n<meta property=\"og:locale\" content=\"fr_FR\" \/>\n<meta property=\"og:type\" content=\"article\" \/>\n<meta property=\"og:title\" content=\"Pr\u00e9parez-vous au DELF, DALF et autres examens de fran\u00e7ais FLE\" \/>\n<meta property=\"og:description\" content=\"Les examens de fran\u00e7ais langue \u00e9trang\u00e8res sont importants pour prouver son niveau de fran\u00e7ais en vue d&#039;un emploi, une immigration ou autres\" \/>\n<meta property=\"og:url\" content=\"https:\/\/live-french.net\/fr\/delf-dalf-examens-francais-fle\/\" \/>\n<meta property=\"og:site_name\" content=\"Live-French.net\" \/>\n<meta property=\"article:modified_time\" content=\"2025-12-02T08:41:35+00:00\" \/>\n<meta property=\"og:image\" content=\"https:\/\/live-french.net\/wp-content\/uploads\/2023\/02\/preparation-examen-francais-delf-dalf.jpg\" \/>\n\t<meta property=\"og:image:width\" content=\"2240\" \/>\n\t<meta property=\"og:image:height\" content=\"1260\" \/>\n\t<meta property=\"og:image:type\" content=\"image\/jpeg\" \/>\n<meta name=\"twitter:label1\" content=\"Dur\u00e9e de lecture estim\u00e9e\" \/>\n\t<meta name=\"twitter:data1\" content=\"3 minutes\" \/>\n<script type=\"application\/ld+json\" class=\"yoast-schema-graph\">{\"@context\":\"https:\/\/schema.org\",\"@graph\":[{\"@type\":\"WebPage\",\"@id\":\"https:\/\/live-french.net\/fr\/delf-dalf-examens-francais-fle\/\",\"url\":\"https:\/\/live-french.net\/fr\/delf-dalf-examens-francais-fle\/\",\"name\":\"Pr\u00e9parez-vous au DELF, DALF et autres examens de fran\u00e7ais FLE\",\"isPartOf\":{\"@id\":\"https:\/\/live-french.net\/fr\/#website\"},\"primaryImageOfPage\":{\"@id\":\"https:\/\/live-french.net\/fr\/delf-dalf-examens-francais-fle\/#primaryimage\"},\"image\":{\"@id\":\"https:\/\/live-french.net\/fr\/delf-dalf-examens-francais-fle\/#primaryimage\"},\"thumbnailUrl\":\"https:\/\/live-french.net\/wp-content\/uploads\/2023\/02\/preparation-examen-francais-delf-dalf.jpg\",\"datePublished\":\"2019-07-29T14:20:54+00:00\",\"dateModified\":\"2025-12-02T08:41:35+00:00\",\"description\":\"Les examens de fran\u00e7ais langue \u00e9trang\u00e8res sont importants pour prouver son niveau de fran\u00e7ais en vue d'un emploi, une immigration ou autres\",\"breadcrumb\":{\"@id\":\"https:\/\/live-french.net\/fr\/delf-dalf-examens-francais-fle\/#breadcrumb\"},\"inLanguage\":\"fr-FR\",\"potentialAction\":[{\"@type\":\"ReadAction\",\"target\":[\"https:\/\/live-french.net\/fr\/delf-dalf-examens-francais-fle\/\"]}]},{\"@type\":\"ImageObject\",\"inLanguage\":\"fr-FR\",\"@id\":\"https:\/\/live-french.net\/fr\/delf-dalf-examens-francais-fle\/#primaryimage\",\"url\":\"https:\/\/live-french.net\/wp-content\/uploads\/2023\/02\/preparation-examen-francais-delf-dalf.jpg\",\"contentUrl\":\"https:\/\/live-french.net\/wp-content\/uploads\/2023\/02\/preparation-examen-francais-delf-dalf.jpg\",\"width\":2240,\"height\":1260,\"caption\":\"Pr\u00e9paration aux examens de fran\u00e7ais\"},{\"@type\":\"BreadcrumbList\",\"@id\":\"https:\/\/live-french.net\/fr\/delf-dalf-examens-francais-fle\/#breadcrumb\",\"itemListElement\":[{\"@type\":\"ListItem\",\"position\":1,\"name\":\"Home\",\"item\":\"https:\/\/live-french.net\/fr\/\"},{\"@type\":\"ListItem\",\"position\":2,\"name\":\"Pr\u00e9parez-vous au DELF, DALF et autres examens de fran\u00e7ais FLE\"}]},{\"@type\":\"WebSite\",\"@id\":\"https:\/\/live-french.net\/fr\/#website\",\"url\":\"https:\/\/live-french.net\/fr\/\",\"name\":\"Live-French.net\",\"description\":\"Learn French Online\",\"publisher\":{\"@id\":\"https:\/\/live-french.net\/fr\/#organization\"},\"potentialAction\":[{\"@type\":\"SearchAction\",\"target\":{\"@type\":\"EntryPoint\",\"urlTemplate\":\"https:\/\/live-french.net\/fr\/?s={search_term_string}\"},\"query-input\":{\"@type\":\"PropertyValueSpecification\",\"valueRequired\":true,\"valueName\":\"search_term_string\"}}],\"inLanguage\":\"fr-FR\"},{\"@type\":\"Organization\",\"@id\":\"https:\/\/live-french.net\/fr\/#organization\",\"name\":\"Live-French.net\",\"url\":\"https:\/\/live-french.net\/fr\/\",\"logo\":{\"@type\":\"ImageObject\",\"inLanguage\":\"fr-FR\",\"@id\":\"https:\/\/live-french.net\/fr\/#\/schema\/logo\/image\/\",\"url\":\"https:\/\/live-french.net\/wp-content\/uploads\/2021\/12\/cropped-LiveFrenchLogo.png\",\"contentUrl\":\"https:\/\/live-french.net\/wp-content\/uploads\/2021\/12\/cropped-LiveFrenchLogo.png\",\"width\":3319,\"height\":593,\"caption\":\"Live-French.net\"},\"image\":{\"@id\":\"https:\/\/live-french.net\/fr\/#\/schema\/logo\/image\/\"}}]}<\/script>\n<!-- \/ Yoast SEO plugin. -->","yoast_head_json":{"title":"Pr\u00e9parez-vous au DELF, DALF et autres examens de fran\u00e7ais FLE","description":"Les examens de fran\u00e7ais langue \u00e9trang\u00e8res sont importants pour prouver son niveau de fran\u00e7ais en vue d'un emploi, une immigration ou autres","robots":{"index":"index","follow":"follow","max-snippet":"max-snippet:-1","max-image-preview":"max-image-preview:large","max-video-preview":"max-video-preview:-1"},"canonical":"https:\/\/live-french.net\/fr\/delf-dalf-examens-francais-fle\/","og_locale":"fr_FR","og_type":"article","og_title":"Pr\u00e9parez-vous au DELF, DALF et autres examens de fran\u00e7ais FLE","og_description":"Les examens de fran\u00e7ais langue \u00e9trang\u00e8res sont importants pour prouver son niveau de fran\u00e7ais en vue d'un emploi, une immigration ou autres","og_url":"https:\/\/live-french.net\/fr\/delf-dalf-examens-francais-fle\/","og_site_name":"Live-French.net","article_modified_time":"2025-12-02T08:41:35+00:00","og_image":[{"width":2240,"height":1260,"url":"https:\/\/live-french.net\/wp-content\/uploads\/2023\/02\/preparation-examen-francais-delf-dalf.jpg","type":"image\/jpeg"}],"twitter_misc":{"Dur\u00e9e de lecture estim\u00e9e":"3 minutes"},"schema":{"@context":"https:\/\/schema.org","@graph":[{"@type":"WebPage","@id":"https:\/\/live-french.net\/fr\/delf-dalf-examens-francais-fle\/","url":"https:\/\/live-french.net\/fr\/delf-dalf-examens-francais-fle\/","name":"Pr\u00e9parez-vous au DELF, DALF et autres examens de fran\u00e7ais FLE","isPartOf":{"@id":"https:\/\/live-french.net\/fr\/#website"},"primaryImageOfPage":{"@id":"https:\/\/live-french.net\/fr\/delf-dalf-examens-francais-fle\/#primaryimage"},"image":{"@id":"https:\/\/live-french.net\/fr\/delf-dalf-examens-francais-fle\/#primaryimage"},"thumbnailUrl":"https:\/\/live-french.net\/wp-content\/uploads\/2023\/02\/preparation-examen-francais-delf-dalf.jpg","datePublished":"2019-07-29T14:20:54+00:00","dateModified":"2025-12-02T08:41:35+00:00","description":"Les examens de fran\u00e7ais langue \u00e9trang\u00e8res sont importants pour prouver son niveau de fran\u00e7ais en vue d'un emploi, une immigration ou autres","breadcrumb":{"@id":"https:\/\/live-french.net\/fr\/delf-dalf-examens-francais-fle\/#breadcrumb"},"inLanguage":"fr-FR","potentialAction":[{"@type":"ReadAction","target":["https:\/\/live-french.net\/fr\/delf-dalf-examens-francais-fle\/"]}]},{"@type":"ImageObject","inLanguage":"fr-FR","@id":"https:\/\/live-french.net\/fr\/delf-dalf-examens-francais-fle\/#primaryimage","url":"https:\/\/live-french.net\/wp-content\/uploads\/2023\/02\/preparation-examen-francais-delf-dalf.jpg","contentUrl":"https:\/\/live-french.net\/wp-content\/uploads\/2023\/02\/preparation-examen-francais-delf-dalf.jpg","width":2240,"height":1260,"caption":"Pr\u00e9paration aux examens de fran\u00e7ais"},{"@type":"BreadcrumbList","@id":"https:\/\/live-french.net\/fr\/delf-dalf-examens-francais-fle\/#breadcrumb","itemListElement":[{"@type":"ListItem","position":1,"name":"Home","item":"https:\/\/live-french.net\/fr\/"},{"@type":"ListItem","position":2,"name":"Pr\u00e9parez-vous au DELF, DALF et autres examens de fran\u00e7ais FLE"}]},{"@type":"WebSite","@id":"https:\/\/live-french.net\/fr\/#website","url":"https:\/\/live-french.net\/fr\/","name":"Live-French.net","description":"Learn French Online","publisher":{"@id":"https:\/\/live-french.net\/fr\/#organization"},"potentialAction":[{"@type":"SearchAction","target":{"@type":"EntryPoint","urlTemplate":"https:\/\/live-french.net\/fr\/?s={search_term_string}"},"query-input":{"@type":"PropertyValueSpecification","valueRequired":true,"valueName":"search_term_string"}}],"inLanguage":"fr-FR"},{"@type":"Organization","@id":"https:\/\/live-french.net\/fr\/#organization","name":"Live-French.net","url":"https:\/\/live-french.net\/fr\/","logo":{"@type":"ImageObject","inLanguage":"fr-FR","@id":"https:\/\/live-french.net\/fr\/#\/schema\/logo\/image\/","url":"https:\/\/live-french.net\/wp-content\/uploads\/2021\/12\/cropped-LiveFrenchLogo.png","contentUrl":"https:\/\/live-french.net\/wp-content\/uploads\/2021\/12\/cropped-LiveFrenchLogo.png","width":3319,"height":593,"caption":"Live-French.net"},"image":{"@id":"https:\/\/live-french.net\/fr\/#\/schema\/logo\/image\/"}}]}},"_links":{"self":[{"href":"https:\/\/live-french.net\/fr\/wp-json\/wp\/v2\/pages\/2879","targetHints":{"allow":["GET"]}}],"collection":[{"href":"https:\/\/live-french.net\/fr\/wp-json\/wp\/v2\/pages"}],"about":[{"href":"https:\/\/live-french.net\/fr\/wp-json\/wp\/v2\/types\/page"}],"author":[{"embeddable":true,"href":"https:\/\/live-french.net\/fr\/wp-json\/wp\/v2\/users\/1"}],"replies":[{"embeddable":true,"href":"https:\/\/live-french.net\/fr\/wp-json\/wp\/v2\/comments?post=2879"}],"version-history":[{"count":12,"href":"https:\/\/live-french.net\/fr\/wp-json\/wp\/v2\/pages\/2879\/revisions"}],"predecessor-version":[{"id":28346,"href":"https:\/\/live-french.net\/fr\/wp-json\/wp\/v2\/pages\/2879\/revisions\/28346"}],"wp:featuredmedia":[{"embeddable":true,"href":"https:\/\/live-french.net\/fr\/wp-json\/wp\/v2\/media\/21843"}],"wp:attachment":[{"href":"https:\/\/live-french.net\/fr\/wp-json\/wp\/v2\/media?parent=2879"}],"curies":[{"name":"wp","href":"https:\/\/api.w.org\/{rel}","templated":true}]}}