{"id":2878,"date":"2019-07-29T16:19:30","date_gmt":"2019-07-29T14:19:30","guid":{"rendered":"https:\/\/live-french.net\/blog\/cours-de-francais-pour-debutants\/"},"modified":"2025-07-09T21:35:50","modified_gmt":"2025-07-09T19:35:50","slug":"cours-francais-debutants","status":"publish","type":"page","link":"https:\/\/live-french.net\/fr\/cours-francais-debutants\/","title":{"rendered":"Cours de fran\u00e7ais pour d\u00e9butants"},"content":{"rendered":"<p><\/p>\n<p>Il n&rsquo;est jamais trop tard pour apprendre une nouvelle langue! Le fran\u00e7ais est une langue exigeante qui n\u00e9cessite de bonnes bases, surtout lorsque l&rsquo;on d\u00e9bute avec le fran\u00e7ais. Avec Live-French.net, vous pourrez acqu\u00e9rir les bons r\u00e9flexes pour bien d\u00e9marrer d\u00e8s le niveau A1.<\/p>\n<h2>FLE pour d\u00e9butants<\/h2>\n<p>Live-French.net a con\u00e7u un programme sp\u00e9cifique pour apprendre le fran\u00e7ais pour d\u00e9butants. Avec votre professeur de fran\u00e7ais langue \u00e9trang\u00e8re, vous pourrez assimiler progressivement le vocabulaire et la grammaire de base afin de pouvoir communiquer en fran\u00e7ais. Les explications sont donn\u00e9es si besoin en anglais.<\/p>\n<p><iframe title=\"YouTube video player\" src=\"https:\/\/www.youtube.com\/embed\/iQ-R11cdNhE\" width=\"560\" height=\"315\" frameborder=\"0\" allowfullscreen=\"allowfullscreen\"><\/iframe><\/p>\n<p>Le cours de fran\u00e7ais pour d\u00e9butant comporte 20 le\u00e7ons et propose des r\u00e9visions r\u00e9guli\u00e8rement pour s&rsquo;assurer que tout est bien compris. Parce que les sessions se d\u00e9roulent comme des cours particuliers en ligne, vous pourrez aller \u00e0 votre rythme.<\/p>\n<p>Afin de bien progresser, nous recommandons 3 cours de fran\u00e7ais par Zoom (ou Google Meet, Teams) de 30 min par semaine avec des devoirs entre les cours. Si vous suivez nos conseils, vous pourrez d\u00e9passer rapidement la frustration li\u00e9e \u00e0 l&rsquo;apprentissage d&rsquo;une langue nouvelle.<\/p>\n<p><!--<\/p>\n<form accept-charset=\"UTF-8\" action=\"https:\/\/member.booknstart.com\/lead\" method=\"post\" target=\"_blank\">\n<input name=\"office\" type=\"hidden\" value=\"6\"><br><input name=\"email\" type=\"hidden\" value=\"\"><br><input name=\"lg\" type=\"hidden\" value=\"fr\"><br><input name=\"leadsource\" type=\"hidden\" value=\"13\"><br><input name=\"redirect\" type=\"hidden\" value=\"17\">\n<h2>T\u00e9l\u00e9chargez notre cours de fran\u00e7ais pour d\u00e9butants<\/h2>\n<p>Les 2 premi\u00e8res unit\u00e9s sont gratuites!<\/p>\n<p><label for=\"awf_field-73358383-first\">Pr\u00e9nom:<\/label>&nbsp;<br \/>\n<input id=\"awf_field-73358383-first\" tabindex=\"500\" name=\"fname\" type=\"text\" value=\"\"><br \/>\n<label for=\"awf_field-73358383-last\">Nom:<\/label>&nbsp;<br \/>\n<input id=\"awf_field-73358383-last\" tabindex=\"501\" name=\"lname\" type=\"text\" value=\"\"><br \/>\n<label for=\"awf_field-73358384\">Email: <\/label>&nbsp;<br \/>\n<input id=\"awf_field-73358384\" tabindex=\"502\" name=\"alternate\" type=\"text\" value=\"\"><br \/>\n<br><input style=\"max-width: 100%;\" tabindex=\"503\" alt=\"Send\" name=\"submit\" value=\"Send\">&nbsp;<br \/>\n<\/form>\n<p>--><\/p>\n\n<div class=\"wpcf7 no-js\" id=\"wpcf7-f27613-o1\" lang=\"en-US\" dir=\"ltr\" data-wpcf7-id=\"27613\">\n<div class=\"screen-reader-response\"><p role=\"status\" aria-live=\"polite\" aria-atomic=\"true\"><\/p> <ul><\/ul><\/div>\n<form action=\"\/fr\/wp-json\/wp\/v2\/pages\/2878#wpcf7-f27613-o1\" method=\"post\" class=\"wpcf7-form init\" aria-label=\"Contact form\" novalidate=\"novalidate\" data-status=\"init\">\n<fieldset class=\"hidden-fields-container\"><input type=\"hidden\" name=\"_wpcf7\" value=\"27613\" \/><input type=\"hidden\" name=\"_wpcf7_version\" value=\"6.1.5\" \/><input type=\"hidden\" name=\"_wpcf7_locale\" value=\"en_US\" \/><input type=\"hidden\" name=\"_wpcf7_unit_tag\" value=\"wpcf7-f27613-o1\" \/><input type=\"hidden\" name=\"_wpcf7_container_post\" value=\"0\" \/><input type=\"hidden\" name=\"_wpcf7_posted_data_hash\" value=\"\" \/><input type=\"hidden\" name=\"_wpcf7_recaptcha_response\" value=\"\" \/>\n<\/fieldset>\n<div>\n\t<h2>T\u00e9l\u00e9chargez le cours de fran\u00e7ais pour d\u00e9butants\n\t<\/h2>\n\t<p>Les deux premiers chapitres sont gratuits!\n\t<\/p>\n<input class=\"wpcf7-form-control wpcf7-hidden\" value=\"6\" type=\"hidden\" name=\"office\" \/>\n<input class=\"wpcf7-form-control wpcf7-hidden\" value=\"\" type=\"hidden\" name=\"email\" \/>\n<input class=\"wpcf7-form-control wpcf7-hidden\" value=\"fr\" type=\"hidden\" name=\"lg\" \/>\n<input class=\"wpcf7-form-control wpcf7-hidden\" value=\"13\" type=\"hidden\" name=\"leadsource\" \/>\n<input class=\"wpcf7-form-control wpcf7-hidden\" value=\"17\" type=\"hidden\" name=\"redirect\" \/>\n\t<p><label for=\"fname\">Pr\u00e9nom:<\/label><br \/>\n<span class=\"wpcf7-form-control-wrap\" data-name=\"fname\"><input size=\"40\" maxlength=\"400\" class=\"wpcf7-form-control wpcf7-text wpcf7-validates-as-required text\" id=\"awf_field-73358383-first\" tabindex=\"500\" aria-required=\"true\" aria-invalid=\"false\" value=\"\" type=\"text\" name=\"fname\" \/><\/span>\n\t<\/p>\n\t<p><label for=\"lname\">Nom:<\/label><br \/>\n<span class=\"wpcf7-form-control-wrap\" data-name=\"lname\"><input size=\"40\" maxlength=\"400\" class=\"wpcf7-form-control wpcf7-text wpcf7-validates-as-required text\" id=\"awf_field-73358383-last\" tabindex=\"501\" aria-required=\"true\" aria-invalid=\"false\" value=\"\" type=\"text\" name=\"lname\" \/><\/span>\n\t<\/p>\n\t<p><label for=\"alternate\">Email:<\/label><br \/>\n<span class=\"wpcf7-form-control-wrap\" data-name=\"alternate\"><input size=\"40\" maxlength=\"400\" class=\"wpcf7-form-control wpcf7-email wpcf7-validates-as-required wpcf7-text wpcf7-validates-as-email text\" id=\"awf_field-73358384\" tabindex=\"502\" aria-required=\"true\" aria-invalid=\"false\" value=\"\" type=\"email\" name=\"alternate\" \/><\/span>\n\t<\/p>\n\t<p><input class=\"wpcf7-form-control wpcf7-submit has-spinner\" type=\"submit\" value=\"Send\" \/>\n\t<\/p>\n<\/div><div class=\"wpcf7-response-output\" aria-hidden=\"true\"><\/div>\n<\/form>\n<\/div>\n\n<p>Avec ce livre de fran\u00e7ais de niveau A1 au format pdf, vous pourrez apprendre les bases du fran\u00e7ais et d\u00e9marrer avec la langue fran\u00e7aise.<\/p>\n<h2>Fran\u00e7ais pour d\u00e9butants<\/h2>\n<p>Il n&rsquo;est jamais trop tard pour apprendre une langue \u00e9trang\u00e8re telle que le fran\u00e7ais. Par contre, la motivation et le travail personnel sont indispensables pour r\u00e9ussir \u00e0 ma\u00eetriser le fran\u00e7ais. Le programme de fran\u00e7ais pour d\u00e9butant offre une structure qui permet d&rsquo;\u00e9voluer en douceur, avec des dialogues et des exercices qui invitent \u00e0 r\u00e9utiliser des phrases dans un contexte pr\u00e9cis.<\/p>\n<h2>Fran\u00e7ais pour d\u00e9butants en ligne<\/h2>\n<p>Etant donn\u00e9 les besoins sp\u00e9cifiques aux d\u00e9butants, les <a title=\"cours de fran\u00e7ais par Skype\" href=\"https:\/\/live-french.net\/fr\/cours-francais-skype\/\">cours de fran\u00e7ais par Zoom<\/a>\u00a0sont fortement recommand\u00e9s. L&rsquo;interactivit\u00e9, la souplesse et la convivialit\u00e9 en font une solution id\u00e9ale pour apprendre le fran\u00e7ais de d\u00e9butant sans bouger de chez soi.<\/p>\n<h2>Les professeurs de fran\u00e7ais pour d\u00e9butants<\/h2>\n<p>Tous nos professeurs de fran\u00e7ais parlent l&rsquo;anglais, c&rsquo;est la langue qui sera utilis\u00e9e pour communiquer au d\u00e9part et pour donner les explications de grammaire, et pour apprendre le vocabulaire. Ils vous seront d&rsquo;une grande aide pour vous aider \u00e0 am\u00e9liorer votre prononciation et votre accent en fran\u00e7ais.<\/p>\n<h2>Combien de temps faut-il apprendre le fran\u00e7ais lorsqu&rsquo;on est d\u00e9butant?<\/h2>\n<p>Il existe \u00e9videmment beaucoup de param\u00e8tres qui peuvent changer la donne. Par exemple:<\/p>\n<p>&#8211; avez-vous l&rsquo;habitude d&rsquo;apprendre des langues \u00e9trang\u00e8res?<\/p>\n<p>&#8211; \u00eates-vous en contact avec la langue fran\u00e7aise? (par exemple, si vous habitez un pays francophone ou si votre conjoint est fran\u00e7ais)<\/p>\n<p>&#8211; comprenez-vous la grammaire dans votre propre langue?<\/p>\n<p>&#8211; avez-vous des facilit\u00e9s \u00e0 apprendre des choses nouvelles?<\/p>\n<p>&#8211; parlez-vous une autre langue latine comme l&rsquo;espagnol ou l&rsquo;italien?<\/p>\n<p>Notre objectif est de vous aider \u00e0 parler fran\u00e7ais le plus rapidement possible, mais nous travaillerons \u00e9galement sur les autres comp\u00e9tences comme la grammaire, la lecture, l&rsquo;\u00e9criture, parce que nous sommes convaincus qu&rsquo;il est important d&rsquo;avoir une compr\u00e9hension globale de la langue pour saisir comment elle fonctionne.<\/p>\n<p>La nomenclature europ\u00e9enne a divis\u00e9 les comp\u00e9tences en 6 niveaux: A1, A2 (pour les d\u00e9butants), B1, B2 (pour les niveau interm\u00e9diaires), C1, C2 (pour les niveaux avanc\u00e9s).<br \/>De A1 \u00e0 B2, chaque niveau peut prendre entre 6 mois et 18 mois \u00e0 atteindre. Plus vous prenez des cours r\u00e9guliers et vous fournissez du travail personnels, plus vous pourrez monter de niveau rapidement.<\/p>\n<h2>Ebook de fran\u00e7ais pour d\u00e9butant publi\u00e9 par Live-French.net<\/h2>\n<p>Le cours de fran\u00e7ais pour \u00e9trangers d\u00e9butants est assorti d&rsquo;un ebook qui sera utilis\u00e9 pendant les cours. Vous pourrez apprendre les bases pour parler fran\u00e7ais \u00e0 partir du programme du niveau A1.<\/p>\n<p><\/p>\n<hr \/>\n<p>Maintenant, c&rsquo;est \u00e0 vous de jouer! R\u00e9servez un <a title=\"cours d'essai gratuit de fran\u00e7ais\" href=\"https:\/\/live-french.net\/fr\/cours-essai-francais\/\">cours d&rsquo;essai gratuit<\/a> et voyez comment notre \u00e9quipe peut vous aider \u00e0 progresser en fran\u00e7ais.<\/p>\n<p>\u00a0<\/p><div id=\"media_image-2\" class=\"si-sidebar-widget si-widget si-entry widget widget_media_image amr_widget\"><h4 class=\"widget-title\">Perfectionnez votre fran\u00e7ais &#8211; cours d&rsquo;essai gratuit! Inscrivez-vous ici<\/h4><a href=\"https:\/\/member.booknstart.com\/trial-registration?lg=fr&#038;referred_by=CTA&#038;office_id=6\"><img fetchpriority=\"high\" decoding=\"async\" width=\"1024\" height=\"366\" src=\"https:\/\/live-french.net\/wp-content\/uploads\/2025\/04\/CTA-LFNfr-1024x366.jpg\" class=\"image wp-image-27798  attachment-large size-large\" alt=\"\" style=\"max-width: 100%; height: auto;\" title=\"Perfectionnez votre fran\u00e7ais - cours d&#039;essai gratuit! Inscrivez-vous ici\" srcset=\"https:\/\/live-french.net\/wp-content\/uploads\/2025\/04\/CTA-LFNfr-1024x366.jpg 1024w, https:\/\/live-french.net\/wp-content\/uploads\/2025\/04\/CTA-LFNfr-300x107.jpg 300w, https:\/\/live-french.net\/wp-content\/uploads\/2025\/04\/CTA-LFNfr-768x274.jpg 768w, https:\/\/live-french.net\/wp-content\/uploads\/2025\/04\/CTA-LFNfr-1536x549.jpg 1536w, https:\/\/live-french.net\/wp-content\/uploads\/2025\/04\/CTA-LFNfr-2048x731.jpg 2048w\" sizes=\"(max-width: 1024px) 100vw, 1024px\" \/><\/a><\/div>","protected":false},"excerpt":{"rendered":"<p>Il n&rsquo;est jamais trop tard pour apprendre une nouvelle langue! Le fran\u00e7ais est une langue exigeante qui n\u00e9cessite de bonnes bases, surtout lorsque l&rsquo;on d\u00e9bute avec le fran\u00e7ais. Avec Live-French.net,&hellip;<\/p>\n","protected":false},"author":1,"featured_media":23590,"parent":0,"menu_order":0,"comment_status":"closed","ping_status":"closed","template":"","meta":{"footnotes":""},"class_list":["post-2878","page","type-page","status-publish","has-post-thumbnail","hentry"],"yoast_head":"<!-- This site is optimized with the Yoast SEO plugin v27.5 - https:\/\/yoast.com\/product\/yoast-seo-wordpress\/ -->\n<title>Cours de fran\u00e7ais pour d\u00e9butants | Live French<\/title>\n<meta name=\"description\" content=\"Live-French.net a con\" \/>\n<meta name=\"robots\" content=\"index, follow, max-snippet:-1, max-image-preview:large, max-video-preview:-1\" \/>\n<link rel=\"canonical\" href=\"https:\/\/live-french.net\/fr\/cours-francais-debutants\/\" \/>\n<meta property=\"og:locale\" content=\"fr_FR\" \/>\n<meta property=\"og:type\" content=\"article\" \/>\n<meta property=\"og:title\" content=\"Cours de fran\u00e7ais pour d\u00e9butants | Live French\" \/>\n<meta property=\"og:description\" content=\"Live-French.net a con\" \/>\n<meta property=\"og:url\" content=\"https:\/\/live-french.net\/fr\/cours-francais-debutants\/\" \/>\n<meta property=\"og:site_name\" content=\"Live French\" \/>\n<meta property=\"article:modified_time\" content=\"2025-07-09T19:35:50+00:00\" \/>\n<meta property=\"og:image\" content=\"https:\/\/live-french.net\/wp-content\/uploads\/2023\/07\/Cours-de-francais-pour-debutants.jpg\" \/>\n\t<meta property=\"og:image:width\" content=\"2240\" \/>\n\t<meta property=\"og:image:height\" content=\"1260\" \/>\n\t<meta property=\"og:image:type\" content=\"image\/jpeg\" \/>\n<meta name=\"twitter:label1\" content=\"Dur\u00e9e de lecture estim\u00e9e\" \/>\n\t<meta name=\"twitter:data1\" content=\"3 minutes\" \/>\n<script type=\"application\/ld+json\" class=\"yoast-schema-graph\">{\"@context\":\"https:\\\/\\\/schema.org\",\"@graph\":[{\"@type\":\"WebPage\",\"@id\":\"https:\\\/\\\/live-french.net\\\/fr\\\/cours-francais-debutants\\\/\",\"url\":\"https:\\\/\\\/live-french.net\\\/fr\\\/cours-francais-debutants\\\/\",\"name\":\"Cours de fran\u00e7ais pour d\u00e9butants | Live French\",\"isPartOf\":{\"@id\":\"https:\\\/\\\/live-french.net\\\/fr\\\/#website\"},\"primaryImageOfPage\":{\"@id\":\"https:\\\/\\\/live-french.net\\\/fr\\\/cours-francais-debutants\\\/#primaryimage\"},\"image\":{\"@id\":\"https:\\\/\\\/live-french.net\\\/fr\\\/cours-francais-debutants\\\/#primaryimage\"},\"thumbnailUrl\":\"https:\\\/\\\/live-french.net\\\/wp-content\\\/uploads\\\/2023\\\/07\\\/Cours-de-francais-pour-debutants.jpg\",\"datePublished\":\"2019-07-29T14:19:30+00:00\",\"dateModified\":\"2025-07-09T19:35:50+00:00\",\"description\":\"Live-French.net a con\",\"breadcrumb\":{\"@id\":\"https:\\\/\\\/live-french.net\\\/fr\\\/cours-francais-debutants\\\/#breadcrumb\"},\"inLanguage\":\"fr-FR\",\"potentialAction\":[{\"@type\":\"ReadAction\",\"target\":[\"https:\\\/\\\/live-french.net\\\/fr\\\/cours-francais-debutants\\\/\"]}]},{\"@type\":\"ImageObject\",\"inLanguage\":\"fr-FR\",\"@id\":\"https:\\\/\\\/live-french.net\\\/fr\\\/cours-francais-debutants\\\/#primaryimage\",\"url\":\"https:\\\/\\\/live-french.net\\\/wp-content\\\/uploads\\\/2023\\\/07\\\/Cours-de-francais-pour-debutants.jpg\",\"contentUrl\":\"https:\\\/\\\/live-french.net\\\/wp-content\\\/uploads\\\/2023\\\/07\\\/Cours-de-francais-pour-debutants.jpg\",\"width\":2240,\"height\":1260},{\"@type\":\"BreadcrumbList\",\"@id\":\"https:\\\/\\\/live-french.net\\\/fr\\\/cours-francais-debutants\\\/#breadcrumb\",\"itemListElement\":[{\"@type\":\"ListItem\",\"position\":1,\"name\":\"Home\",\"item\":\"https:\\\/\\\/live-french.net\\\/fr\\\/\"},{\"@type\":\"ListItem\",\"position\":2,\"name\":\"Cours de fran\u00e7ais pour d\u00e9butants\"}]},{\"@type\":\"WebSite\",\"@id\":\"https:\\\/\\\/live-french.net\\\/fr\\\/#website\",\"url\":\"https:\\\/\\\/live-french.net\\\/fr\\\/\",\"name\":\"Live French\",\"description\":\"Learn French Online\",\"publisher\":{\"@id\":\"https:\\\/\\\/live-french.net\\\/fr\\\/#organization\"},\"potentialAction\":[{\"@type\":\"SearchAction\",\"target\":{\"@type\":\"EntryPoint\",\"urlTemplate\":\"https:\\\/\\\/live-french.net\\\/fr\\\/?s={search_term_string}\"},\"query-input\":{\"@type\":\"PropertyValueSpecification\",\"valueRequired\":true,\"valueName\":\"search_term_string\"}}],\"inLanguage\":\"fr-FR\"},{\"@type\":\"Organization\",\"@id\":\"https:\\\/\\\/live-french.net\\\/fr\\\/#organization\",\"name\":\"Live French\",\"url\":\"https:\\\/\\\/live-french.net\\\/fr\\\/\",\"logo\":{\"@type\":\"ImageObject\",\"inLanguage\":\"fr-FR\",\"@id\":\"https:\\\/\\\/live-french.net\\\/fr\\\/#\\\/schema\\\/logo\\\/image\\\/\",\"url\":\"https:\\\/\\\/live-french.net\\\/wp-content\\\/uploads\\\/2021\\\/12\\\/cropped-LiveFrenchLogo.png\",\"contentUrl\":\"https:\\\/\\\/live-french.net\\\/wp-content\\\/uploads\\\/2021\\\/12\\\/cropped-LiveFrenchLogo.png\",\"width\":3319,\"height\":593,\"caption\":\"Live French\"},\"image\":{\"@id\":\"https:\\\/\\\/live-french.net\\\/fr\\\/#\\\/schema\\\/logo\\\/image\\\/\"}}]}<\/script>\n<!-- \/ Yoast SEO plugin. -->","yoast_head_json":{"title":"Cours de fran\u00e7ais pour d\u00e9butants | Live French","description":"Live-French.net a con","robots":{"index":"index","follow":"follow","max-snippet":"max-snippet:-1","max-image-preview":"max-image-preview:large","max-video-preview":"max-video-preview:-1"},"canonical":"https:\/\/live-french.net\/fr\/cours-francais-debutants\/","og_locale":"fr_FR","og_type":"article","og_title":"Cours de fran\u00e7ais pour d\u00e9butants | Live French","og_description":"Live-French.net a con","og_url":"https:\/\/live-french.net\/fr\/cours-francais-debutants\/","og_site_name":"Live French","article_modified_time":"2025-07-09T19:35:50+00:00","og_image":[{"width":2240,"height":1260,"url":"https:\/\/live-french.net\/wp-content\/uploads\/2023\/07\/Cours-de-francais-pour-debutants.jpg","type":"image\/jpeg"}],"twitter_misc":{"Dur\u00e9e de lecture estim\u00e9e":"3 minutes"},"schema":{"@context":"https:\/\/schema.org","@graph":[{"@type":"WebPage","@id":"https:\/\/live-french.net\/fr\/cours-francais-debutants\/","url":"https:\/\/live-french.net\/fr\/cours-francais-debutants\/","name":"Cours de fran\u00e7ais pour d\u00e9butants | Live French","isPartOf":{"@id":"https:\/\/live-french.net\/fr\/#website"},"primaryImageOfPage":{"@id":"https:\/\/live-french.net\/fr\/cours-francais-debutants\/#primaryimage"},"image":{"@id":"https:\/\/live-french.net\/fr\/cours-francais-debutants\/#primaryimage"},"thumbnailUrl":"https:\/\/live-french.net\/wp-content\/uploads\/2023\/07\/Cours-de-francais-pour-debutants.jpg","datePublished":"2019-07-29T14:19:30+00:00","dateModified":"2025-07-09T19:35:50+00:00","description":"Live-French.net a con","breadcrumb":{"@id":"https:\/\/live-french.net\/fr\/cours-francais-debutants\/#breadcrumb"},"inLanguage":"fr-FR","potentialAction":[{"@type":"ReadAction","target":["https:\/\/live-french.net\/fr\/cours-francais-debutants\/"]}]},{"@type":"ImageObject","inLanguage":"fr-FR","@id":"https:\/\/live-french.net\/fr\/cours-francais-debutants\/#primaryimage","url":"https:\/\/live-french.net\/wp-content\/uploads\/2023\/07\/Cours-de-francais-pour-debutants.jpg","contentUrl":"https:\/\/live-french.net\/wp-content\/uploads\/2023\/07\/Cours-de-francais-pour-debutants.jpg","width":2240,"height":1260},{"@type":"BreadcrumbList","@id":"https:\/\/live-french.net\/fr\/cours-francais-debutants\/#breadcrumb","itemListElement":[{"@type":"ListItem","position":1,"name":"Home","item":"https:\/\/live-french.net\/fr\/"},{"@type":"ListItem","position":2,"name":"Cours de fran\u00e7ais pour d\u00e9butants"}]},{"@type":"WebSite","@id":"https:\/\/live-french.net\/fr\/#website","url":"https:\/\/live-french.net\/fr\/","name":"Live French","description":"Learn French Online","publisher":{"@id":"https:\/\/live-french.net\/fr\/#organization"},"potentialAction":[{"@type":"SearchAction","target":{"@type":"EntryPoint","urlTemplate":"https:\/\/live-french.net\/fr\/?s={search_term_string}"},"query-input":{"@type":"PropertyValueSpecification","valueRequired":true,"valueName":"search_term_string"}}],"inLanguage":"fr-FR"},{"@type":"Organization","@id":"https:\/\/live-french.net\/fr\/#organization","name":"Live French","url":"https:\/\/live-french.net\/fr\/","logo":{"@type":"ImageObject","inLanguage":"fr-FR","@id":"https:\/\/live-french.net\/fr\/#\/schema\/logo\/image\/","url":"https:\/\/live-french.net\/wp-content\/uploads\/2021\/12\/cropped-LiveFrenchLogo.png","contentUrl":"https:\/\/live-french.net\/wp-content\/uploads\/2021\/12\/cropped-LiveFrenchLogo.png","width":3319,"height":593,"caption":"Live French"},"image":{"@id":"https:\/\/live-french.net\/fr\/#\/schema\/logo\/image\/"}}]}},"_links":{"self":[{"href":"https:\/\/live-french.net\/fr\/wp-json\/wp\/v2\/pages\/2878","targetHints":{"allow":["GET"]}}],"collection":[{"href":"https:\/\/live-french.net\/fr\/wp-json\/wp\/v2\/pages"}],"about":[{"href":"https:\/\/live-french.net\/fr\/wp-json\/wp\/v2\/types\/page"}],"author":[{"embeddable":true,"href":"https:\/\/live-french.net\/fr\/wp-json\/wp\/v2\/users\/1"}],"replies":[{"embeddable":true,"href":"https:\/\/live-french.net\/fr\/wp-json\/wp\/v2\/comments?post=2878"}],"version-history":[{"count":21,"href":"https:\/\/live-french.net\/fr\/wp-json\/wp\/v2\/pages\/2878\/revisions"}],"predecessor-version":[{"id":27995,"href":"https:\/\/live-french.net\/fr\/wp-json\/wp\/v2\/pages\/2878\/revisions\/27995"}],"wp:featuredmedia":[{"embeddable":true,"href":"https:\/\/live-french.net\/fr\/wp-json\/wp\/v2\/media\/23590"}],"wp:attachment":[{"href":"https:\/\/live-french.net\/fr\/wp-json\/wp\/v2\/media?parent=2878"}],"curies":[{"name":"wp","href":"https:\/\/api.w.org\/{rel}","templated":true}]}}