{"id":2876,"date":"2019-07-29T16:16:47","date_gmt":"2019-07-29T14:16:47","guid":{"rendered":"https:\/\/live-french.net\/blog\/cours-de-francais-par-telephone-fle\/"},"modified":"2025-06-14T12:42:19","modified_gmt":"2025-06-14T10:42:19","slug":"cours-francais-telephone-fle","status":"publish","type":"page","link":"https:\/\/live-french.net\/fr\/cours-francais-telephone-fle\/","title":{"rendered":"Cours de fran\u00e7ais par t\u00e9l\u00e9phone (FLE)"},"content":{"rendered":"<p>Live-French.net vous donne la possibilit\u00e9 d&rsquo;\u00e9tudier le fran\u00e7ais avec un professeur francophone par t\u00e9l\u00e9phone, FLE par t\u00e9l\u00e9phone.<br \/>\n<div id=\"custom_html-26\" class=\"widget_text si-sidebar-widget si-widget si-entry widget widget_custom_html amr_widget\"><div class=\"textwidget custom-html-widget\"><a href=\"https:\/\/member.booknstart.com\/trial-registration?lg=fr&referred_by=sCTA&office_id=6\" target=\"_blank\"><img decoding=\"async\" alt=\"Cours d'essai de fran\u00e7ais\" src=\"https:\/\/live-french.net\/wp-content\/uploads\/2023\/02\/sCTA-fr.jpg\"><\/a><\/div><\/div><\/p>\n<h2>Le fran\u00e7ais par t\u00e9l\u00e9phone<\/h2>\n<p>Lorsque l&rsquo;on ne peut pas avoir acc\u00e8s \u00e0 Internet, les cours de fran\u00e7ais par t\u00e9l\u00e9phone sont tr\u00e8s populaires et pratiques. En effet, vous pouvez :<\/p>\n<ul>\n<li>\u00e9tudier le fran\u00e7ais FLE par t\u00e9l\u00e9phone avec un professeur de fran\u00e7ais exp\u00e9riment\u00e9 qui vous appelle sur une ligne fixe o\u00f9 que vous soyez en France ou \u00e0 l&rsquo;\u00e9tranger*.<\/li>\n<li>am\u00e9liorer vos comp\u00e9tences en <a title=\"conversation fran\u00e7aise\" href=\"https:\/\/live-french.net\/fr\/cours-conversation-fle\/\">conversation fran\u00e7aise<\/a>, apprendre du vocabulaire et les aspects culturels de la France, tout cela sans bouger d&rsquo;o\u00f9 vous \u00eates, \u00e0 la maison, au travail ou m\u00eame dans votre maison de campagne.<\/li>\n<li>vous entra\u00eener \u00e0 parler au t\u00e9l\u00e9phone en fran\u00e7ais<\/li>\n<\/ul>\n<p>Les cours de fran\u00e7ais par t\u00e9l\u00e9phone sont destin\u00e9s \u00e0 des personnes qui ont d\u00e9j\u00e0 un bon niveau de fran\u00e7ais (\u00e0 partir du niveau B2). Si ce n&rsquo;est pas le cas, les cours de fran\u00e7ais par Zoom, Microsoft Teams et Google Meet vous serons plus utiles.<\/p>\n<h2>Les avantages des cours par t\u00e9l\u00e9phone<\/h2>\n<p>Apprendre le fran\u00e7ais par t\u00e9l\u00e9phone offre beacoup d&rsquo;avantages. En effet, en plus du fait que vous n&rsquo;avez pas besoin de vous d\u00e9placer vers votre \u00e9cole de langue, les cours de fran\u00e7ais par t\u00e9l\u00e9phone sont une formule de choix si vous devez utiliser le fran\u00e7ais pour le travail et t\u00e9l\u00e9phoner \u00e0 des clients ou des partenaires et leur parler fran\u00e7ais. Ainsi, les cours vous permettent de vous mettre en situation et d&rsquo;am\u00e9liorer votre niveau de compr\u00e9hension orale.<\/p>\n<h2>Apprendre le fran\u00e7ais par t\u00e9l\u00e9phone, pour aller plus loin<\/h2>\n<ul>\n<li>Fa\u00eetes connaissance avec nos <a title=\"professeurs de fran\u00e7ais\" href=\"https:\/\/live-french.net\/fr\/professeur-francais-fle-en-ligne\/\">professeurs de fran\u00e7ais<\/a><\/li>\n<li>Consultez tous les <a title=\"tarifs cours de fran\u00e7ais\" href=\"https:\/\/live-french.net\/fr\/tarifs\/\">tarifs de cours de fran\u00e7ais par t\u00e9l\u00e9phone ici<\/a>* pas de co\u00fbt suppl\u00e9mentaire pour les Etats-Unis, le Canada et les pays Europ\u00e9ens frontaliers avec la France. Autres pays, nous contacter.<\/li>\n<li>V\u00e9rifiez aussi la possibilit\u00e9 de prendre des <a title=\"cours de fran\u00e7ais en ligne par Skype\" href=\"https:\/\/live-french.net\/fr\/cours-de-francais-en-ligne-par-zoom\/\">cours de fran\u00e7ais en ligne par Zoom<\/a> (recommand\u00e9).<\/li>\n<\/ul>\n<p><strong>Vous souhaitez voir par vous-m\u00eame comment vous pouvez am\u00e9liorer votre fran\u00e7ais par t\u00e9l\u00e9phone? Inscrivez-vous d\u00e8s maintenant \u00e0 un <a title=\"cours d'essai gratuit en fran\u00e7ais\" href=\"https:\/\/live-french.net\/fr\/cours-essai-francais\/\">cours d&rsquo;essai gratuit<\/a>.<\/strong><\/p>\n<div id=\"media_image-2\" class=\"si-sidebar-widget si-widget si-entry widget widget_media_image amr_widget\"><h4 class=\"widget-title\">Perfectionnez votre fran\u00e7ais &#8211; cours d&rsquo;essai gratuit! Inscrivez-vous ici<\/h4><a href=\"https:\/\/member.booknstart.com\/trial-registration?lg=fr&#038;referred_by=CTA&#038;office_id=6\"><img fetchpriority=\"high\" decoding=\"async\" width=\"1024\" height=\"366\" src=\"https:\/\/live-french.net\/wp-content\/uploads\/2025\/04\/CTA-LFNfr-1024x366.jpg\" class=\"image wp-image-27798  attachment-large size-large\" alt=\"\" style=\"max-width: 100%; height: auto;\" title=\"Perfectionnez votre fran\u00e7ais - cours d&#039;essai gratuit! Inscrivez-vous ici\" srcset=\"https:\/\/live-french.net\/wp-content\/uploads\/2025\/04\/CTA-LFNfr-1024x366.jpg 1024w, https:\/\/live-french.net\/wp-content\/uploads\/2025\/04\/CTA-LFNfr-300x107.jpg 300w, https:\/\/live-french.net\/wp-content\/uploads\/2025\/04\/CTA-LFNfr-768x274.jpg 768w, https:\/\/live-french.net\/wp-content\/uploads\/2025\/04\/CTA-LFNfr-1536x549.jpg 1536w, https:\/\/live-french.net\/wp-content\/uploads\/2025\/04\/CTA-LFNfr-2048x731.jpg 2048w\" sizes=\"(max-width: 1024px) 100vw, 1024px\" \/><\/a><\/div>","protected":false},"excerpt":{"rendered":"<p>Live-French.net vous donne la possibilit\u00e9 d&rsquo;\u00e9tudier le fran\u00e7ais avec un professeur francophone par t\u00e9l\u00e9phone, FLE par t\u00e9l\u00e9phone. Le fran\u00e7ais par t\u00e9l\u00e9phone Lorsque l&rsquo;on ne peut pas avoir acc\u00e8s \u00e0 Internet,&hellip;<\/p>\n","protected":false},"author":1,"featured_media":24030,"parent":0,"menu_order":0,"comment_status":"closed","ping_status":"closed","template":"","meta":{"om_disable_all_campaigns":false,"_monsterinsights_skip_tracking":false,"_monsterinsights_sitenote_active":false,"_monsterinsights_sitenote_note":"","_monsterinsights_sitenote_category":0,"footnotes":""},"class_list":["post-2876","page","type-page","status-publish","has-post-thumbnail","hentry"],"aioseo_notices":[],"yoast_head":"<!-- This site is optimized with the Yoast SEO plugin v26.9 - https:\/\/yoast.com\/product\/yoast-seo-wordpress\/ -->\n<title>Cours de fran\u00e7ais par t\u00e9l\u00e9phone (FLE) - Live-French.net<\/title>\n<meta name=\"description\" content=\"Lorsque l&#039;on ne peut pas avoir acc\" \/>\n<meta name=\"robots\" content=\"index, follow, max-snippet:-1, max-image-preview:large, max-video-preview:-1\" \/>\n<link rel=\"canonical\" href=\"https:\/\/live-french.net\/fr\/cours-francais-telephone-fle\/\" \/>\n<meta property=\"og:locale\" content=\"fr_FR\" \/>\n<meta property=\"og:type\" content=\"article\" \/>\n<meta property=\"og:title\" content=\"Cours de fran\u00e7ais par t\u00e9l\u00e9phone (FLE) - Live-French.net\" \/>\n<meta property=\"og:description\" content=\"Lorsque l&#039;on ne peut pas avoir acc\" \/>\n<meta property=\"og:url\" content=\"https:\/\/live-french.net\/fr\/cours-francais-telephone-fle\/\" \/>\n<meta property=\"og:site_name\" content=\"Live-French.net\" \/>\n<meta property=\"article:modified_time\" content=\"2025-06-14T10:42:19+00:00\" \/>\n<meta property=\"og:image\" content=\"https:\/\/live-french.net\/wp-content\/uploads\/2023\/09\/Cours-de-francais-par-telephone-FLE.jpg\" \/>\n\t<meta property=\"og:image:width\" content=\"2240\" \/>\n\t<meta property=\"og:image:height\" content=\"1260\" \/>\n\t<meta property=\"og:image:type\" content=\"image\/jpeg\" \/>\n<meta name=\"twitter:label1\" content=\"Dur\u00e9e de lecture estim\u00e9e\" \/>\n\t<meta name=\"twitter:data1\" content=\"2 minutes\" \/>\n<script type=\"application\/ld+json\" class=\"yoast-schema-graph\">{\"@context\":\"https:\/\/schema.org\",\"@graph\":[{\"@type\":\"WebPage\",\"@id\":\"https:\/\/live-french.net\/fr\/cours-francais-telephone-fle\/\",\"url\":\"https:\/\/live-french.net\/fr\/cours-francais-telephone-fle\/\",\"name\":\"Cours de fran\u00e7ais par t\u00e9l\u00e9phone (FLE) - Live-French.net\",\"isPartOf\":{\"@id\":\"https:\/\/live-french.net\/fr\/#website\"},\"primaryImageOfPage\":{\"@id\":\"https:\/\/live-french.net\/fr\/cours-francais-telephone-fle\/#primaryimage\"},\"image\":{\"@id\":\"https:\/\/live-french.net\/fr\/cours-francais-telephone-fle\/#primaryimage\"},\"thumbnailUrl\":\"https:\/\/live-french.net\/wp-content\/uploads\/2023\/09\/Cours-de-francais-par-telephone-FLE.jpg\",\"datePublished\":\"2019-07-29T14:16:47+00:00\",\"dateModified\":\"2025-06-14T10:42:19+00:00\",\"description\":\"Lorsque l'on ne peut pas avoir acc\",\"breadcrumb\":{\"@id\":\"https:\/\/live-french.net\/fr\/cours-francais-telephone-fle\/#breadcrumb\"},\"inLanguage\":\"fr-FR\",\"potentialAction\":[{\"@type\":\"ReadAction\",\"target\":[\"https:\/\/live-french.net\/fr\/cours-francais-telephone-fle\/\"]}]},{\"@type\":\"ImageObject\",\"inLanguage\":\"fr-FR\",\"@id\":\"https:\/\/live-french.net\/fr\/cours-francais-telephone-fle\/#primaryimage\",\"url\":\"https:\/\/live-french.net\/wp-content\/uploads\/2023\/09\/Cours-de-francais-par-telephone-FLE.jpg\",\"contentUrl\":\"https:\/\/live-french.net\/wp-content\/uploads\/2023\/09\/Cours-de-francais-par-telephone-FLE.jpg\",\"width\":2240,\"height\":1260},{\"@type\":\"BreadcrumbList\",\"@id\":\"https:\/\/live-french.net\/fr\/cours-francais-telephone-fle\/#breadcrumb\",\"itemListElement\":[{\"@type\":\"ListItem\",\"position\":1,\"name\":\"Home\",\"item\":\"https:\/\/live-french.net\/fr\/\"},{\"@type\":\"ListItem\",\"position\":2,\"name\":\"Cours de fran\u00e7ais par t\u00e9l\u00e9phone (FLE)\"}]},{\"@type\":\"WebSite\",\"@id\":\"https:\/\/live-french.net\/fr\/#website\",\"url\":\"https:\/\/live-french.net\/fr\/\",\"name\":\"Live-French.net\",\"description\":\"Learn French Online\",\"publisher\":{\"@id\":\"https:\/\/live-french.net\/fr\/#organization\"},\"potentialAction\":[{\"@type\":\"SearchAction\",\"target\":{\"@type\":\"EntryPoint\",\"urlTemplate\":\"https:\/\/live-french.net\/fr\/?s={search_term_string}\"},\"query-input\":{\"@type\":\"PropertyValueSpecification\",\"valueRequired\":true,\"valueName\":\"search_term_string\"}}],\"inLanguage\":\"fr-FR\"},{\"@type\":\"Organization\",\"@id\":\"https:\/\/live-french.net\/fr\/#organization\",\"name\":\"Live-French.net\",\"url\":\"https:\/\/live-french.net\/fr\/\",\"logo\":{\"@type\":\"ImageObject\",\"inLanguage\":\"fr-FR\",\"@id\":\"https:\/\/live-french.net\/fr\/#\/schema\/logo\/image\/\",\"url\":\"https:\/\/live-french.net\/wp-content\/uploads\/2021\/12\/cropped-LiveFrenchLogo.png\",\"contentUrl\":\"https:\/\/live-french.net\/wp-content\/uploads\/2021\/12\/cropped-LiveFrenchLogo.png\",\"width\":3319,\"height\":593,\"caption\":\"Live-French.net\"},\"image\":{\"@id\":\"https:\/\/live-french.net\/fr\/#\/schema\/logo\/image\/\"}}]}<\/script>\n<!-- \/ Yoast SEO plugin. -->","yoast_head_json":{"title":"Cours de fran\u00e7ais par t\u00e9l\u00e9phone (FLE) - Live-French.net","description":"Lorsque l'on ne peut pas avoir acc","robots":{"index":"index","follow":"follow","max-snippet":"max-snippet:-1","max-image-preview":"max-image-preview:large","max-video-preview":"max-video-preview:-1"},"canonical":"https:\/\/live-french.net\/fr\/cours-francais-telephone-fle\/","og_locale":"fr_FR","og_type":"article","og_title":"Cours de fran\u00e7ais par t\u00e9l\u00e9phone (FLE) - Live-French.net","og_description":"Lorsque l'on ne peut pas avoir acc","og_url":"https:\/\/live-french.net\/fr\/cours-francais-telephone-fle\/","og_site_name":"Live-French.net","article_modified_time":"2025-06-14T10:42:19+00:00","og_image":[{"width":2240,"height":1260,"url":"https:\/\/live-french.net\/wp-content\/uploads\/2023\/09\/Cours-de-francais-par-telephone-FLE.jpg","type":"image\/jpeg"}],"twitter_misc":{"Dur\u00e9e de lecture estim\u00e9e":"2 minutes"},"schema":{"@context":"https:\/\/schema.org","@graph":[{"@type":"WebPage","@id":"https:\/\/live-french.net\/fr\/cours-francais-telephone-fle\/","url":"https:\/\/live-french.net\/fr\/cours-francais-telephone-fle\/","name":"Cours de fran\u00e7ais par t\u00e9l\u00e9phone (FLE) - Live-French.net","isPartOf":{"@id":"https:\/\/live-french.net\/fr\/#website"},"primaryImageOfPage":{"@id":"https:\/\/live-french.net\/fr\/cours-francais-telephone-fle\/#primaryimage"},"image":{"@id":"https:\/\/live-french.net\/fr\/cours-francais-telephone-fle\/#primaryimage"},"thumbnailUrl":"https:\/\/live-french.net\/wp-content\/uploads\/2023\/09\/Cours-de-francais-par-telephone-FLE.jpg","datePublished":"2019-07-29T14:16:47+00:00","dateModified":"2025-06-14T10:42:19+00:00","description":"Lorsque l'on ne peut pas avoir acc","breadcrumb":{"@id":"https:\/\/live-french.net\/fr\/cours-francais-telephone-fle\/#breadcrumb"},"inLanguage":"fr-FR","potentialAction":[{"@type":"ReadAction","target":["https:\/\/live-french.net\/fr\/cours-francais-telephone-fle\/"]}]},{"@type":"ImageObject","inLanguage":"fr-FR","@id":"https:\/\/live-french.net\/fr\/cours-francais-telephone-fle\/#primaryimage","url":"https:\/\/live-french.net\/wp-content\/uploads\/2023\/09\/Cours-de-francais-par-telephone-FLE.jpg","contentUrl":"https:\/\/live-french.net\/wp-content\/uploads\/2023\/09\/Cours-de-francais-par-telephone-FLE.jpg","width":2240,"height":1260},{"@type":"BreadcrumbList","@id":"https:\/\/live-french.net\/fr\/cours-francais-telephone-fle\/#breadcrumb","itemListElement":[{"@type":"ListItem","position":1,"name":"Home","item":"https:\/\/live-french.net\/fr\/"},{"@type":"ListItem","position":2,"name":"Cours de fran\u00e7ais par t\u00e9l\u00e9phone (FLE)"}]},{"@type":"WebSite","@id":"https:\/\/live-french.net\/fr\/#website","url":"https:\/\/live-french.net\/fr\/","name":"Live-French.net","description":"Learn French Online","publisher":{"@id":"https:\/\/live-french.net\/fr\/#organization"},"potentialAction":[{"@type":"SearchAction","target":{"@type":"EntryPoint","urlTemplate":"https:\/\/live-french.net\/fr\/?s={search_term_string}"},"query-input":{"@type":"PropertyValueSpecification","valueRequired":true,"valueName":"search_term_string"}}],"inLanguage":"fr-FR"},{"@type":"Organization","@id":"https:\/\/live-french.net\/fr\/#organization","name":"Live-French.net","url":"https:\/\/live-french.net\/fr\/","logo":{"@type":"ImageObject","inLanguage":"fr-FR","@id":"https:\/\/live-french.net\/fr\/#\/schema\/logo\/image\/","url":"https:\/\/live-french.net\/wp-content\/uploads\/2021\/12\/cropped-LiveFrenchLogo.png","contentUrl":"https:\/\/live-french.net\/wp-content\/uploads\/2021\/12\/cropped-LiveFrenchLogo.png","width":3319,"height":593,"caption":"Live-French.net"},"image":{"@id":"https:\/\/live-french.net\/fr\/#\/schema\/logo\/image\/"}}]}},"_links":{"self":[{"href":"https:\/\/live-french.net\/fr\/wp-json\/wp\/v2\/pages\/2876","targetHints":{"allow":["GET"]}}],"collection":[{"href":"https:\/\/live-french.net\/fr\/wp-json\/wp\/v2\/pages"}],"about":[{"href":"https:\/\/live-french.net\/fr\/wp-json\/wp\/v2\/types\/page"}],"author":[{"embeddable":true,"href":"https:\/\/live-french.net\/fr\/wp-json\/wp\/v2\/users\/1"}],"replies":[{"embeddable":true,"href":"https:\/\/live-french.net\/fr\/wp-json\/wp\/v2\/comments?post=2876"}],"version-history":[{"count":10,"href":"https:\/\/live-french.net\/fr\/wp-json\/wp\/v2\/pages\/2876\/revisions"}],"predecessor-version":[{"id":27956,"href":"https:\/\/live-french.net\/fr\/wp-json\/wp\/v2\/pages\/2876\/revisions\/27956"}],"wp:featuredmedia":[{"embeddable":true,"href":"https:\/\/live-french.net\/fr\/wp-json\/wp\/v2\/media\/24030"}],"wp:attachment":[{"href":"https:\/\/live-french.net\/fr\/wp-json\/wp\/v2\/media?parent=2876"}],"curies":[{"name":"wp","href":"https:\/\/api.w.org\/{rel}","templated":true}]}}