{"id":2238,"date":"2019-07-17T13:43:16","date_gmt":"2019-07-17T11:43:16","guid":{"rendered":"https:\/\/live-french.net\/blog\/contactez-nous-pour-voir-comment-apprendre-le-francais\/"},"modified":"2025-04-02T15:36:19","modified_gmt":"2025-04-02T13:36:19","slug":"contact","status":"publish","type":"page","link":"https:\/\/live-french.net\/fr\/contact\/","title":{"rendered":"Contactez-nous"},"content":{"rendered":"<p><strong>Si vous \u00eates d\u00e9j\u00e0 membre de Live-French.net Member (actuel ou pass\u00e9):<\/strong><br>\r\nveuillez vous <a href=\"https:\/\/member.booknstart.com\/student\/send-message\" rel=\"noopener noreferrer\" target=\"_blank\" title=\"Contactez-nous Membres\">connecter \u00e0 l&rsquo;Espace Membre<\/a> et notre \u00e9quipe se fera un plaisir de r\u00e9pondre \u00e0 vos questions concernant vos cours de fran\u00e7ais ou votre compte \u00e0 Live-French.net.<\/p>\r\n<hr>\r\n<p><strong>Si vous n&rsquo;\u00eates pas encore membre de Live-French.net (actuel ou pass\u00e9):<\/strong><\/p>\r\n<p>Apprendre le fran\u00e7ais sur Internet avec un professeur en direct, c&rsquo;est possible avec Live-French.net!<br>Pour plus de renseignements, merci de remplir ce formulaire et nous vous recontacterons dans les plus brefs d\u00e9lais.<\/p>\r\n\r\n\r\n\n<div class=\"wpcf7 no-js\" id=\"wpcf7-f27618-o1\" lang=\"en-US\" dir=\"ltr\" data-wpcf7-id=\"27618\">\n<div class=\"screen-reader-response\"><p role=\"status\" aria-live=\"polite\" aria-atomic=\"true\"><\/p> <ul><\/ul><\/div>\n<form action=\"\/fr\/wp-json\/wp\/v2\/pages\/2238#wpcf7-f27618-o1\" method=\"post\" class=\"wpcf7-form init\" aria-label=\"Contact form\" novalidate=\"novalidate\" data-status=\"init\">\n<div style=\"display: none;\">\n<input type=\"hidden\" name=\"_wpcf7\" value=\"27618\" \/>\n<input type=\"hidden\" name=\"_wpcf7_version\" value=\"6.0.6\" \/>\n<input type=\"hidden\" name=\"_wpcf7_locale\" value=\"en_US\" \/>\n<input type=\"hidden\" name=\"_wpcf7_unit_tag\" value=\"wpcf7-f27618-o1\" \/>\n<input type=\"hidden\" name=\"_wpcf7_container_post\" value=\"0\" \/>\n<input type=\"hidden\" name=\"_wpcf7_posted_data_hash\" value=\"\" \/>\n<input type=\"hidden\" name=\"_wpcf7_recaptcha_response\" value=\"\" \/>\n<\/div>\n<div>\n<input class=\"wpcf7-form-control wpcf7-hidden\" value=\"6\" type=\"hidden\" name=\"office\" \/>\n<input class=\"wpcf7-form-control wpcf7-hidden\" value=\"\" type=\"hidden\" name=\"email\" \/>\n<input class=\"wpcf7-form-control wpcf7-hidden\" value=\"fr\" type=\"hidden\" name=\"lg\" \/>\n<input class=\"wpcf7-form-control wpcf7-hidden\" value=\"10\" type=\"hidden\" name=\"leadsource\" \/>\n<input class=\"wpcf7-form-control wpcf7-hidden\" value=\"30\" type=\"hidden\" name=\"redirect\" \/>\n<input class=\"wpcf7-form-control wpcf7-hidden\" value=\"\" type=\"hidden\" name=\"skype\" \/>\n\t<p><label for=\"fname\">Pr\u00e9nom*: <\/label><br \/>\n<span class=\"wpcf7-form-control-wrap\" data-name=\"fname\"><input size=\"40\" maxlength=\"400\" class=\"wpcf7-form-control wpcf7-text wpcf7-validates-as-required text\" id=\"awf_field-73262242-first\" tabindex=\"600\" aria-required=\"true\" aria-invalid=\"false\" value=\"\" type=\"text\" name=\"fname\" \/><\/span>\n\t<\/p>\n\t<p><label for=\"lname\">Nom*: <\/label><br \/>\n<span class=\"wpcf7-form-control-wrap\" data-name=\"lname\"><input size=\"40\" maxlength=\"400\" class=\"wpcf7-form-control wpcf7-text wpcf7-validates-as-required text\" id=\"awf_field-73262242-last\" tabindex=\"601\" aria-required=\"true\" aria-invalid=\"false\" value=\"\" type=\"text\" name=\"lname\" \/><\/span>\n\t<\/p>\n\t<p><label for=\"alternate\">Email*: <\/label><br \/>\n<span class=\"wpcf7-form-control-wrap\" data-name=\"alternate\"><input size=\"40\" maxlength=\"400\" class=\"wpcf7-form-control wpcf7-email wpcf7-validates-as-required wpcf7-text wpcf7-validates-as-email text\" id=\"awf_field-73262243\" tabindex=\"602\" aria-required=\"true\" aria-invalid=\"false\" value=\"\" type=\"email\" name=\"alternate\" \/><\/span>\n\t<\/p>\n\t<p><label for=\"tel\">T\u00e9l\u00e9phone: <\/label><br \/>\n<span class=\"wpcf7-form-control-wrap\" data-name=\"tel\"><input size=\"40\" maxlength=\"400\" class=\"wpcf7-form-control wpcf7-tel wpcf7-text wpcf7-validates-as-tel text\" id=\"awf_field-73262245\" tabindex=\"604\" aria-invalid=\"false\" value=\"\" type=\"tel\" name=\"tel\" \/><\/span>\n\t<\/p>\n\t<p><label for=\"subject\">Quel cours vous int\u00e9resse?<\/label><br \/>\n<span class=\"wpcf7-form-control-wrap\" data-name=\"subject\"><select class=\"wpcf7-form-control wpcf7-select\" id=\"awf_field-73262246\" tabindex=\"605\" aria-invalid=\"false\" name=\"subject\"><option value=\"Fran\u00e7ais pour d\u00e9butants\">Fran\u00e7ais pour d\u00e9butants<\/option><option value=\"Fran\u00e7ais de conversation\">Fran\u00e7ais de conversation<\/option><option value=\"Pr\u00e9paration \u00e0 un examen de fran\u00e7ais\">Pr\u00e9paration \u00e0 un examen de fran\u00e7ais<\/option><option value=\"Fran\u00e7ais des affaires\">Fran\u00e7ais des affaires<\/option><\/select><\/span>\n\t<\/p>\n\t<p><label for=\"comment\">Votre question*: <\/label><br \/>\n<span class=\"wpcf7-form-control-wrap\" data-name=\"comment\"><textarea cols=\"40\" rows=\"10\" maxlength=\"2000\" class=\"wpcf7-form-control wpcf7-textarea wpcf7-validates-as-required text\" id=\"awf_field-73262247\" tabindex=\"606\" aria-required=\"true\" aria-invalid=\"false\" name=\"comment\"><\/textarea><\/span>\n\t<\/p>\n\t<p><input class=\"wpcf7-form-control wpcf7-submit has-spinner\" type=\"submit\" value=\"Send\" \/>\n\t<\/p>\n<\/div><div class=\"wpcf7-response-output\" aria-hidden=\"true\"><\/div>\n<\/form>\n<\/div>\n\r\n\r\n\r\n<p>* Obligatoire<\/p><div id=\"media_image-2\" class=\"si-sidebar-widget si-widget si-entry widget widget_media_image amr_widget\"><h4 class=\"widget-title\">Perfectionnez votre fran\u00e7ais &#8211; cours d&rsquo;essai gratuit! Inscrivez-vous ici<\/h4><a href=\"https:\/\/member.booknstart.com\/trial-registration?lg=fr&#038;referred_by=CTA&#038;office_id=6\"><img fetchpriority=\"high\" decoding=\"async\" width=\"1024\" height=\"366\" src=\"https:\/\/live-french.net\/wp-content\/uploads\/2025\/04\/CTA-LFNfr-1024x366.jpg\" class=\"image wp-image-27798  attachment-large size-large\" alt=\"\" style=\"max-width: 100%; height: auto;\" title=\"Perfectionnez votre fran\u00e7ais - cours d&#039;essai gratuit! Inscrivez-vous ici\" srcset=\"https:\/\/live-french.net\/wp-content\/uploads\/2025\/04\/CTA-LFNfr-1024x366.jpg 1024w, https:\/\/live-french.net\/wp-content\/uploads\/2025\/04\/CTA-LFNfr-300x107.jpg 300w, https:\/\/live-french.net\/wp-content\/uploads\/2025\/04\/CTA-LFNfr-768x274.jpg 768w, https:\/\/live-french.net\/wp-content\/uploads\/2025\/04\/CTA-LFNfr-1536x549.jpg 1536w, https:\/\/live-french.net\/wp-content\/uploads\/2025\/04\/CTA-LFNfr-2048x731.jpg 2048w\" sizes=\"(max-width: 1024px) 100vw, 1024px\" \/><\/a><\/div>","protected":false},"excerpt":{"rendered":"<p>Si vous \u00eates d\u00e9j\u00e0 membre de Live-French.net Member (actuel ou pass\u00e9): veuillez vous connecter \u00e0 l&rsquo;Espace Membre et notre \u00e9quipe se fera un plaisir de r\u00e9pondre \u00e0 vos questions concernant&hellip;<\/p>\n","protected":false},"author":1,"featured_media":0,"parent":0,"menu_order":0,"comment_status":"closed","ping_status":"closed","template":"","meta":{"om_disable_all_campaigns":false,"_monsterinsights_skip_tracking":false,"_monsterinsights_sitenote_active":false,"_monsterinsights_sitenote_note":"","_monsterinsights_sitenote_category":0,"footnotes":""},"class_list":["post-2238","page","type-page","status-publish","hentry"],"aioseo_notices":[],"yoast_head":"<!-- This site is optimized with the Yoast SEO plugin v26.9 - https:\/\/yoast.com\/product\/yoast-seo-wordpress\/ -->\n<title>Contactez-nous - Live-French.net<\/title>\n<meta name=\"description\" content=\"Remplissez ce formulaire et nous prendrons contact avec vous dans les plus brefs d\" \/>\n<meta name=\"robots\" content=\"index, follow, max-snippet:-1, max-image-preview:large, max-video-preview:-1\" \/>\n<link rel=\"canonical\" href=\"https:\/\/live-french.net\/fr\/contact\/\" \/>\n<meta property=\"og:locale\" content=\"fr_FR\" \/>\n<meta property=\"og:type\" content=\"article\" \/>\n<meta property=\"og:title\" content=\"Contactez-nous - Live-French.net\" \/>\n<meta property=\"og:description\" content=\"Remplissez ce formulaire et nous prendrons contact avec vous dans les plus brefs d\" \/>\n<meta property=\"og:url\" content=\"https:\/\/live-french.net\/fr\/contact\/\" \/>\n<meta property=\"og:site_name\" content=\"Live-French.net\" \/>\n<meta property=\"article:modified_time\" content=\"2025-04-02T13:36:19+00:00\" \/>\n<meta name=\"twitter:label1\" content=\"Dur\u00e9e de lecture estim\u00e9e\" \/>\n\t<meta name=\"twitter:data1\" content=\"1 minute\" \/>\n<script type=\"application\/ld+json\" class=\"yoast-schema-graph\">{\"@context\":\"https:\/\/schema.org\",\"@graph\":[{\"@type\":\"WebPage\",\"@id\":\"https:\/\/live-french.net\/fr\/contact\/\",\"url\":\"https:\/\/live-french.net\/fr\/contact\/\",\"name\":\"Contactez-nous - Live-French.net\",\"isPartOf\":{\"@id\":\"https:\/\/live-french.net\/fr\/#website\"},\"datePublished\":\"2019-07-17T11:43:16+00:00\",\"dateModified\":\"2025-04-02T13:36:19+00:00\",\"description\":\"Remplissez ce formulaire et nous prendrons contact avec vous dans les plus brefs d\",\"breadcrumb\":{\"@id\":\"https:\/\/live-french.net\/fr\/contact\/#breadcrumb\"},\"inLanguage\":\"fr-FR\",\"potentialAction\":[{\"@type\":\"ReadAction\",\"target\":[\"https:\/\/live-french.net\/fr\/contact\/\"]}]},{\"@type\":\"BreadcrumbList\",\"@id\":\"https:\/\/live-french.net\/fr\/contact\/#breadcrumb\",\"itemListElement\":[{\"@type\":\"ListItem\",\"position\":1,\"name\":\"Home\",\"item\":\"https:\/\/live-french.net\/fr\/\"},{\"@type\":\"ListItem\",\"position\":2,\"name\":\"Contactez-nous\"}]},{\"@type\":\"WebSite\",\"@id\":\"https:\/\/live-french.net\/fr\/#website\",\"url\":\"https:\/\/live-french.net\/fr\/\",\"name\":\"Live-French.net\",\"description\":\"Learn French Online\",\"publisher\":{\"@id\":\"https:\/\/live-french.net\/fr\/#organization\"},\"potentialAction\":[{\"@type\":\"SearchAction\",\"target\":{\"@type\":\"EntryPoint\",\"urlTemplate\":\"https:\/\/live-french.net\/fr\/?s={search_term_string}\"},\"query-input\":{\"@type\":\"PropertyValueSpecification\",\"valueRequired\":true,\"valueName\":\"search_term_string\"}}],\"inLanguage\":\"fr-FR\"},{\"@type\":\"Organization\",\"@id\":\"https:\/\/live-french.net\/fr\/#organization\",\"name\":\"Live-French.net\",\"url\":\"https:\/\/live-french.net\/fr\/\",\"logo\":{\"@type\":\"ImageObject\",\"inLanguage\":\"fr-FR\",\"@id\":\"https:\/\/live-french.net\/fr\/#\/schema\/logo\/image\/\",\"url\":\"https:\/\/live-french.net\/wp-content\/uploads\/2021\/12\/cropped-LiveFrenchLogo.png\",\"contentUrl\":\"https:\/\/live-french.net\/wp-content\/uploads\/2021\/12\/cropped-LiveFrenchLogo.png\",\"width\":3319,\"height\":593,\"caption\":\"Live-French.net\"},\"image\":{\"@id\":\"https:\/\/live-french.net\/fr\/#\/schema\/logo\/image\/\"}}]}<\/script>\n<!-- \/ Yoast SEO plugin. -->","yoast_head_json":{"title":"Contactez-nous - Live-French.net","description":"Remplissez ce formulaire et nous prendrons contact avec vous dans les plus brefs d","robots":{"index":"index","follow":"follow","max-snippet":"max-snippet:-1","max-image-preview":"max-image-preview:large","max-video-preview":"max-video-preview:-1"},"canonical":"https:\/\/live-french.net\/fr\/contact\/","og_locale":"fr_FR","og_type":"article","og_title":"Contactez-nous - Live-French.net","og_description":"Remplissez ce formulaire et nous prendrons contact avec vous dans les plus brefs d","og_url":"https:\/\/live-french.net\/fr\/contact\/","og_site_name":"Live-French.net","article_modified_time":"2025-04-02T13:36:19+00:00","twitter_misc":{"Dur\u00e9e de lecture estim\u00e9e":"1 minute"},"schema":{"@context":"https:\/\/schema.org","@graph":[{"@type":"WebPage","@id":"https:\/\/live-french.net\/fr\/contact\/","url":"https:\/\/live-french.net\/fr\/contact\/","name":"Contactez-nous - Live-French.net","isPartOf":{"@id":"https:\/\/live-french.net\/fr\/#website"},"datePublished":"2019-07-17T11:43:16+00:00","dateModified":"2025-04-02T13:36:19+00:00","description":"Remplissez ce formulaire et nous prendrons contact avec vous dans les plus brefs d","breadcrumb":{"@id":"https:\/\/live-french.net\/fr\/contact\/#breadcrumb"},"inLanguage":"fr-FR","potentialAction":[{"@type":"ReadAction","target":["https:\/\/live-french.net\/fr\/contact\/"]}]},{"@type":"BreadcrumbList","@id":"https:\/\/live-french.net\/fr\/contact\/#breadcrumb","itemListElement":[{"@type":"ListItem","position":1,"name":"Home","item":"https:\/\/live-french.net\/fr\/"},{"@type":"ListItem","position":2,"name":"Contactez-nous"}]},{"@type":"WebSite","@id":"https:\/\/live-french.net\/fr\/#website","url":"https:\/\/live-french.net\/fr\/","name":"Live-French.net","description":"Learn French Online","publisher":{"@id":"https:\/\/live-french.net\/fr\/#organization"},"potentialAction":[{"@type":"SearchAction","target":{"@type":"EntryPoint","urlTemplate":"https:\/\/live-french.net\/fr\/?s={search_term_string}"},"query-input":{"@type":"PropertyValueSpecification","valueRequired":true,"valueName":"search_term_string"}}],"inLanguage":"fr-FR"},{"@type":"Organization","@id":"https:\/\/live-french.net\/fr\/#organization","name":"Live-French.net","url":"https:\/\/live-french.net\/fr\/","logo":{"@type":"ImageObject","inLanguage":"fr-FR","@id":"https:\/\/live-french.net\/fr\/#\/schema\/logo\/image\/","url":"https:\/\/live-french.net\/wp-content\/uploads\/2021\/12\/cropped-LiveFrenchLogo.png","contentUrl":"https:\/\/live-french.net\/wp-content\/uploads\/2021\/12\/cropped-LiveFrenchLogo.png","width":3319,"height":593,"caption":"Live-French.net"},"image":{"@id":"https:\/\/live-french.net\/fr\/#\/schema\/logo\/image\/"}}]}},"_links":{"self":[{"href":"https:\/\/live-french.net\/fr\/wp-json\/wp\/v2\/pages\/2238","targetHints":{"allow":["GET"]}}],"collection":[{"href":"https:\/\/live-french.net\/fr\/wp-json\/wp\/v2\/pages"}],"about":[{"href":"https:\/\/live-french.net\/fr\/wp-json\/wp\/v2\/types\/page"}],"author":[{"embeddable":true,"href":"https:\/\/live-french.net\/fr\/wp-json\/wp\/v2\/users\/1"}],"replies":[{"embeddable":true,"href":"https:\/\/live-french.net\/fr\/wp-json\/wp\/v2\/comments?post=2238"}],"version-history":[{"count":10,"href":"https:\/\/live-french.net\/fr\/wp-json\/wp\/v2\/pages\/2238\/revisions"}],"predecessor-version":[{"id":27620,"href":"https:\/\/live-french.net\/fr\/wp-json\/wp\/v2\/pages\/2238\/revisions\/27620"}],"wp:attachment":[{"href":"https:\/\/live-french.net\/fr\/wp-json\/wp\/v2\/media?parent=2238"}],"curies":[{"name":"wp","href":"https:\/\/api.w.org\/{rel}","templated":true}]}}