{"id":2220,"date":"2019-07-17T13:35:23","date_gmt":"2019-07-17T11:35:23","guid":{"rendered":"https:\/\/live-french.net\/blog\/francais-des-affaires-en-ligne\/"},"modified":"2025-11-14T13:37:15","modified_gmt":"2025-11-14T12:37:15","slug":"francais-affaires-en-ligne","status":"publish","type":"page","link":"https:\/\/live-french.net\/fr\/francais-affaires-en-ligne\/","title":{"rendered":"Fran\u00e7ais des affaires en ligne"},"content":{"rendered":"<p>Le fran\u00e7ais est l&rsquo;une des langues les plus parl\u00e9es au monde. Parce que les professionnels qui ont des liens avec la France, l&rsquo;Afrique, le Qu\u00e9bec et beaucoup d&rsquo;autres pays doivent pouvoir communiquer en fran\u00e7ais, nous avons con\u00e7u un cours sp\u00e9cialis\u00e9 en fran\u00e7ais des affaires en ligne pour les \u00e9trangers.<\/p>\r\n<h2>Pourquoi un cours de Fran\u00e7ais des affaires en ligne<\/h2>\r\n<p>Les cours de fran\u00e7ais des affaires sont con\u00e7us pour s&rsquo;adapter \u00e0 vos besoins, par exemple pour assimiler le vocabulaire dans son domaine d&rsquo;activit\u00e9 ou profession, ou plus globalement si vous souhaitez pouvoir discuter de l&rsquo;actualit\u00e9 business \u00e0 travers des articles d&rsquo;actualit\u00e9 de m\u00e9dias sp\u00e9cialis\u00e9s.<\/p>\r\n<p>Live-French.net a cr\u00e9\u00e9 un cours de fran\u00e7ais business pour que vous puissiez \u00eatre plus \u00e0 l&rsquo;aise lorsque vous devez vous exprimer en fran\u00e7ais dans un contexte professionnel. Si vous devez faire une pr\u00e9sentation en fran\u00e7ais, mener une r\u00e9union ou vous rendre en voyage d&rsquo;affaires dans un pays francophone, ce cours est fait pour vous!<\/p>\r\n<h2>Fran\u00e7ais des affaires en ligne en ligne par Zoom<\/h2>\r\n<p>Nous le savons, en tant que professionnel, il n&rsquo;est pas toujours facile de consacrer le temps n\u00e9cessaire pour apprendre le fran\u00e7ais. En suivant le cours de fran\u00e7ais des affaires par Zoom, vous pourrez, \u00e0 travers des sessions courtes de 30 min, vous concentrer sur les sujets sur lesquels vous devez progresser. C&rsquo;est efficace et sans perte de temps. Nous vous donnons toute la flexibilit\u00e9 qu&rsquo;il vous faut pour planifier vos cours avant de quitter la maison pour le bureau, \u00e0 la pause d\u00e9jeuner, ou apr\u00e8s le travail. Vous pouvez m\u00eame suivre des cours alors que vous \u00eates en voyage d&rsquo;affaires \u00e0 condition d&rsquo;avoir une bonne connexion Internet. Les <a title=\"cours de fran\u00e7ais par Skype\" href=\"https:\/\/live-french.net\/fr\/cours-francais-skype\/\">cours de fran\u00e7ais par Zoom<\/a> sont un format id\u00e9al pour progresser en fran\u00e7ais d&rsquo;o\u00f9 que l&rsquo;on soit.<\/p>\r\n<h2>Pr\u00e9parer un entretien en fran\u00e7ais<\/h2>\r\n<p>Partie int\u00e9grante de notre cours de fran\u00e7ais des affaires, vous pouvez vous pr\u00e9parer \u00e0 un entretien d&#8217;embauche en fran\u00e7ais. Vous pourrez vous entra\u00eener sur les questions type d&rsquo;entretien. Si vos comp\u00e9tences en fran\u00e7ais doivent \u00eatre test\u00e9es, montrez bien que vous pouvez parler de votre carri\u00e8re et d&rsquo;autres sujets couramment en fran\u00e7ais.<\/p>\r\n\r\n<p>Si les cours de fran\u00e7ais des affaires (FLE) vous int\u00e9ressent, n&rsquo;h\u00e9sitez pas \u00e0 discuter de vos objectifs et de vos besoins avec l&rsquo;un de nos professeurs en vous inscrivant \u00e0 un <a title=\"cours de fran\u00e7ais d'essai gratuit\" href=\"https:\/\/live-french.net\/fr\/cours-essai-francais\/\">cours de fran\u00e7ais d&rsquo;essai gratuit<\/a>.<\/p>\r\n\r\n<hr>\r\n<h2>Pour aller plus loin&#8230;<\/h2>\r\n<p>Dans notre blog, vous trouverez des ressources de fran\u00e7ais pour les affaires comme par exemple:<\/p>\r\n<p><a title=\"6 raisons d\u2019apprendre le fran\u00e7ais des affaires\" href=\"https:\/\/live-french.net\/fr\/blog\/francais-des-affaires\/6-raisons-dapprendre-le-francais-des-affaires\/\">6 raisons d\u2019apprendre le fran\u00e7ais des affaires<\/a><\/p>\r\n<p><a title=\"Comment se pr\u00e9senter en fran\u00e7ais \u00e0 un entretien\" href=\"https:\/\/live-french.net\/fr\/blog\/francais-des-affaires\/comment-se-presenter-en-francais-a-un-entretien\/\">Comment se pr\u00e9senter en fran\u00e7ais \u00e0 un entretien<\/a><\/p>\r\n<p><a title=\"Le vocabulaire essentiel du fran\u00e7ais des affaires\" href=\"https:\/\/live-french.net\/fr\/blog\/francais-des-affaires\/vocabulaire-francais-affaires\/\">Le vocabulaire essentiel du fran\u00e7ais des affaires<\/a><\/p>\r\n<hr><div id=\"media_image-2\" class=\"si-sidebar-widget si-widget si-entry widget widget_media_image amr_widget\"><h4 class=\"widget-title\">Perfectionnez votre fran\u00e7ais &#8211; cours d&rsquo;essai gratuit! Inscrivez-vous ici<\/h4><a href=\"https:\/\/member.booknstart.com\/trial-registration?lg=fr&#038;referred_by=CTA&#038;office_id=6\"><img fetchpriority=\"high\" decoding=\"async\" width=\"1024\" height=\"366\" src=\"https:\/\/live-french.net\/wp-content\/uploads\/2025\/04\/CTA-LFNfr-1024x366.jpg\" class=\"image wp-image-27798  attachment-large size-large\" alt=\"\" style=\"max-width: 100%; height: auto;\" title=\"Perfectionnez votre fran\u00e7ais - cours d&#039;essai gratuit! Inscrivez-vous ici\" srcset=\"https:\/\/live-french.net\/wp-content\/uploads\/2025\/04\/CTA-LFNfr-1024x366.jpg 1024w, https:\/\/live-french.net\/wp-content\/uploads\/2025\/04\/CTA-LFNfr-300x107.jpg 300w, https:\/\/live-french.net\/wp-content\/uploads\/2025\/04\/CTA-LFNfr-768x274.jpg 768w, https:\/\/live-french.net\/wp-content\/uploads\/2025\/04\/CTA-LFNfr-1536x549.jpg 1536w, https:\/\/live-french.net\/wp-content\/uploads\/2025\/04\/CTA-LFNfr-2048x731.jpg 2048w\" sizes=\"(max-width: 1024px) 100vw, 1024px\" \/><\/a><\/div>","protected":false},"excerpt":{"rendered":"<p>Le fran\u00e7ais est l&rsquo;une des langues les plus parl\u00e9es au monde. Parce que les professionnels qui ont des liens avec la France, l&rsquo;Afrique, le Qu\u00e9bec et beaucoup d&rsquo;autres pays doivent&hellip;<\/p>\n","protected":false},"author":1,"featured_media":23656,"parent":0,"menu_order":0,"comment_status":"closed","ping_status":"closed","template":"","meta":{"om_disable_all_campaigns":false,"_monsterinsights_skip_tracking":false,"_monsterinsights_sitenote_active":false,"_monsterinsights_sitenote_note":"","_monsterinsights_sitenote_category":0,"footnotes":""},"class_list":["post-2220","page","type-page","status-publish","has-post-thumbnail","hentry"],"aioseo_notices":[],"yoast_head":"<!-- This site is optimized with the Yoast SEO plugin v26.9 - https:\/\/yoast.com\/product\/yoast-seo-wordpress\/ -->\n<title>Fran\u00e7ais des affaires en ligne - Live-French.net<\/title>\n<meta name=\"description\" content=\"Pour mieux communiquer en fran\" \/>\n<meta name=\"robots\" content=\"index, follow, max-snippet:-1, max-image-preview:large, max-video-preview:-1\" \/>\n<link rel=\"canonical\" href=\"https:\/\/live-french.net\/fr\/francais-affaires-en-ligne\/\" \/>\n<meta property=\"og:locale\" content=\"fr_FR\" \/>\n<meta property=\"og:type\" content=\"article\" \/>\n<meta property=\"og:title\" content=\"Fran\u00e7ais des affaires en ligne - Live-French.net\" \/>\n<meta property=\"og:description\" content=\"Pour mieux communiquer en fran\" \/>\n<meta property=\"og:url\" content=\"https:\/\/live-french.net\/fr\/francais-affaires-en-ligne\/\" \/>\n<meta property=\"og:site_name\" content=\"Live-French.net\" \/>\n<meta property=\"article:modified_time\" content=\"2025-11-14T12:37:15+00:00\" \/>\n<meta property=\"og:image\" content=\"https:\/\/live-french.net\/wp-content\/uploads\/2023\/07\/Francais-des-affaires-en-ligne.jpg\" \/>\n\t<meta property=\"og:image:width\" content=\"2240\" \/>\n\t<meta property=\"og:image:height\" content=\"1260\" \/>\n\t<meta property=\"og:image:type\" content=\"image\/jpeg\" \/>\n<meta name=\"twitter:label1\" content=\"Dur\u00e9e de lecture estim\u00e9e\" \/>\n\t<meta name=\"twitter:data1\" content=\"3 minutes\" \/>\n<script type=\"application\/ld+json\" class=\"yoast-schema-graph\">{\"@context\":\"https:\/\/schema.org\",\"@graph\":[{\"@type\":\"WebPage\",\"@id\":\"https:\/\/live-french.net\/fr\/francais-affaires-en-ligne\/\",\"url\":\"https:\/\/live-french.net\/fr\/francais-affaires-en-ligne\/\",\"name\":\"Fran\u00e7ais des affaires en ligne - Live-French.net\",\"isPartOf\":{\"@id\":\"https:\/\/live-french.net\/fr\/#website\"},\"primaryImageOfPage\":{\"@id\":\"https:\/\/live-french.net\/fr\/francais-affaires-en-ligne\/#primaryimage\"},\"image\":{\"@id\":\"https:\/\/live-french.net\/fr\/francais-affaires-en-ligne\/#primaryimage\"},\"thumbnailUrl\":\"https:\/\/live-french.net\/wp-content\/uploads\/2023\/07\/Francais-des-affaires-en-ligne.jpg\",\"datePublished\":\"2019-07-17T11:35:23+00:00\",\"dateModified\":\"2025-11-14T12:37:15+00:00\",\"description\":\"Pour mieux communiquer en fran\",\"breadcrumb\":{\"@id\":\"https:\/\/live-french.net\/fr\/francais-affaires-en-ligne\/#breadcrumb\"},\"inLanguage\":\"fr-FR\",\"potentialAction\":[{\"@type\":\"ReadAction\",\"target\":[\"https:\/\/live-french.net\/fr\/francais-affaires-en-ligne\/\"]}]},{\"@type\":\"ImageObject\",\"inLanguage\":\"fr-FR\",\"@id\":\"https:\/\/live-french.net\/fr\/francais-affaires-en-ligne\/#primaryimage\",\"url\":\"https:\/\/live-french.net\/wp-content\/uploads\/2023\/07\/Francais-des-affaires-en-ligne.jpg\",\"contentUrl\":\"https:\/\/live-french.net\/wp-content\/uploads\/2023\/07\/Francais-des-affaires-en-ligne.jpg\",\"width\":2240,\"height\":1260},{\"@type\":\"BreadcrumbList\",\"@id\":\"https:\/\/live-french.net\/fr\/francais-affaires-en-ligne\/#breadcrumb\",\"itemListElement\":[{\"@type\":\"ListItem\",\"position\":1,\"name\":\"Home\",\"item\":\"https:\/\/live-french.net\/fr\/\"},{\"@type\":\"ListItem\",\"position\":2,\"name\":\"Fran\u00e7ais des affaires en ligne\"}]},{\"@type\":\"WebSite\",\"@id\":\"https:\/\/live-french.net\/fr\/#website\",\"url\":\"https:\/\/live-french.net\/fr\/\",\"name\":\"Live-French.net\",\"description\":\"Learn French Online\",\"publisher\":{\"@id\":\"https:\/\/live-french.net\/fr\/#organization\"},\"potentialAction\":[{\"@type\":\"SearchAction\",\"target\":{\"@type\":\"EntryPoint\",\"urlTemplate\":\"https:\/\/live-french.net\/fr\/?s={search_term_string}\"},\"query-input\":{\"@type\":\"PropertyValueSpecification\",\"valueRequired\":true,\"valueName\":\"search_term_string\"}}],\"inLanguage\":\"fr-FR\"},{\"@type\":\"Organization\",\"@id\":\"https:\/\/live-french.net\/fr\/#organization\",\"name\":\"Live-French.net\",\"url\":\"https:\/\/live-french.net\/fr\/\",\"logo\":{\"@type\":\"ImageObject\",\"inLanguage\":\"fr-FR\",\"@id\":\"https:\/\/live-french.net\/fr\/#\/schema\/logo\/image\/\",\"url\":\"https:\/\/live-french.net\/wp-content\/uploads\/2021\/12\/cropped-LiveFrenchLogo.png\",\"contentUrl\":\"https:\/\/live-french.net\/wp-content\/uploads\/2021\/12\/cropped-LiveFrenchLogo.png\",\"width\":3319,\"height\":593,\"caption\":\"Live-French.net\"},\"image\":{\"@id\":\"https:\/\/live-french.net\/fr\/#\/schema\/logo\/image\/\"}}]}<\/script>\n<!-- \/ Yoast SEO plugin. -->","yoast_head_json":{"title":"Fran\u00e7ais des affaires en ligne - Live-French.net","description":"Pour mieux communiquer en fran","robots":{"index":"index","follow":"follow","max-snippet":"max-snippet:-1","max-image-preview":"max-image-preview:large","max-video-preview":"max-video-preview:-1"},"canonical":"https:\/\/live-french.net\/fr\/francais-affaires-en-ligne\/","og_locale":"fr_FR","og_type":"article","og_title":"Fran\u00e7ais des affaires en ligne - Live-French.net","og_description":"Pour mieux communiquer en fran","og_url":"https:\/\/live-french.net\/fr\/francais-affaires-en-ligne\/","og_site_name":"Live-French.net","article_modified_time":"2025-11-14T12:37:15+00:00","og_image":[{"width":2240,"height":1260,"url":"https:\/\/live-french.net\/wp-content\/uploads\/2023\/07\/Francais-des-affaires-en-ligne.jpg","type":"image\/jpeg"}],"twitter_misc":{"Dur\u00e9e de lecture estim\u00e9e":"3 minutes"},"schema":{"@context":"https:\/\/schema.org","@graph":[{"@type":"WebPage","@id":"https:\/\/live-french.net\/fr\/francais-affaires-en-ligne\/","url":"https:\/\/live-french.net\/fr\/francais-affaires-en-ligne\/","name":"Fran\u00e7ais des affaires en ligne - Live-French.net","isPartOf":{"@id":"https:\/\/live-french.net\/fr\/#website"},"primaryImageOfPage":{"@id":"https:\/\/live-french.net\/fr\/francais-affaires-en-ligne\/#primaryimage"},"image":{"@id":"https:\/\/live-french.net\/fr\/francais-affaires-en-ligne\/#primaryimage"},"thumbnailUrl":"https:\/\/live-french.net\/wp-content\/uploads\/2023\/07\/Francais-des-affaires-en-ligne.jpg","datePublished":"2019-07-17T11:35:23+00:00","dateModified":"2025-11-14T12:37:15+00:00","description":"Pour mieux communiquer en fran","breadcrumb":{"@id":"https:\/\/live-french.net\/fr\/francais-affaires-en-ligne\/#breadcrumb"},"inLanguage":"fr-FR","potentialAction":[{"@type":"ReadAction","target":["https:\/\/live-french.net\/fr\/francais-affaires-en-ligne\/"]}]},{"@type":"ImageObject","inLanguage":"fr-FR","@id":"https:\/\/live-french.net\/fr\/francais-affaires-en-ligne\/#primaryimage","url":"https:\/\/live-french.net\/wp-content\/uploads\/2023\/07\/Francais-des-affaires-en-ligne.jpg","contentUrl":"https:\/\/live-french.net\/wp-content\/uploads\/2023\/07\/Francais-des-affaires-en-ligne.jpg","width":2240,"height":1260},{"@type":"BreadcrumbList","@id":"https:\/\/live-french.net\/fr\/francais-affaires-en-ligne\/#breadcrumb","itemListElement":[{"@type":"ListItem","position":1,"name":"Home","item":"https:\/\/live-french.net\/fr\/"},{"@type":"ListItem","position":2,"name":"Fran\u00e7ais des affaires en ligne"}]},{"@type":"WebSite","@id":"https:\/\/live-french.net\/fr\/#website","url":"https:\/\/live-french.net\/fr\/","name":"Live-French.net","description":"Learn French Online","publisher":{"@id":"https:\/\/live-french.net\/fr\/#organization"},"potentialAction":[{"@type":"SearchAction","target":{"@type":"EntryPoint","urlTemplate":"https:\/\/live-french.net\/fr\/?s={search_term_string}"},"query-input":{"@type":"PropertyValueSpecification","valueRequired":true,"valueName":"search_term_string"}}],"inLanguage":"fr-FR"},{"@type":"Organization","@id":"https:\/\/live-french.net\/fr\/#organization","name":"Live-French.net","url":"https:\/\/live-french.net\/fr\/","logo":{"@type":"ImageObject","inLanguage":"fr-FR","@id":"https:\/\/live-french.net\/fr\/#\/schema\/logo\/image\/","url":"https:\/\/live-french.net\/wp-content\/uploads\/2021\/12\/cropped-LiveFrenchLogo.png","contentUrl":"https:\/\/live-french.net\/wp-content\/uploads\/2021\/12\/cropped-LiveFrenchLogo.png","width":3319,"height":593,"caption":"Live-French.net"},"image":{"@id":"https:\/\/live-french.net\/fr\/#\/schema\/logo\/image\/"}}]}},"_links":{"self":[{"href":"https:\/\/live-french.net\/fr\/wp-json\/wp\/v2\/pages\/2220","targetHints":{"allow":["GET"]}}],"collection":[{"href":"https:\/\/live-french.net\/fr\/wp-json\/wp\/v2\/pages"}],"about":[{"href":"https:\/\/live-french.net\/fr\/wp-json\/wp\/v2\/types\/page"}],"author":[{"embeddable":true,"href":"https:\/\/live-french.net\/fr\/wp-json\/wp\/v2\/users\/1"}],"replies":[{"embeddable":true,"href":"https:\/\/live-french.net\/fr\/wp-json\/wp\/v2\/comments?post=2220"}],"version-history":[{"count":9,"href":"https:\/\/live-french.net\/fr\/wp-json\/wp\/v2\/pages\/2220\/revisions"}],"predecessor-version":[{"id":28322,"href":"https:\/\/live-french.net\/fr\/wp-json\/wp\/v2\/pages\/2220\/revisions\/28322"}],"wp:featuredmedia":[{"embeddable":true,"href":"https:\/\/live-french.net\/fr\/wp-json\/wp\/v2\/media\/23656"}],"wp:attachment":[{"href":"https:\/\/live-french.net\/fr\/wp-json\/wp\/v2\/media?parent=2220"}],"curies":[{"name":"wp","href":"https:\/\/api.w.org\/{rel}","templated":true}]}}