{"id":21980,"date":"2023-03-01T11:13:59","date_gmt":"2023-03-01T10:13:59","guid":{"rendered":"https:\/\/live-french.net\/?page_id=21980"},"modified":"2023-05-15T11:34:36","modified_gmt":"2023-05-15T09:34:36","slug":"les-pronoms-relatifs","status":"publish","type":"page","link":"https:\/\/live-french.net\/fr\/grammaire-francaise\/les-pronoms-relatifs\/","title":{"rendered":"Les pronoms relatifs"},"content":{"rendered":"<p id=\"top\">Les pronoms relatifs en fran\u00e7ais sont importants \u00e0 ma\u00eetriser pour faire des phrases complexes. Regardons ensemble comment cela fonctionne.<\/p>\n<p><a href=\"#video\">Vid\u00e9o sur les pronoms relatifs<\/a><br \/>\n<a href=\"#summary\">Explications sur les pronoms relatifs<\/a><br \/>\nExercices sur les pronoms relatifs<br \/>\n<a href=\"#ex1\">Exercice 1 sur les pronoms relatifs<\/a><br \/>\n<a href=\"#ex2\">Exercice 2 sur les pronoms relatifs<\/a><br \/>\n<a href=\"#ex3\">Exercice 3 sur les pronoms relatifs<\/a><\/p>\n<h2 id=\"video\">Vid\u00e9o sur les pronoms relatifs<\/h2>\n<p><iframe src=\"https:\/\/youtube.com\/embed\/19JS6UsTmTY\" width=\"560\" height=\"315\" frameborder=\"0\" allowfullscreen=\"allowfullscreen\"><\/iframe><br \/>\n<a href=\"#top\">Retourner en haut<\/a><\/p>\n<h2 id=\"summary\">Explications sur les pronoms relatifs<\/h2>\n<p>les pronoms relatifs introduisent une proposition subordonn\u00e9e relative. Les pronoms relatifs sont utilis\u00e9s, comme tous les pronoms, pour \u00e9viter une r\u00e9p\u00e9tition.<br \/>\nExemple:<br \/>\nJ&rsquo;observe le chat <strong>qui<\/strong> dort.<\/p>\n<p>Les pronoms relatifs sont de deux types:<\/p>\n<h3>&#8211; les pronoms relatifs simples (qui, que, dont, o\u00f9)<\/h3>\n<p>Les pronoms relatifs simples n&rsquo;ont pas de marque ni de genre ni de nombre ils sont invariables.<\/p>\n<p>Je mange une pomme <strong>qui<\/strong> est bonne et <strong>que<\/strong> Paul m&rsquo;a donn\u00e9e.<br \/>\n<strong>qui<\/strong> est un pronom qui remplace un sujet.<br \/>\n<strong>que<\/strong> est un pronom qui remplace un compl\u00e9ment d&rsquo;objet direct (COD)<\/p>\n<p>C&rsquo;est une histoire <strong>dont<\/strong> la fin est tragique.<br \/>\n<strong>dont<\/strong> est un pronom qui remplace un compl\u00e9ment du nom ou un compl\u00e9ment dont la pr\u00e9position est de.<\/p>\n<p>Le jour <strong>o\u00f9<\/strong> tu es n\u00e9, j&rsquo;\u00e9tais \u00e0 la campagne.<br \/>\n<strong>o\u00f9<\/strong> est un pronom qui remplace un compl\u00e9ment circonstantiel de lieu ou de temps<\/p>\n<h3>&#8211; les pronoms relatifs compos\u00e9s (pr\u00e9position + lequel\/laquelle\/lesquels\/lesquelles)<\/h3>\n<p>Les pronoms relatifs compos\u00e9s sont variables en fonction du nom qu&rsquo;ils remplacent.<\/p>\n<p>La table, <strong>sur laquelle<\/strong> j&rsquo;ai pos\u00e9 mon livre, est en bois.<br \/>\nLa ville, <strong>dans laquelle<\/strong> j&rsquo;ai v\u00e9cu pendant dix ans, est tr\u00e8s anim\u00e9e.<\/p>\n<p>Notez que quand la pr\u00e9position est \u00e0 ou de, la pr\u00e9position est coll\u00e9e \u00e0 \u00ab\u00a0quel\u00a0\u00bb.<br \/>\nVoici les photos, <strong>desquelles<\/strong> j&rsquo;ai fait une s\u00e9lection pour l&rsquo;album.<br \/>\nVoici les livres, <strong>auxquels<\/strong> tu peux te r\u00e9f\u00e9rer pour approfondir tes connaissances.<\/p>\n<p><a href=\"#top\">Retourner en haut<\/a><\/p>\n<h2>Exercices sur les pronoms relatifs<\/h2>\n<p><span id=\"ex1\">Exercise 1<\/span> Compl\u00e9tez avec les pronoms relatifs \u00ab qui \u00bb ou \u00ab que \u00bb.<\/p>\n<p>Exemple : Le livre _____ je lis est ennuyant.<br \/>\n\u2192 Le livre que je lis est ennuyant.<br \/>\n<iframe style=\"border: 0px; width: 100%; height: 500px;\" src=\"https:\/\/learningapps.org\/watch?v=py1gy2jpk23\" allowfullscreen=\"allowfullscreen\"><\/iframe><br \/>\n<a href=\"#top\">Retourner en haut<\/a><\/p>\n<p><span id=\"ex2\">Exercise 2<\/span> Compl\u00e9tez avec \u00ab o\u00f9 \u00bb et \u00ab dont \u00bb.<br \/>\n<iframe style=\"border: 0px; width: 100%; height: 500px;\" src=\"https:\/\/learningapps.org\/watch?v=pgpg3mnk523\" allowfullscreen=\"allowfullscreen\"><\/iframe><br \/>\n<a href=\"#top\">Retourner en haut<\/a><\/p>\n<p><span id=\"ex3\">Exercise 3<\/span> Compl\u00e9ter les phrases suivantes avec le pronom relatif compos\u00e9 qui convient :<br \/>\n<iframe style=\"border: 0px; width: 100%; height: 500px;\" src=\"https:\/\/learningapps.org\/watch?v=p9gp3khkc23\" allowfullscreen=\"allowfullscreen\"><\/iframe><br \/>\n<a href=\"#top\">Retourner en haut<\/a><\/p>\n<p>Vous souhaitez plus d&rsquo;aide avec votre fran\u00e7ais pour notamment mieux parler et communiquer en fran\u00e7ais, n&rsquo;h\u00e9sitez pas \u00e0 vous inscrire \u00e0 un <a title=\"cours de fran\u00e7ais gratuit\" href=\"https:\/\/live-french.net\/fr\/decouverte\/\">cours d&rsquo;essai gratuit<\/a> avec l&rsquo;un de nos professeurs Live-French!<\/p>\n<div id=\"media_image-2\" class=\"si-sidebar-widget si-widget si-entry widget widget_media_image amr_widget\"><h4 class=\"widget-title\">Perfectionnez votre fran\u00e7ais &#8211; cours d&rsquo;essai gratuit! Inscrivez-vous ici<\/h4><a href=\"https:\/\/member.booknstart.com\/trial-registration?lg=fr&#038;referred_by=CTA&#038;office_id=6\"><img fetchpriority=\"high\" decoding=\"async\" width=\"1024\" height=\"366\" src=\"https:\/\/live-french.net\/wp-content\/uploads\/2025\/04\/CTA-LFNfr-1024x366.jpg\" class=\"image wp-image-27798  attachment-large size-large\" alt=\"\" style=\"max-width: 100%; height: auto;\" title=\"Perfectionnez votre fran\u00e7ais - cours d&#039;essai gratuit! Inscrivez-vous ici\" srcset=\"https:\/\/live-french.net\/wp-content\/uploads\/2025\/04\/CTA-LFNfr-1024x366.jpg 1024w, https:\/\/live-french.net\/wp-content\/uploads\/2025\/04\/CTA-LFNfr-300x107.jpg 300w, https:\/\/live-french.net\/wp-content\/uploads\/2025\/04\/CTA-LFNfr-768x274.jpg 768w, https:\/\/live-french.net\/wp-content\/uploads\/2025\/04\/CTA-LFNfr-1536x549.jpg 1536w, https:\/\/live-french.net\/wp-content\/uploads\/2025\/04\/CTA-LFNfr-2048x731.jpg 2048w\" sizes=\"(max-width: 1024px) 100vw, 1024px\" \/><\/a><\/div>","protected":false},"excerpt":{"rendered":"<p>Les pronoms relatifs en fran\u00e7ais sont importants \u00e0 ma\u00eetriser pour faire des phrases complexes. Regardons ensemble comment cela fonctionne. Vid\u00e9o sur les pronoms relatifs Explications sur les pronoms relatifs Exercices&hellip;<\/p>\n","protected":false},"author":10,"featured_media":0,"parent":20226,"menu_order":0,"comment_status":"closed","ping_status":"closed","template":"","meta":{"om_disable_all_campaigns":false,"_monsterinsights_skip_tracking":false,"_monsterinsights_sitenote_active":false,"_monsterinsights_sitenote_note":"","_monsterinsights_sitenote_category":0,"footnotes":""},"class_list":["post-21980","page","type-page","status-publish","hentry"],"aioseo_notices":[],"yoast_head":"<!-- This site is optimized with the Yoast SEO plugin v26.9 - https:\/\/yoast.com\/product\/yoast-seo-wordpress\/ -->\n<title>Les pronoms relatifs - Live-French.net<\/title>\n<meta name=\"robots\" content=\"index, follow, max-snippet:-1, max-image-preview:large, max-video-preview:-1\" \/>\n<link rel=\"canonical\" href=\"https:\/\/live-french.net\/fr\/grammaire-francaise\/les-pronoms-relatifs\/\" \/>\n<meta property=\"og:locale\" content=\"fr_FR\" \/>\n<meta property=\"og:type\" content=\"article\" \/>\n<meta property=\"og:title\" content=\"Les pronoms relatifs - Live-French.net\" \/>\n<meta property=\"og:description\" content=\"Les pronoms relatifs en fran\u00e7ais sont importants \u00e0 ma\u00eetriser pour faire des phrases complexes. Regardons ensemble comment cela fonctionne. Vid\u00e9o sur les pronoms relatifs Explications sur les pronoms relatifs Exercices&hellip;\" \/>\n<meta property=\"og:url\" content=\"https:\/\/live-french.net\/fr\/grammaire-francaise\/les-pronoms-relatifs\/\" \/>\n<meta property=\"og:site_name\" content=\"Live-French.net\" \/>\n<meta property=\"article:modified_time\" content=\"2023-05-15T09:34:36+00:00\" \/>\n<meta name=\"twitter:label1\" content=\"Dur\u00e9e de lecture estim\u00e9e\" \/>\n\t<meta name=\"twitter:data1\" content=\"1 minute\" \/>\n<script type=\"application\/ld+json\" class=\"yoast-schema-graph\">{\"@context\":\"https:\/\/schema.org\",\"@graph\":[{\"@type\":\"WebPage\",\"@id\":\"https:\/\/live-french.net\/fr\/grammaire-francaise\/les-pronoms-relatifs\/\",\"url\":\"https:\/\/live-french.net\/fr\/grammaire-francaise\/les-pronoms-relatifs\/\",\"name\":\"Les pronoms relatifs - Live-French.net\",\"isPartOf\":{\"@id\":\"https:\/\/live-french.net\/fr\/#website\"},\"datePublished\":\"2023-03-01T10:13:59+00:00\",\"dateModified\":\"2023-05-15T09:34:36+00:00\",\"breadcrumb\":{\"@id\":\"https:\/\/live-french.net\/fr\/grammaire-francaise\/les-pronoms-relatifs\/#breadcrumb\"},\"inLanguage\":\"fr-FR\",\"potentialAction\":[{\"@type\":\"ReadAction\",\"target\":[\"https:\/\/live-french.net\/fr\/grammaire-francaise\/les-pronoms-relatifs\/\"]}]},{\"@type\":\"BreadcrumbList\",\"@id\":\"https:\/\/live-french.net\/fr\/grammaire-francaise\/les-pronoms-relatifs\/#breadcrumb\",\"itemListElement\":[{\"@type\":\"ListItem\",\"position\":1,\"name\":\"Home\",\"item\":\"https:\/\/live-french.net\/fr\/\"},{\"@type\":\"ListItem\",\"position\":2,\"name\":\"Grammaire fran\u00e7aise\",\"item\":\"https:\/\/live-french.net\/fr\/grammaire-francaise\/\"},{\"@type\":\"ListItem\",\"position\":3,\"name\":\"Les pronoms relatifs\"}]},{\"@type\":\"WebSite\",\"@id\":\"https:\/\/live-french.net\/fr\/#website\",\"url\":\"https:\/\/live-french.net\/fr\/\",\"name\":\"Live-French.net\",\"description\":\"Learn French Online\",\"publisher\":{\"@id\":\"https:\/\/live-french.net\/fr\/#organization\"},\"potentialAction\":[{\"@type\":\"SearchAction\",\"target\":{\"@type\":\"EntryPoint\",\"urlTemplate\":\"https:\/\/live-french.net\/fr\/?s={search_term_string}\"},\"query-input\":{\"@type\":\"PropertyValueSpecification\",\"valueRequired\":true,\"valueName\":\"search_term_string\"}}],\"inLanguage\":\"fr-FR\"},{\"@type\":\"Organization\",\"@id\":\"https:\/\/live-french.net\/fr\/#organization\",\"name\":\"Live-French.net\",\"url\":\"https:\/\/live-french.net\/fr\/\",\"logo\":{\"@type\":\"ImageObject\",\"inLanguage\":\"fr-FR\",\"@id\":\"https:\/\/live-french.net\/fr\/#\/schema\/logo\/image\/\",\"url\":\"https:\/\/live-french.net\/wp-content\/uploads\/2021\/12\/cropped-LiveFrenchLogo.png\",\"contentUrl\":\"https:\/\/live-french.net\/wp-content\/uploads\/2021\/12\/cropped-LiveFrenchLogo.png\",\"width\":3319,\"height\":593,\"caption\":\"Live-French.net\"},\"image\":{\"@id\":\"https:\/\/live-french.net\/fr\/#\/schema\/logo\/image\/\"}}]}<\/script>\n<!-- \/ Yoast SEO plugin. -->","yoast_head_json":{"title":"Les pronoms relatifs - Live-French.net","robots":{"index":"index","follow":"follow","max-snippet":"max-snippet:-1","max-image-preview":"max-image-preview:large","max-video-preview":"max-video-preview:-1"},"canonical":"https:\/\/live-french.net\/fr\/grammaire-francaise\/les-pronoms-relatifs\/","og_locale":"fr_FR","og_type":"article","og_title":"Les pronoms relatifs - Live-French.net","og_description":"Les pronoms relatifs en fran\u00e7ais sont importants \u00e0 ma\u00eetriser pour faire des phrases complexes. Regardons ensemble comment cela fonctionne. Vid\u00e9o sur les pronoms relatifs Explications sur les pronoms relatifs Exercices&hellip;","og_url":"https:\/\/live-french.net\/fr\/grammaire-francaise\/les-pronoms-relatifs\/","og_site_name":"Live-French.net","article_modified_time":"2023-05-15T09:34:36+00:00","twitter_misc":{"Dur\u00e9e de lecture estim\u00e9e":"1 minute"},"schema":{"@context":"https:\/\/schema.org","@graph":[{"@type":"WebPage","@id":"https:\/\/live-french.net\/fr\/grammaire-francaise\/les-pronoms-relatifs\/","url":"https:\/\/live-french.net\/fr\/grammaire-francaise\/les-pronoms-relatifs\/","name":"Les pronoms relatifs - Live-French.net","isPartOf":{"@id":"https:\/\/live-french.net\/fr\/#website"},"datePublished":"2023-03-01T10:13:59+00:00","dateModified":"2023-05-15T09:34:36+00:00","breadcrumb":{"@id":"https:\/\/live-french.net\/fr\/grammaire-francaise\/les-pronoms-relatifs\/#breadcrumb"},"inLanguage":"fr-FR","potentialAction":[{"@type":"ReadAction","target":["https:\/\/live-french.net\/fr\/grammaire-francaise\/les-pronoms-relatifs\/"]}]},{"@type":"BreadcrumbList","@id":"https:\/\/live-french.net\/fr\/grammaire-francaise\/les-pronoms-relatifs\/#breadcrumb","itemListElement":[{"@type":"ListItem","position":1,"name":"Home","item":"https:\/\/live-french.net\/fr\/"},{"@type":"ListItem","position":2,"name":"Grammaire fran\u00e7aise","item":"https:\/\/live-french.net\/fr\/grammaire-francaise\/"},{"@type":"ListItem","position":3,"name":"Les pronoms relatifs"}]},{"@type":"WebSite","@id":"https:\/\/live-french.net\/fr\/#website","url":"https:\/\/live-french.net\/fr\/","name":"Live-French.net","description":"Learn French Online","publisher":{"@id":"https:\/\/live-french.net\/fr\/#organization"},"potentialAction":[{"@type":"SearchAction","target":{"@type":"EntryPoint","urlTemplate":"https:\/\/live-french.net\/fr\/?s={search_term_string}"},"query-input":{"@type":"PropertyValueSpecification","valueRequired":true,"valueName":"search_term_string"}}],"inLanguage":"fr-FR"},{"@type":"Organization","@id":"https:\/\/live-french.net\/fr\/#organization","name":"Live-French.net","url":"https:\/\/live-french.net\/fr\/","logo":{"@type":"ImageObject","inLanguage":"fr-FR","@id":"https:\/\/live-french.net\/fr\/#\/schema\/logo\/image\/","url":"https:\/\/live-french.net\/wp-content\/uploads\/2021\/12\/cropped-LiveFrenchLogo.png","contentUrl":"https:\/\/live-french.net\/wp-content\/uploads\/2021\/12\/cropped-LiveFrenchLogo.png","width":3319,"height":593,"caption":"Live-French.net"},"image":{"@id":"https:\/\/live-french.net\/fr\/#\/schema\/logo\/image\/"}}]}},"_links":{"self":[{"href":"https:\/\/live-french.net\/fr\/wp-json\/wp\/v2\/pages\/21980","targetHints":{"allow":["GET"]}}],"collection":[{"href":"https:\/\/live-french.net\/fr\/wp-json\/wp\/v2\/pages"}],"about":[{"href":"https:\/\/live-french.net\/fr\/wp-json\/wp\/v2\/types\/page"}],"author":[{"embeddable":true,"href":"https:\/\/live-french.net\/fr\/wp-json\/wp\/v2\/users\/10"}],"replies":[{"embeddable":true,"href":"https:\/\/live-french.net\/fr\/wp-json\/wp\/v2\/comments?post=21980"}],"version-history":[{"count":5,"href":"https:\/\/live-french.net\/fr\/wp-json\/wp\/v2\/pages\/21980\/revisions"}],"predecessor-version":[{"id":22883,"href":"https:\/\/live-french.net\/fr\/wp-json\/wp\/v2\/pages\/21980\/revisions\/22883"}],"up":[{"embeddable":true,"href":"https:\/\/live-french.net\/fr\/wp-json\/wp\/v2\/pages\/20226"}],"wp:attachment":[{"href":"https:\/\/live-french.net\/fr\/wp-json\/wp\/v2\/media?parent=21980"}],"curies":[{"name":"wp","href":"https:\/\/api.w.org\/{rel}","templated":true}]}}