{"id":21978,"date":"2023-03-01T10:53:22","date_gmt":"2023-03-01T09:53:22","guid":{"rendered":"https:\/\/live-french.net\/?page_id=21978"},"modified":"2023-12-27T13:51:47","modified_gmt":"2023-12-27T12:51:47","slug":"les-pronoms-interrogatifs","status":"publish","type":"page","link":"https:\/\/live-french.net\/fr\/grammaire-francaise\/les-pronoms-interrogatifs\/","title":{"rendered":"Les pronoms interrogatifs"},"content":{"rendered":"<p>Les pronoms interrogatifs sont utilis\u00e9s pour poser des questions, et ils incluent les pronoms suivants: qui, que, quoi, o\u00f9, quand, comment, combien et pourquoi. Regardons ensemble leur utilisation.<\/p>\n<p><a href=\"#video\">Vid\u00e9o explicative sur les pronoms interrogatifs en fran\u00e7ais<\/a><br \/>\n<a href=\"#rules\">R\u00e8gles de grammaire sur les pronoms interrogatifs en fran\u00e7ais<\/a><br \/>\n<a href=\"#ex1\">Exercice 1 sur les pronoms interrogatifs<\/a><br \/>\n<a href=\"#ex2\">Exercice 2 sur les pronoms interrogatifs<\/a><br \/>\n<a href=\"#ex3\">Exercice 3 sur les pronoms interrogatifs<\/a><\/p>\n<h2 id=\"video\">Vid\u00e9o explicative sur les pronoms interrogatifs en fran\u00e7ais<\/h2>\n<p><iframe width=\"560\" height=\"315\" src=\"https:\/\/www.youtube.com\/embed\/Yp_165Kd680?si=pI-25jao5Xa3npgT\" title=\"YouTube video player\" frameborder=\"0\" allow=\"accelerometer; autoplay; clipboard-write; encrypted-media; gyroscope; picture-in-picture; web-share\" allowfullscreen><\/iframe><\/p>\n<h2 id=\"rules\">R\u00e8gles de grammaire sur les pronoms interrogatifs en fran\u00e7ais<\/h2>\n<h3>Les diff\u00e9rents pronoms interrogatifs en fran\u00e7ais<\/h2>\n<p>Voici un r\u00e9capitulatif des r\u00e8gles de grammaire pour chaque pronom interrogatif :<\/p>\n<p><strong>Qui :<\/strong> Utilis\u00e9 pour demander l&rsquo;identit\u00e9 de la personne ou des personnes.<br \/>\nPar exemple: \u00ab\u00a0Qui est cette personne ?\u00a0\u00bb<\/p>\n<p><strong>Que :<\/strong> Utilis\u00e9 pour demander des informations sur quelque chose ou quelqu&rsquo;un.<br \/>\nPar exemple: \u00ab\u00a0Que fais-tu ce soir ?\u00a0\u00bb<\/p>\n<p><strong>Quoi :<\/strong> Utilis\u00e9 pour demander des informations plus sp\u00e9cifiques sur quelque chose.<br \/>\nPar exemple: \u00ab\u00a0Quoi de neuf ?\u00a0\u00bb<\/p>\n<p><strong>O\u00f9 :<\/strong> Utilis\u00e9 pour demander l&#8217;emplacement de quelque chose ou la destination d&rsquo;une personne.<br \/>\nPar exemple: \u00ab\u00a0O\u00f9 vas-tu ?\u00a0\u00bb<\/p>\n<p><strong>Quand :<\/strong> Utilis\u00e9 pour demander le moment o\u00f9 quelque chose s&rsquo;est produit ou se produira.<br \/>\nPar exemple: \u00ab\u00a0Quand est ton anniversaire ?\u00a0\u00bb<\/p>\n<p><strong>Comment :<\/strong> Utilis\u00e9 pour demander de quelle mani\u00e8re quelque chose s&rsquo;est produit ou comment r\u00e9aliser une action.<br \/>\nPar exemple: \u00ab\u00a0Comment faire de la p\u00e2tisserie ?\u00a0\u00bb<\/p>\n<p><strong>Combien :<\/strong> Utilis\u00e9 pour demander une quantit\u00e9.<br \/>\nPar exemple: \u00ab\u00a0Combien de temps as-tu besoin pour terminer ce projet ?\u00a0\u00bb<\/p>\n<p><strong>Pourquoi :<\/strong> Utilis\u00e9 pour demander la raison pour laquelle quelque chose s&rsquo;est produit ou la raison pour laquelle quelqu&rsquo;un a pris une d\u00e9cision.<br \/>\nPar exemple: \u00ab\u00a0Pourquoi as-tu choisi ce restaurant ?\u00a0\u00bb<\/p>\n<h3>Structure des phrases qui utilisent les pronoms interrogatifs en fran\u00e7ais<\/h2>\n<p>En r\u00e8gle g\u00e9n\u00e9rale, le pronom interrogatif se place en d\u00e9but de phrase, suivi du verbe et du sujet.<br \/>\nPar exemple : Que conseillez-vous de faire?<\/p>\n<p>On peut \u00e9galement poser une question en rajoutant \u00ab\u00a0est-ce que\u00a0\u00bb, dans ce cas, nous avons le pronom interrogatif en d\u00e9but de phrase, suivi de est-ce que, suivi du sujet et du verbe.<br \/>\nPar exemple : Pourquoi est-ce qu&rsquo;il t&rsquo;a t\u00e9l\u00e9phon\u00e9?<\/p>\n<p>Dans un langage familier, on peut utiliser le pronom interrogatif, suivi du sujet et suivi du verbe. L&rsquo;intonation indiquera que l&rsquo;on a \u00e0 faire \u00e0 une question.<br \/>\nPar exemple : Comment tu t&rsquo;appelles?<br \/>\n<a href=\"#top\">Retourner en haut<\/a><\/p>\n<h2>Exercices sur les pronoms interrogatifs<\/h2>\n<p><span id=\"ex1\">Exercise 1<\/span> Posez les questions avec est-ce que<br \/>\n<iframe src=\"https:\/\/learningapps.org\/watch?v=pkpyoduo323\" style=\"border:0px;width:100%;height:500px\" allowfullscreen=\"true\" webkitallowfullscreen=\"true\" mozallowfullscreen=\"true\"><\/iframe><br \/>\n<a href=\"#top\">Retourner en haut<\/a><\/p>\n<p><span id=\"ex2\">Exercise 2<\/span> Associez les questions aux r\u00e9ponses.<br \/>\n<iframe src=\"https:\/\/learningapps.org\/watch?v=pp40m72uc23\" style=\"border:0px;width:100%;height:500px\" allowfullscreen=\"true\" webkitallowfullscreen=\"true\" mozallowfullscreen=\"true\"><\/iframe><br \/>\n<a href=\"#top\">Retourner en haut<\/a><\/p>\n<p><span id=\"ex3\">Exercise 3<\/span> Posez la question avec : o\u00f9, comment, qui, quand, pourquoi, combien ou est-ce que.<br \/>\n<iframe src=\"https:\/\/learningapps.org\/watch?v=pesqgd2ha23\" style=\"border:0px;width:100%;height:500px\" allowfullscreen=\"true\" webkitallowfullscreen=\"true\" mozallowfullscreen=\"true\"><\/iframe><br \/>\n<a href=\"#top\">Retourner en haut<\/a><\/p>\n<p>Vous souhaitez plus d&rsquo;aide avec votre fran\u00e7ais pour notamment mieux parler et communiquer en fran\u00e7ais, n&rsquo;h\u00e9sitez pas \u00e0 vous inscrire \u00e0 un <a href=\"https:\/\/live-french.net\/fr\/decouverte\/\" title=\"cours de fran\u00e7ais gratuit\">cours d&rsquo;essai gratuit<\/a> avec l&rsquo;un de nos professeurs Live-French!<\/p>\n<div id=\"media_image-2\" class=\"si-sidebar-widget si-widget si-entry widget widget_media_image amr_widget\"><h4 class=\"widget-title\">Perfectionnez votre fran\u00e7ais &#8211; cours d&rsquo;essai gratuit! Inscrivez-vous ici<\/h4><a href=\"https:\/\/member.booknstart.com\/trial-registration?lg=fr&#038;referred_by=CTA&#038;office_id=6\"><img fetchpriority=\"high\" decoding=\"async\" width=\"1024\" height=\"366\" src=\"https:\/\/live-french.net\/wp-content\/uploads\/2025\/04\/CTA-LFNfr-1024x366.jpg\" class=\"image wp-image-27798  attachment-large size-large\" alt=\"\" style=\"max-width: 100%; height: auto;\" title=\"Perfectionnez votre fran\u00e7ais - cours d&#039;essai gratuit! Inscrivez-vous ici\" srcset=\"https:\/\/live-french.net\/wp-content\/uploads\/2025\/04\/CTA-LFNfr-1024x366.jpg 1024w, https:\/\/live-french.net\/wp-content\/uploads\/2025\/04\/CTA-LFNfr-300x107.jpg 300w, https:\/\/live-french.net\/wp-content\/uploads\/2025\/04\/CTA-LFNfr-768x274.jpg 768w, https:\/\/live-french.net\/wp-content\/uploads\/2025\/04\/CTA-LFNfr-1536x549.jpg 1536w, https:\/\/live-french.net\/wp-content\/uploads\/2025\/04\/CTA-LFNfr-2048x731.jpg 2048w\" sizes=\"(max-width: 1024px) 100vw, 1024px\" \/><\/a><\/div>","protected":false},"excerpt":{"rendered":"<p>Les pronoms interrogatifs sont utilis\u00e9s pour poser des questions, et ils incluent les pronoms suivants: qui, que, quoi, o\u00f9, quand, comment, combien et pourquoi. Regardons ensemble leur utilisation. Vid\u00e9o explicative&hellip;<\/p>\n","protected":false},"author":10,"featured_media":0,"parent":20226,"menu_order":0,"comment_status":"closed","ping_status":"closed","template":"","meta":{"footnotes":""},"class_list":["post-21978","page","type-page","status-publish","hentry"],"yoast_head":"<!-- This site is optimized with the Yoast SEO plugin v27.5 - https:\/\/yoast.com\/product\/yoast-seo-wordpress\/ -->\n<title>Les pronoms interrogatifs | Live French<\/title>\n<meta name=\"robots\" content=\"index, follow, max-snippet:-1, max-image-preview:large, max-video-preview:-1\" \/>\n<link rel=\"canonical\" href=\"https:\/\/live-french.net\/fr\/grammaire-francaise\/les-pronoms-interrogatifs\/\" \/>\n<meta property=\"og:locale\" content=\"fr_FR\" \/>\n<meta property=\"og:type\" content=\"article\" \/>\n<meta property=\"og:title\" content=\"Les pronoms interrogatifs | Live French\" \/>\n<meta property=\"og:description\" content=\"Les pronoms interrogatifs sont utilis\u00e9s pour poser des questions, et ils incluent les pronoms suivants: qui, que, quoi, o\u00f9, quand, comment, combien et pourquoi. Regardons ensemble leur utilisation. Vid\u00e9o explicative&hellip;\" \/>\n<meta property=\"og:url\" content=\"https:\/\/live-french.net\/fr\/grammaire-francaise\/les-pronoms-interrogatifs\/\" \/>\n<meta property=\"og:site_name\" content=\"Live French\" \/>\n<meta property=\"article:modified_time\" content=\"2023-12-27T12:51:47+00:00\" \/>\n<meta name=\"twitter:label1\" content=\"Dur\u00e9e de lecture estim\u00e9e\" \/>\n\t<meta name=\"twitter:data1\" content=\"2 minutes\" \/>\n<script type=\"application\/ld+json\" class=\"yoast-schema-graph\">{\"@context\":\"https:\\\/\\\/schema.org\",\"@graph\":[{\"@type\":\"WebPage\",\"@id\":\"https:\\\/\\\/live-french.net\\\/fr\\\/grammaire-francaise\\\/les-pronoms-interrogatifs\\\/\",\"url\":\"https:\\\/\\\/live-french.net\\\/fr\\\/grammaire-francaise\\\/les-pronoms-interrogatifs\\\/\",\"name\":\"Les pronoms interrogatifs | Live French\",\"isPartOf\":{\"@id\":\"https:\\\/\\\/live-french.net\\\/fr\\\/#website\"},\"datePublished\":\"2023-03-01T09:53:22+00:00\",\"dateModified\":\"2023-12-27T12:51:47+00:00\",\"breadcrumb\":{\"@id\":\"https:\\\/\\\/live-french.net\\\/fr\\\/grammaire-francaise\\\/les-pronoms-interrogatifs\\\/#breadcrumb\"},\"inLanguage\":\"fr-FR\",\"potentialAction\":[{\"@type\":\"ReadAction\",\"target\":[\"https:\\\/\\\/live-french.net\\\/fr\\\/grammaire-francaise\\\/les-pronoms-interrogatifs\\\/\"]}]},{\"@type\":\"BreadcrumbList\",\"@id\":\"https:\\\/\\\/live-french.net\\\/fr\\\/grammaire-francaise\\\/les-pronoms-interrogatifs\\\/#breadcrumb\",\"itemListElement\":[{\"@type\":\"ListItem\",\"position\":1,\"name\":\"Home\",\"item\":\"https:\\\/\\\/live-french.net\\\/fr\\\/\"},{\"@type\":\"ListItem\",\"position\":2,\"name\":\"Grammaire fran\u00e7aise\",\"item\":\"https:\\\/\\\/live-french.net\\\/fr\\\/grammaire-francaise\\\/\"},{\"@type\":\"ListItem\",\"position\":3,\"name\":\"Les pronoms interrogatifs\"}]},{\"@type\":\"WebSite\",\"@id\":\"https:\\\/\\\/live-french.net\\\/fr\\\/#website\",\"url\":\"https:\\\/\\\/live-french.net\\\/fr\\\/\",\"name\":\"Live French\",\"description\":\"Learn French Online\",\"publisher\":{\"@id\":\"https:\\\/\\\/live-french.net\\\/fr\\\/#organization\"},\"potentialAction\":[{\"@type\":\"SearchAction\",\"target\":{\"@type\":\"EntryPoint\",\"urlTemplate\":\"https:\\\/\\\/live-french.net\\\/fr\\\/?s={search_term_string}\"},\"query-input\":{\"@type\":\"PropertyValueSpecification\",\"valueRequired\":true,\"valueName\":\"search_term_string\"}}],\"inLanguage\":\"fr-FR\"},{\"@type\":\"Organization\",\"@id\":\"https:\\\/\\\/live-french.net\\\/fr\\\/#organization\",\"name\":\"Live French\",\"url\":\"https:\\\/\\\/live-french.net\\\/fr\\\/\",\"logo\":{\"@type\":\"ImageObject\",\"inLanguage\":\"fr-FR\",\"@id\":\"https:\\\/\\\/live-french.net\\\/fr\\\/#\\\/schema\\\/logo\\\/image\\\/\",\"url\":\"https:\\\/\\\/live-french.net\\\/wp-content\\\/uploads\\\/2021\\\/12\\\/cropped-LiveFrenchLogo.png\",\"contentUrl\":\"https:\\\/\\\/live-french.net\\\/wp-content\\\/uploads\\\/2021\\\/12\\\/cropped-LiveFrenchLogo.png\",\"width\":3319,\"height\":593,\"caption\":\"Live French\"},\"image\":{\"@id\":\"https:\\\/\\\/live-french.net\\\/fr\\\/#\\\/schema\\\/logo\\\/image\\\/\"}}]}<\/script>\n<!-- \/ Yoast SEO plugin. -->","yoast_head_json":{"title":"Les pronoms interrogatifs | Live French","robots":{"index":"index","follow":"follow","max-snippet":"max-snippet:-1","max-image-preview":"max-image-preview:large","max-video-preview":"max-video-preview:-1"},"canonical":"https:\/\/live-french.net\/fr\/grammaire-francaise\/les-pronoms-interrogatifs\/","og_locale":"fr_FR","og_type":"article","og_title":"Les pronoms interrogatifs | Live French","og_description":"Les pronoms interrogatifs sont utilis\u00e9s pour poser des questions, et ils incluent les pronoms suivants: qui, que, quoi, o\u00f9, quand, comment, combien et pourquoi. Regardons ensemble leur utilisation. Vid\u00e9o explicative&hellip;","og_url":"https:\/\/live-french.net\/fr\/grammaire-francaise\/les-pronoms-interrogatifs\/","og_site_name":"Live French","article_modified_time":"2023-12-27T12:51:47+00:00","twitter_misc":{"Dur\u00e9e de lecture estim\u00e9e":"2 minutes"},"schema":{"@context":"https:\/\/schema.org","@graph":[{"@type":"WebPage","@id":"https:\/\/live-french.net\/fr\/grammaire-francaise\/les-pronoms-interrogatifs\/","url":"https:\/\/live-french.net\/fr\/grammaire-francaise\/les-pronoms-interrogatifs\/","name":"Les pronoms interrogatifs | Live French","isPartOf":{"@id":"https:\/\/live-french.net\/fr\/#website"},"datePublished":"2023-03-01T09:53:22+00:00","dateModified":"2023-12-27T12:51:47+00:00","breadcrumb":{"@id":"https:\/\/live-french.net\/fr\/grammaire-francaise\/les-pronoms-interrogatifs\/#breadcrumb"},"inLanguage":"fr-FR","potentialAction":[{"@type":"ReadAction","target":["https:\/\/live-french.net\/fr\/grammaire-francaise\/les-pronoms-interrogatifs\/"]}]},{"@type":"BreadcrumbList","@id":"https:\/\/live-french.net\/fr\/grammaire-francaise\/les-pronoms-interrogatifs\/#breadcrumb","itemListElement":[{"@type":"ListItem","position":1,"name":"Home","item":"https:\/\/live-french.net\/fr\/"},{"@type":"ListItem","position":2,"name":"Grammaire fran\u00e7aise","item":"https:\/\/live-french.net\/fr\/grammaire-francaise\/"},{"@type":"ListItem","position":3,"name":"Les pronoms interrogatifs"}]},{"@type":"WebSite","@id":"https:\/\/live-french.net\/fr\/#website","url":"https:\/\/live-french.net\/fr\/","name":"Live French","description":"Learn French Online","publisher":{"@id":"https:\/\/live-french.net\/fr\/#organization"},"potentialAction":[{"@type":"SearchAction","target":{"@type":"EntryPoint","urlTemplate":"https:\/\/live-french.net\/fr\/?s={search_term_string}"},"query-input":{"@type":"PropertyValueSpecification","valueRequired":true,"valueName":"search_term_string"}}],"inLanguage":"fr-FR"},{"@type":"Organization","@id":"https:\/\/live-french.net\/fr\/#organization","name":"Live French","url":"https:\/\/live-french.net\/fr\/","logo":{"@type":"ImageObject","inLanguage":"fr-FR","@id":"https:\/\/live-french.net\/fr\/#\/schema\/logo\/image\/","url":"https:\/\/live-french.net\/wp-content\/uploads\/2021\/12\/cropped-LiveFrenchLogo.png","contentUrl":"https:\/\/live-french.net\/wp-content\/uploads\/2021\/12\/cropped-LiveFrenchLogo.png","width":3319,"height":593,"caption":"Live French"},"image":{"@id":"https:\/\/live-french.net\/fr\/#\/schema\/logo\/image\/"}}]}},"_links":{"self":[{"href":"https:\/\/live-french.net\/fr\/wp-json\/wp\/v2\/pages\/21978","targetHints":{"allow":["GET"]}}],"collection":[{"href":"https:\/\/live-french.net\/fr\/wp-json\/wp\/v2\/pages"}],"about":[{"href":"https:\/\/live-french.net\/fr\/wp-json\/wp\/v2\/types\/page"}],"author":[{"embeddable":true,"href":"https:\/\/live-french.net\/fr\/wp-json\/wp\/v2\/users\/10"}],"replies":[{"embeddable":true,"href":"https:\/\/live-french.net\/fr\/wp-json\/wp\/v2\/comments?post=21978"}],"version-history":[{"count":6,"href":"https:\/\/live-french.net\/fr\/wp-json\/wp\/v2\/pages\/21978\/revisions"}],"predecessor-version":[{"id":25037,"href":"https:\/\/live-french.net\/fr\/wp-json\/wp\/v2\/pages\/21978\/revisions\/25037"}],"up":[{"embeddable":true,"href":"https:\/\/live-french.net\/fr\/wp-json\/wp\/v2\/pages\/20226"}],"wp:attachment":[{"href":"https:\/\/live-french.net\/fr\/wp-json\/wp\/v2\/media?parent=21978"}],"curies":[{"name":"wp","href":"https:\/\/api.w.org\/{rel}","templated":true}]}}