{"id":21745,"date":"2023-01-18T10:23:56","date_gmt":"2023-01-18T09:23:56","guid":{"rendered":"https:\/\/live-french.net\/?page_id=21745"},"modified":"2023-01-22T10:17:50","modified_gmt":"2023-01-22T09:17:50","slug":"les-adjectifs","status":"publish","type":"page","link":"https:\/\/live-french.net\/fr\/grammaire-francaise\/les-adjectifs\/","title":{"rendered":"Les adjectifs"},"content":{"rendered":"<p>Nous allons aborder aujourd&rsquo;hui le th\u00e8me des adjectifs en fran\u00e7ais. <\/p>\n<p><a href=\"#video\">Video et explications sur les adjectifs<\/a><br \/>\n<a href=\"#ex1\">Exercice 1 sur les adjectifs<\/a><br \/>\n<a href=\"#ex2\">Exercice 2 sur les adjectifs<\/a><br \/>\n<a href=\"#ex3\">Exercice 3 sur les adjectifs<\/a><\/p>\n<h2>Vid\u00e9o et explications sur les adjectifs en fran\u00e7ais<\/h2>\n<p><iframe src=\"https:\/\/youtube.com\/embed\/Oks7kynPjmw\" width=\"560\" height=\"315\" frameborder=\"0\" allowfullscreen=\"allowfullscreen\"><\/iframe><br \/>\nLes adjectifs servent \u00e0 caract\u00e9riser une personne ou une chose, ils sont variables en nombre et en genre. Nous avons deux types de d&rsquo;adjectifs en fran\u00e7ais, les adjectifs \u00e9pith\u00e8tes qui se situent avant ou apr\u00e8s le nom, et nous avons les adjectifs attributs du sujet.<\/p>\n<h3>Les adjectifs \u00e9pith\u00e8tes<\/h3>\n<p>Exemple:<br \/>\nLes grandes d\u00e9cisions n&rsquo;ont pas encore \u00e9t\u00e9 prises.<br \/>\n\u00ab\u00a0grande\u00a0\u00bb vient \u00e0 c\u00f4t\u00e9 du mot d\u00e9cision pour le caract\u00e9riser.<\/p>\n<p>L&rsquo;adjectif se met parfois avant le nom, et parfois apr\u00e8s le nom. Souvent, c&rsquo;est l&rsquo;usage qui fait que l&rsquo;on va d\u00e9cider du d&rsquo;avant ou d&rsquo;apr\u00e8s, mais parfois il y a une diff\u00e9rence de sens.<br \/>\nExemple:<br \/>\nUn homme grand -> c&rsquo;est quelqu&rsquo;un qui est grand, c&rsquo;est-\u00e0-dire qui fait plus d&rsquo;1,80 m.<br \/>\nUn grand homme -> c&rsquo;est quelqu&rsquo;un qui a du charisme, un homme qui a marqu\u00e9.<br \/>\nCharles De Gaulle \u00e9tait un grand homme!<\/p>\n<h3>Les adjectifs attributs du sujet<\/h3>\n<p>Les adjectifs attributs du sujet ce sont des adjectifs qui vont caract\u00e9riser le sujet de la phrase, souvent avec des verbes comme \u00eatre ou para\u00eetre ou devenir.<br \/>\nExemples:<br \/>\nCe vase est beau.<br \/>\nIl para\u00eet sinc\u00e8re.<br \/>\nIl devenait turbulent.<br \/>\nElle est audacieuse.<br \/>\nL&rsquo;adjectif attribut du sujet est variable et s&rsquo;accorde avec le sujet en genre et en nombre.<\/p>\n<p><a href=\"#top\">Retourner en haut<\/a><\/p>\n<h2>Exercices sur les adjectifs<\/h2>\n<p><span id=\"ex1\">Exercise 1<\/span> Accorder les adjectifs en genre et en nombre<br \/>\n<iframe src=\"https:\/\/learningapps.org\/watch?v=psr5igfk322\" style=\"border:0px;width:100%;height:500px\" allowfullscreen=\"true\" webkitallowfullscreen=\"true\" mozallowfullscreen=\"true\"><\/iframe><br \/>\n<a href=\"#top\">Retourner en haut<\/a><\/p>\n<p><span id=\"ex2\">Exercise 2<\/span> Choisissez le sens des expressions suivantes<br \/>\n<iframe src=\"https:\/\/learningapps.org\/watch?v=pk6iksdvn22\" style=\"border:0px;width:100%;height:500px\" allowfullscreen=\"true\" webkitallowfullscreen=\"true\" mozallowfullscreen=\"true\"><\/iframe><br \/>\n<a href=\"#top\">Retourner en haut<\/a><\/p>\n<p><span id=\"ex3\">Exercise 3<\/span> Mettre la phrase au pluriel<br \/>\n<iframe src=\"https:\/\/learningapps.org\/watch?v=pokn99b3c22\" style=\"border:0px;width:100%;height:500px\" allowfullscreen=\"true\" webkitallowfullscreen=\"true\" mozallowfullscreen=\"true\"><\/iframe><br \/>\n<a href=\"#top\">Retourner en haut<\/a><\/p>\n<p>Vous souhaitez plus d&rsquo;aide avec votre fran\u00e7ais pour notamment mieux parler et communiquer en fran\u00e7ais, n&rsquo;h\u00e9sitez pas \u00e0 vous inscrire \u00e0 un <a href=\"https:\/\/live-french.net\/fr\/decouverte\/\" title=\"cours de fran\u00e7ais gratuit\">cours d&rsquo;essai gratuit<\/a> avec l&rsquo;un de nos professeurs Live-French!<\/p>\n<div id=\"media_image-2\" class=\"si-sidebar-widget si-widget si-entry widget widget_media_image amr_widget\"><h4 class=\"widget-title\">Perfectionnez votre fran\u00e7ais &#8211; cours d&rsquo;essai gratuit! Inscrivez-vous ici<\/h4><a href=\"https:\/\/member.booknstart.com\/trial-registration?lg=fr&#038;referred_by=CTA&#038;office_id=6\"><img fetchpriority=\"high\" decoding=\"async\" width=\"1024\" height=\"366\" src=\"https:\/\/live-french.net\/wp-content\/uploads\/2025\/04\/CTA-LFNfr-1024x366.jpg\" class=\"image wp-image-27798  attachment-large size-large\" alt=\"\" style=\"max-width: 100%; height: auto;\" title=\"Perfectionnez votre fran\u00e7ais - cours d&#039;essai gratuit! Inscrivez-vous ici\" srcset=\"https:\/\/live-french.net\/wp-content\/uploads\/2025\/04\/CTA-LFNfr-1024x366.jpg 1024w, https:\/\/live-french.net\/wp-content\/uploads\/2025\/04\/CTA-LFNfr-300x107.jpg 300w, https:\/\/live-french.net\/wp-content\/uploads\/2025\/04\/CTA-LFNfr-768x274.jpg 768w, https:\/\/live-french.net\/wp-content\/uploads\/2025\/04\/CTA-LFNfr-1536x549.jpg 1536w, https:\/\/live-french.net\/wp-content\/uploads\/2025\/04\/CTA-LFNfr-2048x731.jpg 2048w\" sizes=\"(max-width: 1024px) 100vw, 1024px\" \/><\/a><\/div>","protected":false},"excerpt":{"rendered":"<p>Nous allons aborder aujourd&rsquo;hui le th\u00e8me des adjectifs en fran\u00e7ais. Video et explications sur les adjectifs Exercice 1 sur les adjectifs Exercice 2 sur les adjectifs Exercice 3 sur les&hellip;<\/p>\n","protected":false},"author":10,"featured_media":0,"parent":20226,"menu_order":0,"comment_status":"closed","ping_status":"closed","template":"","meta":{"om_disable_all_campaigns":false,"_monsterinsights_skip_tracking":false,"_monsterinsights_sitenote_active":false,"_monsterinsights_sitenote_note":"","_monsterinsights_sitenote_category":0,"footnotes":""},"class_list":["post-21745","page","type-page","status-publish","hentry"],"aioseo_notices":[],"yoast_head":"<!-- This site is optimized with the Yoast SEO plugin v26.9 - https:\/\/yoast.com\/product\/yoast-seo-wordpress\/ -->\n<title>Les adjectifs - Live-French.net<\/title>\n<meta name=\"robots\" content=\"index, follow, max-snippet:-1, max-image-preview:large, max-video-preview:-1\" \/>\n<link rel=\"canonical\" href=\"https:\/\/live-french.net\/fr\/grammaire-francaise\/les-adjectifs\/\" \/>\n<meta property=\"og:locale\" content=\"fr_FR\" \/>\n<meta property=\"og:type\" content=\"article\" \/>\n<meta property=\"og:title\" content=\"Les adjectifs - Live-French.net\" \/>\n<meta property=\"og:description\" content=\"Nous allons aborder aujourd&rsquo;hui le th\u00e8me des adjectifs en fran\u00e7ais. Video et explications sur les adjectifs Exercice 1 sur les adjectifs Exercice 2 sur les adjectifs Exercice 3 sur les&hellip;\" \/>\n<meta property=\"og:url\" content=\"https:\/\/live-french.net\/fr\/grammaire-francaise\/les-adjectifs\/\" \/>\n<meta property=\"og:site_name\" content=\"Live-French.net\" \/>\n<meta property=\"article:modified_time\" content=\"2023-01-22T09:17:50+00:00\" \/>\n<meta name=\"twitter:label1\" content=\"Dur\u00e9e de lecture estim\u00e9e\" \/>\n\t<meta name=\"twitter:data1\" content=\"2 minutes\" \/>\n<script type=\"application\/ld+json\" class=\"yoast-schema-graph\">{\"@context\":\"https:\/\/schema.org\",\"@graph\":[{\"@type\":\"WebPage\",\"@id\":\"https:\/\/live-french.net\/fr\/grammaire-francaise\/les-adjectifs\/\",\"url\":\"https:\/\/live-french.net\/fr\/grammaire-francaise\/les-adjectifs\/\",\"name\":\"Les adjectifs - Live-French.net\",\"isPartOf\":{\"@id\":\"https:\/\/live-french.net\/fr\/#website\"},\"datePublished\":\"2023-01-18T09:23:56+00:00\",\"dateModified\":\"2023-01-22T09:17:50+00:00\",\"breadcrumb\":{\"@id\":\"https:\/\/live-french.net\/fr\/grammaire-francaise\/les-adjectifs\/#breadcrumb\"},\"inLanguage\":\"fr-FR\",\"potentialAction\":[{\"@type\":\"ReadAction\",\"target\":[\"https:\/\/live-french.net\/fr\/grammaire-francaise\/les-adjectifs\/\"]}]},{\"@type\":\"BreadcrumbList\",\"@id\":\"https:\/\/live-french.net\/fr\/grammaire-francaise\/les-adjectifs\/#breadcrumb\",\"itemListElement\":[{\"@type\":\"ListItem\",\"position\":1,\"name\":\"Home\",\"item\":\"https:\/\/live-french.net\/fr\/\"},{\"@type\":\"ListItem\",\"position\":2,\"name\":\"Grammaire fran\u00e7aise\",\"item\":\"https:\/\/live-french.net\/fr\/grammaire-francaise\/\"},{\"@type\":\"ListItem\",\"position\":3,\"name\":\"Les adjectifs\"}]},{\"@type\":\"WebSite\",\"@id\":\"https:\/\/live-french.net\/fr\/#website\",\"url\":\"https:\/\/live-french.net\/fr\/\",\"name\":\"Live-French.net\",\"description\":\"Learn French Online\",\"publisher\":{\"@id\":\"https:\/\/live-french.net\/fr\/#organization\"},\"potentialAction\":[{\"@type\":\"SearchAction\",\"target\":{\"@type\":\"EntryPoint\",\"urlTemplate\":\"https:\/\/live-french.net\/fr\/?s={search_term_string}\"},\"query-input\":{\"@type\":\"PropertyValueSpecification\",\"valueRequired\":true,\"valueName\":\"search_term_string\"}}],\"inLanguage\":\"fr-FR\"},{\"@type\":\"Organization\",\"@id\":\"https:\/\/live-french.net\/fr\/#organization\",\"name\":\"Live-French.net\",\"url\":\"https:\/\/live-french.net\/fr\/\",\"logo\":{\"@type\":\"ImageObject\",\"inLanguage\":\"fr-FR\",\"@id\":\"https:\/\/live-french.net\/fr\/#\/schema\/logo\/image\/\",\"url\":\"https:\/\/live-french.net\/wp-content\/uploads\/2021\/12\/cropped-LiveFrenchLogo.png\",\"contentUrl\":\"https:\/\/live-french.net\/wp-content\/uploads\/2021\/12\/cropped-LiveFrenchLogo.png\",\"width\":3319,\"height\":593,\"caption\":\"Live-French.net\"},\"image\":{\"@id\":\"https:\/\/live-french.net\/fr\/#\/schema\/logo\/image\/\"}}]}<\/script>\n<!-- \/ Yoast SEO plugin. -->","yoast_head_json":{"title":"Les adjectifs - Live-French.net","robots":{"index":"index","follow":"follow","max-snippet":"max-snippet:-1","max-image-preview":"max-image-preview:large","max-video-preview":"max-video-preview:-1"},"canonical":"https:\/\/live-french.net\/fr\/grammaire-francaise\/les-adjectifs\/","og_locale":"fr_FR","og_type":"article","og_title":"Les adjectifs - Live-French.net","og_description":"Nous allons aborder aujourd&rsquo;hui le th\u00e8me des adjectifs en fran\u00e7ais. Video et explications sur les adjectifs Exercice 1 sur les adjectifs Exercice 2 sur les adjectifs Exercice 3 sur les&hellip;","og_url":"https:\/\/live-french.net\/fr\/grammaire-francaise\/les-adjectifs\/","og_site_name":"Live-French.net","article_modified_time":"2023-01-22T09:17:50+00:00","twitter_misc":{"Dur\u00e9e de lecture estim\u00e9e":"2 minutes"},"schema":{"@context":"https:\/\/schema.org","@graph":[{"@type":"WebPage","@id":"https:\/\/live-french.net\/fr\/grammaire-francaise\/les-adjectifs\/","url":"https:\/\/live-french.net\/fr\/grammaire-francaise\/les-adjectifs\/","name":"Les adjectifs - Live-French.net","isPartOf":{"@id":"https:\/\/live-french.net\/fr\/#website"},"datePublished":"2023-01-18T09:23:56+00:00","dateModified":"2023-01-22T09:17:50+00:00","breadcrumb":{"@id":"https:\/\/live-french.net\/fr\/grammaire-francaise\/les-adjectifs\/#breadcrumb"},"inLanguage":"fr-FR","potentialAction":[{"@type":"ReadAction","target":["https:\/\/live-french.net\/fr\/grammaire-francaise\/les-adjectifs\/"]}]},{"@type":"BreadcrumbList","@id":"https:\/\/live-french.net\/fr\/grammaire-francaise\/les-adjectifs\/#breadcrumb","itemListElement":[{"@type":"ListItem","position":1,"name":"Home","item":"https:\/\/live-french.net\/fr\/"},{"@type":"ListItem","position":2,"name":"Grammaire fran\u00e7aise","item":"https:\/\/live-french.net\/fr\/grammaire-francaise\/"},{"@type":"ListItem","position":3,"name":"Les adjectifs"}]},{"@type":"WebSite","@id":"https:\/\/live-french.net\/fr\/#website","url":"https:\/\/live-french.net\/fr\/","name":"Live-French.net","description":"Learn French Online","publisher":{"@id":"https:\/\/live-french.net\/fr\/#organization"},"potentialAction":[{"@type":"SearchAction","target":{"@type":"EntryPoint","urlTemplate":"https:\/\/live-french.net\/fr\/?s={search_term_string}"},"query-input":{"@type":"PropertyValueSpecification","valueRequired":true,"valueName":"search_term_string"}}],"inLanguage":"fr-FR"},{"@type":"Organization","@id":"https:\/\/live-french.net\/fr\/#organization","name":"Live-French.net","url":"https:\/\/live-french.net\/fr\/","logo":{"@type":"ImageObject","inLanguage":"fr-FR","@id":"https:\/\/live-french.net\/fr\/#\/schema\/logo\/image\/","url":"https:\/\/live-french.net\/wp-content\/uploads\/2021\/12\/cropped-LiveFrenchLogo.png","contentUrl":"https:\/\/live-french.net\/wp-content\/uploads\/2021\/12\/cropped-LiveFrenchLogo.png","width":3319,"height":593,"caption":"Live-French.net"},"image":{"@id":"https:\/\/live-french.net\/fr\/#\/schema\/logo\/image\/"}}]}},"_links":{"self":[{"href":"https:\/\/live-french.net\/fr\/wp-json\/wp\/v2\/pages\/21745","targetHints":{"allow":["GET"]}}],"collection":[{"href":"https:\/\/live-french.net\/fr\/wp-json\/wp\/v2\/pages"}],"about":[{"href":"https:\/\/live-french.net\/fr\/wp-json\/wp\/v2\/types\/page"}],"author":[{"embeddable":true,"href":"https:\/\/live-french.net\/fr\/wp-json\/wp\/v2\/users\/10"}],"replies":[{"embeddable":true,"href":"https:\/\/live-french.net\/fr\/wp-json\/wp\/v2\/comments?post=21745"}],"version-history":[{"count":8,"href":"https:\/\/live-french.net\/fr\/wp-json\/wp\/v2\/pages\/21745\/revisions"}],"predecessor-version":[{"id":21753,"href":"https:\/\/live-french.net\/fr\/wp-json\/wp\/v2\/pages\/21745\/revisions\/21753"}],"up":[{"embeddable":true,"href":"https:\/\/live-french.net\/fr\/wp-json\/wp\/v2\/pages\/20226"}],"wp:attachment":[{"href":"https:\/\/live-french.net\/fr\/wp-json\/wp\/v2\/media?parent=21745"}],"curies":[{"name":"wp","href":"https:\/\/api.w.org\/{rel}","templated":true}]}}