{"id":21167,"date":"2022-07-21T11:56:48","date_gmt":"2022-07-21T09:56:48","guid":{"rendered":"https:\/\/live-french.net\/?page_id=21167"},"modified":"2023-12-27T10:45:54","modified_gmt":"2023-12-27T09:45:54","slug":"limperatif","status":"publish","type":"page","link":"https:\/\/live-french.net\/fr\/grammaire-francaise\/limperatif\/","title":{"rendered":"L&rsquo;imp\u00e9ratif"},"content":{"rendered":"<p><span id=\"top\">L&rsquo;imp\u00e9ratif est un mode qui n&rsquo;est pas seulement utilis\u00e9 pour donner un ordre. D\u00e9couvrez tout ce que vous devez savoir pour bien utiliser l&rsquo;imp\u00e9ratif en fran\u00e7ais!<\/span><\/p>\n<p><a href=\"#video\">Video sur l&rsquo;imp\u00e9ratif en fran\u00e7ais<\/a><br \/>\n<a href=\"#co\">Quelques explications sur l&rsquo;imp\u00e9ratif en fran\u00e7ais<\/a><br \/>\n<a href=\"#ex1\">Exercice 1 sur l&rsquo;imp\u00e9ratif<\/a><br \/>\n<a href=\"#ex2\">Exercice 2 sur l&rsquo;imp\u00e9ratif<\/a><br \/>\n<a href=\"#ex3\">Exercice 3 sur l&rsquo;imp\u00e9ratif<\/a><br \/>\n<span id=\"video\"><\/span><\/p>\n<h2>Vid\u00e9o sur l&rsquo;imp\u00e9ratif en fran\u00e7ais<\/h2>\n<p><iframe src=\"https:\/\/youtube.com\/embed\/5-uuy8l8o_g\" width=\"560\" height=\"315\" frameborder=\"0\" allowfullscreen=\"allowfullscreen\"><\/iframe><br \/>\n<a href=\"#top\">Retourner en haut<\/a><\/p>\n<p>&nbsp;<\/p>\n<h2>Quelques explications sur l&rsquo;imp\u00e9ratif en fran\u00e7ais<\/h2>\n<p><strong>Quand utiliser l&rsquo;imp\u00e9ratif<\/strong><br \/>\nL&rsquo;imp\u00e9ratif est utilis\u00e9 dans de nombreuses situations:<br \/>\n&#8211; pour donner un ordre. Example: Sors de ma maison!<br \/>\n&#8211; pour une interdiction. Example: Ne joue pas avec le feu!<br \/>\n&#8211; pour une demande. Example: Aidez-moi s&rsquo;il vous pla\u00eet!<br \/>\n-pour demander un conseil. Example: Arr\u00eatez de fumer!<br \/>\n&#8211; pour donner une consigne. Example: Suis le chemin et tu arriveras \u00e0 destination!<\/p>\n<p><strong>Formation de l&rsquo;imp\u00e9ratif<\/strong><br \/>\nL&rsquo;imp\u00e9ratif n&rsquo;a que trois personnes: la deuxi\u00e8me personne du singulier (tu) et du pluriel (vous) et la premi\u00e8re personne du pluriel (nous).<\/p>\n<p>Pour conjuguer un verbe \u00e0 l&rsquo;imp\u00e9ratif, on conjugue le verbe au pr\u00e9sent et on enl\u00e8ve le pronom personnel sujet.<br \/>\nPar exemples:<br \/>\nAu pr\u00e9sent on dit tu bois donc \u00e0 l&rsquo;imp\u00e9ratif \u00e7a sera \u00ab\u00a0Bois!\u00a0\u00bb<br \/>\nAu pr\u00e9sent nous disons nous mangeons \u00e0 l&rsquo;imp\u00e9ratif ce sera \u00ab\u00a0Mangeons!\u00a0\u00bb<br \/>\nAu pr\u00e9sent nous disons vous allez \u00e0 l&rsquo;imp\u00e9rative ce sera \u00e0 \u00ab\u00a0Allez!\u00a0\u00bb<\/p>\n<p>Lorsqu&rsquo;on a un un verbe pronominal, le pronom se place apr\u00e8s le verbe.<br \/>\nPar exemple, le verbe se promener:<br \/>\nau pr\u00e9sent nous disons nous nous promenons, \u00e0 l&rsquo;imp\u00e9ratif \u00e7a sera \u00ab\u00a0Promenons-nous!\u00a0\u00bb<\/p>\n<p>A la forme n\u00e9gative nous mettons \u00ab\u00a0ne\u00a0\u00bb avant le verbe et \u00ab\u00a0pas\u00a0\u00bb apr\u00e8s le verbe.<br \/>\nPar exemple: \u00ab\u00a0Ne joue pas dans le jardin!\u00a0\u00bb<\/p>\n<p><a href=\"#top\">Retourner en haut<\/a><\/p>\n<h2>Exercices sur l&rsquo;imp\u00e9ratif<\/h2>\n<p><span id=\"ex1\">Exercise 1<\/span> Les phrases suivantes sont-elles \u00e0 l\u2019imp\u00e9ratif? TRUE\/FALSE<br \/>\n<iframe style=\"border: 0px; width: 100%; height: 500px;\" src=\"https:\/\/learningapps.org\/watch?v=ppz2j7n4n22\" allowfullscreen=\"allowfullscreen\"><\/iframe><br \/>\n<a href=\"#top\">Retourner en haut<\/a><br \/>\n<span id=\"ex2\">Exercise 2<\/span> Mettez les verbes entre parenth\u00e8se \u00e0 l\u2019imp\u00e9ratif \u00e0 la bonne personne<br \/>\n<iframe style=\"border: 0px; width: 100%; height: 500px;\" src=\"https:\/\/learningapps.org\/watch?v=pypwpueqk22\" allowfullscreen=\"allowfullscreen\"><\/iframe><br \/>\n<a href=\"#top\">Retourner en haut<\/a><br \/>\n<span id=\"ex3\">Exercise 3<\/span> Transformez les phrases suivantes \u00e0 l\u2019imp\u00e9ratif pr\u00e9sent<br \/>\n<iframe style=\"border: 0px; width: 100%; height: 500px;\" src=\"https:\/\/learningapps.org\/watch?v=p3pvc7ofn22\" allowfullscreen=\"allowfullscreen\"><\/iframe><br \/>\n<a href=\"#top\">Retourner en haut<\/a><\/p>\n<p>Vous souhaitez plus d&rsquo;aide avec votre fran\u00e7ais pour notamment mieux parler et communiquer en fran\u00e7ais, n&rsquo;h\u00e9sitez pas \u00e0 vous inscrire \u00e0 un <a title=\"cours de fran\u00e7ais gratuit\" href=\"https:\/\/live-french.net\/fr\/decouverte\/\">cours d&rsquo;essai gratuit<\/a> avec l&rsquo;un de nos professeurs Live-French!<\/p>\n<div id=\"media_image-2\" class=\"si-sidebar-widget si-widget si-entry widget widget_media_image amr_widget\"><h4 class=\"widget-title\">Perfectionnez votre fran\u00e7ais &#8211; cours d&rsquo;essai gratuit! Inscrivez-vous ici<\/h4><a href=\"https:\/\/member.booknstart.com\/trial-registration?lg=fr&#038;referred_by=CTA&#038;office_id=6\"><img fetchpriority=\"high\" decoding=\"async\" width=\"1024\" height=\"366\" src=\"https:\/\/live-french.net\/wp-content\/uploads\/2025\/04\/CTA-LFNfr-1024x366.jpg\" class=\"image wp-image-27798  attachment-large size-large\" alt=\"\" style=\"max-width: 100%; height: auto;\" title=\"Perfectionnez votre fran\u00e7ais - cours d&#039;essai gratuit! Inscrivez-vous ici\" srcset=\"https:\/\/live-french.net\/wp-content\/uploads\/2025\/04\/CTA-LFNfr-1024x366.jpg 1024w, https:\/\/live-french.net\/wp-content\/uploads\/2025\/04\/CTA-LFNfr-300x107.jpg 300w, https:\/\/live-french.net\/wp-content\/uploads\/2025\/04\/CTA-LFNfr-768x274.jpg 768w, https:\/\/live-french.net\/wp-content\/uploads\/2025\/04\/CTA-LFNfr-1536x549.jpg 1536w, https:\/\/live-french.net\/wp-content\/uploads\/2025\/04\/CTA-LFNfr-2048x731.jpg 2048w\" sizes=\"(max-width: 1024px) 100vw, 1024px\" \/><\/a><\/div>","protected":false},"excerpt":{"rendered":"<p>L&rsquo;imp\u00e9ratif est un mode qui n&rsquo;est pas seulement utilis\u00e9 pour donner un ordre. D\u00e9couvrez tout ce que vous devez savoir pour bien utiliser l&rsquo;imp\u00e9ratif en fran\u00e7ais! Video sur l&rsquo;imp\u00e9ratif en&hellip;<\/p>\n","protected":false},"author":10,"featured_media":0,"parent":20226,"menu_order":0,"comment_status":"closed","ping_status":"closed","template":"","meta":{"om_disable_all_campaigns":false,"_monsterinsights_skip_tracking":false,"_monsterinsights_sitenote_active":false,"_monsterinsights_sitenote_note":"","_monsterinsights_sitenote_category":0,"footnotes":""},"class_list":["post-21167","page","type-page","status-publish","hentry"],"aioseo_notices":[],"yoast_head":"<!-- This site is optimized with the Yoast SEO plugin v26.9 - https:\/\/yoast.com\/product\/yoast-seo-wordpress\/ -->\n<title>L&#039;imp\u00e9ratif - Live-French.net<\/title>\n<meta name=\"description\" content=\"L&#039;imp\u00e9ratif est un mode qui n&#039;est pas seulement utilis\u00e9 pour donner un ordre. D\u00e9couvrez tout ce que vous devez savoir pour bien l&#039;utiliser!\" \/>\n<meta name=\"robots\" content=\"index, follow, max-snippet:-1, max-image-preview:large, max-video-preview:-1\" \/>\n<link rel=\"canonical\" href=\"https:\/\/live-french.net\/fr\/grammaire-francaise\/limperatif\/\" \/>\n<meta property=\"og:locale\" content=\"fr_FR\" \/>\n<meta property=\"og:type\" content=\"article\" \/>\n<meta property=\"og:title\" content=\"L&#039;imp\u00e9ratif - Live-French.net\" \/>\n<meta property=\"og:description\" content=\"L&#039;imp\u00e9ratif est un mode qui n&#039;est pas seulement utilis\u00e9 pour donner un ordre. D\u00e9couvrez tout ce que vous devez savoir pour bien l&#039;utiliser!\" \/>\n<meta property=\"og:url\" content=\"https:\/\/live-french.net\/fr\/grammaire-francaise\/limperatif\/\" \/>\n<meta property=\"og:site_name\" content=\"Live-French.net\" \/>\n<meta property=\"article:modified_time\" content=\"2023-12-27T09:45:54+00:00\" \/>\n<meta name=\"twitter:label1\" content=\"Dur\u00e9e de lecture estim\u00e9e\" \/>\n\t<meta name=\"twitter:data1\" content=\"2 minutes\" \/>\n<script type=\"application\/ld+json\" class=\"yoast-schema-graph\">{\"@context\":\"https:\/\/schema.org\",\"@graph\":[{\"@type\":\"WebPage\",\"@id\":\"https:\/\/live-french.net\/fr\/grammaire-francaise\/limperatif\/\",\"url\":\"https:\/\/live-french.net\/fr\/grammaire-francaise\/limperatif\/\",\"name\":\"L'imp\u00e9ratif - Live-French.net\",\"isPartOf\":{\"@id\":\"https:\/\/live-french.net\/fr\/#website\"},\"datePublished\":\"2022-07-21T09:56:48+00:00\",\"dateModified\":\"2023-12-27T09:45:54+00:00\",\"description\":\"L'imp\u00e9ratif est un mode qui n'est pas seulement utilis\u00e9 pour donner un ordre. D\u00e9couvrez tout ce que vous devez savoir pour bien l'utiliser!\",\"breadcrumb\":{\"@id\":\"https:\/\/live-french.net\/fr\/grammaire-francaise\/limperatif\/#breadcrumb\"},\"inLanguage\":\"fr-FR\",\"potentialAction\":[{\"@type\":\"ReadAction\",\"target\":[\"https:\/\/live-french.net\/fr\/grammaire-francaise\/limperatif\/\"]}]},{\"@type\":\"BreadcrumbList\",\"@id\":\"https:\/\/live-french.net\/fr\/grammaire-francaise\/limperatif\/#breadcrumb\",\"itemListElement\":[{\"@type\":\"ListItem\",\"position\":1,\"name\":\"Home\",\"item\":\"https:\/\/live-french.net\/fr\/\"},{\"@type\":\"ListItem\",\"position\":2,\"name\":\"Grammaire fran\u00e7aise\",\"item\":\"https:\/\/live-french.net\/fr\/grammaire-francaise\/\"},{\"@type\":\"ListItem\",\"position\":3,\"name\":\"L&#8217;imp\u00e9ratif\"}]},{\"@type\":\"WebSite\",\"@id\":\"https:\/\/live-french.net\/fr\/#website\",\"url\":\"https:\/\/live-french.net\/fr\/\",\"name\":\"Live-French.net\",\"description\":\"Learn French Online\",\"publisher\":{\"@id\":\"https:\/\/live-french.net\/fr\/#organization\"},\"potentialAction\":[{\"@type\":\"SearchAction\",\"target\":{\"@type\":\"EntryPoint\",\"urlTemplate\":\"https:\/\/live-french.net\/fr\/?s={search_term_string}\"},\"query-input\":{\"@type\":\"PropertyValueSpecification\",\"valueRequired\":true,\"valueName\":\"search_term_string\"}}],\"inLanguage\":\"fr-FR\"},{\"@type\":\"Organization\",\"@id\":\"https:\/\/live-french.net\/fr\/#organization\",\"name\":\"Live-French.net\",\"url\":\"https:\/\/live-french.net\/fr\/\",\"logo\":{\"@type\":\"ImageObject\",\"inLanguage\":\"fr-FR\",\"@id\":\"https:\/\/live-french.net\/fr\/#\/schema\/logo\/image\/\",\"url\":\"https:\/\/live-french.net\/wp-content\/uploads\/2021\/12\/cropped-LiveFrenchLogo.png\",\"contentUrl\":\"https:\/\/live-french.net\/wp-content\/uploads\/2021\/12\/cropped-LiveFrenchLogo.png\",\"width\":3319,\"height\":593,\"caption\":\"Live-French.net\"},\"image\":{\"@id\":\"https:\/\/live-french.net\/fr\/#\/schema\/logo\/image\/\"}}]}<\/script>\n<!-- \/ Yoast SEO plugin. -->","yoast_head_json":{"title":"L'imp\u00e9ratif - Live-French.net","description":"L'imp\u00e9ratif est un mode qui n'est pas seulement utilis\u00e9 pour donner un ordre. D\u00e9couvrez tout ce que vous devez savoir pour bien l'utiliser!","robots":{"index":"index","follow":"follow","max-snippet":"max-snippet:-1","max-image-preview":"max-image-preview:large","max-video-preview":"max-video-preview:-1"},"canonical":"https:\/\/live-french.net\/fr\/grammaire-francaise\/limperatif\/","og_locale":"fr_FR","og_type":"article","og_title":"L'imp\u00e9ratif - Live-French.net","og_description":"L'imp\u00e9ratif est un mode qui n'est pas seulement utilis\u00e9 pour donner un ordre. D\u00e9couvrez tout ce que vous devez savoir pour bien l'utiliser!","og_url":"https:\/\/live-french.net\/fr\/grammaire-francaise\/limperatif\/","og_site_name":"Live-French.net","article_modified_time":"2023-12-27T09:45:54+00:00","twitter_misc":{"Dur\u00e9e de lecture estim\u00e9e":"2 minutes"},"schema":{"@context":"https:\/\/schema.org","@graph":[{"@type":"WebPage","@id":"https:\/\/live-french.net\/fr\/grammaire-francaise\/limperatif\/","url":"https:\/\/live-french.net\/fr\/grammaire-francaise\/limperatif\/","name":"L'imp\u00e9ratif - Live-French.net","isPartOf":{"@id":"https:\/\/live-french.net\/fr\/#website"},"datePublished":"2022-07-21T09:56:48+00:00","dateModified":"2023-12-27T09:45:54+00:00","description":"L'imp\u00e9ratif est un mode qui n'est pas seulement utilis\u00e9 pour donner un ordre. D\u00e9couvrez tout ce que vous devez savoir pour bien l'utiliser!","breadcrumb":{"@id":"https:\/\/live-french.net\/fr\/grammaire-francaise\/limperatif\/#breadcrumb"},"inLanguage":"fr-FR","potentialAction":[{"@type":"ReadAction","target":["https:\/\/live-french.net\/fr\/grammaire-francaise\/limperatif\/"]}]},{"@type":"BreadcrumbList","@id":"https:\/\/live-french.net\/fr\/grammaire-francaise\/limperatif\/#breadcrumb","itemListElement":[{"@type":"ListItem","position":1,"name":"Home","item":"https:\/\/live-french.net\/fr\/"},{"@type":"ListItem","position":2,"name":"Grammaire fran\u00e7aise","item":"https:\/\/live-french.net\/fr\/grammaire-francaise\/"},{"@type":"ListItem","position":3,"name":"L&#8217;imp\u00e9ratif"}]},{"@type":"WebSite","@id":"https:\/\/live-french.net\/fr\/#website","url":"https:\/\/live-french.net\/fr\/","name":"Live-French.net","description":"Learn French Online","publisher":{"@id":"https:\/\/live-french.net\/fr\/#organization"},"potentialAction":[{"@type":"SearchAction","target":{"@type":"EntryPoint","urlTemplate":"https:\/\/live-french.net\/fr\/?s={search_term_string}"},"query-input":{"@type":"PropertyValueSpecification","valueRequired":true,"valueName":"search_term_string"}}],"inLanguage":"fr-FR"},{"@type":"Organization","@id":"https:\/\/live-french.net\/fr\/#organization","name":"Live-French.net","url":"https:\/\/live-french.net\/fr\/","logo":{"@type":"ImageObject","inLanguage":"fr-FR","@id":"https:\/\/live-french.net\/fr\/#\/schema\/logo\/image\/","url":"https:\/\/live-french.net\/wp-content\/uploads\/2021\/12\/cropped-LiveFrenchLogo.png","contentUrl":"https:\/\/live-french.net\/wp-content\/uploads\/2021\/12\/cropped-LiveFrenchLogo.png","width":3319,"height":593,"caption":"Live-French.net"},"image":{"@id":"https:\/\/live-french.net\/fr\/#\/schema\/logo\/image\/"}}]}},"_links":{"self":[{"href":"https:\/\/live-french.net\/fr\/wp-json\/wp\/v2\/pages\/21167","targetHints":{"allow":["GET"]}}],"collection":[{"href":"https:\/\/live-french.net\/fr\/wp-json\/wp\/v2\/pages"}],"about":[{"href":"https:\/\/live-french.net\/fr\/wp-json\/wp\/v2\/types\/page"}],"author":[{"embeddable":true,"href":"https:\/\/live-french.net\/fr\/wp-json\/wp\/v2\/users\/10"}],"replies":[{"embeddable":true,"href":"https:\/\/live-french.net\/fr\/wp-json\/wp\/v2\/comments?post=21167"}],"version-history":[{"count":13,"href":"https:\/\/live-french.net\/fr\/wp-json\/wp\/v2\/pages\/21167\/revisions"}],"predecessor-version":[{"id":25036,"href":"https:\/\/live-french.net\/fr\/wp-json\/wp\/v2\/pages\/21167\/revisions\/25036"}],"up":[{"embeddable":true,"href":"https:\/\/live-french.net\/fr\/wp-json\/wp\/v2\/pages\/20226"}],"wp:attachment":[{"href":"https:\/\/live-french.net\/fr\/wp-json\/wp\/v2\/media?parent=21167"}],"curies":[{"name":"wp","href":"https:\/\/api.w.org\/{rel}","templated":true}]}}