{"id":21163,"date":"2022-07-21T11:54:37","date_gmt":"2022-07-21T09:54:37","guid":{"rendered":"https:\/\/live-french.net\/?page_id=21163"},"modified":"2022-07-24T17:28:21","modified_gmt":"2022-07-24T15:28:21","slug":"les-prepositions-de-lieu","status":"publish","type":"page","link":"https:\/\/live-french.net\/fr\/grammaire-francaise\/les-prepositions-de-lieu\/","title":{"rendered":"Les pr\u00e9positions de lieu"},"content":{"rendered":"<h2>Vid\u00e9o sur les pr\u00e9positions de lieu en fran\u00e7ais<\/h2>\n<p><iframe src=\"https:\/\/youtube.com\/embed\/4g4wPMv2-cI\" width=\"560\" height=\"315\" frameborder=\"0\" allowfullscreen=\"allowfullscreen\"><\/iframe><\/p>\n<h2>Quelques pr\u00e9positions de lieu \u00e0 conna\u00eetre<\/h2>\n<p><strong>La pr\u00e9position \u00c0<\/strong> \u2192 s&rsquo;utilise avec les noms de lieux lorsque le compl\u00e9ment est un nom inanim\u00e9 d\u00e9signant un local, un endroit. Au f\u00e9minin, la pr\u00e9position est suivie de  &lsquo; la &lsquo;.<br \/>\nDevant les noms masculins et f\u00e9minins commen\u00e7ant par une voyelle ou un &lsquo;h&rsquo; muet, la pr\u00e9position \u00c0  est suivie de &lsquo; l\u2019 &lsquo;<\/p>\n<p><strong>La pr\u00e9position AU<\/strong> \u2192 s&rsquo;utilise avec les noms de lieux lorsque le compl\u00e9ment est un nom inanim\u00e9 au masculin singulier d\u00e9signant un local, un endroit et ne commen\u00e7ant pas par un &lsquo;h&rsquo; muet.<\/p>\n<p><strong>La pr\u00e9position AUX<\/strong> \u2192 s&rsquo;utilise avec les noms de lieux lorsque le compl\u00e9ment est un nom inanim\u00e9 au masculin ou f\u00e9minin pluriel d\u00e9signant un local, un endroit et ne commen\u00e7ant pas par un &lsquo;h&rsquo; muet.<\/p>\n<p><strong>La pr\u00e9position CHEZ<\/strong> \u2192 s&rsquo;utilise avec les noms de lieux habit\u00e9s, lorsque le compl\u00e9ment est une personne, des personnes ou une soci\u00e9t\u00e9.<\/p>\n<h2>Exercice sur les pr\u00e9positions de lieu<\/h2>\n<p><a title=\"Ajouter sur ou dans\" href=\"https:\/\/live-french.net\/fr\/grammaire-francaise\/les-prepositions-de-lieu\/exercice-1\/\">Exercice 1: Ajouter sur ou dans<\/a><br \/>\n<a title=\"Compl\u00e9ter avec la bonne pr\u00e9position\" href=\"https:\/\/live-french.net\/fr\/grammaire-francaise\/les-prepositions-de-lieu\/exercice-2\/\">Exercice 2: Compl\u00e9ter avec la bonne pr\u00e9position<\/a><br \/>\n<a title=\"Vrai ou faux ?\" href=\"https:\/\/live-french.net\/fr\/grammaire-francaise\/les-prepositions-de-lieu\/exercice-3\/\">Exercice 3: Vrai ou faux ?<\/a><\/p>\n<div id=\"media_image-2\" class=\"si-sidebar-widget si-widget si-entry widget widget_media_image amr_widget\"><h4 class=\"widget-title\">Perfectionnez votre fran\u00e7ais &#8211; cours d&rsquo;essai gratuit! Inscrivez-vous ici<\/h4><a href=\"https:\/\/member.booknstart.com\/trial-registration?lg=fr&#038;referred_by=CTA&#038;office_id=6\"><img fetchpriority=\"high\" decoding=\"async\" width=\"1024\" height=\"366\" src=\"https:\/\/live-french.net\/wp-content\/uploads\/2025\/04\/CTA-LFNfr-1024x366.jpg\" class=\"image wp-image-27798  attachment-large size-large\" alt=\"\" style=\"max-width: 100%; height: auto;\" title=\"Perfectionnez votre fran\u00e7ais - cours d&#039;essai gratuit! Inscrivez-vous ici\" srcset=\"https:\/\/live-french.net\/wp-content\/uploads\/2025\/04\/CTA-LFNfr-1024x366.jpg 1024w, https:\/\/live-french.net\/wp-content\/uploads\/2025\/04\/CTA-LFNfr-300x107.jpg 300w, https:\/\/live-french.net\/wp-content\/uploads\/2025\/04\/CTA-LFNfr-768x274.jpg 768w, https:\/\/live-french.net\/wp-content\/uploads\/2025\/04\/CTA-LFNfr-1536x549.jpg 1536w, https:\/\/live-french.net\/wp-content\/uploads\/2025\/04\/CTA-LFNfr-2048x731.jpg 2048w\" sizes=\"(max-width: 1024px) 100vw, 1024px\" \/><\/a><\/div>","protected":false},"excerpt":{"rendered":"<p>Vid\u00e9o sur les pr\u00e9positions de lieu en fran\u00e7ais Quelques pr\u00e9positions de lieu \u00e0 conna\u00eetre La pr\u00e9position \u00c0 \u2192 s&rsquo;utilise avec les noms de lieux lorsque le compl\u00e9ment est un nom&hellip;<\/p>\n","protected":false},"author":10,"featured_media":0,"parent":20226,"menu_order":0,"comment_status":"closed","ping_status":"closed","template":"","meta":{"om_disable_all_campaigns":false,"_monsterinsights_skip_tracking":false,"_monsterinsights_sitenote_active":false,"_monsterinsights_sitenote_note":"","_monsterinsights_sitenote_category":0,"footnotes":""},"class_list":["post-21163","page","type-page","status-publish","hentry"],"aioseo_notices":[],"yoast_head":"<!-- This site is optimized with the Yoast SEO plugin v26.9 - https:\/\/yoast.com\/product\/yoast-seo-wordpress\/ -->\n<title>Les pr\u00e9positions de lieu en fran\u00e7ais - Live-French.net<\/title>\n<meta name=\"description\" content=\"Voici les pr\u00e9positions de lieu \u00e0 conna\u00eetre pour bien parler fran\u00e7ais. Explications, Vid\u00e9o et Exercices pour vous entra\u00eener gratuitement!\" \/>\n<meta name=\"robots\" content=\"index, follow, max-snippet:-1, max-image-preview:large, max-video-preview:-1\" \/>\n<link rel=\"canonical\" href=\"https:\/\/live-french.net\/fr\/grammaire-francaise\/les-prepositions-de-lieu\/\" \/>\n<meta property=\"og:locale\" content=\"fr_FR\" \/>\n<meta property=\"og:type\" content=\"article\" \/>\n<meta property=\"og:title\" content=\"Les pr\u00e9positions de lieu en fran\u00e7ais - Live-French.net\" \/>\n<meta property=\"og:description\" content=\"Voici les pr\u00e9positions de lieu \u00e0 conna\u00eetre pour bien parler fran\u00e7ais. Explications, Vid\u00e9o et Exercices pour vous entra\u00eener gratuitement!\" \/>\n<meta property=\"og:url\" content=\"https:\/\/live-french.net\/fr\/grammaire-francaise\/les-prepositions-de-lieu\/\" \/>\n<meta property=\"og:site_name\" content=\"Live-French.net\" \/>\n<meta property=\"article:modified_time\" content=\"2022-07-24T15:28:21+00:00\" \/>\n<meta name=\"twitter:label1\" content=\"Dur\u00e9e de lecture estim\u00e9e\" \/>\n\t<meta name=\"twitter:data1\" content=\"1 minute\" \/>\n<script type=\"application\/ld+json\" class=\"yoast-schema-graph\">{\"@context\":\"https:\/\/schema.org\",\"@graph\":[{\"@type\":\"WebPage\",\"@id\":\"https:\/\/live-french.net\/fr\/grammaire-francaise\/les-prepositions-de-lieu\/\",\"url\":\"https:\/\/live-french.net\/fr\/grammaire-francaise\/les-prepositions-de-lieu\/\",\"name\":\"Les pr\u00e9positions de lieu en fran\u00e7ais - Live-French.net\",\"isPartOf\":{\"@id\":\"https:\/\/live-french.net\/fr\/#website\"},\"datePublished\":\"2022-07-21T09:54:37+00:00\",\"dateModified\":\"2022-07-24T15:28:21+00:00\",\"description\":\"Voici les pr\u00e9positions de lieu \u00e0 conna\u00eetre pour bien parler fran\u00e7ais. Explications, Vid\u00e9o et Exercices pour vous entra\u00eener gratuitement!\",\"breadcrumb\":{\"@id\":\"https:\/\/live-french.net\/fr\/grammaire-francaise\/les-prepositions-de-lieu\/#breadcrumb\"},\"inLanguage\":\"fr-FR\",\"potentialAction\":[{\"@type\":\"ReadAction\",\"target\":[\"https:\/\/live-french.net\/fr\/grammaire-francaise\/les-prepositions-de-lieu\/\"]}]},{\"@type\":\"BreadcrumbList\",\"@id\":\"https:\/\/live-french.net\/fr\/grammaire-francaise\/les-prepositions-de-lieu\/#breadcrumb\",\"itemListElement\":[{\"@type\":\"ListItem\",\"position\":1,\"name\":\"Home\",\"item\":\"https:\/\/live-french.net\/fr\/\"},{\"@type\":\"ListItem\",\"position\":2,\"name\":\"Grammaire fran\u00e7aise\",\"item\":\"https:\/\/live-french.net\/fr\/grammaire-francaise\/\"},{\"@type\":\"ListItem\",\"position\":3,\"name\":\"Les pr\u00e9positions de lieu\"}]},{\"@type\":\"WebSite\",\"@id\":\"https:\/\/live-french.net\/fr\/#website\",\"url\":\"https:\/\/live-french.net\/fr\/\",\"name\":\"Live-French.net\",\"description\":\"Learn French Online\",\"publisher\":{\"@id\":\"https:\/\/live-french.net\/fr\/#organization\"},\"potentialAction\":[{\"@type\":\"SearchAction\",\"target\":{\"@type\":\"EntryPoint\",\"urlTemplate\":\"https:\/\/live-french.net\/fr\/?s={search_term_string}\"},\"query-input\":{\"@type\":\"PropertyValueSpecification\",\"valueRequired\":true,\"valueName\":\"search_term_string\"}}],\"inLanguage\":\"fr-FR\"},{\"@type\":\"Organization\",\"@id\":\"https:\/\/live-french.net\/fr\/#organization\",\"name\":\"Live-French.net\",\"url\":\"https:\/\/live-french.net\/fr\/\",\"logo\":{\"@type\":\"ImageObject\",\"inLanguage\":\"fr-FR\",\"@id\":\"https:\/\/live-french.net\/fr\/#\/schema\/logo\/image\/\",\"url\":\"https:\/\/live-french.net\/wp-content\/uploads\/2021\/12\/cropped-LiveFrenchLogo.png\",\"contentUrl\":\"https:\/\/live-french.net\/wp-content\/uploads\/2021\/12\/cropped-LiveFrenchLogo.png\",\"width\":3319,\"height\":593,\"caption\":\"Live-French.net\"},\"image\":{\"@id\":\"https:\/\/live-french.net\/fr\/#\/schema\/logo\/image\/\"}}]}<\/script>\n<!-- \/ Yoast SEO plugin. -->","yoast_head_json":{"title":"Les pr\u00e9positions de lieu en fran\u00e7ais - Live-French.net","description":"Voici les pr\u00e9positions de lieu \u00e0 conna\u00eetre pour bien parler fran\u00e7ais. Explications, Vid\u00e9o et Exercices pour vous entra\u00eener gratuitement!","robots":{"index":"index","follow":"follow","max-snippet":"max-snippet:-1","max-image-preview":"max-image-preview:large","max-video-preview":"max-video-preview:-1"},"canonical":"https:\/\/live-french.net\/fr\/grammaire-francaise\/les-prepositions-de-lieu\/","og_locale":"fr_FR","og_type":"article","og_title":"Les pr\u00e9positions de lieu en fran\u00e7ais - Live-French.net","og_description":"Voici les pr\u00e9positions de lieu \u00e0 conna\u00eetre pour bien parler fran\u00e7ais. Explications, Vid\u00e9o et Exercices pour vous entra\u00eener gratuitement!","og_url":"https:\/\/live-french.net\/fr\/grammaire-francaise\/les-prepositions-de-lieu\/","og_site_name":"Live-French.net","article_modified_time":"2022-07-24T15:28:21+00:00","twitter_misc":{"Dur\u00e9e de lecture estim\u00e9e":"1 minute"},"schema":{"@context":"https:\/\/schema.org","@graph":[{"@type":"WebPage","@id":"https:\/\/live-french.net\/fr\/grammaire-francaise\/les-prepositions-de-lieu\/","url":"https:\/\/live-french.net\/fr\/grammaire-francaise\/les-prepositions-de-lieu\/","name":"Les pr\u00e9positions de lieu en fran\u00e7ais - Live-French.net","isPartOf":{"@id":"https:\/\/live-french.net\/fr\/#website"},"datePublished":"2022-07-21T09:54:37+00:00","dateModified":"2022-07-24T15:28:21+00:00","description":"Voici les pr\u00e9positions de lieu \u00e0 conna\u00eetre pour bien parler fran\u00e7ais. Explications, Vid\u00e9o et Exercices pour vous entra\u00eener gratuitement!","breadcrumb":{"@id":"https:\/\/live-french.net\/fr\/grammaire-francaise\/les-prepositions-de-lieu\/#breadcrumb"},"inLanguage":"fr-FR","potentialAction":[{"@type":"ReadAction","target":["https:\/\/live-french.net\/fr\/grammaire-francaise\/les-prepositions-de-lieu\/"]}]},{"@type":"BreadcrumbList","@id":"https:\/\/live-french.net\/fr\/grammaire-francaise\/les-prepositions-de-lieu\/#breadcrumb","itemListElement":[{"@type":"ListItem","position":1,"name":"Home","item":"https:\/\/live-french.net\/fr\/"},{"@type":"ListItem","position":2,"name":"Grammaire fran\u00e7aise","item":"https:\/\/live-french.net\/fr\/grammaire-francaise\/"},{"@type":"ListItem","position":3,"name":"Les pr\u00e9positions de lieu"}]},{"@type":"WebSite","@id":"https:\/\/live-french.net\/fr\/#website","url":"https:\/\/live-french.net\/fr\/","name":"Live-French.net","description":"Learn French Online","publisher":{"@id":"https:\/\/live-french.net\/fr\/#organization"},"potentialAction":[{"@type":"SearchAction","target":{"@type":"EntryPoint","urlTemplate":"https:\/\/live-french.net\/fr\/?s={search_term_string}"},"query-input":{"@type":"PropertyValueSpecification","valueRequired":true,"valueName":"search_term_string"}}],"inLanguage":"fr-FR"},{"@type":"Organization","@id":"https:\/\/live-french.net\/fr\/#organization","name":"Live-French.net","url":"https:\/\/live-french.net\/fr\/","logo":{"@type":"ImageObject","inLanguage":"fr-FR","@id":"https:\/\/live-french.net\/fr\/#\/schema\/logo\/image\/","url":"https:\/\/live-french.net\/wp-content\/uploads\/2021\/12\/cropped-LiveFrenchLogo.png","contentUrl":"https:\/\/live-french.net\/wp-content\/uploads\/2021\/12\/cropped-LiveFrenchLogo.png","width":3319,"height":593,"caption":"Live-French.net"},"image":{"@id":"https:\/\/live-french.net\/fr\/#\/schema\/logo\/image\/"}}]}},"_links":{"self":[{"href":"https:\/\/live-french.net\/fr\/wp-json\/wp\/v2\/pages\/21163","targetHints":{"allow":["GET"]}}],"collection":[{"href":"https:\/\/live-french.net\/fr\/wp-json\/wp\/v2\/pages"}],"about":[{"href":"https:\/\/live-french.net\/fr\/wp-json\/wp\/v2\/types\/page"}],"author":[{"embeddable":true,"href":"https:\/\/live-french.net\/fr\/wp-json\/wp\/v2\/users\/10"}],"replies":[{"embeddable":true,"href":"https:\/\/live-french.net\/fr\/wp-json\/wp\/v2\/comments?post=21163"}],"version-history":[{"count":9,"href":"https:\/\/live-french.net\/fr\/wp-json\/wp\/v2\/pages\/21163\/revisions"}],"predecessor-version":[{"id":21205,"href":"https:\/\/live-french.net\/fr\/wp-json\/wp\/v2\/pages\/21163\/revisions\/21205"}],"up":[{"embeddable":true,"href":"https:\/\/live-french.net\/fr\/wp-json\/wp\/v2\/pages\/20226"}],"wp:attachment":[{"href":"https:\/\/live-french.net\/fr\/wp-json\/wp\/v2\/media?parent=21163"}],"curies":[{"name":"wp","href":"https:\/\/api.w.org\/{rel}","templated":true}]}}