{"id":21161,"date":"2022-07-21T11:46:42","date_gmt":"2022-07-21T09:46:42","guid":{"rendered":"https:\/\/live-french.net\/?page_id=21161"},"modified":"2022-08-14T17:21:45","modified_gmt":"2022-08-14T15:21:45","slug":"les-prepositions-de-temps","status":"publish","type":"page","link":"https:\/\/live-french.net\/fr\/grammaire-francaise\/les-prepositions-de-temps\/","title":{"rendered":"Les pr\u00e9positions de temps"},"content":{"rendered":"<h2>Vid\u00e9o sur les pr\u00e9positions de temps en fran\u00e7ais<\/h2>\n<p><iframe src=\"https:\/\/youtube.com\/embed\/W7kaqYQaVa8\" width=\"560\" height=\"315\" frameborder=\"0\" allowfullscreen=\"allowfullscreen\"><\/iframe><\/p>\n<h2>5 pr\u00e9positions de temps \u00e0 conna\u00eetre<\/h2>\n<p><strong>EN<\/strong> \u2192 dur\u00e9e d&rsquo;une action, saison de l&rsquo;ann\u00e9e sauf pour le printemps (on dit au printemps) ou date.<\/p>\n<p><strong>DANS<\/strong> \u2192 le d\u00e9but d&rsquo;une action.<\/p>\n<p><strong>DEPUIS<\/strong> \u2192 moment du d\u00e9but d&rsquo;une action prolong\u00e9e et qui dure encore au moment o\u00f9 on parle.<\/p>\n<p><strong>PENDANT<\/strong> \u2192 dur\u00e9e compl\u00e8te d&rsquo;une action termin\u00e9e au moment o\u00f9 on parle.<\/p>\n<p><strong>POUR<\/strong> \u2192 dur\u00e9e d&rsquo;une action incompl\u00e8te au moment o\u00f9 on parle.<\/p>\n<h2>Exercices sur les pr\u00e9positions de temps<\/h2>\n<p><a href=\"https:\/\/live-french.net\/fr\/grammaire-francaise\/les-prepositions-de-temps\/exercice-1\/\" title=\"Associer \u00e0 sa definition\" >Exercice 1 : Associer \u00e0 sa definition<\/a><br \/>\n<a href=\"https:\/\/live-french.net\/fr\/grammaire-francaise\/les-prepositions-de-temps\/exercice-2\/\" title=\"Ajouter en, dans, depuis, pendant ou pour\" >Exercice 2 : Ajouter en, dans, depuis, pendant ou pour<\/a><br \/>\n<a href=\"https:\/\/live-french.net\/fr\/grammaire-francaise\/les-prepositions-de-temps\/exercice-3\/\" title=\"Compl\u00e9ter avec la bonne pr\u00e9position (en, dans, depuis, pendant ou pour)\" >Exercice 3: Compl\u00e9ter avec la bonne pr\u00e9position (en, dans, depuis, pendant ou pour)<\/a><\/p>\n<div id=\"media_image-2\" class=\"si-sidebar-widget si-widget si-entry widget widget_media_image amr_widget\"><h4 class=\"widget-title\">Perfectionnez votre fran\u00e7ais &#8211; cours d&rsquo;essai gratuit! Inscrivez-vous ici<\/h4><a href=\"https:\/\/member.booknstart.com\/trial-registration?lg=fr&#038;referred_by=CTA&#038;office_id=6\"><img fetchpriority=\"high\" decoding=\"async\" width=\"1024\" height=\"366\" src=\"https:\/\/live-french.net\/wp-content\/uploads\/2025\/04\/CTA-LFNfr-1024x366.jpg\" class=\"image wp-image-27798  attachment-large size-large\" alt=\"\" style=\"max-width: 100%; height: auto;\" title=\"Perfectionnez votre fran\u00e7ais - cours d&#039;essai gratuit! Inscrivez-vous ici\" srcset=\"https:\/\/live-french.net\/wp-content\/uploads\/2025\/04\/CTA-LFNfr-1024x366.jpg 1024w, https:\/\/live-french.net\/wp-content\/uploads\/2025\/04\/CTA-LFNfr-300x107.jpg 300w, https:\/\/live-french.net\/wp-content\/uploads\/2025\/04\/CTA-LFNfr-768x274.jpg 768w, https:\/\/live-french.net\/wp-content\/uploads\/2025\/04\/CTA-LFNfr-1536x549.jpg 1536w, https:\/\/live-french.net\/wp-content\/uploads\/2025\/04\/CTA-LFNfr-2048x731.jpg 2048w\" sizes=\"(max-width: 1024px) 100vw, 1024px\" \/><\/a><\/div>","protected":false},"excerpt":{"rendered":"<p>Vid\u00e9o sur les pr\u00e9positions de temps en fran\u00e7ais 5 pr\u00e9positions de temps \u00e0 conna\u00eetre EN \u2192 dur\u00e9e d&rsquo;une action, saison de l&rsquo;ann\u00e9e sauf pour le printemps (on dit au printemps)&hellip;<\/p>\n","protected":false},"author":10,"featured_media":0,"parent":20226,"menu_order":0,"comment_status":"closed","ping_status":"closed","template":"","meta":{"om_disable_all_campaigns":false,"_monsterinsights_skip_tracking":false,"_monsterinsights_sitenote_active":false,"_monsterinsights_sitenote_note":"","_monsterinsights_sitenote_category":0,"footnotes":""},"class_list":["post-21161","page","type-page","status-publish","hentry"],"aioseo_notices":[],"yoast_head":"<!-- This site is optimized with the Yoast SEO plugin v26.9 - https:\/\/yoast.com\/product\/yoast-seo-wordpress\/ -->\n<title>Les pr\u00e9positions de temps - Live-French.net<\/title>\n<meta name=\"robots\" content=\"index, follow, max-snippet:-1, max-image-preview:large, max-video-preview:-1\" \/>\n<link rel=\"canonical\" href=\"https:\/\/live-french.net\/fr\/grammaire-francaise\/les-prepositions-de-temps\/\" \/>\n<meta property=\"og:locale\" content=\"fr_FR\" \/>\n<meta property=\"og:type\" content=\"article\" \/>\n<meta property=\"og:title\" content=\"Les pr\u00e9positions de temps - Live-French.net\" \/>\n<meta property=\"og:description\" content=\"Vid\u00e9o sur les pr\u00e9positions de temps en fran\u00e7ais 5 pr\u00e9positions de temps \u00e0 conna\u00eetre EN \u2192 dur\u00e9e d&rsquo;une action, saison de l&rsquo;ann\u00e9e sauf pour le printemps (on dit au printemps)&hellip;\" \/>\n<meta property=\"og:url\" content=\"https:\/\/live-french.net\/fr\/grammaire-francaise\/les-prepositions-de-temps\/\" \/>\n<meta property=\"og:site_name\" content=\"Live-French.net\" \/>\n<meta property=\"article:modified_time\" content=\"2022-08-14T15:21:45+00:00\" \/>\n<meta name=\"twitter:label1\" content=\"Dur\u00e9e de lecture estim\u00e9e\" \/>\n\t<meta name=\"twitter:data1\" content=\"1 minute\" \/>\n<script type=\"application\/ld+json\" class=\"yoast-schema-graph\">{\"@context\":\"https:\/\/schema.org\",\"@graph\":[{\"@type\":\"WebPage\",\"@id\":\"https:\/\/live-french.net\/fr\/grammaire-francaise\/les-prepositions-de-temps\/\",\"url\":\"https:\/\/live-french.net\/fr\/grammaire-francaise\/les-prepositions-de-temps\/\",\"name\":\"Les pr\u00e9positions de temps - Live-French.net\",\"isPartOf\":{\"@id\":\"https:\/\/live-french.net\/fr\/#website\"},\"datePublished\":\"2022-07-21T09:46:42+00:00\",\"dateModified\":\"2022-08-14T15:21:45+00:00\",\"breadcrumb\":{\"@id\":\"https:\/\/live-french.net\/fr\/grammaire-francaise\/les-prepositions-de-temps\/#breadcrumb\"},\"inLanguage\":\"fr-FR\",\"potentialAction\":[{\"@type\":\"ReadAction\",\"target\":[\"https:\/\/live-french.net\/fr\/grammaire-francaise\/les-prepositions-de-temps\/\"]}]},{\"@type\":\"BreadcrumbList\",\"@id\":\"https:\/\/live-french.net\/fr\/grammaire-francaise\/les-prepositions-de-temps\/#breadcrumb\",\"itemListElement\":[{\"@type\":\"ListItem\",\"position\":1,\"name\":\"Home\",\"item\":\"https:\/\/live-french.net\/fr\/\"},{\"@type\":\"ListItem\",\"position\":2,\"name\":\"Grammaire fran\u00e7aise\",\"item\":\"https:\/\/live-french.net\/fr\/grammaire-francaise\/\"},{\"@type\":\"ListItem\",\"position\":3,\"name\":\"Les pr\u00e9positions de temps\"}]},{\"@type\":\"WebSite\",\"@id\":\"https:\/\/live-french.net\/fr\/#website\",\"url\":\"https:\/\/live-french.net\/fr\/\",\"name\":\"Live-French.net\",\"description\":\"Learn French Online\",\"publisher\":{\"@id\":\"https:\/\/live-french.net\/fr\/#organization\"},\"potentialAction\":[{\"@type\":\"SearchAction\",\"target\":{\"@type\":\"EntryPoint\",\"urlTemplate\":\"https:\/\/live-french.net\/fr\/?s={search_term_string}\"},\"query-input\":{\"@type\":\"PropertyValueSpecification\",\"valueRequired\":true,\"valueName\":\"search_term_string\"}}],\"inLanguage\":\"fr-FR\"},{\"@type\":\"Organization\",\"@id\":\"https:\/\/live-french.net\/fr\/#organization\",\"name\":\"Live-French.net\",\"url\":\"https:\/\/live-french.net\/fr\/\",\"logo\":{\"@type\":\"ImageObject\",\"inLanguage\":\"fr-FR\",\"@id\":\"https:\/\/live-french.net\/fr\/#\/schema\/logo\/image\/\",\"url\":\"https:\/\/live-french.net\/wp-content\/uploads\/2021\/12\/cropped-LiveFrenchLogo.png\",\"contentUrl\":\"https:\/\/live-french.net\/wp-content\/uploads\/2021\/12\/cropped-LiveFrenchLogo.png\",\"width\":3319,\"height\":593,\"caption\":\"Live-French.net\"},\"image\":{\"@id\":\"https:\/\/live-french.net\/fr\/#\/schema\/logo\/image\/\"}}]}<\/script>\n<!-- \/ Yoast SEO plugin. -->","yoast_head_json":{"title":"Les pr\u00e9positions de temps - Live-French.net","robots":{"index":"index","follow":"follow","max-snippet":"max-snippet:-1","max-image-preview":"max-image-preview:large","max-video-preview":"max-video-preview:-1"},"canonical":"https:\/\/live-french.net\/fr\/grammaire-francaise\/les-prepositions-de-temps\/","og_locale":"fr_FR","og_type":"article","og_title":"Les pr\u00e9positions de temps - Live-French.net","og_description":"Vid\u00e9o sur les pr\u00e9positions de temps en fran\u00e7ais 5 pr\u00e9positions de temps \u00e0 conna\u00eetre EN \u2192 dur\u00e9e d&rsquo;une action, saison de l&rsquo;ann\u00e9e sauf pour le printemps (on dit au printemps)&hellip;","og_url":"https:\/\/live-french.net\/fr\/grammaire-francaise\/les-prepositions-de-temps\/","og_site_name":"Live-French.net","article_modified_time":"2022-08-14T15:21:45+00:00","twitter_misc":{"Dur\u00e9e de lecture estim\u00e9e":"1 minute"},"schema":{"@context":"https:\/\/schema.org","@graph":[{"@type":"WebPage","@id":"https:\/\/live-french.net\/fr\/grammaire-francaise\/les-prepositions-de-temps\/","url":"https:\/\/live-french.net\/fr\/grammaire-francaise\/les-prepositions-de-temps\/","name":"Les pr\u00e9positions de temps - Live-French.net","isPartOf":{"@id":"https:\/\/live-french.net\/fr\/#website"},"datePublished":"2022-07-21T09:46:42+00:00","dateModified":"2022-08-14T15:21:45+00:00","breadcrumb":{"@id":"https:\/\/live-french.net\/fr\/grammaire-francaise\/les-prepositions-de-temps\/#breadcrumb"},"inLanguage":"fr-FR","potentialAction":[{"@type":"ReadAction","target":["https:\/\/live-french.net\/fr\/grammaire-francaise\/les-prepositions-de-temps\/"]}]},{"@type":"BreadcrumbList","@id":"https:\/\/live-french.net\/fr\/grammaire-francaise\/les-prepositions-de-temps\/#breadcrumb","itemListElement":[{"@type":"ListItem","position":1,"name":"Home","item":"https:\/\/live-french.net\/fr\/"},{"@type":"ListItem","position":2,"name":"Grammaire fran\u00e7aise","item":"https:\/\/live-french.net\/fr\/grammaire-francaise\/"},{"@type":"ListItem","position":3,"name":"Les pr\u00e9positions de temps"}]},{"@type":"WebSite","@id":"https:\/\/live-french.net\/fr\/#website","url":"https:\/\/live-french.net\/fr\/","name":"Live-French.net","description":"Learn French Online","publisher":{"@id":"https:\/\/live-french.net\/fr\/#organization"},"potentialAction":[{"@type":"SearchAction","target":{"@type":"EntryPoint","urlTemplate":"https:\/\/live-french.net\/fr\/?s={search_term_string}"},"query-input":{"@type":"PropertyValueSpecification","valueRequired":true,"valueName":"search_term_string"}}],"inLanguage":"fr-FR"},{"@type":"Organization","@id":"https:\/\/live-french.net\/fr\/#organization","name":"Live-French.net","url":"https:\/\/live-french.net\/fr\/","logo":{"@type":"ImageObject","inLanguage":"fr-FR","@id":"https:\/\/live-french.net\/fr\/#\/schema\/logo\/image\/","url":"https:\/\/live-french.net\/wp-content\/uploads\/2021\/12\/cropped-LiveFrenchLogo.png","contentUrl":"https:\/\/live-french.net\/wp-content\/uploads\/2021\/12\/cropped-LiveFrenchLogo.png","width":3319,"height":593,"caption":"Live-French.net"},"image":{"@id":"https:\/\/live-french.net\/fr\/#\/schema\/logo\/image\/"}}]}},"_links":{"self":[{"href":"https:\/\/live-french.net\/fr\/wp-json\/wp\/v2\/pages\/21161","targetHints":{"allow":["GET"]}}],"collection":[{"href":"https:\/\/live-french.net\/fr\/wp-json\/wp\/v2\/pages"}],"about":[{"href":"https:\/\/live-french.net\/fr\/wp-json\/wp\/v2\/types\/page"}],"author":[{"embeddable":true,"href":"https:\/\/live-french.net\/fr\/wp-json\/wp\/v2\/users\/10"}],"replies":[{"embeddable":true,"href":"https:\/\/live-french.net\/fr\/wp-json\/wp\/v2\/comments?post=21161"}],"version-history":[{"count":10,"href":"https:\/\/live-french.net\/fr\/wp-json\/wp\/v2\/pages\/21161\/revisions"}],"predecessor-version":[{"id":21290,"href":"https:\/\/live-french.net\/fr\/wp-json\/wp\/v2\/pages\/21161\/revisions\/21290"}],"up":[{"embeddable":true,"href":"https:\/\/live-french.net\/fr\/wp-json\/wp\/v2\/pages\/20226"}],"wp:attachment":[{"href":"https:\/\/live-french.net\/fr\/wp-json\/wp\/v2\/media?parent=21161"}],"curies":[{"name":"wp","href":"https:\/\/api.w.org\/{rel}","templated":true}]}}