{"id":21132,"date":"2022-07-19T20:44:27","date_gmt":"2022-07-19T18:44:27","guid":{"rendered":"https:\/\/live-french.net\/?page_id=21132"},"modified":"2022-07-24T17:35:00","modified_gmt":"2022-07-24T15:35:00","slug":"la-forme-passive","status":"publish","type":"page","link":"https:\/\/live-french.net\/fr\/grammaire-francaise\/la-forme-passive\/","title":{"rendered":"La forme passive"},"content":{"rendered":"<h2>Vid\u00e9o sur la forme passive en fran\u00e7ais<\/h2>\n<p><iframe src=\"https:\/\/youtube.com\/embed\/kYf39ubJzV0\" width=\"560\" height=\"315\" frameborder=\"0\" allowfullscreen=\"allowfullscreen\"><\/iframe><\/p>\n<h2>Guide complet sur la forme passive en fran\u00e7ais<\/h2>\n<h3>1. D\u00e9finition<\/h3>\n<p>\u00c0 la voix active, le sujet fait l\u2019action.<br \/>\nExemple : Les d\u00e9put\u00e9s votent la loi.<br \/>\n\u2192\u3000\u00c0 la voix passive, le sujet subit l\u2019action.<br \/>\nExemple : La loi est vot\u00e9e par les d\u00e9put\u00e9s.<br \/>\nLa voix passive permet de pr\u00e9senter un fait en changeant le point de vue.<\/p>\n<h3>2.Formation<\/h3>\n<p>* La forme passive se construit avec le verbe \u00eatre et le participe pass\u00e9 du verbe.<br \/>\nExemple :<br \/>\n&#8211; Un tableau a \u00e9t\u00e9 vol\u00e9 au mus\u00e9e du Louvre.<\/p>\n<p>Le participe pass\u00e9 s&rsquo;accorde en genre et en nombre avec le sujet.<br \/>\nExemples :<br \/>\n&#8211; Une piscine sera construite dans deux ans.<br \/>\n&#8211; Les livres sont lus par les enfants.<\/p>\n<p>Pour transformer une phrase \u00e0 la voix active en une phrase \u00e0 la voix passive, il faut apporter de nombreuses modifications : temps, sujet et compl\u00e9ment (d\u2019agent).<br \/>\nExemple : Le chat attrape la souris. \/ La souris est attrap\u00e9e par le chat. <\/p>\n<p>ATTENTION: Il est impossible de cr\u00e9er une forme passive si la forme active n\u2019inclut pas de Compl\u00e9ment d\u2019Objet Direct (COD)<\/p>\n<h3>3. Emploi<\/h3>\n<p>* La forme passive s&#8217;emploie pour mettre en valeur l&rsquo;objet direct de l&rsquo;action.<br \/>\nDans la forme passive, il peut \u00eatre introduit par la pr\u00e9position par. Ce compl\u00e9ment s&rsquo;appelle compl\u00e9ment d&rsquo;agent.<br \/>\nExemples :<br \/>\n&#8211; Les enfants lisent les livres. -> Les livres sont lus par les enfants.(Compl\u00e9ment d&rsquo;agent)<br \/>\nQuand le sujet de la phrase active est repr\u00e9sent\u00e9 par le pronom impersonnel on, il n&rsquo;y a pas de compl\u00e9ment d&rsquo;agent.<br \/>\nExemples :<br \/>\nOn lit des livres. -> Des livres sont lus.<br \/>\nEn effet, le compl\u00e9ment d\u2019agent n\u2019est pas n\u00e9cessaire s\u2019il n\u2019apporte aucune information compl\u00e9mentaire.<br \/>\nExemple : On pr\u00e9parera les cr\u00eapes avant qu\u2019ils n\u2019arrivent. > Les cr\u00eapes seront pr\u00e9par\u00e9es avant qu\u2019ils n\u2019arrivent. Dans cette phrase, ajouter \u00ab par nous \u00bb a tr\u00e8s peu d\u2019int\u00e9r\u00eat.<\/p>\n<p>* ATTENTION \u00ab avoir \u00bb s\u2019utilise seulement \u00e0 la forme active.<\/p>\n<h2>Exercice sur la forme passive<\/h2>\n<p><a href=\"https:\/\/live-french.net\/fr\/grammaire-francaise\/la-forme-passive\/exercice-1\/\" title=\"Les verbes sont-ils \u00e0 la forme active ou passive ?\" >Exercice 1: Les verbes sont-ils \u00e0 la forme active ou passive ?<\/a><br \/>\n<a href=\"https:\/\/live-french.net\/fr\/grammaire-francaise\/la-forme-passive\/exercice-2\/\" title=\"Mettre les phrases \u00e0 la forme passive si c\u2019est possible\" >Exercice 2: Mettre les phrases \u00e0 la forme passive si c\u2019est possible<\/a><br \/>\n<a href=\"https:\/\/live-french.net\/fr\/grammaire-francaise\/la-forme-passive\/exercice-3\/\" title=\"Faire des phrases pour formuler des titres de journaux \u00e0 la forme passive\" >Exercice 3: Faire des phrases pour formuler des titres de journaux \u00e0 la forme passive<\/a><\/p>\n<div id=\"media_image-2\" class=\"si-sidebar-widget si-widget si-entry widget widget_media_image amr_widget\"><h4 class=\"widget-title\">Perfectionnez votre fran\u00e7ais &#8211; cours d&rsquo;essai gratuit! Inscrivez-vous ici<\/h4><a href=\"https:\/\/member.booknstart.com\/trial-registration?lg=fr&#038;referred_by=CTA&#038;office_id=6\"><img fetchpriority=\"high\" decoding=\"async\" width=\"1024\" height=\"366\" src=\"https:\/\/live-french.net\/wp-content\/uploads\/2025\/04\/CTA-LFNfr-1024x366.jpg\" class=\"image wp-image-27798  attachment-large size-large\" alt=\"\" style=\"max-width: 100%; height: auto;\" title=\"Perfectionnez votre fran\u00e7ais - cours d&#039;essai gratuit! Inscrivez-vous ici\" srcset=\"https:\/\/live-french.net\/wp-content\/uploads\/2025\/04\/CTA-LFNfr-1024x366.jpg 1024w, https:\/\/live-french.net\/wp-content\/uploads\/2025\/04\/CTA-LFNfr-300x107.jpg 300w, https:\/\/live-french.net\/wp-content\/uploads\/2025\/04\/CTA-LFNfr-768x274.jpg 768w, https:\/\/live-french.net\/wp-content\/uploads\/2025\/04\/CTA-LFNfr-1536x549.jpg 1536w, https:\/\/live-french.net\/wp-content\/uploads\/2025\/04\/CTA-LFNfr-2048x731.jpg 2048w\" sizes=\"(max-width: 1024px) 100vw, 1024px\" \/><\/a><\/div>","protected":false},"excerpt":{"rendered":"<p>Vid\u00e9o sur la forme passive en fran\u00e7ais Guide complet sur la forme passive en fran\u00e7ais 1. D\u00e9finition \u00c0 la voix active, le sujet fait l\u2019action. Exemple : Les d\u00e9put\u00e9s votent&hellip;<\/p>\n","protected":false},"author":10,"featured_media":0,"parent":20226,"menu_order":0,"comment_status":"closed","ping_status":"closed","template":"","meta":{"om_disable_all_campaigns":false,"_monsterinsights_skip_tracking":false,"_monsterinsights_sitenote_active":false,"_monsterinsights_sitenote_note":"","_monsterinsights_sitenote_category":0,"footnotes":""},"class_list":["post-21132","page","type-page","status-publish","hentry"],"aioseo_notices":[],"yoast_head":"<!-- This site is optimized with the Yoast SEO plugin v26.9 - https:\/\/yoast.com\/product\/yoast-seo-wordpress\/ -->\n<title>La forme passive - Live-French.net<\/title>\n<meta name=\"robots\" content=\"index, follow, max-snippet:-1, max-image-preview:large, max-video-preview:-1\" \/>\n<link rel=\"canonical\" href=\"https:\/\/live-french.net\/fr\/grammaire-francaise\/la-forme-passive\/\" \/>\n<meta property=\"og:locale\" content=\"fr_FR\" \/>\n<meta property=\"og:type\" content=\"article\" \/>\n<meta property=\"og:title\" content=\"La forme passive - Live-French.net\" \/>\n<meta property=\"og:description\" content=\"Vid\u00e9o sur la forme passive en fran\u00e7ais Guide complet sur la forme passive en fran\u00e7ais 1. D\u00e9finition \u00c0 la voix active, le sujet fait l\u2019action. Exemple : Les d\u00e9put\u00e9s votent&hellip;\" \/>\n<meta property=\"og:url\" content=\"https:\/\/live-french.net\/fr\/grammaire-francaise\/la-forme-passive\/\" \/>\n<meta property=\"og:site_name\" content=\"Live-French.net\" \/>\n<meta property=\"article:modified_time\" content=\"2022-07-24T15:35:00+00:00\" \/>\n<meta name=\"twitter:label1\" content=\"Dur\u00e9e de lecture estim\u00e9e\" \/>\n\t<meta name=\"twitter:data1\" content=\"2 minutes\" \/>\n<script type=\"application\/ld+json\" class=\"yoast-schema-graph\">{\"@context\":\"https:\/\/schema.org\",\"@graph\":[{\"@type\":\"WebPage\",\"@id\":\"https:\/\/live-french.net\/fr\/grammaire-francaise\/la-forme-passive\/\",\"url\":\"https:\/\/live-french.net\/fr\/grammaire-francaise\/la-forme-passive\/\",\"name\":\"La forme passive - Live-French.net\",\"isPartOf\":{\"@id\":\"https:\/\/live-french.net\/fr\/#website\"},\"datePublished\":\"2022-07-19T18:44:27+00:00\",\"dateModified\":\"2022-07-24T15:35:00+00:00\",\"breadcrumb\":{\"@id\":\"https:\/\/live-french.net\/fr\/grammaire-francaise\/la-forme-passive\/#breadcrumb\"},\"inLanguage\":\"fr-FR\",\"potentialAction\":[{\"@type\":\"ReadAction\",\"target\":[\"https:\/\/live-french.net\/fr\/grammaire-francaise\/la-forme-passive\/\"]}]},{\"@type\":\"BreadcrumbList\",\"@id\":\"https:\/\/live-french.net\/fr\/grammaire-francaise\/la-forme-passive\/#breadcrumb\",\"itemListElement\":[{\"@type\":\"ListItem\",\"position\":1,\"name\":\"Home\",\"item\":\"https:\/\/live-french.net\/fr\/\"},{\"@type\":\"ListItem\",\"position\":2,\"name\":\"Grammaire fran\u00e7aise\",\"item\":\"https:\/\/live-french.net\/fr\/grammaire-francaise\/\"},{\"@type\":\"ListItem\",\"position\":3,\"name\":\"La forme passive\"}]},{\"@type\":\"WebSite\",\"@id\":\"https:\/\/live-french.net\/fr\/#website\",\"url\":\"https:\/\/live-french.net\/fr\/\",\"name\":\"Live-French.net\",\"description\":\"Learn French Online\",\"publisher\":{\"@id\":\"https:\/\/live-french.net\/fr\/#organization\"},\"potentialAction\":[{\"@type\":\"SearchAction\",\"target\":{\"@type\":\"EntryPoint\",\"urlTemplate\":\"https:\/\/live-french.net\/fr\/?s={search_term_string}\"},\"query-input\":{\"@type\":\"PropertyValueSpecification\",\"valueRequired\":true,\"valueName\":\"search_term_string\"}}],\"inLanguage\":\"fr-FR\"},{\"@type\":\"Organization\",\"@id\":\"https:\/\/live-french.net\/fr\/#organization\",\"name\":\"Live-French.net\",\"url\":\"https:\/\/live-french.net\/fr\/\",\"logo\":{\"@type\":\"ImageObject\",\"inLanguage\":\"fr-FR\",\"@id\":\"https:\/\/live-french.net\/fr\/#\/schema\/logo\/image\/\",\"url\":\"https:\/\/live-french.net\/wp-content\/uploads\/2021\/12\/cropped-LiveFrenchLogo.png\",\"contentUrl\":\"https:\/\/live-french.net\/wp-content\/uploads\/2021\/12\/cropped-LiveFrenchLogo.png\",\"width\":3319,\"height\":593,\"caption\":\"Live-French.net\"},\"image\":{\"@id\":\"https:\/\/live-french.net\/fr\/#\/schema\/logo\/image\/\"}}]}<\/script>\n<!-- \/ Yoast SEO plugin. -->","yoast_head_json":{"title":"La forme passive - Live-French.net","robots":{"index":"index","follow":"follow","max-snippet":"max-snippet:-1","max-image-preview":"max-image-preview:large","max-video-preview":"max-video-preview:-1"},"canonical":"https:\/\/live-french.net\/fr\/grammaire-francaise\/la-forme-passive\/","og_locale":"fr_FR","og_type":"article","og_title":"La forme passive - Live-French.net","og_description":"Vid\u00e9o sur la forme passive en fran\u00e7ais Guide complet sur la forme passive en fran\u00e7ais 1. D\u00e9finition \u00c0 la voix active, le sujet fait l\u2019action. Exemple : Les d\u00e9put\u00e9s votent&hellip;","og_url":"https:\/\/live-french.net\/fr\/grammaire-francaise\/la-forme-passive\/","og_site_name":"Live-French.net","article_modified_time":"2022-07-24T15:35:00+00:00","twitter_misc":{"Dur\u00e9e de lecture estim\u00e9e":"2 minutes"},"schema":{"@context":"https:\/\/schema.org","@graph":[{"@type":"WebPage","@id":"https:\/\/live-french.net\/fr\/grammaire-francaise\/la-forme-passive\/","url":"https:\/\/live-french.net\/fr\/grammaire-francaise\/la-forme-passive\/","name":"La forme passive - Live-French.net","isPartOf":{"@id":"https:\/\/live-french.net\/fr\/#website"},"datePublished":"2022-07-19T18:44:27+00:00","dateModified":"2022-07-24T15:35:00+00:00","breadcrumb":{"@id":"https:\/\/live-french.net\/fr\/grammaire-francaise\/la-forme-passive\/#breadcrumb"},"inLanguage":"fr-FR","potentialAction":[{"@type":"ReadAction","target":["https:\/\/live-french.net\/fr\/grammaire-francaise\/la-forme-passive\/"]}]},{"@type":"BreadcrumbList","@id":"https:\/\/live-french.net\/fr\/grammaire-francaise\/la-forme-passive\/#breadcrumb","itemListElement":[{"@type":"ListItem","position":1,"name":"Home","item":"https:\/\/live-french.net\/fr\/"},{"@type":"ListItem","position":2,"name":"Grammaire fran\u00e7aise","item":"https:\/\/live-french.net\/fr\/grammaire-francaise\/"},{"@type":"ListItem","position":3,"name":"La forme passive"}]},{"@type":"WebSite","@id":"https:\/\/live-french.net\/fr\/#website","url":"https:\/\/live-french.net\/fr\/","name":"Live-French.net","description":"Learn French Online","publisher":{"@id":"https:\/\/live-french.net\/fr\/#organization"},"potentialAction":[{"@type":"SearchAction","target":{"@type":"EntryPoint","urlTemplate":"https:\/\/live-french.net\/fr\/?s={search_term_string}"},"query-input":{"@type":"PropertyValueSpecification","valueRequired":true,"valueName":"search_term_string"}}],"inLanguage":"fr-FR"},{"@type":"Organization","@id":"https:\/\/live-french.net\/fr\/#organization","name":"Live-French.net","url":"https:\/\/live-french.net\/fr\/","logo":{"@type":"ImageObject","inLanguage":"fr-FR","@id":"https:\/\/live-french.net\/fr\/#\/schema\/logo\/image\/","url":"https:\/\/live-french.net\/wp-content\/uploads\/2021\/12\/cropped-LiveFrenchLogo.png","contentUrl":"https:\/\/live-french.net\/wp-content\/uploads\/2021\/12\/cropped-LiveFrenchLogo.png","width":3319,"height":593,"caption":"Live-French.net"},"image":{"@id":"https:\/\/live-french.net\/fr\/#\/schema\/logo\/image\/"}}]}},"_links":{"self":[{"href":"https:\/\/live-french.net\/fr\/wp-json\/wp\/v2\/pages\/21132","targetHints":{"allow":["GET"]}}],"collection":[{"href":"https:\/\/live-french.net\/fr\/wp-json\/wp\/v2\/pages"}],"about":[{"href":"https:\/\/live-french.net\/fr\/wp-json\/wp\/v2\/types\/page"}],"author":[{"embeddable":true,"href":"https:\/\/live-french.net\/fr\/wp-json\/wp\/v2\/users\/10"}],"replies":[{"embeddable":true,"href":"https:\/\/live-french.net\/fr\/wp-json\/wp\/v2\/comments?post=21132"}],"version-history":[{"count":8,"href":"https:\/\/live-french.net\/fr\/wp-json\/wp\/v2\/pages\/21132\/revisions"}],"predecessor-version":[{"id":21207,"href":"https:\/\/live-french.net\/fr\/wp-json\/wp\/v2\/pages\/21132\/revisions\/21207"}],"up":[{"embeddable":true,"href":"https:\/\/live-french.net\/fr\/wp-json\/wp\/v2\/pages\/20226"}],"wp:attachment":[{"href":"https:\/\/live-french.net\/fr\/wp-json\/wp\/v2\/media?parent=21132"}],"curies":[{"name":"wp","href":"https:\/\/api.w.org\/{rel}","templated":true}]}}