{"id":21091,"date":"2022-07-10T13:37:09","date_gmt":"2022-07-10T11:37:09","guid":{"rendered":"https:\/\/live-french.net\/cours-de-francais-en-ligne-par-zoom\/"},"modified":"2025-05-16T08:03:38","modified_gmt":"2025-05-16T06:03:38","slug":"cours-de-francais-en-ligne-par-zoom","status":"publish","type":"page","link":"https:\/\/live-french.net\/fr\/cours-de-francais-en-ligne-par-zoom\/","title":{"rendered":"Cours de fran\u00e7ais en ligne par Zoom"},"content":{"rendered":"&#13;\r\n<p>Zoom est une application de vid\u00e9o-conf\u00e9rence qui a gagn\u00e9 en popularit\u00e9 depuis 2020. Live-French.net propose d\u00e9sormais des cours de fran\u00e7ais langue \u00e9trang\u00e8re (FLE) par Zoom. <a href=\"https:\/\/live-french.net\/fr\/cours-francais-fle-en-ligne\/\" title=\"cours de fran\u00e7as individuels\">Les cours de fran\u00e7ais individuels<\/a> and <a href=\"https:\/\/live-french.net\/fr\/live-french-club-pratiquer-francais-groupe\/\" title=\"cours de fran\u00e7ais en groupes\">et les cours en groupes<\/a> ont lieu via Zoom.<\/p>&#13;\r\n&#13;\r\n<div id=\"custom_html-26\" class=\"widget_text si-sidebar-widget si-widget si-entry widget widget_custom_html amr_widget\"><div class=\"textwidget custom-html-widget\"><a href=\"https:\/\/member.booknstart.com\/trial-registration?lg=fr&referred_by=sCTA&office_id=6\" target=\"_blank\"><img decoding=\"async\" alt=\"Cours d'essai de fran\u00e7ais\" src=\"https:\/\/live-french.net\/wp-content\/uploads\/2023\/02\/sCTA-fr.jpg\"><\/a><\/div><\/div>\r\n<h2 class=\"wp-block-heading\">Quels sont les avantages des cours de fran\u00e7ais par Zoom?<\/h2>&#13;\r\n&#13;\r\n<p>De nos jours, il existe de nombreuses applications de communication sur Internet. Cependant, toutes les applications ne se valent pas. La qualit\u00e9 offerte par Zoom tant au niveau du son que de la vid\u00e9o en haute d\u00e9finition en fait un choix id\u00e9al pour les cours de fran\u00e7ais sur smartphone ou ordinateur entre personnes \u00e9loign\u00e9es g\u00e9ographiquement.<\/p>&#13;\r\n&#13;\r\n<p>Nous avions besoin d&rsquo;une solution qui convienne aux cours de fran\u00e7ais en ligne et Zoom a r\u00e9pondu \u00e0 toutes nos attentes!<\/p>&#13;\r\n&#13;\r\n<p>La technologie \u00e0 laquelle Zoom nous permet d&rsquo;acc\u00e9der correspond \u00e0 nos besoins, \u00e0 savoir un outil de communication de haute qualit\u00e9 pour faciliter la communication entre nos professeurs de fran\u00e7ais et nos \u00e9tudiants un peu partout dans le monde.<\/p>&#13;\r\n&#13;\r\n<ul class=\"wp-block-list\">&#13;\r\n<li>C&rsquo;est facile d&rsquo;utilisation. En un click vous pouvez joindre le cours avec votre professeur.<\/li>&#13;\r\n<li>Le son et la vid\u00e9o sont d&rsquo;excellente qualit\u00e9.<\/li>&#13;\r\n<li>Vous pouvez l&rsquo;utiliser de votre t\u00e9l\u00e9phone, tablette ou ordinateur.<\/li>&#13;\r\n<li>On peut partager l&rsquo;\u00e9cran, envoyer des messages instantan\u00e9s et partager du contenu int\u00e9ressant.<\/li>&#13;\r\n<\/ul>&#13;\r\n\r\n<h2>A qui sont destin\u00e9s les cours de fran\u00e7ais par Zoom?<\/h2>&#13;\r\n<p>\r\nToutes les personnes qui souhaitent apprendre ou am\u00e9liorer leur fran\u00e7ais \u00e0 l&rsquo;oral peuvent b\u00e9n\u00e9ficier des cours de fran\u00e7ais Live-French.\r\nLes cours de fran\u00e7ais par Zoom sont flexibles, interactifs et centr\u00e9 sur vos propres objectifs. C&rsquo;est le moyen le plus pratique pour apprendre le fran\u00e7ais en ligne de n&rsquo;importe o\u00f9 dans le monde sans se d\u00e9placer \u00e0 condition d&rsquo;avoir une connexion internet! Les cours sont adapat\u00e9s \u00e0 tous les niveaux (si votre niveau est faible, pas d&rsquo;inqui\u00e9tude, nous sommes l\u00e0 pour vous aider). \r\nVous apprenez le fran\u00e7ais sans perdre de temps et progressez \u00e0 votre rythme.<\/p>\r\n&#13;\r\n<h2 class=\"wp-block-heading\">Comment se d\u00e9roulent les cours de fran\u00e7ais par Zoom?<\/h2>&#13;\r\n&#13;\r\n<p>Une fois que vous \u00eates inscrit, vous avez acc\u00e8s au planning des professeurs de fran\u00e7ais sur Zoom. Vous r\u00e9servez un cours pour le jour et l&rsquo;heure qui vous conviennent et vous recevez le lien Zoom pour vous connecter. Les cours sont agr\u00e9ables, vous \u00eates actifs pendant le cours, et vous parlez fran\u00e7ais le plus possible! Vous serez enfin \u00e0 l&rsquo;aise pour parler fran\u00e7ais.<\/p>&#13;\r\n&#13;\r\n<h2 class=\"wp-block-heading\">Cela vous d&rsquo;int\u00e9resse d&rsquo;apprendre le fran\u00e7ais via Zoom?<\/h2>&#13;\r\n&#13;\r\n<p>Si vous souhaitez essayer un cours de fran\u00e7ais langue \u00e9trang\u00e8re en ligne via Zoom, je vous encourage fortement \u00e0 d\u00e9marrer avec un <a href=\"https:\/\/live-french.net\/fr\/decouverte\/\">cours d&rsquo;essai gratuit<\/a>. Vous pourrez voir comment vous pourrez progresser en fran\u00e7ais avec nos<a href=\"https:\/\/live-french.net\/fr\/professeur-francais-fle-en-ligne\/\"> professeurs de FLE<\/a> d\u00e9di\u00e9s \u00e0 votre r\u00e9ussite.<\/p>&#13;\r\n<div id=\"media_image-2\" class=\"si-sidebar-widget si-widget si-entry widget widget_media_image amr_widget\"><h4 class=\"widget-title\">Perfectionnez votre fran\u00e7ais &#8211; cours d&rsquo;essai gratuit! Inscrivez-vous ici<\/h4><a href=\"https:\/\/member.booknstart.com\/trial-registration?lg=fr&#038;referred_by=CTA&#038;office_id=6\"><img fetchpriority=\"high\" decoding=\"async\" width=\"1024\" height=\"366\" src=\"https:\/\/live-french.net\/wp-content\/uploads\/2025\/04\/CTA-LFNfr-1024x366.jpg\" class=\"image wp-image-27798  attachment-large size-large\" alt=\"\" style=\"max-width: 100%; height: auto;\" title=\"Perfectionnez votre fran\u00e7ais - cours d&#039;essai gratuit! Inscrivez-vous ici\" srcset=\"https:\/\/live-french.net\/wp-content\/uploads\/2025\/04\/CTA-LFNfr-1024x366.jpg 1024w, https:\/\/live-french.net\/wp-content\/uploads\/2025\/04\/CTA-LFNfr-300x107.jpg 300w, https:\/\/live-french.net\/wp-content\/uploads\/2025\/04\/CTA-LFNfr-768x274.jpg 768w, https:\/\/live-french.net\/wp-content\/uploads\/2025\/04\/CTA-LFNfr-1536x549.jpg 1536w, https:\/\/live-french.net\/wp-content\/uploads\/2025\/04\/CTA-LFNfr-2048x731.jpg 2048w\" sizes=\"(max-width: 1024px) 100vw, 1024px\" \/><\/a><\/div>","protected":false},"excerpt":{"rendered":"<p>&#13; Zoom est une application de vid\u00e9o-conf\u00e9rence qui a gagn\u00e9 en popularit\u00e9 depuis 2020. Live-French.net propose d\u00e9sormais des cours de fran\u00e7ais langue \u00e9trang\u00e8re (FLE) par Zoom. Les cours de fran\u00e7ais&hellip;<\/p>\n","protected":false},"author":1,"featured_media":21095,"parent":0,"menu_order":0,"comment_status":"closed","ping_status":"closed","template":"","meta":{"om_disable_all_campaigns":false,"_monsterinsights_skip_tracking":false,"_monsterinsights_sitenote_active":false,"_monsterinsights_sitenote_note":"","_monsterinsights_sitenote_category":0,"footnotes":""},"class_list":["post-21091","page","type-page","status-publish","has-post-thumbnail","hentry"],"aioseo_notices":[],"yoast_head":"<!-- This site is optimized with the Yoast SEO plugin v26.9 - https:\/\/yoast.com\/product\/yoast-seo-wordpress\/ -->\n<title>Cours de fran\u00e7ais en ligne par Zoom - Live-French.net<\/title>\n<meta name=\"description\" content=\"Les cours de fran\u00e7ais par Zoom sont la solution id\u00e9ale pour am\u00e9liorer son fran\u00e7ais sans bouger de chez soi et avoir acc\u00e8s \u00e0 des professeurs!\" \/>\n<meta name=\"robots\" content=\"index, follow, max-snippet:-1, max-image-preview:large, max-video-preview:-1\" \/>\n<link rel=\"canonical\" href=\"https:\/\/live-french.net\/fr\/cours-de-francais-en-ligne-par-zoom\/\" \/>\n<meta property=\"og:locale\" content=\"fr_FR\" \/>\n<meta property=\"og:type\" content=\"article\" \/>\n<meta property=\"og:title\" content=\"Cours de fran\u00e7ais en ligne par Zoom - Live-French.net\" \/>\n<meta property=\"og:description\" content=\"Les cours de fran\u00e7ais par Zoom sont la solution id\u00e9ale pour am\u00e9liorer son fran\u00e7ais sans bouger de chez soi et avoir acc\u00e8s \u00e0 des professeurs!\" \/>\n<meta property=\"og:url\" content=\"https:\/\/live-french.net\/fr\/cours-de-francais-en-ligne-par-zoom\/\" \/>\n<meta property=\"og:site_name\" content=\"Live-French.net\" \/>\n<meta property=\"article:modified_time\" content=\"2025-05-16T06:03:38+00:00\" \/>\n<meta property=\"og:image\" content=\"https:\/\/live-french.net\/wp-content\/uploads\/2022\/07\/img-cours-francais-zoom.jpg\" \/>\n\t<meta property=\"og:image:width\" content=\"2240\" \/>\n\t<meta property=\"og:image:height\" content=\"1260\" \/>\n\t<meta property=\"og:image:type\" content=\"image\/jpeg\" \/>\n<meta name=\"twitter:label1\" content=\"Dur\u00e9e de lecture estim\u00e9e\" \/>\n\t<meta name=\"twitter:data1\" content=\"3 minutes\" \/>\n<script type=\"application\/ld+json\" class=\"yoast-schema-graph\">{\"@context\":\"https:\/\/schema.org\",\"@graph\":[{\"@type\":\"WebPage\",\"@id\":\"https:\/\/live-french.net\/fr\/cours-de-francais-en-ligne-par-zoom\/\",\"url\":\"https:\/\/live-french.net\/fr\/cours-de-francais-en-ligne-par-zoom\/\",\"name\":\"Cours de fran\u00e7ais en ligne par Zoom - Live-French.net\",\"isPartOf\":{\"@id\":\"https:\/\/live-french.net\/fr\/#website\"},\"primaryImageOfPage\":{\"@id\":\"https:\/\/live-french.net\/fr\/cours-de-francais-en-ligne-par-zoom\/#primaryimage\"},\"image\":{\"@id\":\"https:\/\/live-french.net\/fr\/cours-de-francais-en-ligne-par-zoom\/#primaryimage\"},\"thumbnailUrl\":\"https:\/\/live-french.net\/wp-content\/uploads\/2022\/07\/img-cours-francais-zoom.jpg\",\"datePublished\":\"2022-07-10T11:37:09+00:00\",\"dateModified\":\"2025-05-16T06:03:38+00:00\",\"description\":\"Les cours de fran\u00e7ais par Zoom sont la solution id\u00e9ale pour am\u00e9liorer son fran\u00e7ais sans bouger de chez soi et avoir acc\u00e8s \u00e0 des professeurs!\",\"breadcrumb\":{\"@id\":\"https:\/\/live-french.net\/fr\/cours-de-francais-en-ligne-par-zoom\/#breadcrumb\"},\"inLanguage\":\"fr-FR\",\"potentialAction\":[{\"@type\":\"ReadAction\",\"target\":[\"https:\/\/live-french.net\/fr\/cours-de-francais-en-ligne-par-zoom\/\"]}]},{\"@type\":\"ImageObject\",\"inLanguage\":\"fr-FR\",\"@id\":\"https:\/\/live-french.net\/fr\/cours-de-francais-en-ligne-par-zoom\/#primaryimage\",\"url\":\"https:\/\/live-french.net\/wp-content\/uploads\/2022\/07\/img-cours-francais-zoom.jpg\",\"contentUrl\":\"https:\/\/live-french.net\/wp-content\/uploads\/2022\/07\/img-cours-francais-zoom.jpg\",\"width\":2240,\"height\":1260,\"caption\":\"Cours d'anglais par Zoom\"},{\"@type\":\"BreadcrumbList\",\"@id\":\"https:\/\/live-french.net\/fr\/cours-de-francais-en-ligne-par-zoom\/#breadcrumb\",\"itemListElement\":[{\"@type\":\"ListItem\",\"position\":1,\"name\":\"Home\",\"item\":\"https:\/\/live-french.net\/fr\/\"},{\"@type\":\"ListItem\",\"position\":2,\"name\":\"Cours de fran\u00e7ais en ligne par Zoom\"}]},{\"@type\":\"WebSite\",\"@id\":\"https:\/\/live-french.net\/fr\/#website\",\"url\":\"https:\/\/live-french.net\/fr\/\",\"name\":\"Live-French.net\",\"description\":\"Learn French Online\",\"publisher\":{\"@id\":\"https:\/\/live-french.net\/fr\/#organization\"},\"potentialAction\":[{\"@type\":\"SearchAction\",\"target\":{\"@type\":\"EntryPoint\",\"urlTemplate\":\"https:\/\/live-french.net\/fr\/?s={search_term_string}\"},\"query-input\":{\"@type\":\"PropertyValueSpecification\",\"valueRequired\":true,\"valueName\":\"search_term_string\"}}],\"inLanguage\":\"fr-FR\"},{\"@type\":\"Organization\",\"@id\":\"https:\/\/live-french.net\/fr\/#organization\",\"name\":\"Live-French.net\",\"url\":\"https:\/\/live-french.net\/fr\/\",\"logo\":{\"@type\":\"ImageObject\",\"inLanguage\":\"fr-FR\",\"@id\":\"https:\/\/live-french.net\/fr\/#\/schema\/logo\/image\/\",\"url\":\"https:\/\/live-french.net\/wp-content\/uploads\/2021\/12\/cropped-LiveFrenchLogo.png\",\"contentUrl\":\"https:\/\/live-french.net\/wp-content\/uploads\/2021\/12\/cropped-LiveFrenchLogo.png\",\"width\":3319,\"height\":593,\"caption\":\"Live-French.net\"},\"image\":{\"@id\":\"https:\/\/live-french.net\/fr\/#\/schema\/logo\/image\/\"}}]}<\/script>\n<!-- \/ Yoast SEO plugin. -->","yoast_head_json":{"title":"Cours de fran\u00e7ais en ligne par Zoom - Live-French.net","description":"Les cours de fran\u00e7ais par Zoom sont la solution id\u00e9ale pour am\u00e9liorer son fran\u00e7ais sans bouger de chez soi et avoir acc\u00e8s \u00e0 des professeurs!","robots":{"index":"index","follow":"follow","max-snippet":"max-snippet:-1","max-image-preview":"max-image-preview:large","max-video-preview":"max-video-preview:-1"},"canonical":"https:\/\/live-french.net\/fr\/cours-de-francais-en-ligne-par-zoom\/","og_locale":"fr_FR","og_type":"article","og_title":"Cours de fran\u00e7ais en ligne par Zoom - Live-French.net","og_description":"Les cours de fran\u00e7ais par Zoom sont la solution id\u00e9ale pour am\u00e9liorer son fran\u00e7ais sans bouger de chez soi et avoir acc\u00e8s \u00e0 des professeurs!","og_url":"https:\/\/live-french.net\/fr\/cours-de-francais-en-ligne-par-zoom\/","og_site_name":"Live-French.net","article_modified_time":"2025-05-16T06:03:38+00:00","og_image":[{"width":2240,"height":1260,"url":"https:\/\/live-french.net\/wp-content\/uploads\/2022\/07\/img-cours-francais-zoom.jpg","type":"image\/jpeg"}],"twitter_misc":{"Dur\u00e9e de lecture estim\u00e9e":"3 minutes"},"schema":{"@context":"https:\/\/schema.org","@graph":[{"@type":"WebPage","@id":"https:\/\/live-french.net\/fr\/cours-de-francais-en-ligne-par-zoom\/","url":"https:\/\/live-french.net\/fr\/cours-de-francais-en-ligne-par-zoom\/","name":"Cours de fran\u00e7ais en ligne par Zoom - Live-French.net","isPartOf":{"@id":"https:\/\/live-french.net\/fr\/#website"},"primaryImageOfPage":{"@id":"https:\/\/live-french.net\/fr\/cours-de-francais-en-ligne-par-zoom\/#primaryimage"},"image":{"@id":"https:\/\/live-french.net\/fr\/cours-de-francais-en-ligne-par-zoom\/#primaryimage"},"thumbnailUrl":"https:\/\/live-french.net\/wp-content\/uploads\/2022\/07\/img-cours-francais-zoom.jpg","datePublished":"2022-07-10T11:37:09+00:00","dateModified":"2025-05-16T06:03:38+00:00","description":"Les cours de fran\u00e7ais par Zoom sont la solution id\u00e9ale pour am\u00e9liorer son fran\u00e7ais sans bouger de chez soi et avoir acc\u00e8s \u00e0 des professeurs!","breadcrumb":{"@id":"https:\/\/live-french.net\/fr\/cours-de-francais-en-ligne-par-zoom\/#breadcrumb"},"inLanguage":"fr-FR","potentialAction":[{"@type":"ReadAction","target":["https:\/\/live-french.net\/fr\/cours-de-francais-en-ligne-par-zoom\/"]}]},{"@type":"ImageObject","inLanguage":"fr-FR","@id":"https:\/\/live-french.net\/fr\/cours-de-francais-en-ligne-par-zoom\/#primaryimage","url":"https:\/\/live-french.net\/wp-content\/uploads\/2022\/07\/img-cours-francais-zoom.jpg","contentUrl":"https:\/\/live-french.net\/wp-content\/uploads\/2022\/07\/img-cours-francais-zoom.jpg","width":2240,"height":1260,"caption":"Cours d'anglais par Zoom"},{"@type":"BreadcrumbList","@id":"https:\/\/live-french.net\/fr\/cours-de-francais-en-ligne-par-zoom\/#breadcrumb","itemListElement":[{"@type":"ListItem","position":1,"name":"Home","item":"https:\/\/live-french.net\/fr\/"},{"@type":"ListItem","position":2,"name":"Cours de fran\u00e7ais en ligne par Zoom"}]},{"@type":"WebSite","@id":"https:\/\/live-french.net\/fr\/#website","url":"https:\/\/live-french.net\/fr\/","name":"Live-French.net","description":"Learn French Online","publisher":{"@id":"https:\/\/live-french.net\/fr\/#organization"},"potentialAction":[{"@type":"SearchAction","target":{"@type":"EntryPoint","urlTemplate":"https:\/\/live-french.net\/fr\/?s={search_term_string}"},"query-input":{"@type":"PropertyValueSpecification","valueRequired":true,"valueName":"search_term_string"}}],"inLanguage":"fr-FR"},{"@type":"Organization","@id":"https:\/\/live-french.net\/fr\/#organization","name":"Live-French.net","url":"https:\/\/live-french.net\/fr\/","logo":{"@type":"ImageObject","inLanguage":"fr-FR","@id":"https:\/\/live-french.net\/fr\/#\/schema\/logo\/image\/","url":"https:\/\/live-french.net\/wp-content\/uploads\/2021\/12\/cropped-LiveFrenchLogo.png","contentUrl":"https:\/\/live-french.net\/wp-content\/uploads\/2021\/12\/cropped-LiveFrenchLogo.png","width":3319,"height":593,"caption":"Live-French.net"},"image":{"@id":"https:\/\/live-french.net\/fr\/#\/schema\/logo\/image\/"}}]}},"_links":{"self":[{"href":"https:\/\/live-french.net\/fr\/wp-json\/wp\/v2\/pages\/21091","targetHints":{"allow":["GET"]}}],"collection":[{"href":"https:\/\/live-french.net\/fr\/wp-json\/wp\/v2\/pages"}],"about":[{"href":"https:\/\/live-french.net\/fr\/wp-json\/wp\/v2\/types\/page"}],"author":[{"embeddable":true,"href":"https:\/\/live-french.net\/fr\/wp-json\/wp\/v2\/users\/1"}],"replies":[{"embeddable":true,"href":"https:\/\/live-french.net\/fr\/wp-json\/wp\/v2\/comments?post=21091"}],"version-history":[{"count":8,"href":"https:\/\/live-french.net\/fr\/wp-json\/wp\/v2\/pages\/21091\/revisions"}],"predecessor-version":[{"id":28328,"href":"https:\/\/live-french.net\/fr\/wp-json\/wp\/v2\/pages\/21091\/revisions\/28328"}],"wp:featuredmedia":[{"embeddable":true,"href":"https:\/\/live-french.net\/fr\/wp-json\/wp\/v2\/media\/21095"}],"wp:attachment":[{"href":"https:\/\/live-french.net\/fr\/wp-json\/wp\/v2\/media?parent=21091"}],"curies":[{"name":"wp","href":"https:\/\/api.w.org\/{rel}","templated":true}]}}