{"id":21029,"date":"2022-06-14T13:46:35","date_gmt":"2022-06-14T11:46:35","guid":{"rendered":"https:\/\/live-french.net\/?page_id=21029"},"modified":"2022-06-14T13:56:15","modified_gmt":"2022-06-14T11:56:15","slug":"exercice-2","status":"publish","type":"page","link":"https:\/\/live-french.net\/fr\/grammaire-francaise\/le-futur-anterieur\/exercice-2\/","title":{"rendered":"Exercice 2: Futur simple ou futur ant\u00e9rieur ?"},"content":{"rendered":"<p><iframe src=\"https:\/\/learningapps.org\/watch?v=p7mqtxcua22\" style=\"border:0px;width:100%;height:800px\" allowfullscreen=\"true\" webkitallowfullscreen=\"true\" mozallowfullscreen=\"true\"><\/iframe><\/p>\n<h2>Plus d&rsquo;exercices sur le futur ant\u00e9rieur:<\/h2>\n<p><a href=\"https:\/\/live-french.net\/fr\/grammaire-francaise\/le-futur-anterieur\/exercice-1\/\" title=\"Conjuguer le verbe entre parenth\u00e8ses au futur ant\u00e9rieur\">Exercice 1: Conjuguer le verbe entre parenth\u00e8ses au futur ant\u00e9rieur<\/a><br \/>\n<a href=\"https:\/\/live-french.net\/fr\/grammaire-francaise\/le-futur-anterieur\/exercice-3\/\" title=\"Conjuguer le verbe entre parenth\u00e8ses au futur ant\u00e9rieur et faire l\u2019accord du participe pass\u00e9\">Exercice 3: Conjuguer le verbe entre parenth\u00e8ses au futur ant\u00e9rieur et faire l\u2019accord du participe pass\u00e9<\/a><\/p>\n<p><a href=\"https:\/\/live-french.net\/fr\/grammaire-francaise\/le-futur-anterieur\/\" title=\"Explication sur le future ant\u00e9rieur\" >Explication sur le future ant\u00e9rieur<\/a><\/p>\n<div id=\"media_image-2\" class=\"si-sidebar-widget si-widget si-entry widget widget_media_image amr_widget\"><h4 class=\"widget-title\">Perfectionnez votre fran\u00e7ais &#8211; cours d&rsquo;essai gratuit! Inscrivez-vous ici<\/h4><a href=\"https:\/\/member.booknstart.com\/trial-registration?lg=fr&#038;referred_by=CTA&#038;office_id=6\"><img fetchpriority=\"high\" decoding=\"async\" width=\"1024\" height=\"366\" src=\"https:\/\/live-french.net\/wp-content\/uploads\/2025\/04\/CTA-LFNfr-1024x366.jpg\" class=\"image wp-image-27798  attachment-large size-large\" alt=\"\" style=\"max-width: 100%; height: auto;\" title=\"Perfectionnez votre fran\u00e7ais - cours d&#039;essai gratuit! Inscrivez-vous ici\" srcset=\"https:\/\/live-french.net\/wp-content\/uploads\/2025\/04\/CTA-LFNfr-1024x366.jpg 1024w, https:\/\/live-french.net\/wp-content\/uploads\/2025\/04\/CTA-LFNfr-300x107.jpg 300w, https:\/\/live-french.net\/wp-content\/uploads\/2025\/04\/CTA-LFNfr-768x274.jpg 768w, https:\/\/live-french.net\/wp-content\/uploads\/2025\/04\/CTA-LFNfr-1536x549.jpg 1536w, https:\/\/live-french.net\/wp-content\/uploads\/2025\/04\/CTA-LFNfr-2048x731.jpg 2048w\" sizes=\"(max-width: 1024px) 100vw, 1024px\" \/><\/a><\/div>","protected":false},"excerpt":{"rendered":"<p>Plus d&rsquo;exercices sur le futur ant\u00e9rieur: Exercice 1: Conjuguer le verbe entre parenth\u00e8ses au futur ant\u00e9rieur Exercice 3: Conjuguer le verbe entre parenth\u00e8ses au futur ant\u00e9rieur et faire l\u2019accord du&hellip;<\/p>\n","protected":false},"author":10,"featured_media":0,"parent":21009,"menu_order":0,"comment_status":"closed","ping_status":"closed","template":"","meta":{"footnotes":""},"class_list":["post-21029","page","type-page","status-publish","hentry"],"yoast_head":"<!-- This site is optimized with the Yoast SEO plugin v27.5 - https:\/\/yoast.com\/product\/yoast-seo-wordpress\/ -->\n<title>Exercice 2: Futur simple ou futur ant\u00e9rieur ? | Live French<\/title>\n<meta name=\"robots\" content=\"index, follow, max-snippet:-1, max-image-preview:large, max-video-preview:-1\" \/>\n<link rel=\"canonical\" href=\"https:\/\/live-french.net\/fr\/grammaire-francaise\/le-futur-anterieur\/exercice-2\/\" \/>\n<meta property=\"og:locale\" content=\"fr_FR\" \/>\n<meta property=\"og:type\" content=\"article\" \/>\n<meta property=\"og:title\" content=\"Exercice 2: Futur simple ou futur ant\u00e9rieur ? | Live French\" \/>\n<meta property=\"og:description\" content=\"Plus d&rsquo;exercices sur le futur ant\u00e9rieur: Exercice 1: Conjuguer le verbe entre parenth\u00e8ses au futur ant\u00e9rieur Exercice 3: Conjuguer le verbe entre parenth\u00e8ses au futur ant\u00e9rieur et faire l\u2019accord du&hellip;\" \/>\n<meta property=\"og:url\" content=\"https:\/\/live-french.net\/fr\/grammaire-francaise\/le-futur-anterieur\/exercice-2\/\" \/>\n<meta property=\"og:site_name\" content=\"Live French\" \/>\n<meta property=\"article:modified_time\" content=\"2022-06-14T11:56:15+00:00\" \/>\n<script type=\"application\/ld+json\" class=\"yoast-schema-graph\">{\"@context\":\"https:\\\/\\\/schema.org\",\"@graph\":[{\"@type\":\"WebPage\",\"@id\":\"https:\\\/\\\/live-french.net\\\/fr\\\/grammaire-francaise\\\/le-futur-anterieur\\\/exercice-2\\\/\",\"url\":\"https:\\\/\\\/live-french.net\\\/fr\\\/grammaire-francaise\\\/le-futur-anterieur\\\/exercice-2\\\/\",\"name\":\"Exercice 2: Futur simple ou futur ant\u00e9rieur ? | Live French\",\"isPartOf\":{\"@id\":\"https:\\\/\\\/live-french.net\\\/fr\\\/#website\"},\"datePublished\":\"2022-06-14T11:46:35+00:00\",\"dateModified\":\"2022-06-14T11:56:15+00:00\",\"breadcrumb\":{\"@id\":\"https:\\\/\\\/live-french.net\\\/fr\\\/grammaire-francaise\\\/le-futur-anterieur\\\/exercice-2\\\/#breadcrumb\"},\"inLanguage\":\"fr-FR\",\"potentialAction\":[{\"@type\":\"ReadAction\",\"target\":[\"https:\\\/\\\/live-french.net\\\/fr\\\/grammaire-francaise\\\/le-futur-anterieur\\\/exercice-2\\\/\"]}]},{\"@type\":\"BreadcrumbList\",\"@id\":\"https:\\\/\\\/live-french.net\\\/fr\\\/grammaire-francaise\\\/le-futur-anterieur\\\/exercice-2\\\/#breadcrumb\",\"itemListElement\":[{\"@type\":\"ListItem\",\"position\":1,\"name\":\"Home\",\"item\":\"https:\\\/\\\/live-french.net\\\/fr\\\/\"},{\"@type\":\"ListItem\",\"position\":2,\"name\":\"Grammaire fran\u00e7aise\",\"item\":\"https:\\\/\\\/live-french.net\\\/fr\\\/grammaire-francaise\\\/\"},{\"@type\":\"ListItem\",\"position\":3,\"name\":\"Le futur ant\u00e9rieur\",\"item\":\"https:\\\/\\\/live-french.net\\\/fr\\\/grammaire-francaise\\\/le-futur-anterieur\\\/\"},{\"@type\":\"ListItem\",\"position\":4,\"name\":\"Exercice 2: Futur simple ou futur ant\u00e9rieur ?\"}]},{\"@type\":\"WebSite\",\"@id\":\"https:\\\/\\\/live-french.net\\\/fr\\\/#website\",\"url\":\"https:\\\/\\\/live-french.net\\\/fr\\\/\",\"name\":\"Live French\",\"description\":\"Learn French Online\",\"publisher\":{\"@id\":\"https:\\\/\\\/live-french.net\\\/fr\\\/#organization\"},\"potentialAction\":[{\"@type\":\"SearchAction\",\"target\":{\"@type\":\"EntryPoint\",\"urlTemplate\":\"https:\\\/\\\/live-french.net\\\/fr\\\/?s={search_term_string}\"},\"query-input\":{\"@type\":\"PropertyValueSpecification\",\"valueRequired\":true,\"valueName\":\"search_term_string\"}}],\"inLanguage\":\"fr-FR\"},{\"@type\":\"Organization\",\"@id\":\"https:\\\/\\\/live-french.net\\\/fr\\\/#organization\",\"name\":\"Live French\",\"url\":\"https:\\\/\\\/live-french.net\\\/fr\\\/\",\"logo\":{\"@type\":\"ImageObject\",\"inLanguage\":\"fr-FR\",\"@id\":\"https:\\\/\\\/live-french.net\\\/fr\\\/#\\\/schema\\\/logo\\\/image\\\/\",\"url\":\"https:\\\/\\\/live-french.net\\\/wp-content\\\/uploads\\\/2021\\\/12\\\/cropped-LiveFrenchLogo.png\",\"contentUrl\":\"https:\\\/\\\/live-french.net\\\/wp-content\\\/uploads\\\/2021\\\/12\\\/cropped-LiveFrenchLogo.png\",\"width\":3319,\"height\":593,\"caption\":\"Live French\"},\"image\":{\"@id\":\"https:\\\/\\\/live-french.net\\\/fr\\\/#\\\/schema\\\/logo\\\/image\\\/\"}}]}<\/script>\n<!-- \/ Yoast SEO plugin. -->","yoast_head_json":{"title":"Exercice 2: Futur simple ou futur ant\u00e9rieur ? | Live French","robots":{"index":"index","follow":"follow","max-snippet":"max-snippet:-1","max-image-preview":"max-image-preview:large","max-video-preview":"max-video-preview:-1"},"canonical":"https:\/\/live-french.net\/fr\/grammaire-francaise\/le-futur-anterieur\/exercice-2\/","og_locale":"fr_FR","og_type":"article","og_title":"Exercice 2: Futur simple ou futur ant\u00e9rieur ? | Live French","og_description":"Plus d&rsquo;exercices sur le futur ant\u00e9rieur: Exercice 1: Conjuguer le verbe entre parenth\u00e8ses au futur ant\u00e9rieur Exercice 3: Conjuguer le verbe entre parenth\u00e8ses au futur ant\u00e9rieur et faire l\u2019accord du&hellip;","og_url":"https:\/\/live-french.net\/fr\/grammaire-francaise\/le-futur-anterieur\/exercice-2\/","og_site_name":"Live French","article_modified_time":"2022-06-14T11:56:15+00:00","schema":{"@context":"https:\/\/schema.org","@graph":[{"@type":"WebPage","@id":"https:\/\/live-french.net\/fr\/grammaire-francaise\/le-futur-anterieur\/exercice-2\/","url":"https:\/\/live-french.net\/fr\/grammaire-francaise\/le-futur-anterieur\/exercice-2\/","name":"Exercice 2: Futur simple ou futur ant\u00e9rieur ? | Live French","isPartOf":{"@id":"https:\/\/live-french.net\/fr\/#website"},"datePublished":"2022-06-14T11:46:35+00:00","dateModified":"2022-06-14T11:56:15+00:00","breadcrumb":{"@id":"https:\/\/live-french.net\/fr\/grammaire-francaise\/le-futur-anterieur\/exercice-2\/#breadcrumb"},"inLanguage":"fr-FR","potentialAction":[{"@type":"ReadAction","target":["https:\/\/live-french.net\/fr\/grammaire-francaise\/le-futur-anterieur\/exercice-2\/"]}]},{"@type":"BreadcrumbList","@id":"https:\/\/live-french.net\/fr\/grammaire-francaise\/le-futur-anterieur\/exercice-2\/#breadcrumb","itemListElement":[{"@type":"ListItem","position":1,"name":"Home","item":"https:\/\/live-french.net\/fr\/"},{"@type":"ListItem","position":2,"name":"Grammaire fran\u00e7aise","item":"https:\/\/live-french.net\/fr\/grammaire-francaise\/"},{"@type":"ListItem","position":3,"name":"Le futur ant\u00e9rieur","item":"https:\/\/live-french.net\/fr\/grammaire-francaise\/le-futur-anterieur\/"},{"@type":"ListItem","position":4,"name":"Exercice 2: Futur simple ou futur ant\u00e9rieur ?"}]},{"@type":"WebSite","@id":"https:\/\/live-french.net\/fr\/#website","url":"https:\/\/live-french.net\/fr\/","name":"Live French","description":"Learn French Online","publisher":{"@id":"https:\/\/live-french.net\/fr\/#organization"},"potentialAction":[{"@type":"SearchAction","target":{"@type":"EntryPoint","urlTemplate":"https:\/\/live-french.net\/fr\/?s={search_term_string}"},"query-input":{"@type":"PropertyValueSpecification","valueRequired":true,"valueName":"search_term_string"}}],"inLanguage":"fr-FR"},{"@type":"Organization","@id":"https:\/\/live-french.net\/fr\/#organization","name":"Live French","url":"https:\/\/live-french.net\/fr\/","logo":{"@type":"ImageObject","inLanguage":"fr-FR","@id":"https:\/\/live-french.net\/fr\/#\/schema\/logo\/image\/","url":"https:\/\/live-french.net\/wp-content\/uploads\/2021\/12\/cropped-LiveFrenchLogo.png","contentUrl":"https:\/\/live-french.net\/wp-content\/uploads\/2021\/12\/cropped-LiveFrenchLogo.png","width":3319,"height":593,"caption":"Live French"},"image":{"@id":"https:\/\/live-french.net\/fr\/#\/schema\/logo\/image\/"}}]}},"_links":{"self":[{"href":"https:\/\/live-french.net\/fr\/wp-json\/wp\/v2\/pages\/21029","targetHints":{"allow":["GET"]}}],"collection":[{"href":"https:\/\/live-french.net\/fr\/wp-json\/wp\/v2\/pages"}],"about":[{"href":"https:\/\/live-french.net\/fr\/wp-json\/wp\/v2\/types\/page"}],"author":[{"embeddable":true,"href":"https:\/\/live-french.net\/fr\/wp-json\/wp\/v2\/users\/10"}],"replies":[{"embeddable":true,"href":"https:\/\/live-french.net\/fr\/wp-json\/wp\/v2\/comments?post=21029"}],"version-history":[{"count":6,"href":"https:\/\/live-french.net\/fr\/wp-json\/wp\/v2\/pages\/21029\/revisions"}],"predecessor-version":[{"id":21041,"href":"https:\/\/live-french.net\/fr\/wp-json\/wp\/v2\/pages\/21029\/revisions\/21041"}],"up":[{"embeddable":true,"href":"https:\/\/live-french.net\/fr\/wp-json\/wp\/v2\/pages\/21009"}],"wp:attachment":[{"href":"https:\/\/live-french.net\/fr\/wp-json\/wp\/v2\/media?parent=21029"}],"curies":[{"name":"wp","href":"https:\/\/api.w.org\/{rel}","templated":true}]}}