{"id":21009,"date":"2022-06-14T13:33:58","date_gmt":"2022-06-14T11:33:58","guid":{"rendered":"https:\/\/live-french.net\/?page_id=21009"},"modified":"2022-06-15T07:59:04","modified_gmt":"2022-06-15T05:59:04","slug":"le-futur-anterieur","status":"publish","type":"page","link":"https:\/\/live-french.net\/fr\/grammaire-francaise\/le-futur-anterieur\/","title":{"rendered":"Le futur ant\u00e9rieur"},"content":{"rendered":"<h2>Vid\u00e9o sur le futur ant\u00e9rieur<\/h2>\n<p><iframe src=\"https:\/\/youtube.com\/embed\/FUfdOZDbvng\" width=\"560\" height=\"315\" frameborder=\"0\" allowfullscreen=\"allowfullscreen\"><\/iframe><\/p>\n<h2>Usage du futur ant\u00e9rieur en fran\u00e7ais<\/h2>\n<p>Nous utilisons le futur ant\u00e9rieur dans diff\u00e9rentes situations:<br \/>\n<strong>1. Deux actions cons\u00e9cutives dans le future. La premi\u00e8re action (dans l&rsquo;ordre chronologique des faits) est au futur ant\u00e9rieur, et la deuxi\u00e8me action au futur simple.<\/strong><br \/>\nExemples:<br \/>\nQuand nous aurons mang\u00e9 (futur ant\u00e9rieur), nous partirons (futur simple).<br \/>\nNous ach\u00e8terons (futur simple) les billets d\u00e8s que nous serons arriv\u00e9s (futur ant\u00e9rieur) \u00e0 la gare.<\/p>\n<p><strong>2. un action qui sera termin\u00e9e<\/strong><br \/>\nDans 10 ans, nous aurons d\u00e9m\u00e9nag\u00e9.<\/p>\n<p><strong>3. une pr\u00e9diction ou une probabilit\u00e9 (peu utilis\u00e9)<\/strong><br \/>\nIl se sera sans doute perdu.<\/p>\n<h2>Formation du futur ant\u00e9rieur en fran\u00e7ais<\/h2>\n<p>L&rsquo;auxiliaire \u00eatre au avoir (selon le verbe) au futur simple + participe pass\u00e9.<\/p>\n<p>Comme tous les temps compos\u00e9s, le futur ant\u00e9rieur utilise l&rsquo;auxiliaire du verbe et son participe pass\u00e9.<br \/>\nVoir notre cours sur <a href=\"https:\/\/live-french.net\/fr\/grammaire-francaise\/le-passe-compose\/\" title=\"le pass\u00e9 compos\u00e9\">le pass\u00e9 compos\u00e9<\/a> pour plus de d\u00e9tails sur l&rsquo;auxiliaire \u00e0 utiliser.<\/p>\n<h2>Exercice sur le futur ant\u00e9rieur<\/h2>\n<p><a title=\"Conjuguer le verbe entre parenth\u00e8ses au futur ant\u00e9rieur\" href=\"https:\/\/live-french.net\/fr\/grammaire-francaise\/le-futur-anterieur\/exercice-1\/\">Exercice 1: Conjuguer le verbe entre parenth\u00e8ses au futur ant\u00e9rieur<\/a><br \/>\n<a title=\"Futur simple ou futur ant\u00e9rieur ?\" href=\"https:\/\/live-french.net\/fr\/grammaire-francaise\/le-futur-anterieur\/exercice-2\/\">Exercice 2: Futur simple ou futur ant\u00e9rieur ?<\/a><br \/>\n<a title=\"Conjuguer le verbe entre parenth\u00e8ses au futur ant\u00e9rieur et faire l\u2019accord du participe pass\u00e9\" href=\"https:\/\/live-french.net\/fr\/grammaire-francaise\/le-futur-anterieur\/exercice-3\/\">Exercice 3: Conjuguer le verbe entre parenth\u00e8ses au futur ant\u00e9rieur et faire l\u2019accord du participe pass\u00e9<\/a><\/p>\n<div id=\"media_image-2\" class=\"si-sidebar-widget si-widget si-entry widget widget_media_image amr_widget\"><h4 class=\"widget-title\">Perfectionnez votre fran\u00e7ais &#8211; cours d&rsquo;essai gratuit! Inscrivez-vous ici<\/h4><a href=\"https:\/\/member.booknstart.com\/trial-registration?lg=fr&#038;referred_by=CTA&#038;office_id=6\"><img fetchpriority=\"high\" decoding=\"async\" width=\"1024\" height=\"366\" src=\"https:\/\/live-french.net\/wp-content\/uploads\/2025\/04\/CTA-LFNfr-1024x366.jpg\" class=\"image wp-image-27798  attachment-large size-large\" alt=\"\" style=\"max-width: 100%; height: auto;\" title=\"Perfectionnez votre fran\u00e7ais - cours d&#039;essai gratuit! Inscrivez-vous ici\" srcset=\"https:\/\/live-french.net\/wp-content\/uploads\/2025\/04\/CTA-LFNfr-1024x366.jpg 1024w, https:\/\/live-french.net\/wp-content\/uploads\/2025\/04\/CTA-LFNfr-300x107.jpg 300w, https:\/\/live-french.net\/wp-content\/uploads\/2025\/04\/CTA-LFNfr-768x274.jpg 768w, https:\/\/live-french.net\/wp-content\/uploads\/2025\/04\/CTA-LFNfr-1536x549.jpg 1536w, https:\/\/live-french.net\/wp-content\/uploads\/2025\/04\/CTA-LFNfr-2048x731.jpg 2048w\" sizes=\"(max-width: 1024px) 100vw, 1024px\" \/><\/a><\/div>","protected":false},"excerpt":{"rendered":"<p>Vid\u00e9o sur le futur ant\u00e9rieur Usage du futur ant\u00e9rieur en fran\u00e7ais Nous utilisons le futur ant\u00e9rieur dans diff\u00e9rentes situations: 1. Deux actions cons\u00e9cutives dans le future. La premi\u00e8re action (dans&hellip;<\/p>\n","protected":false},"author":10,"featured_media":0,"parent":20226,"menu_order":0,"comment_status":"closed","ping_status":"closed","template":"","meta":{"footnotes":""},"class_list":["post-21009","page","type-page","status-publish","hentry"],"yoast_head":"<!-- This site is optimized with the Yoast SEO plugin v27.5 - https:\/\/yoast.com\/product\/yoast-seo-wordpress\/ -->\n<title>Le futur ant\u00e9rieur | Live French<\/title>\n<meta name=\"description\" content=\"Le futur ant\u00e9rieur est un temps compos\u00e9 utilis\u00e9 dans des cas tr\u00e8s pr\u00e9cis. Venez les d\u00e9couvrir et pratiquer avec nos explications et exercices\" \/>\n<meta name=\"robots\" content=\"index, follow, max-snippet:-1, max-image-preview:large, max-video-preview:-1\" \/>\n<link rel=\"canonical\" href=\"https:\/\/live-french.net\/fr\/grammaire-francaise\/le-futur-anterieur\/\" \/>\n<meta property=\"og:locale\" content=\"fr_FR\" \/>\n<meta property=\"og:type\" content=\"article\" \/>\n<meta property=\"og:title\" content=\"Le futur ant\u00e9rieur | Live French\" \/>\n<meta property=\"og:description\" content=\"Le futur ant\u00e9rieur est un temps compos\u00e9 utilis\u00e9 dans des cas tr\u00e8s pr\u00e9cis. Venez les d\u00e9couvrir et pratiquer avec nos explications et exercices\" \/>\n<meta property=\"og:url\" content=\"https:\/\/live-french.net\/fr\/grammaire-francaise\/le-futur-anterieur\/\" \/>\n<meta property=\"og:site_name\" content=\"Live French\" \/>\n<meta property=\"article:modified_time\" content=\"2022-06-15T05:59:04+00:00\" \/>\n<meta name=\"twitter:label1\" content=\"Dur\u00e9e de lecture estim\u00e9e\" \/>\n\t<meta name=\"twitter:data1\" content=\"1 minute\" \/>\n<script type=\"application\/ld+json\" class=\"yoast-schema-graph\">{\"@context\":\"https:\\\/\\\/schema.org\",\"@graph\":[{\"@type\":\"WebPage\",\"@id\":\"https:\\\/\\\/live-french.net\\\/fr\\\/grammaire-francaise\\\/le-futur-anterieur\\\/\",\"url\":\"https:\\\/\\\/live-french.net\\\/fr\\\/grammaire-francaise\\\/le-futur-anterieur\\\/\",\"name\":\"Le futur ant\u00e9rieur | Live French\",\"isPartOf\":{\"@id\":\"https:\\\/\\\/live-french.net\\\/fr\\\/#website\"},\"datePublished\":\"2022-06-14T11:33:58+00:00\",\"dateModified\":\"2022-06-15T05:59:04+00:00\",\"description\":\"Le futur ant\u00e9rieur est un temps compos\u00e9 utilis\u00e9 dans des cas tr\u00e8s pr\u00e9cis. Venez les d\u00e9couvrir et pratiquer avec nos explications et exercices\",\"breadcrumb\":{\"@id\":\"https:\\\/\\\/live-french.net\\\/fr\\\/grammaire-francaise\\\/le-futur-anterieur\\\/#breadcrumb\"},\"inLanguage\":\"fr-FR\",\"potentialAction\":[{\"@type\":\"ReadAction\",\"target\":[\"https:\\\/\\\/live-french.net\\\/fr\\\/grammaire-francaise\\\/le-futur-anterieur\\\/\"]}]},{\"@type\":\"BreadcrumbList\",\"@id\":\"https:\\\/\\\/live-french.net\\\/fr\\\/grammaire-francaise\\\/le-futur-anterieur\\\/#breadcrumb\",\"itemListElement\":[{\"@type\":\"ListItem\",\"position\":1,\"name\":\"Home\",\"item\":\"https:\\\/\\\/live-french.net\\\/fr\\\/\"},{\"@type\":\"ListItem\",\"position\":2,\"name\":\"Grammaire fran\u00e7aise\",\"item\":\"https:\\\/\\\/live-french.net\\\/fr\\\/grammaire-francaise\\\/\"},{\"@type\":\"ListItem\",\"position\":3,\"name\":\"Le futur ant\u00e9rieur\"}]},{\"@type\":\"WebSite\",\"@id\":\"https:\\\/\\\/live-french.net\\\/fr\\\/#website\",\"url\":\"https:\\\/\\\/live-french.net\\\/fr\\\/\",\"name\":\"Live French\",\"description\":\"Learn French Online\",\"publisher\":{\"@id\":\"https:\\\/\\\/live-french.net\\\/fr\\\/#organization\"},\"potentialAction\":[{\"@type\":\"SearchAction\",\"target\":{\"@type\":\"EntryPoint\",\"urlTemplate\":\"https:\\\/\\\/live-french.net\\\/fr\\\/?s={search_term_string}\"},\"query-input\":{\"@type\":\"PropertyValueSpecification\",\"valueRequired\":true,\"valueName\":\"search_term_string\"}}],\"inLanguage\":\"fr-FR\"},{\"@type\":\"Organization\",\"@id\":\"https:\\\/\\\/live-french.net\\\/fr\\\/#organization\",\"name\":\"Live French\",\"url\":\"https:\\\/\\\/live-french.net\\\/fr\\\/\",\"logo\":{\"@type\":\"ImageObject\",\"inLanguage\":\"fr-FR\",\"@id\":\"https:\\\/\\\/live-french.net\\\/fr\\\/#\\\/schema\\\/logo\\\/image\\\/\",\"url\":\"https:\\\/\\\/live-french.net\\\/wp-content\\\/uploads\\\/2021\\\/12\\\/cropped-LiveFrenchLogo.png\",\"contentUrl\":\"https:\\\/\\\/live-french.net\\\/wp-content\\\/uploads\\\/2021\\\/12\\\/cropped-LiveFrenchLogo.png\",\"width\":3319,\"height\":593,\"caption\":\"Live French\"},\"image\":{\"@id\":\"https:\\\/\\\/live-french.net\\\/fr\\\/#\\\/schema\\\/logo\\\/image\\\/\"}}]}<\/script>\n<!-- \/ Yoast SEO plugin. -->","yoast_head_json":{"title":"Le futur ant\u00e9rieur | Live French","description":"Le futur ant\u00e9rieur est un temps compos\u00e9 utilis\u00e9 dans des cas tr\u00e8s pr\u00e9cis. Venez les d\u00e9couvrir et pratiquer avec nos explications et exercices","robots":{"index":"index","follow":"follow","max-snippet":"max-snippet:-1","max-image-preview":"max-image-preview:large","max-video-preview":"max-video-preview:-1"},"canonical":"https:\/\/live-french.net\/fr\/grammaire-francaise\/le-futur-anterieur\/","og_locale":"fr_FR","og_type":"article","og_title":"Le futur ant\u00e9rieur | Live French","og_description":"Le futur ant\u00e9rieur est un temps compos\u00e9 utilis\u00e9 dans des cas tr\u00e8s pr\u00e9cis. Venez les d\u00e9couvrir et pratiquer avec nos explications et exercices","og_url":"https:\/\/live-french.net\/fr\/grammaire-francaise\/le-futur-anterieur\/","og_site_name":"Live French","article_modified_time":"2022-06-15T05:59:04+00:00","twitter_misc":{"Dur\u00e9e de lecture estim\u00e9e":"1 minute"},"schema":{"@context":"https:\/\/schema.org","@graph":[{"@type":"WebPage","@id":"https:\/\/live-french.net\/fr\/grammaire-francaise\/le-futur-anterieur\/","url":"https:\/\/live-french.net\/fr\/grammaire-francaise\/le-futur-anterieur\/","name":"Le futur ant\u00e9rieur | Live French","isPartOf":{"@id":"https:\/\/live-french.net\/fr\/#website"},"datePublished":"2022-06-14T11:33:58+00:00","dateModified":"2022-06-15T05:59:04+00:00","description":"Le futur ant\u00e9rieur est un temps compos\u00e9 utilis\u00e9 dans des cas tr\u00e8s pr\u00e9cis. Venez les d\u00e9couvrir et pratiquer avec nos explications et exercices","breadcrumb":{"@id":"https:\/\/live-french.net\/fr\/grammaire-francaise\/le-futur-anterieur\/#breadcrumb"},"inLanguage":"fr-FR","potentialAction":[{"@type":"ReadAction","target":["https:\/\/live-french.net\/fr\/grammaire-francaise\/le-futur-anterieur\/"]}]},{"@type":"BreadcrumbList","@id":"https:\/\/live-french.net\/fr\/grammaire-francaise\/le-futur-anterieur\/#breadcrumb","itemListElement":[{"@type":"ListItem","position":1,"name":"Home","item":"https:\/\/live-french.net\/fr\/"},{"@type":"ListItem","position":2,"name":"Grammaire fran\u00e7aise","item":"https:\/\/live-french.net\/fr\/grammaire-francaise\/"},{"@type":"ListItem","position":3,"name":"Le futur ant\u00e9rieur"}]},{"@type":"WebSite","@id":"https:\/\/live-french.net\/fr\/#website","url":"https:\/\/live-french.net\/fr\/","name":"Live French","description":"Learn French Online","publisher":{"@id":"https:\/\/live-french.net\/fr\/#organization"},"potentialAction":[{"@type":"SearchAction","target":{"@type":"EntryPoint","urlTemplate":"https:\/\/live-french.net\/fr\/?s={search_term_string}"},"query-input":{"@type":"PropertyValueSpecification","valueRequired":true,"valueName":"search_term_string"}}],"inLanguage":"fr-FR"},{"@type":"Organization","@id":"https:\/\/live-french.net\/fr\/#organization","name":"Live French","url":"https:\/\/live-french.net\/fr\/","logo":{"@type":"ImageObject","inLanguage":"fr-FR","@id":"https:\/\/live-french.net\/fr\/#\/schema\/logo\/image\/","url":"https:\/\/live-french.net\/wp-content\/uploads\/2021\/12\/cropped-LiveFrenchLogo.png","contentUrl":"https:\/\/live-french.net\/wp-content\/uploads\/2021\/12\/cropped-LiveFrenchLogo.png","width":3319,"height":593,"caption":"Live French"},"image":{"@id":"https:\/\/live-french.net\/fr\/#\/schema\/logo\/image\/"}}]}},"_links":{"self":[{"href":"https:\/\/live-french.net\/fr\/wp-json\/wp\/v2\/pages\/21009","targetHints":{"allow":["GET"]}}],"collection":[{"href":"https:\/\/live-french.net\/fr\/wp-json\/wp\/v2\/pages"}],"about":[{"href":"https:\/\/live-french.net\/fr\/wp-json\/wp\/v2\/types\/page"}],"author":[{"embeddable":true,"href":"https:\/\/live-french.net\/fr\/wp-json\/wp\/v2\/users\/10"}],"replies":[{"embeddable":true,"href":"https:\/\/live-french.net\/fr\/wp-json\/wp\/v2\/comments?post=21009"}],"version-history":[{"count":7,"href":"https:\/\/live-french.net\/fr\/wp-json\/wp\/v2\/pages\/21009\/revisions"}],"predecessor-version":[{"id":21049,"href":"https:\/\/live-french.net\/fr\/wp-json\/wp\/v2\/pages\/21009\/revisions\/21049"}],"up":[{"embeddable":true,"href":"https:\/\/live-french.net\/fr\/wp-json\/wp\/v2\/pages\/20226"}],"wp:attachment":[{"href":"https:\/\/live-french.net\/fr\/wp-json\/wp\/v2\/media?parent=21009"}],"curies":[{"name":"wp","href":"https:\/\/api.w.org\/{rel}","templated":true}]}}