{"id":20657,"date":"2022-05-04T12:17:30","date_gmt":"2022-05-04T10:17:30","guid":{"rendered":"https:\/\/live-french.net\/?page_id=20657"},"modified":"2022-05-29T13:51:41","modified_gmt":"2022-05-29T11:51:41","slug":"le-passe-compose","status":"publish","type":"page","link":"https:\/\/live-french.net\/fr\/grammaire-francaise\/le-passe-compose\/","title":{"rendered":"Le pass\u00e9 compos\u00e9"},"content":{"rendered":"<h2>Vid\u00e9o sur le pass\u00e9 compos\u00e9<\/h2>\n<p><iframe src=\"https:\/\/youtube.com\/embed\/6_JJRsgHx-U\" width=\"560\" height=\"315\" frameborder=\"0\" allowfullscreen=\"allowfullscreen\"><\/iframe><\/p>\n<h2>Explications sur le pass\u00e9 compos\u00e9 (FLE)<\/h2>\n<p>Le pass\u00e9 compos\u00e9 est utilis\u00e9 pour situer une action ponctuelle et principale dans le pass\u00e9.<br \/>\nPar exemple:<br \/>\nHier, j&rsquo;ai mang\u00e9 une pomme.<br \/>\nVoir aussi notre cours sur <a href=\"https:\/\/live-french.net\/fr\/grammaire-francaise\/la-difference-entre-le-passe-compose-et-limparfait\/\" title=\"la diff\u00e9rence entre le pass\u00e9 compos\u00e9 et l'imparfait\">la diff\u00e9rence entre le pass\u00e9 compos\u00e9 et l&rsquo;imparfait<\/a>.<\/p>\n<h3>Formation du pass\u00e9 compos\u00e9<\/h3>\n<p>Le pass\u00e9 compos\u00e9 est compos\u00e9 de 2 partie:<br \/>\nl&rsquo;auxiliaire (\u00eatre ou avoir) + participe pass\u00e9 du verbe<\/p>\n<h3>Les auxiliaires du pass\u00e9 compos\u00e9<\/h3>\n<p><strong>L&rsquo;auxiliaire avoir<\/strong> est utilis\u00e9 dans la majorit\u00e9 des verbes. Il n&rsquo;y a pas d&rsquo;accord avec le sujet.<br \/>\nPar exemple:<br \/>\nNous avons achet\u00e9 une nouvelle voiture.<\/p>\n<p><strong>L&rsquo;auxiliaire \u00eatre<\/strong> est utilis\u00e9 avec les verbes pronominaux et la liste de verbe suivante:<br \/>\naller, venir, entrer, sortir, monter, descendre, arriver, partir, na\u00eetre, mourir, passer, rester, devenir, retourner, tomber.<br \/>\nEn r\u00e8gle g\u00e9n\u00e9rale, on accorde le participe pass\u00e9 en genre et en nombre avec le sujet (l&rsquo;accord des verbes pronominaux est en-dehors du cadre de ce cours).<br \/>\nPar exemple:<br \/>\nElle est all<strong>\u00e9e<\/strong> \u00e0 la pharmacie.<br \/>\nIls sont mont<strong>\u00e9s<\/strong> \u00e0 la maison.<\/p>\n<h3>L&rsquo;accord du participe pass\u00e9 au pass\u00e9 compos\u00e9<\/h3>\n<p>L&rsquo;accord du participe pass\u00e9 en fonction du COD pour les verbes qui se conjuguent avec l&rsquo;auxiliaire avoir fera l&rsquo;objet d&rsquo;un cours d\u00e9di\u00e9.<\/p>\n<h2>Exercice sur le pass\u00e9 compos\u00e9<\/h2>\n<p><a title=\"Conjuguer le verbe entre parenth\u00e8ses au pass\u00e9 compos\u00e9\" href=\"https:\/\/live-french.net\/fr\/grammaire-francaise\/le-passe-compose\/exercice-1\/\">Exercice 1: Conjuguer le verbe entre parenth\u00e8ses au pass\u00e9 compos\u00e9<\/a><br \/>\n<a title=\"Associer chaque verbe \u00e0 sa phrase\" href=\"https:\/\/live-french.net\/fr\/grammaire-francaise\/le-passe-compose\/exercice-2\/\">Exercice 2: Associer chaque verbe \u00e0 sa phrase<\/a><br \/>\n<a title=\"Ajouter l\u2019auxiliaire \u00eatre ou avoir\" href=\"https:\/\/live-french.net\/fr\/grammaire-francaise\/le-passe-compose\/exercice-3\/\">Exercice 3: Ajouter l\u2019auxiliaire \u00eatre ou avoir<\/a><\/p>\n<div id=\"media_image-2\" class=\"si-sidebar-widget si-widget si-entry widget widget_media_image amr_widget\"><h4 class=\"widget-title\">Perfectionnez votre fran\u00e7ais &#8211; cours d&rsquo;essai gratuit! Inscrivez-vous ici<\/h4><a href=\"https:\/\/member.booknstart.com\/trial-registration?lg=fr&#038;referred_by=CTA&#038;office_id=6\"><img fetchpriority=\"high\" decoding=\"async\" width=\"1024\" height=\"366\" src=\"https:\/\/live-french.net\/wp-content\/uploads\/2025\/04\/CTA-LFNfr-1024x366.jpg\" class=\"image wp-image-27798  attachment-large size-large\" alt=\"\" style=\"max-width: 100%; height: auto;\" title=\"Perfectionnez votre fran\u00e7ais - cours d&#039;essai gratuit! Inscrivez-vous ici\" srcset=\"https:\/\/live-french.net\/wp-content\/uploads\/2025\/04\/CTA-LFNfr-1024x366.jpg 1024w, https:\/\/live-french.net\/wp-content\/uploads\/2025\/04\/CTA-LFNfr-300x107.jpg 300w, https:\/\/live-french.net\/wp-content\/uploads\/2025\/04\/CTA-LFNfr-768x274.jpg 768w, https:\/\/live-french.net\/wp-content\/uploads\/2025\/04\/CTA-LFNfr-1536x549.jpg 1536w, https:\/\/live-french.net\/wp-content\/uploads\/2025\/04\/CTA-LFNfr-2048x731.jpg 2048w\" sizes=\"(max-width: 1024px) 100vw, 1024px\" \/><\/a><\/div>","protected":false},"excerpt":{"rendered":"<p>Vid\u00e9o sur le pass\u00e9 compos\u00e9 Explications sur le pass\u00e9 compos\u00e9 (FLE) Le pass\u00e9 compos\u00e9 est utilis\u00e9 pour situer une action ponctuelle et principale dans le pass\u00e9. Par exemple: Hier, j&rsquo;ai&hellip;<\/p>\n","protected":false},"author":10,"featured_media":0,"parent":20226,"menu_order":0,"comment_status":"closed","ping_status":"closed","template":"","meta":{"om_disable_all_campaigns":false,"_monsterinsights_skip_tracking":false,"_monsterinsights_sitenote_active":false,"_monsterinsights_sitenote_note":"","_monsterinsights_sitenote_category":0,"footnotes":""},"class_list":["post-20657","page","type-page","status-publish","hentry"],"aioseo_notices":[],"yoast_head":"<!-- This site is optimized with the Yoast SEO plugin v26.9 - https:\/\/yoast.com\/product\/yoast-seo-wordpress\/ -->\n<title>Le pass\u00e9 compos\u00e9 - Live-French.net<\/title>\n<meta name=\"description\" content=\"Le pass\u00e9 compos\u00e9 est un temps tr\u00e8s important en fran\u00e7ais. Voici les r\u00e8gles qui s&#039;appliquent pour voir comment l&#039;utiliser correctement.\" \/>\n<meta name=\"robots\" content=\"index, follow, max-snippet:-1, max-image-preview:large, max-video-preview:-1\" \/>\n<link rel=\"canonical\" href=\"https:\/\/live-french.net\/fr\/grammaire-francaise\/le-passe-compose\/\" \/>\n<meta property=\"og:locale\" content=\"fr_FR\" \/>\n<meta property=\"og:type\" content=\"article\" \/>\n<meta property=\"og:title\" content=\"Le pass\u00e9 compos\u00e9 - Live-French.net\" \/>\n<meta property=\"og:description\" content=\"Le pass\u00e9 compos\u00e9 est un temps tr\u00e8s important en fran\u00e7ais. Voici les r\u00e8gles qui s&#039;appliquent pour voir comment l&#039;utiliser correctement.\" \/>\n<meta property=\"og:url\" content=\"https:\/\/live-french.net\/fr\/grammaire-francaise\/le-passe-compose\/\" \/>\n<meta property=\"og:site_name\" content=\"Live-French.net\" \/>\n<meta property=\"article:modified_time\" content=\"2022-05-29T11:51:41+00:00\" \/>\n<meta name=\"twitter:label1\" content=\"Dur\u00e9e de lecture estim\u00e9e\" \/>\n\t<meta name=\"twitter:data1\" content=\"1 minute\" \/>\n<script type=\"application\/ld+json\" class=\"yoast-schema-graph\">{\"@context\":\"https:\/\/schema.org\",\"@graph\":[{\"@type\":\"WebPage\",\"@id\":\"https:\/\/live-french.net\/fr\/grammaire-francaise\/le-passe-compose\/\",\"url\":\"https:\/\/live-french.net\/fr\/grammaire-francaise\/le-passe-compose\/\",\"name\":\"Le pass\u00e9 compos\u00e9 - Live-French.net\",\"isPartOf\":{\"@id\":\"https:\/\/live-french.net\/fr\/#website\"},\"datePublished\":\"2022-05-04T10:17:30+00:00\",\"dateModified\":\"2022-05-29T11:51:41+00:00\",\"description\":\"Le pass\u00e9 compos\u00e9 est un temps tr\u00e8s important en fran\u00e7ais. Voici les r\u00e8gles qui s'appliquent pour voir comment l'utiliser correctement.\",\"breadcrumb\":{\"@id\":\"https:\/\/live-french.net\/fr\/grammaire-francaise\/le-passe-compose\/#breadcrumb\"},\"inLanguage\":\"fr-FR\",\"potentialAction\":[{\"@type\":\"ReadAction\",\"target\":[\"https:\/\/live-french.net\/fr\/grammaire-francaise\/le-passe-compose\/\"]}]},{\"@type\":\"BreadcrumbList\",\"@id\":\"https:\/\/live-french.net\/fr\/grammaire-francaise\/le-passe-compose\/#breadcrumb\",\"itemListElement\":[{\"@type\":\"ListItem\",\"position\":1,\"name\":\"Home\",\"item\":\"https:\/\/live-french.net\/fr\/\"},{\"@type\":\"ListItem\",\"position\":2,\"name\":\"Grammaire fran\u00e7aise\",\"item\":\"https:\/\/live-french.net\/fr\/grammaire-francaise\/\"},{\"@type\":\"ListItem\",\"position\":3,\"name\":\"Le pass\u00e9 compos\u00e9\"}]},{\"@type\":\"WebSite\",\"@id\":\"https:\/\/live-french.net\/fr\/#website\",\"url\":\"https:\/\/live-french.net\/fr\/\",\"name\":\"Live-French.net\",\"description\":\"Learn French Online\",\"publisher\":{\"@id\":\"https:\/\/live-french.net\/fr\/#organization\"},\"potentialAction\":[{\"@type\":\"SearchAction\",\"target\":{\"@type\":\"EntryPoint\",\"urlTemplate\":\"https:\/\/live-french.net\/fr\/?s={search_term_string}\"},\"query-input\":{\"@type\":\"PropertyValueSpecification\",\"valueRequired\":true,\"valueName\":\"search_term_string\"}}],\"inLanguage\":\"fr-FR\"},{\"@type\":\"Organization\",\"@id\":\"https:\/\/live-french.net\/fr\/#organization\",\"name\":\"Live-French.net\",\"url\":\"https:\/\/live-french.net\/fr\/\",\"logo\":{\"@type\":\"ImageObject\",\"inLanguage\":\"fr-FR\",\"@id\":\"https:\/\/live-french.net\/fr\/#\/schema\/logo\/image\/\",\"url\":\"https:\/\/live-french.net\/wp-content\/uploads\/2021\/12\/cropped-LiveFrenchLogo.png\",\"contentUrl\":\"https:\/\/live-french.net\/wp-content\/uploads\/2021\/12\/cropped-LiveFrenchLogo.png\",\"width\":3319,\"height\":593,\"caption\":\"Live-French.net\"},\"image\":{\"@id\":\"https:\/\/live-french.net\/fr\/#\/schema\/logo\/image\/\"}}]}<\/script>\n<!-- \/ Yoast SEO plugin. -->","yoast_head_json":{"title":"Le pass\u00e9 compos\u00e9 - Live-French.net","description":"Le pass\u00e9 compos\u00e9 est un temps tr\u00e8s important en fran\u00e7ais. Voici les r\u00e8gles qui s'appliquent pour voir comment l'utiliser correctement.","robots":{"index":"index","follow":"follow","max-snippet":"max-snippet:-1","max-image-preview":"max-image-preview:large","max-video-preview":"max-video-preview:-1"},"canonical":"https:\/\/live-french.net\/fr\/grammaire-francaise\/le-passe-compose\/","og_locale":"fr_FR","og_type":"article","og_title":"Le pass\u00e9 compos\u00e9 - Live-French.net","og_description":"Le pass\u00e9 compos\u00e9 est un temps tr\u00e8s important en fran\u00e7ais. Voici les r\u00e8gles qui s'appliquent pour voir comment l'utiliser correctement.","og_url":"https:\/\/live-french.net\/fr\/grammaire-francaise\/le-passe-compose\/","og_site_name":"Live-French.net","article_modified_time":"2022-05-29T11:51:41+00:00","twitter_misc":{"Dur\u00e9e de lecture estim\u00e9e":"1 minute"},"schema":{"@context":"https:\/\/schema.org","@graph":[{"@type":"WebPage","@id":"https:\/\/live-french.net\/fr\/grammaire-francaise\/le-passe-compose\/","url":"https:\/\/live-french.net\/fr\/grammaire-francaise\/le-passe-compose\/","name":"Le pass\u00e9 compos\u00e9 - Live-French.net","isPartOf":{"@id":"https:\/\/live-french.net\/fr\/#website"},"datePublished":"2022-05-04T10:17:30+00:00","dateModified":"2022-05-29T11:51:41+00:00","description":"Le pass\u00e9 compos\u00e9 est un temps tr\u00e8s important en fran\u00e7ais. Voici les r\u00e8gles qui s'appliquent pour voir comment l'utiliser correctement.","breadcrumb":{"@id":"https:\/\/live-french.net\/fr\/grammaire-francaise\/le-passe-compose\/#breadcrumb"},"inLanguage":"fr-FR","potentialAction":[{"@type":"ReadAction","target":["https:\/\/live-french.net\/fr\/grammaire-francaise\/le-passe-compose\/"]}]},{"@type":"BreadcrumbList","@id":"https:\/\/live-french.net\/fr\/grammaire-francaise\/le-passe-compose\/#breadcrumb","itemListElement":[{"@type":"ListItem","position":1,"name":"Home","item":"https:\/\/live-french.net\/fr\/"},{"@type":"ListItem","position":2,"name":"Grammaire fran\u00e7aise","item":"https:\/\/live-french.net\/fr\/grammaire-francaise\/"},{"@type":"ListItem","position":3,"name":"Le pass\u00e9 compos\u00e9"}]},{"@type":"WebSite","@id":"https:\/\/live-french.net\/fr\/#website","url":"https:\/\/live-french.net\/fr\/","name":"Live-French.net","description":"Learn French Online","publisher":{"@id":"https:\/\/live-french.net\/fr\/#organization"},"potentialAction":[{"@type":"SearchAction","target":{"@type":"EntryPoint","urlTemplate":"https:\/\/live-french.net\/fr\/?s={search_term_string}"},"query-input":{"@type":"PropertyValueSpecification","valueRequired":true,"valueName":"search_term_string"}}],"inLanguage":"fr-FR"},{"@type":"Organization","@id":"https:\/\/live-french.net\/fr\/#organization","name":"Live-French.net","url":"https:\/\/live-french.net\/fr\/","logo":{"@type":"ImageObject","inLanguage":"fr-FR","@id":"https:\/\/live-french.net\/fr\/#\/schema\/logo\/image\/","url":"https:\/\/live-french.net\/wp-content\/uploads\/2021\/12\/cropped-LiveFrenchLogo.png","contentUrl":"https:\/\/live-french.net\/wp-content\/uploads\/2021\/12\/cropped-LiveFrenchLogo.png","width":3319,"height":593,"caption":"Live-French.net"},"image":{"@id":"https:\/\/live-french.net\/fr\/#\/schema\/logo\/image\/"}}]}},"_links":{"self":[{"href":"https:\/\/live-french.net\/fr\/wp-json\/wp\/v2\/pages\/20657","targetHints":{"allow":["GET"]}}],"collection":[{"href":"https:\/\/live-french.net\/fr\/wp-json\/wp\/v2\/pages"}],"about":[{"href":"https:\/\/live-french.net\/fr\/wp-json\/wp\/v2\/types\/page"}],"author":[{"embeddable":true,"href":"https:\/\/live-french.net\/fr\/wp-json\/wp\/v2\/users\/10"}],"replies":[{"embeddable":true,"href":"https:\/\/live-french.net\/fr\/wp-json\/wp\/v2\/comments?post=20657"}],"version-history":[{"count":9,"href":"https:\/\/live-french.net\/fr\/wp-json\/wp\/v2\/pages\/20657\/revisions"}],"predecessor-version":[{"id":20806,"href":"https:\/\/live-french.net\/fr\/wp-json\/wp\/v2\/pages\/20657\/revisions\/20806"}],"up":[{"embeddable":true,"href":"https:\/\/live-french.net\/fr\/wp-json\/wp\/v2\/pages\/20226"}],"wp:attachment":[{"href":"https:\/\/live-french.net\/fr\/wp-json\/wp\/v2\/media?parent=20657"}],"curies":[{"name":"wp","href":"https:\/\/api.w.org\/{rel}","templated":true}]}}