{"id":20389,"date":"2022-03-23T14:01:49","date_gmt":"2022-03-23T13:01:49","guid":{"rendered":"https:\/\/live-french.net\/?page_id=20389"},"modified":"2022-05-29T14:43:08","modified_gmt":"2022-05-29T12:43:08","slug":"lhypothese","status":"publish","type":"page","link":"https:\/\/live-french.net\/fr\/grammaire-francaise\/lhypothese\/","title":{"rendered":"L&rsquo;hypoth\u00e8se"},"content":{"rendered":"<h2>Vid\u00e9o sur l&rsquo;hypoth\u00e8se<\/h2>\n<p><iframe src=\"https:\/\/youtube.com\/embed\/rXOm0zKZiX4\" width=\"560\" height=\"315\" frameborder=\"0\" allowfullscreen=\"allowfullscreen\"><\/iframe> <\/p>\n<h2>Explications sur l&rsquo;hypoth\u00e8se (FLE)<\/h2>\n<p>Il existe trois types de phrases hypoth\u00e9tiques en fran\u00e7ais:<br \/>\n<strong>1. L&rsquo;hypoth\u00e8se sur le futur<\/strong><br \/>\nPour parler d&rsquo;une hypoth\u00e8se dans le futur. Elle exprime une incertitude qui est dans le domaine du possible.<br \/>\nformation: si + pr\u00e9sent, futur simple<br \/>\nexemple: si les enfants sortent plus tard de l&rsquo;\u00e9cole, on viendra les chercher.<\/p>\n<p><strong>2. L&rsquo;hypoth\u00e8se sur le pr\u00e9sent<\/strong><br \/>\nPour parler d&rsquo;une hypoth\u00e8se dans le pr\u00e9sent. Cette hypoth\u00e8se sur le pr\u00e9sent est une imagination. On imagine quelquechose qui n&rsquo;existe pas.<br \/>\nformation: si + imparfait, conditionnel pr\u00e9sent<br \/>\nexemple: si les enfants sortaient plus tard de l&rsquo;\u00e9cole, on viendrait les chercher.<\/p>\n<p><strong>3. L&rsquo;hypoth\u00e8se sur le pass\u00e9<\/strong><br \/>\nPour parler d&rsquo;une hypoth\u00e8se dans le pass\u00e9.<br \/>\nformation: si + plus-que-parfait , conditionnel pass\u00e9<br \/>\nexemple: si les enfants \u00e9taient sortis plus tard de l&rsquo;\u00e9cole, on serait venu les chercher.<\/p>\n<p>L&rsquo;hypoth\u00e8se sur le pass\u00e9 peut aussi servir \u00e0 exprimer un regret (le pass\u00e9 ne peut plus \u00eatre refait!)<br \/>\nPar exemple:<br \/>\nSi j&rsquo;avais \u00e9t\u00e9 riche, j&rsquo;aurais achet\u00e9 une villa.<\/p>\n<h2>Exercice sur l&rsquo;hypoth\u00e8se:<\/h2>\n<p><a href=\"https:\/\/live-french.net\/fr\/grammaire-francaise\/lhypothese\/exercice-1\/\" title=\"Faire des phrases selon le mod\u00e8le, en utilisant une hypoth\u00e8se sur le futur\" >Exercice 1: Faire des phrases selon le mod\u00e8le, en utilisant une hypoth\u00e8se sur le futur<\/a><br \/>\n<a href=\"https:\/\/live-french.net\/fr\/grammaire-francaise\/lhypothese\/exercice-2\/\" title=\"Faire des phrases selon le mod\u00e8le, en utilisant une hypoth\u00e8se sur le pr\u00e9sent\" >Exercice 2: Faire des phrases selon le mod\u00e8le, en utilisant une hypoth\u00e8se sur le pr\u00e9sent<\/a><br \/>\n<a href=\"https:\/\/live-french.net\/fr\/grammaire-francaise\/lhypothese\/exercice-3\/\" title=\"Faire des phrases selon le mod\u00e8le, en utilisant une hypoth\u00e8se sur le pass\u00e9\" >Exercice 3: Faire des phrases selon le mod\u00e8le, en utilisant une hypoth\u00e8se sur le pass\u00e9<\/a><\/p>\n<div id=\"media_image-2\" class=\"si-sidebar-widget si-widget si-entry widget widget_media_image amr_widget\"><h4 class=\"widget-title\">Perfectionnez votre fran\u00e7ais &#8211; cours d&rsquo;essai gratuit! Inscrivez-vous ici<\/h4><a href=\"https:\/\/member.booknstart.com\/trial-registration?lg=fr&#038;referred_by=CTA&#038;office_id=6\"><img fetchpriority=\"high\" decoding=\"async\" width=\"1024\" height=\"366\" src=\"https:\/\/live-french.net\/wp-content\/uploads\/2025\/04\/CTA-LFNfr-1024x366.jpg\" class=\"image wp-image-27798  attachment-large size-large\" alt=\"\" style=\"max-width: 100%; height: auto;\" title=\"Perfectionnez votre fran\u00e7ais - cours d&#039;essai gratuit! Inscrivez-vous ici\" srcset=\"https:\/\/live-french.net\/wp-content\/uploads\/2025\/04\/CTA-LFNfr-1024x366.jpg 1024w, https:\/\/live-french.net\/wp-content\/uploads\/2025\/04\/CTA-LFNfr-300x107.jpg 300w, https:\/\/live-french.net\/wp-content\/uploads\/2025\/04\/CTA-LFNfr-768x274.jpg 768w, https:\/\/live-french.net\/wp-content\/uploads\/2025\/04\/CTA-LFNfr-1536x549.jpg 1536w, https:\/\/live-french.net\/wp-content\/uploads\/2025\/04\/CTA-LFNfr-2048x731.jpg 2048w\" sizes=\"(max-width: 1024px) 100vw, 1024px\" \/><\/a><\/div>","protected":false},"excerpt":{"rendered":"<p>Vid\u00e9o sur l&rsquo;hypoth\u00e8se Explications sur l&rsquo;hypoth\u00e8se (FLE) Il existe trois types de phrases hypoth\u00e9tiques en fran\u00e7ais: 1. L&rsquo;hypoth\u00e8se sur le futur Pour parler d&rsquo;une hypoth\u00e8se dans le futur. Elle exprime&hellip;<\/p>\n","protected":false},"author":10,"featured_media":0,"parent":20226,"menu_order":0,"comment_status":"closed","ping_status":"closed","template":"","meta":{"om_disable_all_campaigns":false,"_monsterinsights_skip_tracking":false,"_monsterinsights_sitenote_active":false,"_monsterinsights_sitenote_note":"","_monsterinsights_sitenote_category":0,"footnotes":""},"class_list":["post-20389","page","type-page","status-publish","hentry"],"aioseo_notices":[],"yoast_head":"<!-- This site is optimized with the Yoast SEO plugin v26.9 - https:\/\/yoast.com\/product\/yoast-seo-wordpress\/ -->\n<title>L&#039;hypoth\u00e8se - Live-French.net<\/title>\n<meta name=\"description\" content=\"L&#039;hypoth\u00e8se en fran\u00e7ais est multiple et exprime diff\u00e9rentes situations \u00e0 d\u00e9couvrir ici pour mieux s&#039;exprimer en fran\u00e7ais.\" \/>\n<meta name=\"robots\" content=\"index, follow, max-snippet:-1, max-image-preview:large, max-video-preview:-1\" \/>\n<link rel=\"canonical\" href=\"https:\/\/live-french.net\/fr\/grammaire-francaise\/lhypothese\/\" \/>\n<meta property=\"og:locale\" content=\"fr_FR\" \/>\n<meta property=\"og:type\" content=\"article\" \/>\n<meta property=\"og:title\" content=\"L&#039;hypoth\u00e8se - Live-French.net\" \/>\n<meta property=\"og:description\" content=\"L&#039;hypoth\u00e8se en fran\u00e7ais est multiple et exprime diff\u00e9rentes situations \u00e0 d\u00e9couvrir ici pour mieux s&#039;exprimer en fran\u00e7ais.\" \/>\n<meta property=\"og:url\" content=\"https:\/\/live-french.net\/fr\/grammaire-francaise\/lhypothese\/\" \/>\n<meta property=\"og:site_name\" content=\"Live-French.net\" \/>\n<meta property=\"article:modified_time\" content=\"2022-05-29T12:43:08+00:00\" \/>\n<meta name=\"twitter:label1\" content=\"Dur\u00e9e de lecture estim\u00e9e\" \/>\n\t<meta name=\"twitter:data1\" content=\"1 minute\" \/>\n<script type=\"application\/ld+json\" class=\"yoast-schema-graph\">{\"@context\":\"https:\/\/schema.org\",\"@graph\":[{\"@type\":\"WebPage\",\"@id\":\"https:\/\/live-french.net\/fr\/grammaire-francaise\/lhypothese\/\",\"url\":\"https:\/\/live-french.net\/fr\/grammaire-francaise\/lhypothese\/\",\"name\":\"L'hypoth\u00e8se - Live-French.net\",\"isPartOf\":{\"@id\":\"https:\/\/live-french.net\/fr\/#website\"},\"datePublished\":\"2022-03-23T13:01:49+00:00\",\"dateModified\":\"2022-05-29T12:43:08+00:00\",\"description\":\"L'hypoth\u00e8se en fran\u00e7ais est multiple et exprime diff\u00e9rentes situations \u00e0 d\u00e9couvrir ici pour mieux s'exprimer en fran\u00e7ais.\",\"breadcrumb\":{\"@id\":\"https:\/\/live-french.net\/fr\/grammaire-francaise\/lhypothese\/#breadcrumb\"},\"inLanguage\":\"fr-FR\",\"potentialAction\":[{\"@type\":\"ReadAction\",\"target\":[\"https:\/\/live-french.net\/fr\/grammaire-francaise\/lhypothese\/\"]}]},{\"@type\":\"BreadcrumbList\",\"@id\":\"https:\/\/live-french.net\/fr\/grammaire-francaise\/lhypothese\/#breadcrumb\",\"itemListElement\":[{\"@type\":\"ListItem\",\"position\":1,\"name\":\"Home\",\"item\":\"https:\/\/live-french.net\/fr\/\"},{\"@type\":\"ListItem\",\"position\":2,\"name\":\"Grammaire fran\u00e7aise\",\"item\":\"https:\/\/live-french.net\/fr\/grammaire-francaise\/\"},{\"@type\":\"ListItem\",\"position\":3,\"name\":\"L&rsquo;hypoth\u00e8se\"}]},{\"@type\":\"WebSite\",\"@id\":\"https:\/\/live-french.net\/fr\/#website\",\"url\":\"https:\/\/live-french.net\/fr\/\",\"name\":\"Live-French.net\",\"description\":\"Learn French Online\",\"publisher\":{\"@id\":\"https:\/\/live-french.net\/fr\/#organization\"},\"potentialAction\":[{\"@type\":\"SearchAction\",\"target\":{\"@type\":\"EntryPoint\",\"urlTemplate\":\"https:\/\/live-french.net\/fr\/?s={search_term_string}\"},\"query-input\":{\"@type\":\"PropertyValueSpecification\",\"valueRequired\":true,\"valueName\":\"search_term_string\"}}],\"inLanguage\":\"fr-FR\"},{\"@type\":\"Organization\",\"@id\":\"https:\/\/live-french.net\/fr\/#organization\",\"name\":\"Live-French.net\",\"url\":\"https:\/\/live-french.net\/fr\/\",\"logo\":{\"@type\":\"ImageObject\",\"inLanguage\":\"fr-FR\",\"@id\":\"https:\/\/live-french.net\/fr\/#\/schema\/logo\/image\/\",\"url\":\"https:\/\/live-french.net\/wp-content\/uploads\/2021\/12\/cropped-LiveFrenchLogo.png\",\"contentUrl\":\"https:\/\/live-french.net\/wp-content\/uploads\/2021\/12\/cropped-LiveFrenchLogo.png\",\"width\":3319,\"height\":593,\"caption\":\"Live-French.net\"},\"image\":{\"@id\":\"https:\/\/live-french.net\/fr\/#\/schema\/logo\/image\/\"}}]}<\/script>\n<!-- \/ Yoast SEO plugin. -->","yoast_head_json":{"title":"L'hypoth\u00e8se - Live-French.net","description":"L'hypoth\u00e8se en fran\u00e7ais est multiple et exprime diff\u00e9rentes situations \u00e0 d\u00e9couvrir ici pour mieux s'exprimer en fran\u00e7ais.","robots":{"index":"index","follow":"follow","max-snippet":"max-snippet:-1","max-image-preview":"max-image-preview:large","max-video-preview":"max-video-preview:-1"},"canonical":"https:\/\/live-french.net\/fr\/grammaire-francaise\/lhypothese\/","og_locale":"fr_FR","og_type":"article","og_title":"L'hypoth\u00e8se - Live-French.net","og_description":"L'hypoth\u00e8se en fran\u00e7ais est multiple et exprime diff\u00e9rentes situations \u00e0 d\u00e9couvrir ici pour mieux s'exprimer en fran\u00e7ais.","og_url":"https:\/\/live-french.net\/fr\/grammaire-francaise\/lhypothese\/","og_site_name":"Live-French.net","article_modified_time":"2022-05-29T12:43:08+00:00","twitter_misc":{"Dur\u00e9e de lecture estim\u00e9e":"1 minute"},"schema":{"@context":"https:\/\/schema.org","@graph":[{"@type":"WebPage","@id":"https:\/\/live-french.net\/fr\/grammaire-francaise\/lhypothese\/","url":"https:\/\/live-french.net\/fr\/grammaire-francaise\/lhypothese\/","name":"L'hypoth\u00e8se - Live-French.net","isPartOf":{"@id":"https:\/\/live-french.net\/fr\/#website"},"datePublished":"2022-03-23T13:01:49+00:00","dateModified":"2022-05-29T12:43:08+00:00","description":"L'hypoth\u00e8se en fran\u00e7ais est multiple et exprime diff\u00e9rentes situations \u00e0 d\u00e9couvrir ici pour mieux s'exprimer en fran\u00e7ais.","breadcrumb":{"@id":"https:\/\/live-french.net\/fr\/grammaire-francaise\/lhypothese\/#breadcrumb"},"inLanguage":"fr-FR","potentialAction":[{"@type":"ReadAction","target":["https:\/\/live-french.net\/fr\/grammaire-francaise\/lhypothese\/"]}]},{"@type":"BreadcrumbList","@id":"https:\/\/live-french.net\/fr\/grammaire-francaise\/lhypothese\/#breadcrumb","itemListElement":[{"@type":"ListItem","position":1,"name":"Home","item":"https:\/\/live-french.net\/fr\/"},{"@type":"ListItem","position":2,"name":"Grammaire fran\u00e7aise","item":"https:\/\/live-french.net\/fr\/grammaire-francaise\/"},{"@type":"ListItem","position":3,"name":"L&rsquo;hypoth\u00e8se"}]},{"@type":"WebSite","@id":"https:\/\/live-french.net\/fr\/#website","url":"https:\/\/live-french.net\/fr\/","name":"Live-French.net","description":"Learn French Online","publisher":{"@id":"https:\/\/live-french.net\/fr\/#organization"},"potentialAction":[{"@type":"SearchAction","target":{"@type":"EntryPoint","urlTemplate":"https:\/\/live-french.net\/fr\/?s={search_term_string}"},"query-input":{"@type":"PropertyValueSpecification","valueRequired":true,"valueName":"search_term_string"}}],"inLanguage":"fr-FR"},{"@type":"Organization","@id":"https:\/\/live-french.net\/fr\/#organization","name":"Live-French.net","url":"https:\/\/live-french.net\/fr\/","logo":{"@type":"ImageObject","inLanguage":"fr-FR","@id":"https:\/\/live-french.net\/fr\/#\/schema\/logo\/image\/","url":"https:\/\/live-french.net\/wp-content\/uploads\/2021\/12\/cropped-LiveFrenchLogo.png","contentUrl":"https:\/\/live-french.net\/wp-content\/uploads\/2021\/12\/cropped-LiveFrenchLogo.png","width":3319,"height":593,"caption":"Live-French.net"},"image":{"@id":"https:\/\/live-french.net\/fr\/#\/schema\/logo\/image\/"}}]}},"_links":{"self":[{"href":"https:\/\/live-french.net\/fr\/wp-json\/wp\/v2\/pages\/20389","targetHints":{"allow":["GET"]}}],"collection":[{"href":"https:\/\/live-french.net\/fr\/wp-json\/wp\/v2\/pages"}],"about":[{"href":"https:\/\/live-french.net\/fr\/wp-json\/wp\/v2\/types\/page"}],"author":[{"embeddable":true,"href":"https:\/\/live-french.net\/fr\/wp-json\/wp\/v2\/users\/10"}],"replies":[{"embeddable":true,"href":"https:\/\/live-french.net\/fr\/wp-json\/wp\/v2\/comments?post=20389"}],"version-history":[{"count":6,"href":"https:\/\/live-french.net\/fr\/wp-json\/wp\/v2\/pages\/20389\/revisions"}],"predecessor-version":[{"id":20811,"href":"https:\/\/live-french.net\/fr\/wp-json\/wp\/v2\/pages\/20389\/revisions\/20811"}],"up":[{"embeddable":true,"href":"https:\/\/live-french.net\/fr\/wp-json\/wp\/v2\/pages\/20226"}],"wp:attachment":[{"href":"https:\/\/live-french.net\/fr\/wp-json\/wp\/v2\/media?parent=20389"}],"curies":[{"name":"wp","href":"https:\/\/api.w.org\/{rel}","templated":true}]}}