{"id":20284,"date":"2022-03-15T13:05:13","date_gmt":"2022-03-15T12:05:13","guid":{"rendered":"https:\/\/live-french.net\/?page_id=20284"},"modified":"2023-07-05T18:24:16","modified_gmt":"2023-07-05T16:24:16","slug":"la-difference-entre-le-passe-compose-et-limparfait","status":"publish","type":"page","link":"https:\/\/live-french.net\/fr\/grammaire-francaise\/la-difference-entre-le-passe-compose-et-limparfait\/","title":{"rendered":"La diff\u00e9rence entre le pass\u00e9 compos\u00e9 et l&rsquo;imparfait"},"content":{"rendered":"\t\t<div data-elementor-type=\"wp-page\" data-elementor-id=\"20284\" class=\"elementor elementor-20284\" data-elementor-post-type=\"page\">\n\t\t\t\t\t\t<section class=\"elementor-section elementor-top-section elementor-element elementor-element-609b3ec elementor-section-boxed elementor-section-height-default elementor-section-height-default\" data-id=\"609b3ec\" data-element_type=\"section\">\n\t\t\t\t\t\t<div class=\"elementor-container elementor-column-gap-default\">\n\t\t\t\t\t<div class=\"elementor-column elementor-col-100 elementor-top-column elementor-element elementor-element-d4aae08\" data-id=\"d4aae08\" data-element_type=\"column\">\n\t\t\t<div class=\"elementor-widget-wrap elementor-element-populated\">\n\t\t\t\t\t\t<div class=\"elementor-element elementor-element-6d4bc4b elementor-widget elementor-widget-heading\" data-id=\"6d4bc4b\" data-element_type=\"widget\" data-widget_type=\"heading.default\">\n\t\t\t\t<div class=\"elementor-widget-container\">\n\t\t\t\t\t<h2 class=\"elementor-heading-title elementor-size-default\"><h2 style=\"font-style: normal\" id=\"co\">Vid\u00e9o sur la diff\u00e9rence entre le pass\u00e9 compos\u00e9 et l'imparfait<\/h2> <\/h2>\t\t\t\t<\/div>\n\t\t\t\t<\/div>\n\t\t\t\t\t<\/div>\n\t\t<\/div>\n\t\t\t\t\t<\/div>\n\t\t<\/section>\n\t\t\t\t<section class=\"elementor-section elementor-top-section elementor-element elementor-element-03af1b2 elementor-section-boxed elementor-section-height-default elementor-section-height-default\" data-id=\"03af1b2\" data-element_type=\"section\">\n\t\t\t\t\t\t<div class=\"elementor-container elementor-column-gap-default\">\n\t\t\t\t\t<div class=\"elementor-column elementor-col-100 elementor-top-column elementor-element elementor-element-6ddb3d2\" data-id=\"6ddb3d2\" data-element_type=\"column\">\n\t\t\t<div class=\"elementor-widget-wrap elementor-element-populated\">\n\t\t\t\t\t\t<div class=\"elementor-element elementor-element-759d70a elementor-widget elementor-widget-video\" data-id=\"759d70a\" data-element_type=\"widget\" data-settings=\"{&quot;youtube_url&quot;:&quot;https:\\\/\\\/youtu.be\\\/-RJU1jmS9kU&quot;,&quot;video_type&quot;:&quot;youtube&quot;,&quot;controls&quot;:&quot;yes&quot;}\" data-widget_type=\"video.default\">\n\t\t\t\t<div class=\"elementor-widget-container\">\n\t\t\t\t\t\t\t<div class=\"elementor-wrapper elementor-open-inline\">\n\t\t\t<div class=\"elementor-video\"><\/div>\t\t<\/div>\n\t\t\t\t\t\t<\/div>\n\t\t\t\t<\/div>\n\t\t\t\t\t<\/div>\n\t\t<\/div>\n\t\t\t\t\t<\/div>\n\t\t<\/section>\n\t\t\t\t<section class=\"elementor-section elementor-top-section elementor-element elementor-element-f969e08 elementor-section-boxed elementor-section-height-default elementor-section-height-default\" data-id=\"f969e08\" data-element_type=\"section\">\n\t\t\t\t\t\t<div class=\"elementor-container elementor-column-gap-default\">\n\t\t\t\t\t<div class=\"elementor-column elementor-col-100 elementor-top-column elementor-element elementor-element-588fa8c\" data-id=\"588fa8c\" data-element_type=\"column\">\n\t\t\t<div class=\"elementor-widget-wrap\">\n\t\t\t\t\t\t\t<\/div>\n\t\t<\/div>\n\t\t\t\t\t<\/div>\n\t\t<\/section>\n\t\t\t\t<section class=\"elementor-section elementor-top-section elementor-element elementor-element-1743181 elementor-section-boxed elementor-section-height-default elementor-section-height-default\" data-id=\"1743181\" data-element_type=\"section\">\n\t\t\t\t\t\t<div class=\"elementor-container elementor-column-gap-default\">\n\t\t\t\t\t<div class=\"elementor-column elementor-col-100 elementor-top-column elementor-element elementor-element-0b6a36f\" data-id=\"0b6a36f\" data-element_type=\"column\">\n\t\t\t<div class=\"elementor-widget-wrap elementor-element-populated\">\n\t\t\t\t\t\t<div class=\"elementor-element elementor-element-7d639e3 elementor-widget elementor-widget-heading\" data-id=\"7d639e3\" data-element_type=\"widget\" data-widget_type=\"heading.default\">\n\t\t\t\t<div class=\"elementor-widget-container\">\n\t\t\t\t\t<h2 class=\"elementor-heading-title elementor-size-default\"><h2 style=\"font-style: normal\" id=\"co\">Explications sur la diff\u00e9rence entre le pass\u00e9 compos\u00e9 et l'imparfait (FLE)<\/h2> \n<\/h2>\t\t\t\t<\/div>\n\t\t\t\t<\/div>\n\t\t\t\t<div class=\"elementor-element elementor-element-9286807 elementor-widget elementor-widget-text-editor\" data-id=\"9286807\" data-element_type=\"widget\" data-widget_type=\"text-editor.default\">\n\t\t\t\t<div class=\"elementor-widget-container\">\n\t\t\t\t\t\t\t\t\tSi les deux temps (l&rsquo;imparfait et le pass\u00e9 compos\u00e9) sont tous les deux des temps du pass\u00e9, ils ne sont pas interchangeables. Ils expriment chacun une nuance.\n\n<strong>L&rsquo;imparfait<\/strong> est utilis\u00e9 pour faire une description, pour parler d&rsquo;une habitude ou pour parler d&rsquo;une action en progression dans le pass\u00e9.\nPar exemple:\nQuand il faisait froid, il n&rsquo;oubliait pas de prendre son manteau.\n\n<strong>Le pass\u00e9 compos\u00e9<\/strong> est utilis\u00e9 lorsque l&rsquo;action est pr\u00e9cise et achev\u00e9e.\nPar exemple:\nIl a mis ses cl\u00e9s sur le bureau en rentrant du travail.\n\nPour en savoir plus sur <a href=\"https:\/\/live-french.net\/fr\/grammaire-francaise\/le-passe-compose\/\" title=\"le pass\u00e9 compos\u00e9\">le pass\u00e9 compos\u00e9<\/a>\nPour en savoir plus sur l&rsquo;imparfait (\u00e0 venir)\n\t\t\t\t\t\t\t\t<\/div>\n\t\t\t\t<\/div>\n\t\t\t\t\t<\/div>\n\t\t<\/div>\n\t\t\t\t\t<\/div>\n\t\t<\/section>\n\t\t\t\t<section class=\"elementor-section elementor-top-section elementor-element elementor-element-64d3fd5 elementor-section-boxed elementor-section-height-default elementor-section-height-default\" data-id=\"64d3fd5\" data-element_type=\"section\">\n\t\t\t\t\t\t<div class=\"elementor-container elementor-column-gap-default\">\n\t\t\t\t\t<div class=\"elementor-column elementor-col-100 elementor-top-column elementor-element elementor-element-35092cd\" data-id=\"35092cd\" data-element_type=\"column\">\n\t\t\t<div class=\"elementor-widget-wrap elementor-element-populated\">\n\t\t\t\t\t\t<div class=\"elementor-element elementor-element-3add1c9 elementor-widget elementor-widget-heading\" data-id=\"3add1c9\" data-element_type=\"widget\" data-widget_type=\"heading.default\">\n\t\t\t\t<div class=\"elementor-widget-container\">\n\t\t\t\t\t<h2 class=\"elementor-heading-title elementor-size-default\"><h2 style=\"font-style: normal\" id=\"co\">Exercice sur la diff\u00e9rence entre le pass\u00e9 compos\u00e9 et l'imparfait:<\/h2> \n <\/h2>\t\t\t\t<\/div>\n\t\t\t\t<\/div>\n\t\t\t\t\t<\/div>\n\t\t<\/div>\n\t\t\t\t\t<\/div>\n\t\t<\/section>\n\t\t\t\t<section class=\"elementor-section elementor-top-section elementor-element elementor-element-0c3bdda elementor-section-boxed elementor-section-height-default elementor-section-height-default\" data-id=\"0c3bdda\" data-element_type=\"section\">\n\t\t\t\t\t\t<div class=\"elementor-container elementor-column-gap-default\">\n\t\t\t\t\t<div class=\"elementor-column elementor-col-100 elementor-top-column elementor-element elementor-element-e100f65\" data-id=\"e100f65\" data-element_type=\"column\">\n\t\t\t<div class=\"elementor-widget-wrap elementor-element-populated\">\n\t\t\t\t\t\t<div class=\"elementor-element elementor-element-cd020e0 elementor-widget elementor-widget-text-editor\" data-id=\"cd020e0\" data-element_type=\"widget\" data-widget_type=\"text-editor.default\">\n\t\t\t\t<div class=\"elementor-widget-container\">\n\t\t\t\t\t\t\t\t\t<a href=\"https:\/\/live-french.net\/fr\/grammaire-francaise\/la-difference-entre-le-passe-compose-et-limparfait\/exercice-1\/\" title=\"Conjuguez les verbes entre parenth\u00e8ses au temps qui convient\">Exercice 1: Conjuguez les verbes entre parenth\u00e8ses au temps qui convient<\/a>\t\t\t\t\t\t\t\t<\/div>\n\t\t\t\t<\/div>\n\t\t\t\t\t<\/div>\n\t\t<\/div>\n\t\t\t\t\t<\/div>\n\t\t<\/section>\n\t\t\t\t<section class=\"elementor-section elementor-top-section elementor-element elementor-element-ba7c501 elementor-section-boxed elementor-section-height-default elementor-section-height-default\" data-id=\"ba7c501\" data-element_type=\"section\">\n\t\t\t\t\t\t<div class=\"elementor-container elementor-column-gap-default\">\n\t\t\t\t\t<div class=\"elementor-column elementor-col-100 elementor-top-column elementor-element elementor-element-79d931c\" data-id=\"79d931c\" data-element_type=\"column\">\n\t\t\t<div class=\"elementor-widget-wrap elementor-element-populated\">\n\t\t\t\t\t\t<div class=\"elementor-element elementor-element-d2d4a26 elementor-widget elementor-widget-text-editor\" data-id=\"d2d4a26\" data-element_type=\"widget\" data-widget_type=\"text-editor.default\">\n\t\t\t\t<div class=\"elementor-widget-container\">\n\t\t\t\t\t\t\t\t\t<a href=\"https:\/\/live-french.net\/fr\/grammaire-francaise\/la-difference-entre-le-passe-compose-et-limparfait\/exercice-2\/\" title=\"Choisissez la bonne r\u00e9ponse\">Exercice 2: Choisissez la bonne r\u00e9ponse<\/a>\t\t\t\t\t\t\t\t<\/div>\n\t\t\t\t<\/div>\n\t\t\t\t\t<\/div>\n\t\t<\/div>\n\t\t\t\t\t<\/div>\n\t\t<\/section>\n\t\t\t\t<section class=\"elementor-section elementor-top-section elementor-element elementor-element-34a13d5 elementor-section-boxed elementor-section-height-default elementor-section-height-default\" data-id=\"34a13d5\" data-element_type=\"section\">\n\t\t\t\t\t\t<div class=\"elementor-container elementor-column-gap-default\">\n\t\t\t\t\t<div class=\"elementor-column elementor-col-100 elementor-top-column elementor-element elementor-element-d47b2c9\" data-id=\"d47b2c9\" data-element_type=\"column\">\n\t\t\t<div class=\"elementor-widget-wrap elementor-element-populated\">\n\t\t\t\t\t\t<div class=\"elementor-element elementor-element-f23902f elementor-widget elementor-widget-text-editor\" data-id=\"f23902f\" data-element_type=\"widget\" data-widget_type=\"text-editor.default\">\n\t\t\t\t<div class=\"elementor-widget-container\">\n\t\t\t\t\t\t\t\t\t<a href=\"https:\/\/live-french.net\/fr\/grammaire-francaise\/la-difference-entre-le-passe-compose-et-limparfait\/exercice-3\/\" title=\"Correction d\u2019erreurs\">Exercice 3: Correction d\u2019erreurs<\/a>\t\t\t\t\t\t\t\t<\/div>\n\t\t\t\t<\/div>\n\t\t\t\t\t<\/div>\n\t\t<\/div>\n\t\t\t\t\t<\/div>\n\t\t<\/section>\n\t\t\t\t<\/div>\n\t\t<div id=\"media_image-2\" class=\"si-sidebar-widget si-widget si-entry widget widget_media_image amr_widget\"><h4 class=\"widget-title\">Perfectionnez votre fran\u00e7ais &#8211; cours d&rsquo;essai gratuit! Inscrivez-vous ici<\/h4><a href=\"https:\/\/member.booknstart.com\/trial-registration?lg=fr&#038;referred_by=CTA&#038;office_id=6\"><img fetchpriority=\"high\" decoding=\"async\" width=\"1024\" height=\"366\" src=\"https:\/\/live-french.net\/wp-content\/uploads\/2025\/04\/CTA-LFNfr-1024x366.jpg\" class=\"image wp-image-27798  attachment-large size-large\" alt=\"\" style=\"max-width: 100%; height: auto;\" title=\"Perfectionnez votre fran\u00e7ais - cours d&#039;essai gratuit! Inscrivez-vous ici\" srcset=\"https:\/\/live-french.net\/wp-content\/uploads\/2025\/04\/CTA-LFNfr-1024x366.jpg 1024w, https:\/\/live-french.net\/wp-content\/uploads\/2025\/04\/CTA-LFNfr-300x107.jpg 300w, https:\/\/live-french.net\/wp-content\/uploads\/2025\/04\/CTA-LFNfr-768x274.jpg 768w, https:\/\/live-french.net\/wp-content\/uploads\/2025\/04\/CTA-LFNfr-1536x549.jpg 1536w, https:\/\/live-french.net\/wp-content\/uploads\/2025\/04\/CTA-LFNfr-2048x731.jpg 2048w\" sizes=\"(max-width: 1024px) 100vw, 1024px\" \/><\/a><\/div>","protected":false},"excerpt":{"rendered":"<p>Vid\u00e9o sur la diff\u00e9rence entre le pass\u00e9 compos\u00e9 et l&rsquo;imparfait Explications sur la diff\u00e9rence entre le pass\u00e9 compos\u00e9 et l&rsquo;imparfait (FLE) Si les deux temps (l&rsquo;imparfait et le pass\u00e9 compos\u00e9)&hellip;<\/p>\n","protected":false},"author":10,"featured_media":0,"parent":20226,"menu_order":0,"comment_status":"closed","ping_status":"closed","template":"","meta":{"om_disable_all_campaigns":false,"_monsterinsights_skip_tracking":false,"_monsterinsights_sitenote_active":false,"_monsterinsights_sitenote_note":"","_monsterinsights_sitenote_category":0,"footnotes":""},"class_list":["post-20284","page","type-page","status-publish","hentry"],"aioseo_notices":[],"yoast_head":"<!-- This site is optimized with the Yoast SEO plugin v26.9 - https:\/\/yoast.com\/product\/yoast-seo-wordpress\/ -->\n<title>La diff\u00e9rence entre le pass\u00e9 compos\u00e9 et l&#039;imparfait - Live-French.net<\/title>\n<meta name=\"description\" content=\"Le pass\u00e9 compos\u00e9 et l&#039;imparfait sont tous deux des temps du pass\u00e9, mais ils ne s&#039;utilisent pas de la m\u00eame fa\u00e7on. Voici leurs diff\u00e9rences.\" \/>\n<meta name=\"robots\" content=\"index, follow, max-snippet:-1, max-image-preview:large, max-video-preview:-1\" \/>\n<link rel=\"canonical\" href=\"https:\/\/live-french.net\/fr\/grammaire-francaise\/la-difference-entre-le-passe-compose-et-limparfait\/\" \/>\n<meta property=\"og:locale\" content=\"fr_FR\" \/>\n<meta property=\"og:type\" content=\"article\" \/>\n<meta property=\"og:title\" content=\"La diff\u00e9rence entre le pass\u00e9 compos\u00e9 et l&#039;imparfait - Live-French.net\" \/>\n<meta property=\"og:description\" content=\"Le pass\u00e9 compos\u00e9 et l&#039;imparfait sont tous deux des temps du pass\u00e9, mais ils ne s&#039;utilisent pas de la m\u00eame fa\u00e7on. Voici leurs diff\u00e9rences.\" \/>\n<meta property=\"og:url\" content=\"https:\/\/live-french.net\/fr\/grammaire-francaise\/la-difference-entre-le-passe-compose-et-limparfait\/\" \/>\n<meta property=\"og:site_name\" content=\"Live-French.net\" \/>\n<meta property=\"article:modified_time\" content=\"2023-07-05T16:24:16+00:00\" \/>\n<meta name=\"twitter:label1\" content=\"Dur\u00e9e de lecture estim\u00e9e\" \/>\n\t<meta name=\"twitter:data1\" content=\"1 minute\" \/>\n<script type=\"application\/ld+json\" class=\"yoast-schema-graph\">{\"@context\":\"https:\/\/schema.org\",\"@graph\":[{\"@type\":\"WebPage\",\"@id\":\"https:\/\/live-french.net\/fr\/grammaire-francaise\/la-difference-entre-le-passe-compose-et-limparfait\/\",\"url\":\"https:\/\/live-french.net\/fr\/grammaire-francaise\/la-difference-entre-le-passe-compose-et-limparfait\/\",\"name\":\"La diff\u00e9rence entre le pass\u00e9 compos\u00e9 et l'imparfait - Live-French.net\",\"isPartOf\":{\"@id\":\"https:\/\/live-french.net\/fr\/#website\"},\"datePublished\":\"2022-03-15T12:05:13+00:00\",\"dateModified\":\"2023-07-05T16:24:16+00:00\",\"description\":\"Le pass\u00e9 compos\u00e9 et l'imparfait sont tous deux des temps du pass\u00e9, mais ils ne s'utilisent pas de la m\u00eame fa\u00e7on. Voici leurs diff\u00e9rences.\",\"breadcrumb\":{\"@id\":\"https:\/\/live-french.net\/fr\/grammaire-francaise\/la-difference-entre-le-passe-compose-et-limparfait\/#breadcrumb\"},\"inLanguage\":\"fr-FR\",\"potentialAction\":[{\"@type\":\"ReadAction\",\"target\":[\"https:\/\/live-french.net\/fr\/grammaire-francaise\/la-difference-entre-le-passe-compose-et-limparfait\/\"]}]},{\"@type\":\"BreadcrumbList\",\"@id\":\"https:\/\/live-french.net\/fr\/grammaire-francaise\/la-difference-entre-le-passe-compose-et-limparfait\/#breadcrumb\",\"itemListElement\":[{\"@type\":\"ListItem\",\"position\":1,\"name\":\"Home\",\"item\":\"https:\/\/live-french.net\/fr\/\"},{\"@type\":\"ListItem\",\"position\":2,\"name\":\"Grammaire fran\u00e7aise\",\"item\":\"https:\/\/live-french.net\/fr\/grammaire-francaise\/\"},{\"@type\":\"ListItem\",\"position\":3,\"name\":\"La diff\u00e9rence entre le pass\u00e9 compos\u00e9 et l&#8217;imparfait\"}]},{\"@type\":\"WebSite\",\"@id\":\"https:\/\/live-french.net\/fr\/#website\",\"url\":\"https:\/\/live-french.net\/fr\/\",\"name\":\"Live-French.net\",\"description\":\"Learn French Online\",\"publisher\":{\"@id\":\"https:\/\/live-french.net\/fr\/#organization\"},\"potentialAction\":[{\"@type\":\"SearchAction\",\"target\":{\"@type\":\"EntryPoint\",\"urlTemplate\":\"https:\/\/live-french.net\/fr\/?s={search_term_string}\"},\"query-input\":{\"@type\":\"PropertyValueSpecification\",\"valueRequired\":true,\"valueName\":\"search_term_string\"}}],\"inLanguage\":\"fr-FR\"},{\"@type\":\"Organization\",\"@id\":\"https:\/\/live-french.net\/fr\/#organization\",\"name\":\"Live-French.net\",\"url\":\"https:\/\/live-french.net\/fr\/\",\"logo\":{\"@type\":\"ImageObject\",\"inLanguage\":\"fr-FR\",\"@id\":\"https:\/\/live-french.net\/fr\/#\/schema\/logo\/image\/\",\"url\":\"https:\/\/live-french.net\/wp-content\/uploads\/2021\/12\/cropped-LiveFrenchLogo.png\",\"contentUrl\":\"https:\/\/live-french.net\/wp-content\/uploads\/2021\/12\/cropped-LiveFrenchLogo.png\",\"width\":3319,\"height\":593,\"caption\":\"Live-French.net\"},\"image\":{\"@id\":\"https:\/\/live-french.net\/fr\/#\/schema\/logo\/image\/\"}}]}<\/script>\n<!-- \/ Yoast SEO plugin. -->","yoast_head_json":{"title":"La diff\u00e9rence entre le pass\u00e9 compos\u00e9 et l'imparfait - Live-French.net","description":"Le pass\u00e9 compos\u00e9 et l'imparfait sont tous deux des temps du pass\u00e9, mais ils ne s'utilisent pas de la m\u00eame fa\u00e7on. Voici leurs diff\u00e9rences.","robots":{"index":"index","follow":"follow","max-snippet":"max-snippet:-1","max-image-preview":"max-image-preview:large","max-video-preview":"max-video-preview:-1"},"canonical":"https:\/\/live-french.net\/fr\/grammaire-francaise\/la-difference-entre-le-passe-compose-et-limparfait\/","og_locale":"fr_FR","og_type":"article","og_title":"La diff\u00e9rence entre le pass\u00e9 compos\u00e9 et l'imparfait - Live-French.net","og_description":"Le pass\u00e9 compos\u00e9 et l'imparfait sont tous deux des temps du pass\u00e9, mais ils ne s'utilisent pas de la m\u00eame fa\u00e7on. Voici leurs diff\u00e9rences.","og_url":"https:\/\/live-french.net\/fr\/grammaire-francaise\/la-difference-entre-le-passe-compose-et-limparfait\/","og_site_name":"Live-French.net","article_modified_time":"2023-07-05T16:24:16+00:00","twitter_misc":{"Dur\u00e9e de lecture estim\u00e9e":"1 minute"},"schema":{"@context":"https:\/\/schema.org","@graph":[{"@type":"WebPage","@id":"https:\/\/live-french.net\/fr\/grammaire-francaise\/la-difference-entre-le-passe-compose-et-limparfait\/","url":"https:\/\/live-french.net\/fr\/grammaire-francaise\/la-difference-entre-le-passe-compose-et-limparfait\/","name":"La diff\u00e9rence entre le pass\u00e9 compos\u00e9 et l'imparfait - Live-French.net","isPartOf":{"@id":"https:\/\/live-french.net\/fr\/#website"},"datePublished":"2022-03-15T12:05:13+00:00","dateModified":"2023-07-05T16:24:16+00:00","description":"Le pass\u00e9 compos\u00e9 et l'imparfait sont tous deux des temps du pass\u00e9, mais ils ne s'utilisent pas de la m\u00eame fa\u00e7on. Voici leurs diff\u00e9rences.","breadcrumb":{"@id":"https:\/\/live-french.net\/fr\/grammaire-francaise\/la-difference-entre-le-passe-compose-et-limparfait\/#breadcrumb"},"inLanguage":"fr-FR","potentialAction":[{"@type":"ReadAction","target":["https:\/\/live-french.net\/fr\/grammaire-francaise\/la-difference-entre-le-passe-compose-et-limparfait\/"]}]},{"@type":"BreadcrumbList","@id":"https:\/\/live-french.net\/fr\/grammaire-francaise\/la-difference-entre-le-passe-compose-et-limparfait\/#breadcrumb","itemListElement":[{"@type":"ListItem","position":1,"name":"Home","item":"https:\/\/live-french.net\/fr\/"},{"@type":"ListItem","position":2,"name":"Grammaire fran\u00e7aise","item":"https:\/\/live-french.net\/fr\/grammaire-francaise\/"},{"@type":"ListItem","position":3,"name":"La diff\u00e9rence entre le pass\u00e9 compos\u00e9 et l&#8217;imparfait"}]},{"@type":"WebSite","@id":"https:\/\/live-french.net\/fr\/#website","url":"https:\/\/live-french.net\/fr\/","name":"Live-French.net","description":"Learn French Online","publisher":{"@id":"https:\/\/live-french.net\/fr\/#organization"},"potentialAction":[{"@type":"SearchAction","target":{"@type":"EntryPoint","urlTemplate":"https:\/\/live-french.net\/fr\/?s={search_term_string}"},"query-input":{"@type":"PropertyValueSpecification","valueRequired":true,"valueName":"search_term_string"}}],"inLanguage":"fr-FR"},{"@type":"Organization","@id":"https:\/\/live-french.net\/fr\/#organization","name":"Live-French.net","url":"https:\/\/live-french.net\/fr\/","logo":{"@type":"ImageObject","inLanguage":"fr-FR","@id":"https:\/\/live-french.net\/fr\/#\/schema\/logo\/image\/","url":"https:\/\/live-french.net\/wp-content\/uploads\/2021\/12\/cropped-LiveFrenchLogo.png","contentUrl":"https:\/\/live-french.net\/wp-content\/uploads\/2021\/12\/cropped-LiveFrenchLogo.png","width":3319,"height":593,"caption":"Live-French.net"},"image":{"@id":"https:\/\/live-french.net\/fr\/#\/schema\/logo\/image\/"}}]}},"_links":{"self":[{"href":"https:\/\/live-french.net\/fr\/wp-json\/wp\/v2\/pages\/20284","targetHints":{"allow":["GET"]}}],"collection":[{"href":"https:\/\/live-french.net\/fr\/wp-json\/wp\/v2\/pages"}],"about":[{"href":"https:\/\/live-french.net\/fr\/wp-json\/wp\/v2\/types\/page"}],"author":[{"embeddable":true,"href":"https:\/\/live-french.net\/fr\/wp-json\/wp\/v2\/users\/10"}],"replies":[{"embeddable":true,"href":"https:\/\/live-french.net\/fr\/wp-json\/wp\/v2\/comments?post=20284"}],"version-history":[{"count":31,"href":"https:\/\/live-french.net\/fr\/wp-json\/wp\/v2\/pages\/20284\/revisions"}],"predecessor-version":[{"id":23418,"href":"https:\/\/live-french.net\/fr\/wp-json\/wp\/v2\/pages\/20284\/revisions\/23418"}],"up":[{"embeddable":true,"href":"https:\/\/live-french.net\/fr\/wp-json\/wp\/v2\/pages\/20226"}],"wp:attachment":[{"href":"https:\/\/live-french.net\/fr\/wp-json\/wp\/v2\/media?parent=20284"}],"curies":[{"name":"wp","href":"https:\/\/api.w.org\/{rel}","templated":true}]}}