{"id":2922,"date":"2019-08-04T14:00:49","date_gmt":"2019-08-04T12:00:49","guid":{"rendered":"https:\/\/live-french.net\/blog\/clases-de-frances-por-telefono\/"},"modified":"2025-06-14T12:52:10","modified_gmt":"2025-06-14T10:52:10","slug":"clases-frances-telefono","status":"publish","type":"page","link":"https:\/\/live-french.net\/es\/clases-frances-telefono\/","title":{"rendered":"Clases de franc\u00e9s por tel\u00e9fono"},"content":{"rendered":"<p>Aprenda franc\u00e9s por tel\u00e9fono con un profesor nativo y gane confianza al hablar franc\u00e9s.<\/p>\n<p>Aprender franc\u00e9s por tel\u00e9fono puede ser muy pr\u00e1ctico y sencillo con Live-French.net. Un profesor de franc\u00e9s le llamar\u00e1 por tel\u00e9fono convencional (l\u00ednea terrestre), sin tarifas ocultas.<br \/>\n<div id=\"custom_html-26\" class=\"widget_text si-sidebar-widget si-widget si-entry widget widget_custom_html amr_widget\"><div class=\"textwidget custom-html-widget\"><a href=\"https:\/\/member.booknstart.com\/trial-registration?lg=fr&referred_by=sCTA&office_id=6\" target=\"_blank\"><img decoding=\"async\" alt=\"Cours d'essai de fran\u00e7ais\" src=\"https:\/\/live-french.net\/wp-content\/uploads\/2023\/02\/sCTA-fr.jpg\"><\/a><\/div><\/div><\/p>\n<h2>\u00bfPor qu\u00e9 deber\u00eda recibir lecciones de conversaci\u00f3n telef\u00f3nica en franc\u00e9s?<\/h2>\n<p>No pierde tiempo ni dinero al no tener que desplazarse hasta una academia. \u00a1La academia de idiomas en su propia casa! Empiece ya a aprender franc\u00e9s por tel\u00e9fono. Nuestras clases de franc\u00e9s por tel\u00e9fono tienen una duraci\u00f3n de 30 minutos. Es perfecto para quienes desean reforzar sus competencias conversacionales por tel\u00e9fono con profesores de franc\u00e9s.<\/p>\n<h2>\u00bfA qu\u00e9 espera para aprender franc\u00e9s por tel\u00e9fono?<\/h2>\n<p>Con Live-French.net, ap\u00fantese a las clases y comience 24 horas despu\u00e9s de haber efectuado el pago. Dispone de un amplio grupo de profesores de franc\u00e9s. Todos nuestros profesores telef\u00f3nicos son profesores de franc\u00e9s nativos con muchos a\u00f1os de experiencia en la ense\u00f1anza del franc\u00e9s como lengua extranjera (FLE).<br \/>\nInf\u00f3rmese acerca de nuestros profesores de franc\u00e9s online.<\/p>\n<h2>Para saber m\u00e1s sobre las clases de franc\u00e9s por tel\u00e9fono<\/h2>\n<p>&#8211; Consulte los <a title=\"precios de todas nuestras clases de franc\u00e9s\" href=\"https:\/\/live-french.net\/es\/tarifas\/\">precios de todas nuestras clases de franc\u00e9s por tel\u00e9fono<\/a>.<br \/>\n&#8211; Para su informaci\u00f3n, tambi\u00e9n ofrecemos <a title=\"clases de franc\u00e9s por Skype\" href=\"https:\/\/live-french.net\/online-french-lessons-zoom\/\">clases de franc\u00e9s por Zoom<\/a>.<\/p>\n<p><strong>Aprender a hablar en franc\u00e9s por tel\u00e9fono en Live-French.net es f\u00e1cil y c\u00f3modo. \u00bfDesea verlo por s\u00ed mismo? Solo tiene que registrarse para recibir una <a title=\"clase de prueba ingl\u00e9s\" href=\"https:\/\/live-english.net\/es\/clase-prueba-ingles\/\">clase de prueba gratis<\/a> ahora.<\/strong><\/p>\n<div id=\"media_image-2\" class=\"si-sidebar-widget si-widget si-entry widget widget_media_image amr_widget\"><h4 class=\"widget-title\">Perfectionnez votre fran\u00e7ais &#8211; cours d&#8217;essai gratuit! Inscrivez-vous ici<\/h4><a href=\"https:\/\/member.booknstart.com\/trial-registration?lg=fr&#038;referred_by=CTA&#038;office_id=6\"><img fetchpriority=\"high\" decoding=\"async\" width=\"1024\" height=\"366\" src=\"https:\/\/live-french.net\/wp-content\/uploads\/2025\/04\/CTA-LFNfr-1024x366.jpg\" class=\"image wp-image-27798  attachment-large size-large\" alt=\"\" style=\"max-width: 100%; height: auto;\" title=\"Perfectionnez votre fran\u00e7ais - cours d&#039;essai gratuit! Inscrivez-vous ici\" srcset=\"https:\/\/live-french.net\/wp-content\/uploads\/2025\/04\/CTA-LFNfr-1024x366.jpg 1024w, https:\/\/live-french.net\/wp-content\/uploads\/2025\/04\/CTA-LFNfr-300x107.jpg 300w, https:\/\/live-french.net\/wp-content\/uploads\/2025\/04\/CTA-LFNfr-768x274.jpg 768w, https:\/\/live-french.net\/wp-content\/uploads\/2025\/04\/CTA-LFNfr-1536x549.jpg 1536w, https:\/\/live-french.net\/wp-content\/uploads\/2025\/04\/CTA-LFNfr-2048x731.jpg 2048w\" sizes=\"(max-width: 1024px) 100vw, 1024px\" \/><\/a><\/div>","protected":false},"excerpt":{"rendered":"<p>Aprenda franc\u00e9s por tel\u00e9fono con un profesor nativo y gane confianza al hablar franc\u00e9s. Aprender franc\u00e9s por tel\u00e9fono puede ser muy pr\u00e1ctico y sencillo con Live-French.net. Un profesor de franc\u00e9s&hellip;<\/p>\n","protected":false},"author":1,"featured_media":24051,"parent":0,"menu_order":0,"comment_status":"closed","ping_status":"closed","template":"","meta":{"om_disable_all_campaigns":false,"_monsterinsights_skip_tracking":false,"_monsterinsights_sitenote_active":false,"_monsterinsights_sitenote_note":"","_monsterinsights_sitenote_category":0,"footnotes":""},"class_list":["post-2922","page","type-page","status-publish","has-post-thumbnail","hentry"],"aioseo_notices":[],"yoast_head":"<!-- This site is optimized with the Yoast SEO plugin v26.9 - https:\/\/yoast.com\/product\/yoast-seo-wordpress\/ -->\n<title>Clases de franc\u00e9s por tel\u00e9fono - Live-French.net<\/title>\n<meta name=\"robots\" content=\"index, follow, max-snippet:-1, max-image-preview:large, max-video-preview:-1\" \/>\n<link rel=\"canonical\" href=\"https:\/\/live-french.net\/es\/clases-frances-telefono\/\" \/>\n<meta property=\"og:locale\" content=\"es_ES\" \/>\n<meta property=\"og:type\" content=\"article\" \/>\n<meta property=\"og:title\" content=\"Clases de franc\u00e9s por tel\u00e9fono - Live-French.net\" \/>\n<meta property=\"og:description\" content=\"Aprenda franc\u00e9s por tel\u00e9fono con un profesor nativo y gane confianza al hablar franc\u00e9s. Aprender franc\u00e9s por tel\u00e9fono puede ser muy pr\u00e1ctico y sencillo con Live-French.net. Un profesor de franc\u00e9s&hellip;\" \/>\n<meta property=\"og:url\" content=\"https:\/\/live-french.net\/es\/clases-frances-telefono\/\" \/>\n<meta property=\"og:site_name\" content=\"Live-French.net\" \/>\n<meta property=\"article:modified_time\" content=\"2025-06-14T10:52:10+00:00\" \/>\n<meta property=\"og:image\" content=\"https:\/\/live-french.net\/wp-content\/uploads\/2023\/09\/Clases-de-frances-por-telefono.jpg\" \/>\n\t<meta property=\"og:image:width\" content=\"2240\" \/>\n\t<meta property=\"og:image:height\" content=\"1260\" \/>\n\t<meta property=\"og:image:type\" content=\"image\/jpeg\" \/>\n<meta name=\"twitter:label1\" content=\"Tiempo de lectura\" \/>\n\t<meta name=\"twitter:data1\" content=\"2 minutos\" \/>\n<script type=\"application\/ld+json\" class=\"yoast-schema-graph\">{\"@context\":\"https:\/\/schema.org\",\"@graph\":[{\"@type\":\"WebPage\",\"@id\":\"https:\/\/live-french.net\/es\/clases-frances-telefono\/\",\"url\":\"https:\/\/live-french.net\/es\/clases-frances-telefono\/\",\"name\":\"Clases de franc\u00e9s por tel\u00e9fono - Live-French.net\",\"isPartOf\":{\"@id\":\"https:\/\/live-french.net\/es\/#website\"},\"primaryImageOfPage\":{\"@id\":\"https:\/\/live-french.net\/es\/clases-frances-telefono\/#primaryimage\"},\"image\":{\"@id\":\"https:\/\/live-french.net\/es\/clases-frances-telefono\/#primaryimage\"},\"thumbnailUrl\":\"https:\/\/live-french.net\/wp-content\/uploads\/2023\/09\/Clases-de-frances-por-telefono.jpg\",\"datePublished\":\"2019-08-04T12:00:49+00:00\",\"dateModified\":\"2025-06-14T10:52:10+00:00\",\"breadcrumb\":{\"@id\":\"https:\/\/live-french.net\/es\/clases-frances-telefono\/#breadcrumb\"},\"inLanguage\":\"es\",\"potentialAction\":[{\"@type\":\"ReadAction\",\"target\":[\"https:\/\/live-french.net\/es\/clases-frances-telefono\/\"]}]},{\"@type\":\"ImageObject\",\"inLanguage\":\"es\",\"@id\":\"https:\/\/live-french.net\/es\/clases-frances-telefono\/#primaryimage\",\"url\":\"https:\/\/live-french.net\/wp-content\/uploads\/2023\/09\/Clases-de-frances-por-telefono.jpg\",\"contentUrl\":\"https:\/\/live-french.net\/wp-content\/uploads\/2023\/09\/Clases-de-frances-por-telefono.jpg\",\"width\":2240,\"height\":1260},{\"@type\":\"BreadcrumbList\",\"@id\":\"https:\/\/live-french.net\/es\/clases-frances-telefono\/#breadcrumb\",\"itemListElement\":[{\"@type\":\"ListItem\",\"position\":1,\"name\":\"Home\",\"item\":\"https:\/\/live-french.net\/es\/\"},{\"@type\":\"ListItem\",\"position\":2,\"name\":\"Clases de franc\u00e9s por tel\u00e9fono\"}]},{\"@type\":\"WebSite\",\"@id\":\"https:\/\/live-french.net\/es\/#website\",\"url\":\"https:\/\/live-french.net\/es\/\",\"name\":\"Live-French.net\",\"description\":\"Learn French Online\",\"publisher\":{\"@id\":\"https:\/\/live-french.net\/es\/#organization\"},\"potentialAction\":[{\"@type\":\"SearchAction\",\"target\":{\"@type\":\"EntryPoint\",\"urlTemplate\":\"https:\/\/live-french.net\/es\/?s={search_term_string}\"},\"query-input\":{\"@type\":\"PropertyValueSpecification\",\"valueRequired\":true,\"valueName\":\"search_term_string\"}}],\"inLanguage\":\"es\"},{\"@type\":\"Organization\",\"@id\":\"https:\/\/live-french.net\/es\/#organization\",\"name\":\"Live-French.net\",\"url\":\"https:\/\/live-french.net\/es\/\",\"logo\":{\"@type\":\"ImageObject\",\"inLanguage\":\"es\",\"@id\":\"https:\/\/live-french.net\/es\/#\/schema\/logo\/image\/\",\"url\":\"https:\/\/live-french.net\/wp-content\/uploads\/2021\/12\/cropped-LiveFrenchLogo.png\",\"contentUrl\":\"https:\/\/live-french.net\/wp-content\/uploads\/2021\/12\/cropped-LiveFrenchLogo.png\",\"width\":3319,\"height\":593,\"caption\":\"Live-French.net\"},\"image\":{\"@id\":\"https:\/\/live-french.net\/es\/#\/schema\/logo\/image\/\"}}]}<\/script>\n<!-- \/ Yoast SEO plugin. -->","yoast_head_json":{"title":"Clases de franc\u00e9s por tel\u00e9fono - Live-French.net","robots":{"index":"index","follow":"follow","max-snippet":"max-snippet:-1","max-image-preview":"max-image-preview:large","max-video-preview":"max-video-preview:-1"},"canonical":"https:\/\/live-french.net\/es\/clases-frances-telefono\/","og_locale":"es_ES","og_type":"article","og_title":"Clases de franc\u00e9s por tel\u00e9fono - Live-French.net","og_description":"Aprenda franc\u00e9s por tel\u00e9fono con un profesor nativo y gane confianza al hablar franc\u00e9s. Aprender franc\u00e9s por tel\u00e9fono puede ser muy pr\u00e1ctico y sencillo con Live-French.net. Un profesor de franc\u00e9s&hellip;","og_url":"https:\/\/live-french.net\/es\/clases-frances-telefono\/","og_site_name":"Live-French.net","article_modified_time":"2025-06-14T10:52:10+00:00","og_image":[{"width":2240,"height":1260,"url":"https:\/\/live-french.net\/wp-content\/uploads\/2023\/09\/Clases-de-frances-por-telefono.jpg","type":"image\/jpeg"}],"twitter_misc":{"Tiempo de lectura":"2 minutos"},"schema":{"@context":"https:\/\/schema.org","@graph":[{"@type":"WebPage","@id":"https:\/\/live-french.net\/es\/clases-frances-telefono\/","url":"https:\/\/live-french.net\/es\/clases-frances-telefono\/","name":"Clases de franc\u00e9s por tel\u00e9fono - Live-French.net","isPartOf":{"@id":"https:\/\/live-french.net\/es\/#website"},"primaryImageOfPage":{"@id":"https:\/\/live-french.net\/es\/clases-frances-telefono\/#primaryimage"},"image":{"@id":"https:\/\/live-french.net\/es\/clases-frances-telefono\/#primaryimage"},"thumbnailUrl":"https:\/\/live-french.net\/wp-content\/uploads\/2023\/09\/Clases-de-frances-por-telefono.jpg","datePublished":"2019-08-04T12:00:49+00:00","dateModified":"2025-06-14T10:52:10+00:00","breadcrumb":{"@id":"https:\/\/live-french.net\/es\/clases-frances-telefono\/#breadcrumb"},"inLanguage":"es","potentialAction":[{"@type":"ReadAction","target":["https:\/\/live-french.net\/es\/clases-frances-telefono\/"]}]},{"@type":"ImageObject","inLanguage":"es","@id":"https:\/\/live-french.net\/es\/clases-frances-telefono\/#primaryimage","url":"https:\/\/live-french.net\/wp-content\/uploads\/2023\/09\/Clases-de-frances-por-telefono.jpg","contentUrl":"https:\/\/live-french.net\/wp-content\/uploads\/2023\/09\/Clases-de-frances-por-telefono.jpg","width":2240,"height":1260},{"@type":"BreadcrumbList","@id":"https:\/\/live-french.net\/es\/clases-frances-telefono\/#breadcrumb","itemListElement":[{"@type":"ListItem","position":1,"name":"Home","item":"https:\/\/live-french.net\/es\/"},{"@type":"ListItem","position":2,"name":"Clases de franc\u00e9s por tel\u00e9fono"}]},{"@type":"WebSite","@id":"https:\/\/live-french.net\/es\/#website","url":"https:\/\/live-french.net\/es\/","name":"Live-French.net","description":"Learn French Online","publisher":{"@id":"https:\/\/live-french.net\/es\/#organization"},"potentialAction":[{"@type":"SearchAction","target":{"@type":"EntryPoint","urlTemplate":"https:\/\/live-french.net\/es\/?s={search_term_string}"},"query-input":{"@type":"PropertyValueSpecification","valueRequired":true,"valueName":"search_term_string"}}],"inLanguage":"es"},{"@type":"Organization","@id":"https:\/\/live-french.net\/es\/#organization","name":"Live-French.net","url":"https:\/\/live-french.net\/es\/","logo":{"@type":"ImageObject","inLanguage":"es","@id":"https:\/\/live-french.net\/es\/#\/schema\/logo\/image\/","url":"https:\/\/live-french.net\/wp-content\/uploads\/2021\/12\/cropped-LiveFrenchLogo.png","contentUrl":"https:\/\/live-french.net\/wp-content\/uploads\/2021\/12\/cropped-LiveFrenchLogo.png","width":3319,"height":593,"caption":"Live-French.net"},"image":{"@id":"https:\/\/live-french.net\/es\/#\/schema\/logo\/image\/"}}]}},"_links":{"self":[{"href":"https:\/\/live-french.net\/es\/wp-json\/wp\/v2\/pages\/2922","targetHints":{"allow":["GET"]}}],"collection":[{"href":"https:\/\/live-french.net\/es\/wp-json\/wp\/v2\/pages"}],"about":[{"href":"https:\/\/live-french.net\/es\/wp-json\/wp\/v2\/types\/page"}],"author":[{"embeddable":true,"href":"https:\/\/live-french.net\/es\/wp-json\/wp\/v2\/users\/1"}],"replies":[{"embeddable":true,"href":"https:\/\/live-french.net\/es\/wp-json\/wp\/v2\/comments?post=2922"}],"version-history":[{"count":9,"href":"https:\/\/live-french.net\/es\/wp-json\/wp\/v2\/pages\/2922\/revisions"}],"predecessor-version":[{"id":27959,"href":"https:\/\/live-french.net\/es\/wp-json\/wp\/v2\/pages\/2922\/revisions\/27959"}],"wp:featuredmedia":[{"embeddable":true,"href":"https:\/\/live-french.net\/es\/wp-json\/wp\/v2\/media\/24051"}],"wp:attachment":[{"href":"https:\/\/live-french.net\/es\/wp-json\/wp\/v2\/media?parent=2922"}],"curies":[{"name":"wp","href":"https:\/\/api.w.org\/{rel}","templated":true}]}}