{"id":2919,"date":"2019-08-04T13:57:16","date_gmt":"2019-08-04T11:57:16","guid":{"rendered":"https:\/\/live-french.net\/blog\/frances-conversacional\/"},"modified":"2025-12-02T10:14:53","modified_gmt":"2025-12-02T09:14:53","slug":"frances-conversacional","status":"publish","type":"page","link":"https:\/\/live-french.net\/es\/frances-conversacional\/","title":{"rendered":"Franc\u00e9s conversacional"},"content":{"rendered":"<p>Gracias a live-French.net, podr\u00e1s aprender franc\u00e9s conversacional online con un profesor nativo y mejorar tus habilidades a la hora de expresarte en franc\u00e9s.<br \/>\nSi no tienes la posibilidad de viajar a Francia, te ayudaremos a practicar conversaciones en franc\u00e9s a trav\u00e9s de internet mediante un programa de inmersi\u00f3n ling\u00fc\u00edstica con profesores franceses cualificados, sin importar d\u00f3nde te encuentres. Te ofrecemos clases de 30 a 45 minutos por tel\u00e9fono, Zoom o Google Meet. Hablar franc\u00e9s online con un profesor privado te permitir\u00e1 mejorar tu fluidez y capacidad de comprensi\u00f3n de forma r\u00e1pida.<\/p>\n<p><iframe title=\"YouTube video player\" src=\"https:\/\/www.youtube.com\/embed\/wY1RbVoiJMU\" width=\"560\" height=\"315\" frameborder=\"0\" allowfullscreen=\"allowfullscreen\"><\/iframe><\/p>\n<h2>\u00bfEn qu\u00e9 consisten las clases de franc\u00e9s conversacional?<\/h2>\n<p>Durante las clases de franc\u00e9s conversacional contaremos con art\u00edculos, videos y ejercicios dedicados a estimular la conversaci\u00f3n. Debatir\u00e1s sobre temas interesantes y cuestiones de actualidad. Se trata de una <strong>clase privada de franc\u00e9s<\/strong>, en la que tu profesor estar\u00e1 ah\u00ed para ayudarte a mejorar tus habilidades, ajust\u00e1ndose a tu ritmo y de acuerdo a tus necesidades. Aprender\u00e1s nuevas palabras y expresiones y mejorar\u00e1s tu pronunciaci\u00f3n en franc\u00e9s. Con el tiempo, comprender\u00e1s a los hablantes nativos mucho mejor.<br \/>\n<div id=\"custom_html-26\" class=\"widget_text si-sidebar-widget si-widget si-entry widget widget_custom_html amr_widget\"><div class=\"textwidget custom-html-widget\"><a href=\"https:\/\/member.booknstart.com\/trial-registration?lg=fr&referred_by=sCTA&office_id=6\" target=\"_blank\"><img decoding=\"async\" alt=\"Cours d'essai de fran\u00e7ais\" src=\"https:\/\/live-french.net\/wp-content\/uploads\/2023\/02\/sCTA-fr.jpg\"><\/a><\/div><\/div><\/p>\n<h2>\u00bfQui\u00e9n debe aprender franc\u00e9s conversacional?<\/h2>\n<p>Este curso est\u00e1 recomendado especialmente a las personas que cuenten con un nivel medio o avanzado. Las clases se desarrollar\u00e1n \u00edntegramente en franc\u00e9s y te ayudaremos a ir un paso m\u00e1s all\u00e1.<\/p>\n<p>Si eres principiante, te recomendamos que consideres nuestro <a title=\"curso online de franc\u00e9s para principiantes\" href=\"https:\/\/live-french.net\/es\/frances-principiantes-online\/\">curso online de franc\u00e9s para principiantes<\/a>.<\/p>\n<h2>\u00bfCu\u00e1ndo puedo asistir a las clases de franc\u00e9s conversacional?<\/h2>\n<p>Puedes reservar clases entre las 5 de la ma\u00f1ana y las doce de la noche, en horario franc\u00e9s. Una vez registrado, \u00a1Podr\u00e1s aprender a hablar en franc\u00e9s online muy r\u00e1pido!<\/p>\n<h2>\u00bfC\u00f3mo funciona?<\/h2>\n<p>Una vez te registres para reservar una clase de prueba o inscribirte en un curso de franc\u00e9s, tendr\u00e1s acceso al \u00c1rea de Clientes. A trav\u00e9s de este espacio, podr\u00e1s conocer a los diferentes profesores con los que contamos, comprobar su horario y reservar clases online. Si\u00e9ntete libre para contactarnos si necesitas ayuda para registrarte o reservar una clase.<\/p>\n<p>Respecto a nuestras clases, ofrecemos dos posibilidades:<\/p>\n<ul>\n<li><a title=\"Franc\u00e9s conversacional por Zoom\" href=\"https:\/\/live-french.net\/online-french-lessons-zoom\/\">Franc\u00e9s conversacional por Zoom<\/a>: una forma interactiva de comunicarte con tu profesor. Si as\u00ed lo deseas, podr\u00e1s usar tu webcam. El profesor contar\u00e1 con la posibilidad de compartir su pantalla, escribir vocabulario en tiempo real y mandar enlaces a art\u00edculos.<\/li>\n<li><a title=\"Franc\u00e9s conversacional por tel\u00e9fono\" href=\"https:\/\/live-french.net\/es\/clases-frances-telefono\/\">Franc\u00e9s conversacional por tel\u00e9fono<\/a>: una gran forma de practicar el idioma franc\u00e9s en tiempo real a trav\u00e9s de tu tel\u00e9fono.<\/li>\n<\/ul>\n<h2>Franc\u00e9s conversacional online con Live-French.net<\/h2>\n<p>Con live-French.net obtendr\u00e1s la calidad de una escuela online firmemente establecida, con la experiencia necesaria para ayudarte a lograr tus objetivos. Inscr\u00edbete en nuestras clases de conversaci\u00f3n y aprende con un <a title=\"profesor de franc\u00e9s nativo online\" href=\"https:\/\/live-french.net\/es\/profesor-frances-online\/\">profesor de franc\u00e9s nativo online<\/a>, que facilitar\u00e1 la labor de mejorar tu nivel de franc\u00e9s ense\u00f1\u00e1ndote sobre los temas que m\u00e1s te interesan de acuerdo con tu nivel, necesidades y objetivos. Desde 2007, hemos ayudado a miles de estudiantes a mejorar sus habilidades conversacionales en franc\u00e9s. Como ellos, podr\u00e1s aprender y repasar palabras de vocabulario, gram\u00e1tica y estructuras. Ser\u00e1 tambi\u00e9n una gran forma de mejorar tu acento en franc\u00e9s.<\/p>\n<p>\u00a1Reserva una clase de prueba y comienza a <a title=\"aprender franc\u00e9s conversacional\" href=\"https:\/\/live-french.net\/es\/prueba\/\">aprender franc\u00e9s conversacional<\/a> ahora!<\/p>\n<div id=\"media_image-2\" class=\"si-sidebar-widget si-widget si-entry widget widget_media_image amr_widget\"><h4 class=\"widget-title\">Perfectionnez votre fran\u00e7ais &#8211; cours d&#8217;essai gratuit! Inscrivez-vous ici<\/h4><a href=\"https:\/\/member.booknstart.com\/trial-registration?lg=fr&#038;referred_by=CTA&#038;office_id=6\"><img fetchpriority=\"high\" decoding=\"async\" width=\"1024\" height=\"366\" src=\"https:\/\/live-french.net\/wp-content\/uploads\/2025\/04\/CTA-LFNfr-1024x366.jpg\" class=\"image wp-image-27798  attachment-large size-large\" alt=\"\" style=\"max-width: 100%; height: auto;\" title=\"Perfectionnez votre fran\u00e7ais - cours d&#039;essai gratuit! Inscrivez-vous ici\" srcset=\"https:\/\/live-french.net\/wp-content\/uploads\/2025\/04\/CTA-LFNfr-1024x366.jpg 1024w, https:\/\/live-french.net\/wp-content\/uploads\/2025\/04\/CTA-LFNfr-300x107.jpg 300w, https:\/\/live-french.net\/wp-content\/uploads\/2025\/04\/CTA-LFNfr-768x274.jpg 768w, https:\/\/live-french.net\/wp-content\/uploads\/2025\/04\/CTA-LFNfr-1536x549.jpg 1536w, https:\/\/live-french.net\/wp-content\/uploads\/2025\/04\/CTA-LFNfr-2048x731.jpg 2048w\" sizes=\"(max-width: 1024px) 100vw, 1024px\" \/><\/a><\/div>","protected":false},"excerpt":{"rendered":"<p>Gracias a live-French.net, podr\u00e1s aprender franc\u00e9s conversacional online con un profesor nativo y mejorar tus habilidades a la hora de expresarte en franc\u00e9s. Si no tienes la posibilidad de viajar&hellip;<\/p>\n","protected":false},"author":1,"featured_media":22415,"parent":0,"menu_order":0,"comment_status":"closed","ping_status":"closed","template":"elementor_header_footer","meta":{"footnotes":""},"class_list":["post-2919","page","type-page","status-publish","has-post-thumbnail","hentry"],"yoast_head":"<!-- This site is optimized with the Yoast SEO plugin v27.5 - https:\/\/yoast.com\/product\/yoast-seo-wordpress\/ -->\n<title>Franc\u00e9s conversacional - Live-French.net<\/title>\n<meta name=\"description\" content=\"A live-French.net podr\u00e1s aprender franc\u00e9s conversacional online con un profesor nativo y mejorar tus habilidades a la hora de expresarte en franc\u00e9s.\" \/>\n<meta name=\"robots\" content=\"index, follow, max-snippet:-1, max-image-preview:large, max-video-preview:-1\" \/>\n<link rel=\"canonical\" href=\"https:\/\/live-french.net\/es\/frances-conversacional\/\" \/>\n<meta property=\"og:locale\" content=\"es_ES\" \/>\n<meta property=\"og:type\" content=\"article\" \/>\n<meta property=\"og:title\" content=\"Franc\u00e9s conversacional - Live-French.net\" \/>\n<meta property=\"og:description\" content=\"A live-French.net podr\u00e1s aprender franc\u00e9s conversacional online con un profesor nativo y mejorar tus habilidades a la hora de expresarte en franc\u00e9s.\" \/>\n<meta property=\"og:url\" content=\"https:\/\/live-french.net\/es\/frances-conversacional\/\" \/>\n<meta property=\"og:site_name\" content=\"Live-French.net\" \/>\n<meta property=\"article:modified_time\" content=\"2025-12-02T09:14:53+00:00\" \/>\n<meta property=\"og:image\" content=\"https:\/\/live-french.net\/wp-content\/uploads\/2023\/04\/Frances-conversacional.jpg\" \/>\n\t<meta property=\"og:image:width\" content=\"2240\" \/>\n\t<meta property=\"og:image:height\" content=\"1260\" \/>\n\t<meta property=\"og:image:type\" content=\"image\/jpeg\" \/>\n<meta name=\"twitter:label1\" content=\"Tiempo de lectura\" \/>\n\t<meta name=\"twitter:data1\" content=\"3 minutos\" \/>\n<script type=\"application\/ld+json\" class=\"yoast-schema-graph\">{\"@context\":\"https:\\\/\\\/schema.org\",\"@graph\":[{\"@type\":\"WebPage\",\"@id\":\"https:\\\/\\\/live-french.net\\\/es\\\/frances-conversacional\\\/\",\"url\":\"https:\\\/\\\/live-french.net\\\/es\\\/frances-conversacional\\\/\",\"name\":\"Franc\u00e9s conversacional - Live-French.net\",\"isPartOf\":{\"@id\":\"https:\\\/\\\/live-french.net\\\/es\\\/#website\"},\"primaryImageOfPage\":{\"@id\":\"https:\\\/\\\/live-french.net\\\/es\\\/frances-conversacional\\\/#primaryimage\"},\"image\":{\"@id\":\"https:\\\/\\\/live-french.net\\\/es\\\/frances-conversacional\\\/#primaryimage\"},\"thumbnailUrl\":\"https:\\\/\\\/live-french.net\\\/wp-content\\\/uploads\\\/2023\\\/04\\\/Frances-conversacional.jpg\",\"datePublished\":\"2019-08-04T11:57:16+00:00\",\"dateModified\":\"2025-12-02T09:14:53+00:00\",\"description\":\"A live-French.net podr\u00e1s aprender franc\u00e9s conversacional online con un profesor nativo y mejorar tus habilidades a la hora de expresarte en franc\u00e9s.\",\"breadcrumb\":{\"@id\":\"https:\\\/\\\/live-french.net\\\/es\\\/frances-conversacional\\\/#breadcrumb\"},\"inLanguage\":\"es\",\"potentialAction\":[{\"@type\":\"ReadAction\",\"target\":[\"https:\\\/\\\/live-french.net\\\/es\\\/frances-conversacional\\\/\"]}]},{\"@type\":\"ImageObject\",\"inLanguage\":\"es\",\"@id\":\"https:\\\/\\\/live-french.net\\\/es\\\/frances-conversacional\\\/#primaryimage\",\"url\":\"https:\\\/\\\/live-french.net\\\/wp-content\\\/uploads\\\/2023\\\/04\\\/Frances-conversacional.jpg\",\"contentUrl\":\"https:\\\/\\\/live-french.net\\\/wp-content\\\/uploads\\\/2023\\\/04\\\/Frances-conversacional.jpg\",\"width\":2240,\"height\":1260,\"caption\":\"Franc\u00e9s conversacional\"},{\"@type\":\"BreadcrumbList\",\"@id\":\"https:\\\/\\\/live-french.net\\\/es\\\/frances-conversacional\\\/#breadcrumb\",\"itemListElement\":[{\"@type\":\"ListItem\",\"position\":1,\"name\":\"Home\",\"item\":\"https:\\\/\\\/live-french.net\\\/es\\\/\"},{\"@type\":\"ListItem\",\"position\":2,\"name\":\"Franc\u00e9s conversacional\"}]},{\"@type\":\"WebSite\",\"@id\":\"https:\\\/\\\/live-french.net\\\/es\\\/#website\",\"url\":\"https:\\\/\\\/live-french.net\\\/es\\\/\",\"name\":\"Live-French.net\",\"description\":\"Learn French Online\",\"publisher\":{\"@id\":\"https:\\\/\\\/live-french.net\\\/es\\\/#organization\"},\"potentialAction\":[{\"@type\":\"SearchAction\",\"target\":{\"@type\":\"EntryPoint\",\"urlTemplate\":\"https:\\\/\\\/live-french.net\\\/es\\\/?s={search_term_string}\"},\"query-input\":{\"@type\":\"PropertyValueSpecification\",\"valueRequired\":true,\"valueName\":\"search_term_string\"}}],\"inLanguage\":\"es\"},{\"@type\":\"Organization\",\"@id\":\"https:\\\/\\\/live-french.net\\\/es\\\/#organization\",\"name\":\"Live-French.net\",\"url\":\"https:\\\/\\\/live-french.net\\\/es\\\/\",\"logo\":{\"@type\":\"ImageObject\",\"inLanguage\":\"es\",\"@id\":\"https:\\\/\\\/live-french.net\\\/es\\\/#\\\/schema\\\/logo\\\/image\\\/\",\"url\":\"https:\\\/\\\/live-french.net\\\/wp-content\\\/uploads\\\/2021\\\/12\\\/cropped-LiveFrenchLogo.png\",\"contentUrl\":\"https:\\\/\\\/live-french.net\\\/wp-content\\\/uploads\\\/2021\\\/12\\\/cropped-LiveFrenchLogo.png\",\"width\":3319,\"height\":593,\"caption\":\"Live-French.net\"},\"image\":{\"@id\":\"https:\\\/\\\/live-french.net\\\/es\\\/#\\\/schema\\\/logo\\\/image\\\/\"}}]}<\/script>\n<!-- \/ Yoast SEO plugin. -->","yoast_head_json":{"title":"Franc\u00e9s conversacional - Live-French.net","description":"A live-French.net podr\u00e1s aprender franc\u00e9s conversacional online con un profesor nativo y mejorar tus habilidades a la hora de expresarte en franc\u00e9s.","robots":{"index":"index","follow":"follow","max-snippet":"max-snippet:-1","max-image-preview":"max-image-preview:large","max-video-preview":"max-video-preview:-1"},"canonical":"https:\/\/live-french.net\/es\/frances-conversacional\/","og_locale":"es_ES","og_type":"article","og_title":"Franc\u00e9s conversacional - Live-French.net","og_description":"A live-French.net podr\u00e1s aprender franc\u00e9s conversacional online con un profesor nativo y mejorar tus habilidades a la hora de expresarte en franc\u00e9s.","og_url":"https:\/\/live-french.net\/es\/frances-conversacional\/","og_site_name":"Live-French.net","article_modified_time":"2025-12-02T09:14:53+00:00","og_image":[{"width":2240,"height":1260,"url":"https:\/\/live-french.net\/wp-content\/uploads\/2023\/04\/Frances-conversacional.jpg","type":"image\/jpeg"}],"twitter_misc":{"Tiempo de lectura":"3 minutos"},"schema":{"@context":"https:\/\/schema.org","@graph":[{"@type":"WebPage","@id":"https:\/\/live-french.net\/es\/frances-conversacional\/","url":"https:\/\/live-french.net\/es\/frances-conversacional\/","name":"Franc\u00e9s conversacional - Live-French.net","isPartOf":{"@id":"https:\/\/live-french.net\/es\/#website"},"primaryImageOfPage":{"@id":"https:\/\/live-french.net\/es\/frances-conversacional\/#primaryimage"},"image":{"@id":"https:\/\/live-french.net\/es\/frances-conversacional\/#primaryimage"},"thumbnailUrl":"https:\/\/live-french.net\/wp-content\/uploads\/2023\/04\/Frances-conversacional.jpg","datePublished":"2019-08-04T11:57:16+00:00","dateModified":"2025-12-02T09:14:53+00:00","description":"A live-French.net podr\u00e1s aprender franc\u00e9s conversacional online con un profesor nativo y mejorar tus habilidades a la hora de expresarte en franc\u00e9s.","breadcrumb":{"@id":"https:\/\/live-french.net\/es\/frances-conversacional\/#breadcrumb"},"inLanguage":"es","potentialAction":[{"@type":"ReadAction","target":["https:\/\/live-french.net\/es\/frances-conversacional\/"]}]},{"@type":"ImageObject","inLanguage":"es","@id":"https:\/\/live-french.net\/es\/frances-conversacional\/#primaryimage","url":"https:\/\/live-french.net\/wp-content\/uploads\/2023\/04\/Frances-conversacional.jpg","contentUrl":"https:\/\/live-french.net\/wp-content\/uploads\/2023\/04\/Frances-conversacional.jpg","width":2240,"height":1260,"caption":"Franc\u00e9s conversacional"},{"@type":"BreadcrumbList","@id":"https:\/\/live-french.net\/es\/frances-conversacional\/#breadcrumb","itemListElement":[{"@type":"ListItem","position":1,"name":"Home","item":"https:\/\/live-french.net\/es\/"},{"@type":"ListItem","position":2,"name":"Franc\u00e9s conversacional"}]},{"@type":"WebSite","@id":"https:\/\/live-french.net\/es\/#website","url":"https:\/\/live-french.net\/es\/","name":"Live-French.net","description":"Learn French Online","publisher":{"@id":"https:\/\/live-french.net\/es\/#organization"},"potentialAction":[{"@type":"SearchAction","target":{"@type":"EntryPoint","urlTemplate":"https:\/\/live-french.net\/es\/?s={search_term_string}"},"query-input":{"@type":"PropertyValueSpecification","valueRequired":true,"valueName":"search_term_string"}}],"inLanguage":"es"},{"@type":"Organization","@id":"https:\/\/live-french.net\/es\/#organization","name":"Live-French.net","url":"https:\/\/live-french.net\/es\/","logo":{"@type":"ImageObject","inLanguage":"es","@id":"https:\/\/live-french.net\/es\/#\/schema\/logo\/image\/","url":"https:\/\/live-french.net\/wp-content\/uploads\/2021\/12\/cropped-LiveFrenchLogo.png","contentUrl":"https:\/\/live-french.net\/wp-content\/uploads\/2021\/12\/cropped-LiveFrenchLogo.png","width":3319,"height":593,"caption":"Live-French.net"},"image":{"@id":"https:\/\/live-french.net\/es\/#\/schema\/logo\/image\/"}}]}},"_links":{"self":[{"href":"https:\/\/live-french.net\/es\/wp-json\/wp\/v2\/pages\/2919","targetHints":{"allow":["GET"]}}],"collection":[{"href":"https:\/\/live-french.net\/es\/wp-json\/wp\/v2\/pages"}],"about":[{"href":"https:\/\/live-french.net\/es\/wp-json\/wp\/v2\/types\/page"}],"author":[{"embeddable":true,"href":"https:\/\/live-french.net\/es\/wp-json\/wp\/v2\/users\/1"}],"replies":[{"embeddable":true,"href":"https:\/\/live-french.net\/es\/wp-json\/wp\/v2\/comments?post=2919"}],"version-history":[{"count":21,"href":"https:\/\/live-french.net\/es\/wp-json\/wp\/v2\/pages\/2919\/revisions"}],"predecessor-version":[{"id":28356,"href":"https:\/\/live-french.net\/es\/wp-json\/wp\/v2\/pages\/2919\/revisions\/28356"}],"wp:featuredmedia":[{"embeddable":true,"href":"https:\/\/live-french.net\/es\/wp-json\/wp\/v2\/media\/22415"}],"wp:attachment":[{"href":"https:\/\/live-french.net\/es\/wp-json\/wp\/v2\/media?parent=2919"}],"curies":[{"name":"wp","href":"https:\/\/api.w.org\/{rel}","templated":true}]}}