{"id":2918,"date":"2019-08-04T13:56:04","date_gmt":"2019-08-04T11:56:04","guid":{"rendered":"https:\/\/live-french.net\/blog\/frances-para-principiantes-online\/"},"modified":"2025-11-29T14:46:25","modified_gmt":"2025-11-29T13:46:25","slug":"frances-principiantes-online","status":"publish","type":"page","link":"https:\/\/live-french.net\/es\/frances-principiantes-online\/","title":{"rendered":"Franc\u00e9s para principiantes online"},"content":{"rendered":"\r\n<p>\u00a1Nunca es tarde para aprender una lengua, incluso el franc\u00e9s! Si nunca has estudiado franc\u00e9s o cuentas con un conocimiento muy b\u00e1sico del idioma, este curso es para ti.<\/p>\r\n<h2>Franc\u00e9s para principiantes: un programa estructurado<\/h2>\r\n<p>Live-French.net ha dise\u00f1ado un curso especial de franc\u00e9s para principiantes online. Junto a tu profesor de franc\u00e9s nativo online, podr\u00e1s aprender vocabulario, gram\u00e1tica o pronunciaci\u00f3n. A trav\u00e9s de di\u00e1logos aprender\u00e1s los aspectos b\u00e1sicos de la lengua. Nuestros profesores de franc\u00e9s online tambi\u00e9n hablan ingl\u00e9s, para que as\u00ed puedas obtener todas las explicaciones que necesites si hablas este idioma.<\/p>\r\n<p><iframe title=\"YouTube video player\" src=\"https:\/\/www.youtube.com\/embed\/iQ-R11cdNhE\" width=\"560\" height=\"315\" frameborder=\"0\" allowfullscreen=\"allowfullscreen\"><\/iframe><\/p>\r\n<p>Este curso est\u00e1 formado por 20 lecciones, con clases de repaso cada 5 lecciones, para as\u00ed asegurarnos de que asimilas correctamente los materiales. Debido a que se trata de una clase privada, podemos adaptarnos a tu ritmo.<br \/><br \/><br \/><br \/>Para poder progresar a un buen ritmo, te recomendamos tres clases de 30 minutos por semana, incluyendo deberes entre estas. Si sigues nuestras recomendaciones, superar\u00e1s f\u00e1cilmente la frustraci\u00f3n inicial que conlleva aprender un nuevo idioma desde cero.<\/p>\r\n\n<div class=\"wpcf7 no-js\" id=\"wpcf7-f27606-o1\" lang=\"en-US\" dir=\"ltr\" data-wpcf7-id=\"27606\">\n<div class=\"screen-reader-response\"><p role=\"status\" aria-live=\"polite\" aria-atomic=\"true\"><\/p> <ul><\/ul><\/div>\n<form action=\"\/es\/wp-json\/wp\/v2\/pages\/2918#wpcf7-f27606-o1\" method=\"post\" class=\"wpcf7-form init\" aria-label=\"Contact form\" novalidate=\"novalidate\" data-status=\"init\">\n<div style=\"display: none;\">\n<input type=\"hidden\" name=\"_wpcf7\" value=\"27606\" \/>\n<input type=\"hidden\" name=\"_wpcf7_version\" value=\"6.0.6\" \/>\n<input type=\"hidden\" name=\"_wpcf7_locale\" value=\"en_US\" \/>\n<input type=\"hidden\" name=\"_wpcf7_unit_tag\" value=\"wpcf7-f27606-o1\" \/>\n<input type=\"hidden\" name=\"_wpcf7_container_post\" value=\"0\" \/>\n<input type=\"hidden\" name=\"_wpcf7_posted_data_hash\" value=\"\" \/>\n<input type=\"hidden\" name=\"_wpcf7_recaptcha_response\" value=\"\" \/>\n<\/div>\n<div>\n\t<h2>Descarga nuestro curso para principiantes\n\t<\/h2>\n\t<p>\u00a1Unidades 1 y 2 gratis!\n\t<\/p>\n<input class=\"wpcf7-form-control wpcf7-hidden\" value=\"6\" type=\"hidden\" name=\"office\" \/>\n<input class=\"wpcf7-form-control wpcf7-hidden\" value=\"\" type=\"hidden\" name=\"email\" \/>\n<input class=\"wpcf7-form-control wpcf7-hidden\" value=\"es\" type=\"hidden\" name=\"lg\" \/>\n<input class=\"wpcf7-form-control wpcf7-hidden\" value=\"13\" type=\"hidden\" name=\"leadsource\" \/>\n<input class=\"wpcf7-form-control wpcf7-hidden\" value=\"17\" type=\"hidden\" name=\"redirect\" \/>\n\t<p><label for=\"fname\">Nombre:<\/label><br \/>\n<span class=\"wpcf7-form-control-wrap\" data-name=\"fname\"><input size=\"40\" maxlength=\"400\" class=\"wpcf7-form-control wpcf7-text wpcf7-validates-as-required text\" id=\"awf_field-73358383-first\" tabindex=\"500\" aria-required=\"true\" aria-invalid=\"false\" value=\"\" type=\"text\" name=\"fname\" \/><\/span>\n\t<\/p>\n\t<p><label for=\"lname\">Apellidos:<\/label><br \/>\n<span class=\"wpcf7-form-control-wrap\" data-name=\"lname\"><input size=\"40\" maxlength=\"400\" class=\"wpcf7-form-control wpcf7-text wpcf7-validates-as-required text\" id=\"awf_field-73358383-last\" tabindex=\"501\" aria-required=\"true\" aria-invalid=\"false\" value=\"\" type=\"text\" name=\"lname\" \/><\/span>\n\t<\/p>\n\t<p><label for=\"alternate\">Email:<\/label><br \/>\n<span class=\"wpcf7-form-control-wrap\" data-name=\"alternate\"><input size=\"40\" maxlength=\"400\" class=\"wpcf7-form-control wpcf7-email wpcf7-validates-as-required wpcf7-text wpcf7-validates-as-email text\" id=\"awf_field-73358384\" tabindex=\"502\" aria-required=\"true\" aria-invalid=\"false\" value=\"\" type=\"email\" name=\"alternate\" \/><\/span>\n\t<\/p>\n\t<p><input class=\"wpcf7-form-control wpcf7-submit has-spinner\" type=\"submit\" value=\"Send\" \/>\n\t<\/p>\n<\/div><div class=\"wpcf7-response-output\" aria-hidden=\"true\"><\/div>\n<\/form>\n<\/div>\n\r\n<p>Nuestro curso de franc\u00e9s para principiantes est\u00e1 recomendado para Zoom (Mira nuestra secci\u00f3n de <a title=\"Clases de franc\u00e9s en l\u00ednea por Zoom\" href=\"https:\/\/live-french.net\/es\/clases-de-frances-en-linea-por-zoom\/\">clases de franc\u00e9s por Zoom<\/a> para obtener m\u00e1s informaci\u00f3n).<br \/><br \/><\/p>\r\n<h2>Profesores de franc\u00e9s para principiantes<\/h2>\r\n<p>En el programa de franc\u00e9s para principiantes, todos <strong>nuestros profesores tambi\u00e9n hablan ingl\u00e9s<\/strong>. Todas las explicaciones, vocabulario y temas de gram\u00e1tica pueden sr repasados en otro idioma, como el ingl\u00e9s, para asegurarnos de que entiendes los principios b\u00e1sicos. Nuestros <a title=\"profesores de franc\u00e9s\" href=\"https:\/\/live-french.net\/es\/frances.php\/2008\/06\/11\/4-clases-de-frances-nuestros-profesores\">profesores de franc\u00e9s<\/a> son pacientes y ponen un gran \u00e9nfasis en aprender la <strong>pronunciaci\u00f3n correcta<\/strong> cuando leas o hables en franc\u00e9s.<\/p>\r\n<h2>\u00bfCu\u00e1ndo tiempo tardar\u00e9 en aprender franc\u00e9s si soy principiante?<\/h2>\r\n<p>Hay ciertos par\u00e1metros que lo determinan, tales como:<br \/><br \/>&#8211; \u00bfEst\u00e1s acostumbrado a aprender otras lenguas?<br \/><br \/>&#8211; \u00bfHas estado expuesto al idioma franc\u00e9s? (Por ejemplo, al vivir en un pa\u00eds de habla francesa)<br \/><br \/>&#8211; \u00bfEntiendes f\u00e1cilmente la gram\u00e1tica de tu propio idioma?<br \/><br \/>&#8211; \u00bfAsimilas nueva informaci\u00f3n con rapidez?<br \/><br \/>&#8211; \u00bfConoces alguna otra lengua romance, como el italiano?<br \/><br \/><br \/>Nuestro objetivo es ayudarte a que aprendas franc\u00e9s lo m\u00e1s r\u00e1pido posible, pero tambi\u00e9n que trabajes otras \u00e1reas del lenguaje como la gram\u00e1tica, la lectura o la redacci\u00f3n, porque sabemos que contar con un entendimiento amplio del franc\u00e9s es importante.<br \/><br \/><br \/><br \/>La nomenclatura europea ha dividido las habilidades del lenguaje en seis niveles: A1, A2 (para principiantes), B1, B2 (para niveles intermedios), C1, C2 (para niveles avanzados). Entre el A1 y el B2, necesitar\u00e1s entre 6 y 18 meses de aprendizaje.<\/p>\r\n<h2>Ebook de franc\u00e9s para principiantes publicado por Live-French.net<\/h2>\r\n<p>El curso de franc\u00e9s para principiantes incluye un libro electr\u00f3nico que ser\u00e1 usado durante el curso. Gracias a este, ser\u00e1s capaz de aprender todos los aspectos b\u00e1sicos de la lengua francesa desde el nivel A1.<\/p>\r\n<p><strong>\u00a1Ya es hora de empezar! Reg\u00edstrese ya para recibir una <a title=\"clase de prueba gratis\" href=\"https:\/\/live-french.net\/es\/prueba\/\">clase de prueba gratis<\/a> y cu\u00e9ntele a uno de nuestros docentes en l\u00ednea por Zoom sus objetivos y necesidades.<\/strong><\/p>\r\n<div id=\"media_image-2\" class=\"si-sidebar-widget si-widget si-entry widget widget_media_image amr_widget\"><h4 class=\"widget-title\">Perfectionnez votre fran\u00e7ais &#8211; cours d&#8217;essai gratuit! Inscrivez-vous ici<\/h4><a href=\"https:\/\/member.booknstart.com\/trial-registration?lg=fr&#038;referred_by=CTA&#038;office_id=6\"><img fetchpriority=\"high\" decoding=\"async\" width=\"1024\" height=\"366\" src=\"https:\/\/live-french.net\/wp-content\/uploads\/2025\/04\/CTA-LFNfr-1024x366.jpg\" class=\"image wp-image-27798  attachment-large size-large\" alt=\"\" style=\"max-width: 100%; height: auto;\" title=\"Perfectionnez votre fran\u00e7ais - cours d&#039;essai gratuit! Inscrivez-vous ici\" srcset=\"https:\/\/live-french.net\/wp-content\/uploads\/2025\/04\/CTA-LFNfr-1024x366.jpg 1024w, https:\/\/live-french.net\/wp-content\/uploads\/2025\/04\/CTA-LFNfr-300x107.jpg 300w, https:\/\/live-french.net\/wp-content\/uploads\/2025\/04\/CTA-LFNfr-768x274.jpg 768w, https:\/\/live-french.net\/wp-content\/uploads\/2025\/04\/CTA-LFNfr-1536x549.jpg 1536w, https:\/\/live-french.net\/wp-content\/uploads\/2025\/04\/CTA-LFNfr-2048x731.jpg 2048w\" sizes=\"(max-width: 1024px) 100vw, 1024px\" \/><\/a><\/div>","protected":false},"excerpt":{"rendered":"<p>\u00a1Nunca es tarde para aprender una lengua, incluso el franc\u00e9s! Si nunca has estudiado franc\u00e9s o cuentas con un conocimiento muy b\u00e1sico del idioma, este curso es para ti. Franc\u00e9s&hellip;<\/p>\n","protected":false},"author":1,"featured_media":23621,"parent":0,"menu_order":0,"comment_status":"closed","ping_status":"closed","template":"","meta":{"om_disable_all_campaigns":false,"_monsterinsights_skip_tracking":false,"_monsterinsights_sitenote_active":false,"_monsterinsights_sitenote_note":"","_monsterinsights_sitenote_category":0,"footnotes":""},"class_list":["post-2918","page","type-page","status-publish","has-post-thumbnail","hentry"],"aioseo_notices":[],"yoast_head":"<!-- This site is optimized with the Yoast SEO plugin v26.9 - https:\/\/yoast.com\/product\/yoast-seo-wordpress\/ -->\n<title>Franc\u00e9s para principiantes online - Live-French.net<\/title>\n<meta name=\"description\" content=\"Nunca es tarde para aprender una lengua, incluso el franc\u00e9s! Si nunca has estudiado franc\u00e9s o cuentas con un conocimiento muy b\u00e1sico del idioma, este curso es para ti\" \/>\n<meta name=\"robots\" content=\"index, follow, max-snippet:-1, max-image-preview:large, max-video-preview:-1\" \/>\n<link rel=\"canonical\" href=\"https:\/\/live-french.net\/es\/frances-principiantes-online\/\" \/>\n<meta property=\"og:locale\" content=\"es_ES\" \/>\n<meta property=\"og:type\" content=\"article\" \/>\n<meta property=\"og:title\" content=\"Franc\u00e9s para principiantes online - Live-French.net\" \/>\n<meta property=\"og:description\" content=\"Nunca es tarde para aprender una lengua, incluso el franc\u00e9s! Si nunca has estudiado franc\u00e9s o cuentas con un conocimiento muy b\u00e1sico del idioma, este curso es para ti\" \/>\n<meta property=\"og:url\" content=\"https:\/\/live-french.net\/es\/frances-principiantes-online\/\" \/>\n<meta property=\"og:site_name\" content=\"Live-French.net\" \/>\n<meta property=\"article:modified_time\" content=\"2025-11-29T13:46:25+00:00\" \/>\n<meta property=\"og:image\" content=\"https:\/\/live-french.net\/wp-content\/uploads\/2023\/07\/Frances-para-principiantes.jpg\" \/>\n\t<meta property=\"og:image:width\" content=\"2240\" \/>\n\t<meta property=\"og:image:height\" content=\"1260\" \/>\n\t<meta property=\"og:image:type\" content=\"image\/jpeg\" \/>\n<meta name=\"twitter:label1\" content=\"Tiempo de lectura\" \/>\n\t<meta name=\"twitter:data1\" content=\"3 minutos\" \/>\n<script type=\"application\/ld+json\" class=\"yoast-schema-graph\">{\"@context\":\"https:\/\/schema.org\",\"@graph\":[{\"@type\":\"WebPage\",\"@id\":\"https:\/\/live-french.net\/es\/frances-principiantes-online\/\",\"url\":\"https:\/\/live-french.net\/es\/frances-principiantes-online\/\",\"name\":\"Franc\u00e9s para principiantes online - Live-French.net\",\"isPartOf\":{\"@id\":\"https:\/\/live-french.net\/es\/#website\"},\"primaryImageOfPage\":{\"@id\":\"https:\/\/live-french.net\/es\/frances-principiantes-online\/#primaryimage\"},\"image\":{\"@id\":\"https:\/\/live-french.net\/es\/frances-principiantes-online\/#primaryimage\"},\"thumbnailUrl\":\"https:\/\/live-french.net\/wp-content\/uploads\/2023\/07\/Frances-para-principiantes.jpg\",\"datePublished\":\"2019-08-04T11:56:04+00:00\",\"dateModified\":\"2025-11-29T13:46:25+00:00\",\"description\":\"Nunca es tarde para aprender una lengua, incluso el franc\u00e9s! Si nunca has estudiado franc\u00e9s o cuentas con un conocimiento muy b\u00e1sico del idioma, este curso es para ti\",\"breadcrumb\":{\"@id\":\"https:\/\/live-french.net\/es\/frances-principiantes-online\/#breadcrumb\"},\"inLanguage\":\"es\",\"potentialAction\":[{\"@type\":\"ReadAction\",\"target\":[\"https:\/\/live-french.net\/es\/frances-principiantes-online\/\"]}]},{\"@type\":\"ImageObject\",\"inLanguage\":\"es\",\"@id\":\"https:\/\/live-french.net\/es\/frances-principiantes-online\/#primaryimage\",\"url\":\"https:\/\/live-french.net\/wp-content\/uploads\/2023\/07\/Frances-para-principiantes.jpg\",\"contentUrl\":\"https:\/\/live-french.net\/wp-content\/uploads\/2023\/07\/Frances-para-principiantes.jpg\",\"width\":2240,\"height\":1260},{\"@type\":\"BreadcrumbList\",\"@id\":\"https:\/\/live-french.net\/es\/frances-principiantes-online\/#breadcrumb\",\"itemListElement\":[{\"@type\":\"ListItem\",\"position\":1,\"name\":\"Home\",\"item\":\"https:\/\/live-french.net\/es\/\"},{\"@type\":\"ListItem\",\"position\":2,\"name\":\"Franc\u00e9s para principiantes online\"}]},{\"@type\":\"WebSite\",\"@id\":\"https:\/\/live-french.net\/es\/#website\",\"url\":\"https:\/\/live-french.net\/es\/\",\"name\":\"Live-French.net\",\"description\":\"Learn French Online\",\"publisher\":{\"@id\":\"https:\/\/live-french.net\/es\/#organization\"},\"potentialAction\":[{\"@type\":\"SearchAction\",\"target\":{\"@type\":\"EntryPoint\",\"urlTemplate\":\"https:\/\/live-french.net\/es\/?s={search_term_string}\"},\"query-input\":{\"@type\":\"PropertyValueSpecification\",\"valueRequired\":true,\"valueName\":\"search_term_string\"}}],\"inLanguage\":\"es\"},{\"@type\":\"Organization\",\"@id\":\"https:\/\/live-french.net\/es\/#organization\",\"name\":\"Live-French.net\",\"url\":\"https:\/\/live-french.net\/es\/\",\"logo\":{\"@type\":\"ImageObject\",\"inLanguage\":\"es\",\"@id\":\"https:\/\/live-french.net\/es\/#\/schema\/logo\/image\/\",\"url\":\"https:\/\/live-french.net\/wp-content\/uploads\/2021\/12\/cropped-LiveFrenchLogo.png\",\"contentUrl\":\"https:\/\/live-french.net\/wp-content\/uploads\/2021\/12\/cropped-LiveFrenchLogo.png\",\"width\":3319,\"height\":593,\"caption\":\"Live-French.net\"},\"image\":{\"@id\":\"https:\/\/live-french.net\/es\/#\/schema\/logo\/image\/\"}}]}<\/script>\n<!-- \/ Yoast SEO plugin. -->","yoast_head_json":{"title":"Franc\u00e9s para principiantes online - Live-French.net","description":"Nunca es tarde para aprender una lengua, incluso el franc\u00e9s! Si nunca has estudiado franc\u00e9s o cuentas con un conocimiento muy b\u00e1sico del idioma, este curso es para ti","robots":{"index":"index","follow":"follow","max-snippet":"max-snippet:-1","max-image-preview":"max-image-preview:large","max-video-preview":"max-video-preview:-1"},"canonical":"https:\/\/live-french.net\/es\/frances-principiantes-online\/","og_locale":"es_ES","og_type":"article","og_title":"Franc\u00e9s para principiantes online - Live-French.net","og_description":"Nunca es tarde para aprender una lengua, incluso el franc\u00e9s! Si nunca has estudiado franc\u00e9s o cuentas con un conocimiento muy b\u00e1sico del idioma, este curso es para ti","og_url":"https:\/\/live-french.net\/es\/frances-principiantes-online\/","og_site_name":"Live-French.net","article_modified_time":"2025-11-29T13:46:25+00:00","og_image":[{"width":2240,"height":1260,"url":"https:\/\/live-french.net\/wp-content\/uploads\/2023\/07\/Frances-para-principiantes.jpg","type":"image\/jpeg"}],"twitter_misc":{"Tiempo de lectura":"3 minutos"},"schema":{"@context":"https:\/\/schema.org","@graph":[{"@type":"WebPage","@id":"https:\/\/live-french.net\/es\/frances-principiantes-online\/","url":"https:\/\/live-french.net\/es\/frances-principiantes-online\/","name":"Franc\u00e9s para principiantes online - Live-French.net","isPartOf":{"@id":"https:\/\/live-french.net\/es\/#website"},"primaryImageOfPage":{"@id":"https:\/\/live-french.net\/es\/frances-principiantes-online\/#primaryimage"},"image":{"@id":"https:\/\/live-french.net\/es\/frances-principiantes-online\/#primaryimage"},"thumbnailUrl":"https:\/\/live-french.net\/wp-content\/uploads\/2023\/07\/Frances-para-principiantes.jpg","datePublished":"2019-08-04T11:56:04+00:00","dateModified":"2025-11-29T13:46:25+00:00","description":"Nunca es tarde para aprender una lengua, incluso el franc\u00e9s! Si nunca has estudiado franc\u00e9s o cuentas con un conocimiento muy b\u00e1sico del idioma, este curso es para ti","breadcrumb":{"@id":"https:\/\/live-french.net\/es\/frances-principiantes-online\/#breadcrumb"},"inLanguage":"es","potentialAction":[{"@type":"ReadAction","target":["https:\/\/live-french.net\/es\/frances-principiantes-online\/"]}]},{"@type":"ImageObject","inLanguage":"es","@id":"https:\/\/live-french.net\/es\/frances-principiantes-online\/#primaryimage","url":"https:\/\/live-french.net\/wp-content\/uploads\/2023\/07\/Frances-para-principiantes.jpg","contentUrl":"https:\/\/live-french.net\/wp-content\/uploads\/2023\/07\/Frances-para-principiantes.jpg","width":2240,"height":1260},{"@type":"BreadcrumbList","@id":"https:\/\/live-french.net\/es\/frances-principiantes-online\/#breadcrumb","itemListElement":[{"@type":"ListItem","position":1,"name":"Home","item":"https:\/\/live-french.net\/es\/"},{"@type":"ListItem","position":2,"name":"Franc\u00e9s para principiantes online"}]},{"@type":"WebSite","@id":"https:\/\/live-french.net\/es\/#website","url":"https:\/\/live-french.net\/es\/","name":"Live-French.net","description":"Learn French Online","publisher":{"@id":"https:\/\/live-french.net\/es\/#organization"},"potentialAction":[{"@type":"SearchAction","target":{"@type":"EntryPoint","urlTemplate":"https:\/\/live-french.net\/es\/?s={search_term_string}"},"query-input":{"@type":"PropertyValueSpecification","valueRequired":true,"valueName":"search_term_string"}}],"inLanguage":"es"},{"@type":"Organization","@id":"https:\/\/live-french.net\/es\/#organization","name":"Live-French.net","url":"https:\/\/live-french.net\/es\/","logo":{"@type":"ImageObject","inLanguage":"es","@id":"https:\/\/live-french.net\/es\/#\/schema\/logo\/image\/","url":"https:\/\/live-french.net\/wp-content\/uploads\/2021\/12\/cropped-LiveFrenchLogo.png","contentUrl":"https:\/\/live-french.net\/wp-content\/uploads\/2021\/12\/cropped-LiveFrenchLogo.png","width":3319,"height":593,"caption":"Live-French.net"},"image":{"@id":"https:\/\/live-french.net\/es\/#\/schema\/logo\/image\/"}}]}},"_links":{"self":[{"href":"https:\/\/live-french.net\/es\/wp-json\/wp\/v2\/pages\/2918","targetHints":{"allow":["GET"]}}],"collection":[{"href":"https:\/\/live-french.net\/es\/wp-json\/wp\/v2\/pages"}],"about":[{"href":"https:\/\/live-french.net\/es\/wp-json\/wp\/v2\/types\/page"}],"author":[{"embeddable":true,"href":"https:\/\/live-french.net\/es\/wp-json\/wp\/v2\/users\/1"}],"replies":[{"embeddable":true,"href":"https:\/\/live-french.net\/es\/wp-json\/wp\/v2\/comments?post=2918"}],"version-history":[{"count":14,"href":"https:\/\/live-french.net\/es\/wp-json\/wp\/v2\/pages\/2918\/revisions"}],"predecessor-version":[{"id":28331,"href":"https:\/\/live-french.net\/es\/wp-json\/wp\/v2\/pages\/2918\/revisions\/28331"}],"wp:featuredmedia":[{"embeddable":true,"href":"https:\/\/live-french.net\/es\/wp-json\/wp\/v2\/media\/23621"}],"wp:attachment":[{"href":"https:\/\/live-french.net\/es\/wp-json\/wp\/v2\/media?parent=2918"}],"curies":[{"name":"wp","href":"https:\/\/api.w.org\/{rel}","templated":true}]}}