{"id":2917,"date":"2019-08-04T13:54:38","date_gmt":"2019-08-04T11:54:38","guid":{"rendered":"https:\/\/live-french.net\/blog\/examenes-de-frances-y-delf\/"},"modified":"2023-10-28T21:28:02","modified_gmt":"2023-10-28T19:28:02","slug":"examenes-frances-delf","status":"publish","type":"page","link":"https:\/\/live-french.net\/es\/examenes-frances-delf\/","title":{"rendered":"Ex\u00e1menes de franc\u00e9s y DELF"},"content":{"rendered":"<p>Si necesitas prepararte para un examen de franc\u00e9s como el DELF, DALF, TCF, o cualquier otro tipo de examen, solicita ayuda de nuestros experimentados profesores para conseguir el \u00e9xito.<\/p>\r\n<h2>Ex\u00e1menes de franc\u00e9s<\/h2>\r\n<p>Prep\u00e1rate <b>para cualquier examen de franc\u00e9s<\/b> que necesites aprobar con Live-French.net.<\/p>\r\n<p>No importa de qu\u00e9 tipo sea tu examen de franc\u00e9s, Live-French.net te ayuda a prepararlo. Ya sea para un examen de la universidad o una entrevista de trabajo en Francia, nuestro equipo de profesores sabr\u00e1 c\u00f3mo adaptarse a tu situaci\u00f3n y ofrecerte las mejores clases de preparaci\u00f3n.<\/p>\r\n<div id=\"custom_html-26\" class=\"widget_text si-sidebar-widget si-widget si-entry widget widget_custom_html amr_widget\"><div class=\"textwidget custom-html-widget\"><a href=\"https:\/\/member.booknstart.com\/trial-registration?lg=fr&referred_by=sCTA&office_id=6\" target=\"_blank\"><img decoding=\"async\" alt=\"Cours d'essai de fran\u00e7ais\" src=\"https:\/\/live-french.net\/wp-content\/uploads\/2023\/02\/sCTA-fr.jpg\"><\/a><\/div><\/div>\r\n<h2>Examen DELF<\/h2>\r\n<p>El <strong>examen DELF<\/strong> est\u00e1 altamente recomendado como prueba de tu nivel de franc\u00e9s. Nuestro curso de preparaci\u00f3n para el examen DELF constituye un completo repaso de las diferentes partes del examen DELF, aunque tambi\u00e9n podr\u00e1s concentrarte en cualquiera de las secciones concretas del examen.<br>\r\nEcha un vistazo a nuestro blog sobre <a href=\"https:\/\/live-french.net\/es\/blog\/category\/examenes-de-frances\/\" title=\"ex\u00e1menes de franc\u00e9s\">ex\u00e1menes de franc\u00e9s<\/a> y obt\u00e9n nuestros consejos para lograr el \u00e9xito.<\/p>\r\n<h2>\u00bfC\u00f3mo prepararse para el DELF?<\/h2>\r\n<p>Los ex\u00e1menes m\u00e1s populares son el DELF B1, B2 y DALF C1. Preparamos a nuestros estudiantes de franc\u00e9s para todos ellos, incluyendo el A1, A2 y C2.<br>\r\nNormalmente seguimos un libro que necesitar\u00e1s comprar de forma separada, pero tambi\u00e9n a\u00f1adiremos muchos otros recursos. El examen est\u00e1 formado por cuatro partes:<\/p>\r\n<ul>\r\n<li>Comprensi\u00f3n auditiva<\/li>\r\n<li>Comprensi\u00f3n lectora<\/li>\r\n<li>Ejercicio de redacci\u00f3n<\/li>\r\n<li>Ejercicio oral<\/li>\r\n<\/ul>\r\n<p>Los ejercicios est\u00e1n adaptados al nivel de tu elecci\u00f3n desde el principio. Durante tu preparaci\u00f3n, te daremos acceso a ejercicios con metodolog\u00edas similares a los que encontrar\u00e1s en el examen. Las primeras sesiones determinar\u00e1n tu nivel (qu\u00e9 tipo de examen deber\u00edas tomar), y te informar\u00e1n sobre tus puntos fuertes y d\u00e9biles.<\/p>\r\n<p>Sobre esta base, decidiremos cu\u00e1l ser\u00e1 nuestra estrategia. Nuestro objetivo siempre es mejorar tu confianza personal y elevar tu nivel hasta alcanzar los requisitos del examen. Si piensas que te falta vocabulario o nivel de gram\u00e1tica, parte de las clases pueden estar centradas en estos aspectos. De cualquier manera, nuestro principal esfuerzo se concentrar\u00e1 en preparar ejercicios y corregirlos durante las clases.<\/p>\r\n<p>Tu profesor tambi\u00e9n te dar\u00e1 consejos para que mejores tus notas, expresiones clave a utilizar, etc.<\/p>\r\n\r\n\r\n<h2 class=\"wp-block-heading\">Examen de franc\u00e9s DELF<\/h2>\r\n\r\n\r\n\r\n<figure class=\"wp-block-embed is-type-video is-provider-youtube wp-block-embed-youtube wp-embed-aspect-16-9 wp-has-aspect-ratio\"><div class=\"wp-block-embed__wrapper\">\r\n<iframe title=\"Faut-il passer un examen de fran\u00e7ais comme le DELF?\" width=\"500\" height=\"281\" src=\"https:\/\/www.youtube.com\/embed\/NxZur_aKEpE?feature=oembed\" frameborder=\"0\" allow=\"accelerometer; autoplay; clipboard-write; encrypted-media; gyroscope; picture-in-picture; web-share\" referrerpolicy=\"strict-origin-when-cross-origin\" allowfullscreen><\/iframe>\r\n<\/div><figcaption>Examen de franc\u00e9s DELF<\/figcaption><\/figure>\r\n\r\n\r\n\r\n<p>Para m\u00e1s informaci\u00f3n:  <a href=\"https:\/\/live-french.net\/fr\/blog\/examens-de-francais-fle\/faut-il-passer-un-examen-de-francais-de-type-delf\/\">https:\/\/live-french.net\/fr\/blog\/examens-de-francais-fle\/faut-il-passer-un-examen-de-francais-de-type-delf\/<\/a><\/p>\r\n<div id=\"media_image-2\" class=\"si-sidebar-widget si-widget si-entry widget widget_media_image amr_widget\"><h4 class=\"widget-title\">Perfectionnez votre fran\u00e7ais &#8211; cours d&#8217;essai gratuit! Inscrivez-vous ici<\/h4><a href=\"https:\/\/member.booknstart.com\/trial-registration?lg=fr&#038;referred_by=CTA&#038;office_id=6\"><img fetchpriority=\"high\" decoding=\"async\" width=\"1024\" height=\"366\" src=\"https:\/\/live-french.net\/wp-content\/uploads\/2025\/04\/CTA-LFNfr-1024x366.jpg\" class=\"image wp-image-27798  attachment-large size-large\" alt=\"\" style=\"max-width: 100%; height: auto;\" title=\"Perfectionnez votre fran\u00e7ais - cours d&#039;essai gratuit! Inscrivez-vous ici\" srcset=\"https:\/\/live-french.net\/wp-content\/uploads\/2025\/04\/CTA-LFNfr-1024x366.jpg 1024w, https:\/\/live-french.net\/wp-content\/uploads\/2025\/04\/CTA-LFNfr-300x107.jpg 300w, https:\/\/live-french.net\/wp-content\/uploads\/2025\/04\/CTA-LFNfr-768x274.jpg 768w, https:\/\/live-french.net\/wp-content\/uploads\/2025\/04\/CTA-LFNfr-1536x549.jpg 1536w, https:\/\/live-french.net\/wp-content\/uploads\/2025\/04\/CTA-LFNfr-2048x731.jpg 2048w\" sizes=\"(max-width: 1024px) 100vw, 1024px\" \/><\/a><\/div>","protected":false},"excerpt":{"rendered":"<p>Si necesitas prepararte para un examen de franc\u00e9s como el DELF, DALF, TCF, o cualquier otro tipo de examen, solicita ayuda de nuestros experimentados profesores para conseguir el \u00e9xito. Ex\u00e1menes&hellip;<\/p>\n","protected":false},"author":1,"featured_media":21873,"parent":0,"menu_order":0,"comment_status":"closed","ping_status":"closed","template":"","meta":{"om_disable_all_campaigns":false,"_monsterinsights_skip_tracking":false,"_monsterinsights_sitenote_active":false,"_monsterinsights_sitenote_note":"","_monsterinsights_sitenote_category":0,"footnotes":""},"class_list":["post-2917","page","type-page","status-publish","has-post-thumbnail","hentry"],"aioseo_notices":[],"yoast_head":"<!-- This site is optimized with the Yoast SEO plugin v26.9 - https:\/\/yoast.com\/product\/yoast-seo-wordpress\/ -->\n<title>Ex\u00e1menes de franc\u00e9s y DELF - Live-French.net<\/title>\n<meta name=\"description\" content=\"Si necesitas prepararte para un examen de franc\u00e9s como el DELF, DALF o TCF, solicita ayuda de nuestros experimentados profesores para conseguir el \u00e9xito.\" \/>\n<meta name=\"robots\" content=\"index, follow, max-snippet:-1, max-image-preview:large, max-video-preview:-1\" \/>\n<link rel=\"canonical\" href=\"https:\/\/live-french.net\/es\/examenes-frances-delf\/\" \/>\n<meta property=\"og:locale\" content=\"es_ES\" \/>\n<meta property=\"og:type\" content=\"article\" \/>\n<meta property=\"og:title\" content=\"Ex\u00e1menes de franc\u00e9s y DELF - Live-French.net\" \/>\n<meta property=\"og:description\" content=\"Si necesitas prepararte para un examen de franc\u00e9s como el DELF, DALF o TCF, solicita ayuda de nuestros experimentados profesores para conseguir el \u00e9xito.\" \/>\n<meta property=\"og:url\" content=\"https:\/\/live-french.net\/es\/examenes-frances-delf\/\" \/>\n<meta property=\"og:site_name\" content=\"Live-French.net\" \/>\n<meta property=\"article:modified_time\" content=\"2023-10-28T19:28:02+00:00\" \/>\n<meta property=\"og:image\" content=\"https:\/\/live-french.net\/wp-content\/uploads\/2023\/02\/Examenes-de-frances.jpg\" \/>\n\t<meta property=\"og:image:width\" content=\"2240\" \/>\n\t<meta property=\"og:image:height\" content=\"1260\" \/>\n\t<meta property=\"og:image:type\" content=\"image\/jpeg\" \/>\n<meta name=\"twitter:label1\" content=\"Tiempo de lectura\" \/>\n\t<meta name=\"twitter:data1\" content=\"2 minutos\" \/>\n<script type=\"application\/ld+json\" class=\"yoast-schema-graph\">{\"@context\":\"https:\/\/schema.org\",\"@graph\":[{\"@type\":\"WebPage\",\"@id\":\"https:\/\/live-french.net\/es\/examenes-frances-delf\/\",\"url\":\"https:\/\/live-french.net\/es\/examenes-frances-delf\/\",\"name\":\"Ex\u00e1menes de franc\u00e9s y DELF - Live-French.net\",\"isPartOf\":{\"@id\":\"https:\/\/live-french.net\/es\/#website\"},\"primaryImageOfPage\":{\"@id\":\"https:\/\/live-french.net\/es\/examenes-frances-delf\/#primaryimage\"},\"image\":{\"@id\":\"https:\/\/live-french.net\/es\/examenes-frances-delf\/#primaryimage\"},\"thumbnailUrl\":\"https:\/\/live-french.net\/wp-content\/uploads\/2023\/02\/Examenes-de-frances.jpg\",\"datePublished\":\"2019-08-04T11:54:38+00:00\",\"dateModified\":\"2023-10-28T19:28:02+00:00\",\"description\":\"Si necesitas prepararte para un examen de franc\u00e9s como el DELF, DALF o TCF, solicita ayuda de nuestros experimentados profesores para conseguir el \u00e9xito.\",\"breadcrumb\":{\"@id\":\"https:\/\/live-french.net\/es\/examenes-frances-delf\/#breadcrumb\"},\"inLanguage\":\"es\",\"potentialAction\":[{\"@type\":\"ReadAction\",\"target\":[\"https:\/\/live-french.net\/es\/examenes-frances-delf\/\"]}]},{\"@type\":\"ImageObject\",\"inLanguage\":\"es\",\"@id\":\"https:\/\/live-french.net\/es\/examenes-frances-delf\/#primaryimage\",\"url\":\"https:\/\/live-french.net\/wp-content\/uploads\/2023\/02\/Examenes-de-frances.jpg\",\"contentUrl\":\"https:\/\/live-french.net\/wp-content\/uploads\/2023\/02\/Examenes-de-frances.jpg\",\"width\":2240,\"height\":1260,\"caption\":\"Ex\u00e1menes de franc\u00e9s\"},{\"@type\":\"BreadcrumbList\",\"@id\":\"https:\/\/live-french.net\/es\/examenes-frances-delf\/#breadcrumb\",\"itemListElement\":[{\"@type\":\"ListItem\",\"position\":1,\"name\":\"Home\",\"item\":\"https:\/\/live-french.net\/es\/\"},{\"@type\":\"ListItem\",\"position\":2,\"name\":\"Ex\u00e1menes de franc\u00e9s y DELF\"}]},{\"@type\":\"WebSite\",\"@id\":\"https:\/\/live-french.net\/es\/#website\",\"url\":\"https:\/\/live-french.net\/es\/\",\"name\":\"Live-French.net\",\"description\":\"Learn French Online\",\"publisher\":{\"@id\":\"https:\/\/live-french.net\/es\/#organization\"},\"potentialAction\":[{\"@type\":\"SearchAction\",\"target\":{\"@type\":\"EntryPoint\",\"urlTemplate\":\"https:\/\/live-french.net\/es\/?s={search_term_string}\"},\"query-input\":{\"@type\":\"PropertyValueSpecification\",\"valueRequired\":true,\"valueName\":\"search_term_string\"}}],\"inLanguage\":\"es\"},{\"@type\":\"Organization\",\"@id\":\"https:\/\/live-french.net\/es\/#organization\",\"name\":\"Live-French.net\",\"url\":\"https:\/\/live-french.net\/es\/\",\"logo\":{\"@type\":\"ImageObject\",\"inLanguage\":\"es\",\"@id\":\"https:\/\/live-french.net\/es\/#\/schema\/logo\/image\/\",\"url\":\"https:\/\/live-french.net\/wp-content\/uploads\/2021\/12\/cropped-LiveFrenchLogo.png\",\"contentUrl\":\"https:\/\/live-french.net\/wp-content\/uploads\/2021\/12\/cropped-LiveFrenchLogo.png\",\"width\":3319,\"height\":593,\"caption\":\"Live-French.net\"},\"image\":{\"@id\":\"https:\/\/live-french.net\/es\/#\/schema\/logo\/image\/\"}}]}<\/script>\n<!-- \/ Yoast SEO plugin. -->","yoast_head_json":{"title":"Ex\u00e1menes de franc\u00e9s y DELF - Live-French.net","description":"Si necesitas prepararte para un examen de franc\u00e9s como el DELF, DALF o TCF, solicita ayuda de nuestros experimentados profesores para conseguir el \u00e9xito.","robots":{"index":"index","follow":"follow","max-snippet":"max-snippet:-1","max-image-preview":"max-image-preview:large","max-video-preview":"max-video-preview:-1"},"canonical":"https:\/\/live-french.net\/es\/examenes-frances-delf\/","og_locale":"es_ES","og_type":"article","og_title":"Ex\u00e1menes de franc\u00e9s y DELF - Live-French.net","og_description":"Si necesitas prepararte para un examen de franc\u00e9s como el DELF, DALF o TCF, solicita ayuda de nuestros experimentados profesores para conseguir el \u00e9xito.","og_url":"https:\/\/live-french.net\/es\/examenes-frances-delf\/","og_site_name":"Live-French.net","article_modified_time":"2023-10-28T19:28:02+00:00","og_image":[{"width":2240,"height":1260,"url":"https:\/\/live-french.net\/wp-content\/uploads\/2023\/02\/Examenes-de-frances.jpg","type":"image\/jpeg"}],"twitter_misc":{"Tiempo de lectura":"2 minutos"},"schema":{"@context":"https:\/\/schema.org","@graph":[{"@type":"WebPage","@id":"https:\/\/live-french.net\/es\/examenes-frances-delf\/","url":"https:\/\/live-french.net\/es\/examenes-frances-delf\/","name":"Ex\u00e1menes de franc\u00e9s y DELF - Live-French.net","isPartOf":{"@id":"https:\/\/live-french.net\/es\/#website"},"primaryImageOfPage":{"@id":"https:\/\/live-french.net\/es\/examenes-frances-delf\/#primaryimage"},"image":{"@id":"https:\/\/live-french.net\/es\/examenes-frances-delf\/#primaryimage"},"thumbnailUrl":"https:\/\/live-french.net\/wp-content\/uploads\/2023\/02\/Examenes-de-frances.jpg","datePublished":"2019-08-04T11:54:38+00:00","dateModified":"2023-10-28T19:28:02+00:00","description":"Si necesitas prepararte para un examen de franc\u00e9s como el DELF, DALF o TCF, solicita ayuda de nuestros experimentados profesores para conseguir el \u00e9xito.","breadcrumb":{"@id":"https:\/\/live-french.net\/es\/examenes-frances-delf\/#breadcrumb"},"inLanguage":"es","potentialAction":[{"@type":"ReadAction","target":["https:\/\/live-french.net\/es\/examenes-frances-delf\/"]}]},{"@type":"ImageObject","inLanguage":"es","@id":"https:\/\/live-french.net\/es\/examenes-frances-delf\/#primaryimage","url":"https:\/\/live-french.net\/wp-content\/uploads\/2023\/02\/Examenes-de-frances.jpg","contentUrl":"https:\/\/live-french.net\/wp-content\/uploads\/2023\/02\/Examenes-de-frances.jpg","width":2240,"height":1260,"caption":"Ex\u00e1menes de franc\u00e9s"},{"@type":"BreadcrumbList","@id":"https:\/\/live-french.net\/es\/examenes-frances-delf\/#breadcrumb","itemListElement":[{"@type":"ListItem","position":1,"name":"Home","item":"https:\/\/live-french.net\/es\/"},{"@type":"ListItem","position":2,"name":"Ex\u00e1menes de franc\u00e9s y DELF"}]},{"@type":"WebSite","@id":"https:\/\/live-french.net\/es\/#website","url":"https:\/\/live-french.net\/es\/","name":"Live-French.net","description":"Learn French Online","publisher":{"@id":"https:\/\/live-french.net\/es\/#organization"},"potentialAction":[{"@type":"SearchAction","target":{"@type":"EntryPoint","urlTemplate":"https:\/\/live-french.net\/es\/?s={search_term_string}"},"query-input":{"@type":"PropertyValueSpecification","valueRequired":true,"valueName":"search_term_string"}}],"inLanguage":"es"},{"@type":"Organization","@id":"https:\/\/live-french.net\/es\/#organization","name":"Live-French.net","url":"https:\/\/live-french.net\/es\/","logo":{"@type":"ImageObject","inLanguage":"es","@id":"https:\/\/live-french.net\/es\/#\/schema\/logo\/image\/","url":"https:\/\/live-french.net\/wp-content\/uploads\/2021\/12\/cropped-LiveFrenchLogo.png","contentUrl":"https:\/\/live-french.net\/wp-content\/uploads\/2021\/12\/cropped-LiveFrenchLogo.png","width":3319,"height":593,"caption":"Live-French.net"},"image":{"@id":"https:\/\/live-french.net\/es\/#\/schema\/logo\/image\/"}}]}},"_links":{"self":[{"href":"https:\/\/live-french.net\/es\/wp-json\/wp\/v2\/pages\/2917","targetHints":{"allow":["GET"]}}],"collection":[{"href":"https:\/\/live-french.net\/es\/wp-json\/wp\/v2\/pages"}],"about":[{"href":"https:\/\/live-french.net\/es\/wp-json\/wp\/v2\/types\/page"}],"author":[{"embeddable":true,"href":"https:\/\/live-french.net\/es\/wp-json\/wp\/v2\/users\/1"}],"replies":[{"embeddable":true,"href":"https:\/\/live-french.net\/es\/wp-json\/wp\/v2\/comments?post=2917"}],"version-history":[{"count":6,"href":"https:\/\/live-french.net\/es\/wp-json\/wp\/v2\/pages\/2917\/revisions"}],"predecessor-version":[{"id":24316,"href":"https:\/\/live-french.net\/es\/wp-json\/wp\/v2\/pages\/2917\/revisions\/24316"}],"wp:featuredmedia":[{"embeddable":true,"href":"https:\/\/live-french.net\/es\/wp-json\/wp\/v2\/media\/21873"}],"wp:attachment":[{"href":"https:\/\/live-french.net\/es\/wp-json\/wp\/v2\/media?parent=2917"}],"curies":[{"name":"wp","href":"https:\/\/api.w.org\/{rel}","templated":true}]}}