{"id":2916,"date":"2019-08-04T13:53:31","date_gmt":"2019-08-04T11:53:31","guid":{"rendered":"https:\/\/live-french.net\/blog\/curso-de-frances-para-los-negocios-online\/"},"modified":"2025-11-29T15:05:07","modified_gmt":"2025-11-29T14:05:07","slug":"curso-frances-negocios-online","status":"publish","type":"page","link":"https:\/\/live-french.net\/es\/curso-frances-negocios-online\/","title":{"rendered":"Curso de franc\u00e9s para los negocios online"},"content":{"rendered":"<p>El franc\u00e9s es uno de los idiomas m\u00e1s hablados en todo el mundo. Debido a que aquellas personas que trabajan en Francia, \u00c1frica, Canad\u00e1 u otros pa\u00edses necesitan comunicarse en franc\u00e9s, hemos dise\u00f1ado un curso especializado en franc\u00e9s para los negocios.<\/p>\n<h2>Franc\u00e9s para los negocios online<\/h2>\n<p>Las clases estar\u00e1n dise\u00f1adas de acuerdo con tus necesidades, tanto si necesitas ganar familiaridad con el vocabulario espec\u00edfico de tu industria o puesto de trabajo, como si te gustar\u00eda aprender sobre asuntos de actualidad a trav\u00e9s de art\u00edculos y noticias sobre el mundo de los negocios de una forma m\u00e1s global.<\/p>\n<p>Live-French.net ha desarrollado un curso especial de franc\u00e9s para los negocios online con el objetivo de hacerte sentir m\u00e1s seguro de ti mismo en cualquier aspecto relacionado con el mundo del trabajo. Si necesitas discutir asuntos complejos sobre negocios en franc\u00e9s, aseg\u00farate de registrarte en nuestro curso.<\/p>\n<h2>Franc\u00e9s para los negocios por Zoom<\/h2>\n<p>Lo sabemos: como persona de negocios, no siempre es f\u00e1cil dedicar tiempo a mejorar tu nivel de franc\u00e9s. Si te registras en nuestro <a title=\"Clases de franc\u00e9s en l\u00ednea por Zoom\" href=\"https:\/\/live-french.net\/es\/clases-de-frances-en-linea-por-zoom\/\">curso de franc\u00e9s para los negocios online por Zoom<\/a>, podr\u00e1s disfrutar de sesiones cortas (30 minutos) centradas en aquellos temas en los que necesites progresar. Es eficiente y efectivo. Te daremos la flexibilidad necesaria para reservar tus clases antes de ir al trabajo, durante tu pausa para el almuerzo o despu\u00e9s de trabajar. Incluso podr\u00e1s tomar clases mientras te encuentras en un viaje de negocios, siempre y cuando cuentes con una buena conexi\u00f3n a internet.<\/p>\n<h2>Prep\u00e1rate para una entrevista de trabajo en franc\u00e9s<\/h2>\n<p>Como parte de nuestro curso de franc\u00e9s para los negocios, te prepararemos para tu pr\u00f3xima entrevista de trabajo en franc\u00e9s. Durante el curso, podr\u00e1s ensayar las preguntas m\u00e1s populares en entrevistas. Si tus habilidades de franc\u00e9s van a ser puestas a prueba, necesitar\u00e1s mostrar que eres capaz de hablar sobre tu carrera u otros temas de forma fluida en franc\u00e9s.<\/p>\n<div id=\"media_image-2\" class=\"si-sidebar-widget si-widget si-entry widget widget_media_image amr_widget\"><h4 class=\"widget-title\">Perfectionnez votre fran\u00e7ais &#8211; cours d&#8217;essai gratuit! Inscrivez-vous ici<\/h4><a href=\"https:\/\/member.booknstart.com\/trial-registration?lg=fr&#038;referred_by=CTA&#038;office_id=6\"><img fetchpriority=\"high\" decoding=\"async\" width=\"1024\" height=\"366\" src=\"https:\/\/live-french.net\/wp-content\/uploads\/2025\/04\/CTA-LFNfr-1024x366.jpg\" class=\"image wp-image-27798  attachment-large size-large\" alt=\"\" style=\"max-width: 100%; height: auto;\" title=\"Perfectionnez votre fran\u00e7ais - cours d&#039;essai gratuit! Inscrivez-vous ici\" srcset=\"https:\/\/live-french.net\/wp-content\/uploads\/2025\/04\/CTA-LFNfr-1024x366.jpg 1024w, https:\/\/live-french.net\/wp-content\/uploads\/2025\/04\/CTA-LFNfr-300x107.jpg 300w, https:\/\/live-french.net\/wp-content\/uploads\/2025\/04\/CTA-LFNfr-768x274.jpg 768w, https:\/\/live-french.net\/wp-content\/uploads\/2025\/04\/CTA-LFNfr-1536x549.jpg 1536w, https:\/\/live-french.net\/wp-content\/uploads\/2025\/04\/CTA-LFNfr-2048x731.jpg 2048w\" sizes=\"(max-width: 1024px) 100vw, 1024px\" \/><\/a><\/div>","protected":false},"excerpt":{"rendered":"<p>El franc\u00e9s es uno de los idiomas m\u00e1s hablados en todo el mundo. Debido a que aquellas personas que trabajan en Francia, \u00c1frica, Canad\u00e1 u otros pa\u00edses necesitan comunicarse en&hellip;<\/p>\n","protected":false},"author":1,"featured_media":23680,"parent":0,"menu_order":0,"comment_status":"closed","ping_status":"closed","template":"","meta":{"om_disable_all_campaigns":false,"_monsterinsights_skip_tracking":false,"_monsterinsights_sitenote_active":false,"_monsterinsights_sitenote_note":"","_monsterinsights_sitenote_category":0,"footnotes":""},"class_list":["post-2916","page","type-page","status-publish","has-post-thumbnail","hentry"],"aioseo_notices":[],"yoast_head":"<!-- This site is optimized with the Yoast SEO plugin v26.9 - https:\/\/yoast.com\/product\/yoast-seo-wordpress\/ -->\n<title>Curso de franc\u00e9s para los negocios online - Live-French.net<\/title>\n<meta name=\"robots\" content=\"index, follow, max-snippet:-1, max-image-preview:large, max-video-preview:-1\" \/>\n<link rel=\"canonical\" href=\"https:\/\/live-french.net\/es\/curso-frances-negocios-online\/\" \/>\n<meta property=\"og:locale\" content=\"es_ES\" \/>\n<meta property=\"og:type\" content=\"article\" \/>\n<meta property=\"og:title\" content=\"Curso de franc\u00e9s para los negocios online - Live-French.net\" \/>\n<meta property=\"og:description\" content=\"El franc\u00e9s es uno de los idiomas m\u00e1s hablados en todo el mundo. Debido a que aquellas personas que trabajan en Francia, \u00c1frica, Canad\u00e1 u otros pa\u00edses necesitan comunicarse en&hellip;\" \/>\n<meta property=\"og:url\" content=\"https:\/\/live-french.net\/es\/curso-frances-negocios-online\/\" \/>\n<meta property=\"og:site_name\" content=\"Live-French.net\" \/>\n<meta property=\"article:modified_time\" content=\"2025-11-29T14:05:07+00:00\" \/>\n<meta property=\"og:image\" content=\"https:\/\/live-french.net\/wp-content\/uploads\/2023\/07\/Curso-de-frances-para-los-negocios.jpg\" \/>\n\t<meta property=\"og:image:width\" content=\"2240\" \/>\n\t<meta property=\"og:image:height\" content=\"1260\" \/>\n\t<meta property=\"og:image:type\" content=\"image\/jpeg\" \/>\n<meta name=\"twitter:label1\" content=\"Tiempo de lectura\" \/>\n\t<meta name=\"twitter:data1\" content=\"2 minutos\" \/>\n<script type=\"application\/ld+json\" class=\"yoast-schema-graph\">{\"@context\":\"https:\/\/schema.org\",\"@graph\":[{\"@type\":\"WebPage\",\"@id\":\"https:\/\/live-french.net\/es\/curso-frances-negocios-online\/\",\"url\":\"https:\/\/live-french.net\/es\/curso-frances-negocios-online\/\",\"name\":\"Curso de franc\u00e9s para los negocios online - Live-French.net\",\"isPartOf\":{\"@id\":\"https:\/\/live-french.net\/es\/#website\"},\"primaryImageOfPage\":{\"@id\":\"https:\/\/live-french.net\/es\/curso-frances-negocios-online\/#primaryimage\"},\"image\":{\"@id\":\"https:\/\/live-french.net\/es\/curso-frances-negocios-online\/#primaryimage\"},\"thumbnailUrl\":\"https:\/\/live-french.net\/wp-content\/uploads\/2023\/07\/Curso-de-frances-para-los-negocios.jpg\",\"datePublished\":\"2019-08-04T11:53:31+00:00\",\"dateModified\":\"2025-11-29T14:05:07+00:00\",\"breadcrumb\":{\"@id\":\"https:\/\/live-french.net\/es\/curso-frances-negocios-online\/#breadcrumb\"},\"inLanguage\":\"es\",\"potentialAction\":[{\"@type\":\"ReadAction\",\"target\":[\"https:\/\/live-french.net\/es\/curso-frances-negocios-online\/\"]}]},{\"@type\":\"ImageObject\",\"inLanguage\":\"es\",\"@id\":\"https:\/\/live-french.net\/es\/curso-frances-negocios-online\/#primaryimage\",\"url\":\"https:\/\/live-french.net\/wp-content\/uploads\/2023\/07\/Curso-de-frances-para-los-negocios.jpg\",\"contentUrl\":\"https:\/\/live-french.net\/wp-content\/uploads\/2023\/07\/Curso-de-frances-para-los-negocios.jpg\",\"width\":2240,\"height\":1260},{\"@type\":\"BreadcrumbList\",\"@id\":\"https:\/\/live-french.net\/es\/curso-frances-negocios-online\/#breadcrumb\",\"itemListElement\":[{\"@type\":\"ListItem\",\"position\":1,\"name\":\"Home\",\"item\":\"https:\/\/live-french.net\/es\/\"},{\"@type\":\"ListItem\",\"position\":2,\"name\":\"Curso de franc\u00e9s para los negocios online\"}]},{\"@type\":\"WebSite\",\"@id\":\"https:\/\/live-french.net\/es\/#website\",\"url\":\"https:\/\/live-french.net\/es\/\",\"name\":\"Live-French.net\",\"description\":\"Learn French Online\",\"publisher\":{\"@id\":\"https:\/\/live-french.net\/es\/#organization\"},\"potentialAction\":[{\"@type\":\"SearchAction\",\"target\":{\"@type\":\"EntryPoint\",\"urlTemplate\":\"https:\/\/live-french.net\/es\/?s={search_term_string}\"},\"query-input\":{\"@type\":\"PropertyValueSpecification\",\"valueRequired\":true,\"valueName\":\"search_term_string\"}}],\"inLanguage\":\"es\"},{\"@type\":\"Organization\",\"@id\":\"https:\/\/live-french.net\/es\/#organization\",\"name\":\"Live-French.net\",\"url\":\"https:\/\/live-french.net\/es\/\",\"logo\":{\"@type\":\"ImageObject\",\"inLanguage\":\"es\",\"@id\":\"https:\/\/live-french.net\/es\/#\/schema\/logo\/image\/\",\"url\":\"https:\/\/live-french.net\/wp-content\/uploads\/2021\/12\/cropped-LiveFrenchLogo.png\",\"contentUrl\":\"https:\/\/live-french.net\/wp-content\/uploads\/2021\/12\/cropped-LiveFrenchLogo.png\",\"width\":3319,\"height\":593,\"caption\":\"Live-French.net\"},\"image\":{\"@id\":\"https:\/\/live-french.net\/es\/#\/schema\/logo\/image\/\"}}]}<\/script>\n<!-- \/ Yoast SEO plugin. -->","yoast_head_json":{"title":"Curso de franc\u00e9s para los negocios online - Live-French.net","robots":{"index":"index","follow":"follow","max-snippet":"max-snippet:-1","max-image-preview":"max-image-preview:large","max-video-preview":"max-video-preview:-1"},"canonical":"https:\/\/live-french.net\/es\/curso-frances-negocios-online\/","og_locale":"es_ES","og_type":"article","og_title":"Curso de franc\u00e9s para los negocios online - Live-French.net","og_description":"El franc\u00e9s es uno de los idiomas m\u00e1s hablados en todo el mundo. Debido a que aquellas personas que trabajan en Francia, \u00c1frica, Canad\u00e1 u otros pa\u00edses necesitan comunicarse en&hellip;","og_url":"https:\/\/live-french.net\/es\/curso-frances-negocios-online\/","og_site_name":"Live-French.net","article_modified_time":"2025-11-29T14:05:07+00:00","og_image":[{"width":2240,"height":1260,"url":"https:\/\/live-french.net\/wp-content\/uploads\/2023\/07\/Curso-de-frances-para-los-negocios.jpg","type":"image\/jpeg"}],"twitter_misc":{"Tiempo de lectura":"2 minutos"},"schema":{"@context":"https:\/\/schema.org","@graph":[{"@type":"WebPage","@id":"https:\/\/live-french.net\/es\/curso-frances-negocios-online\/","url":"https:\/\/live-french.net\/es\/curso-frances-negocios-online\/","name":"Curso de franc\u00e9s para los negocios online - Live-French.net","isPartOf":{"@id":"https:\/\/live-french.net\/es\/#website"},"primaryImageOfPage":{"@id":"https:\/\/live-french.net\/es\/curso-frances-negocios-online\/#primaryimage"},"image":{"@id":"https:\/\/live-french.net\/es\/curso-frances-negocios-online\/#primaryimage"},"thumbnailUrl":"https:\/\/live-french.net\/wp-content\/uploads\/2023\/07\/Curso-de-frances-para-los-negocios.jpg","datePublished":"2019-08-04T11:53:31+00:00","dateModified":"2025-11-29T14:05:07+00:00","breadcrumb":{"@id":"https:\/\/live-french.net\/es\/curso-frances-negocios-online\/#breadcrumb"},"inLanguage":"es","potentialAction":[{"@type":"ReadAction","target":["https:\/\/live-french.net\/es\/curso-frances-negocios-online\/"]}]},{"@type":"ImageObject","inLanguage":"es","@id":"https:\/\/live-french.net\/es\/curso-frances-negocios-online\/#primaryimage","url":"https:\/\/live-french.net\/wp-content\/uploads\/2023\/07\/Curso-de-frances-para-los-negocios.jpg","contentUrl":"https:\/\/live-french.net\/wp-content\/uploads\/2023\/07\/Curso-de-frances-para-los-negocios.jpg","width":2240,"height":1260},{"@type":"BreadcrumbList","@id":"https:\/\/live-french.net\/es\/curso-frances-negocios-online\/#breadcrumb","itemListElement":[{"@type":"ListItem","position":1,"name":"Home","item":"https:\/\/live-french.net\/es\/"},{"@type":"ListItem","position":2,"name":"Curso de franc\u00e9s para los negocios online"}]},{"@type":"WebSite","@id":"https:\/\/live-french.net\/es\/#website","url":"https:\/\/live-french.net\/es\/","name":"Live-French.net","description":"Learn French Online","publisher":{"@id":"https:\/\/live-french.net\/es\/#organization"},"potentialAction":[{"@type":"SearchAction","target":{"@type":"EntryPoint","urlTemplate":"https:\/\/live-french.net\/es\/?s={search_term_string}"},"query-input":{"@type":"PropertyValueSpecification","valueRequired":true,"valueName":"search_term_string"}}],"inLanguage":"es"},{"@type":"Organization","@id":"https:\/\/live-french.net\/es\/#organization","name":"Live-French.net","url":"https:\/\/live-french.net\/es\/","logo":{"@type":"ImageObject","inLanguage":"es","@id":"https:\/\/live-french.net\/es\/#\/schema\/logo\/image\/","url":"https:\/\/live-french.net\/wp-content\/uploads\/2021\/12\/cropped-LiveFrenchLogo.png","contentUrl":"https:\/\/live-french.net\/wp-content\/uploads\/2021\/12\/cropped-LiveFrenchLogo.png","width":3319,"height":593,"caption":"Live-French.net"},"image":{"@id":"https:\/\/live-french.net\/es\/#\/schema\/logo\/image\/"}}]}},"_links":{"self":[{"href":"https:\/\/live-french.net\/es\/wp-json\/wp\/v2\/pages\/2916","targetHints":{"allow":["GET"]}}],"collection":[{"href":"https:\/\/live-french.net\/es\/wp-json\/wp\/v2\/pages"}],"about":[{"href":"https:\/\/live-french.net\/es\/wp-json\/wp\/v2\/types\/page"}],"author":[{"embeddable":true,"href":"https:\/\/live-french.net\/es\/wp-json\/wp\/v2\/users\/1"}],"replies":[{"embeddable":true,"href":"https:\/\/live-french.net\/es\/wp-json\/wp\/v2\/comments?post=2916"}],"version-history":[{"count":5,"href":"https:\/\/live-french.net\/es\/wp-json\/wp\/v2\/pages\/2916\/revisions"}],"predecessor-version":[{"id":28338,"href":"https:\/\/live-french.net\/es\/wp-json\/wp\/v2\/pages\/2916\/revisions\/28338"}],"wp:featuredmedia":[{"embeddable":true,"href":"https:\/\/live-french.net\/es\/wp-json\/wp\/v2\/media\/23680"}],"wp:attachment":[{"href":"https:\/\/live-french.net\/es\/wp-json\/wp\/v2\/media?parent=2916"}],"curies":[{"name":"wp","href":"https:\/\/api.w.org\/{rel}","templated":true}]}}