{"id":28164,"date":"2025-10-29T11:19:35","date_gmt":"2025-10-29T10:19:35","guid":{"rendered":"https:\/\/live-french.net\/clases-de-frances-en-linea-por-zoom\/"},"modified":"2025-10-29T11:25:10","modified_gmt":"2025-10-29T10:25:10","slug":"clases-de-frances-en-linea-por-zoom","status":"publish","type":"page","link":"https:\/\/live-french.net\/es\/clases-de-frances-en-linea-por-zoom\/","title":{"rendered":"Clases de franc\u00e9s en l\u00ednea por Zoom"},"content":{"rendered":"\r\n\r\n<p>Zoom es una aplicaci\u00f3n de videoconferencia muy avanzada que se ha vuelto extremadamente popular desde 2020. Live-French.net ahora ofrece clases de franc\u00e9s por Zoom para permitir que quienes ya est\u00e1n familiarizados con esta aplicaci\u00f3n se conecten con sus profesores de franc\u00e9s a trav\u00e9s de Zoom. Las <a title=\"Clases individuales de franc\u00e9s\" href=\"https:\/\/live-french.net\/online-french-course\/\">clases individuales de franc\u00e9s<\/a> y las <a title=\"Clases grupales de franc\u00e9s\" href=\"https:\/\/live-french.net\/live-french-club-french-group-lessons\/\">clases grupales<\/a> se imparten por Zoom.<\/p>\r\n\r\n<div id=\"custom_html-26\" class=\"widget_text si-sidebar-widget si-widget si-entry widget widget_custom_html amr_widget\"><div class=\"textwidget custom-html-widget\"><a href=\"https:\/\/member.booknstart.com\/trial-registration?lg=fr&referred_by=sCTA&office_id=6\" target=\"_blank\"><img decoding=\"async\" alt=\"Cours d'essai de fran\u00e7ais\" src=\"https:\/\/live-french.net\/wp-content\/uploads\/2023\/02\/sCTA-fr.jpg\"><\/a><\/div><\/div>\r\n\r\n<h2 class=\"wp-block-heading\">\u00bfCu\u00e1les son las ventajas de las clases de franc\u00e9s por Zoom?<\/h2>\r\n\r\n\r\n\r\n\r\n<p>Hoy en d\u00eda existe una gran variedad de aplicaciones que permiten la comunicaci\u00f3n por VoIP. Sin embargo, no todas alcanzan la calidad de servicio que ofrece Zoom. El sonido es excelente, el video es de alta definici\u00f3n, es f\u00e1cil de usar y funciona perfectamente tanto desde un ordenador como desde un tel\u00e9fono m\u00f3vil.<\/p>\r\n\r\n\r\n\r\n\r\n<p>Necesit\u00e1bamos una aplicaci\u00f3n que se adaptara bien a nuestras clases de franc\u00e9s en l\u00ednea, \u00a1y Zoom cumpli\u00f3 con todos los requisitos!<\/p>\r\n\r\n\r\n\r\n\r\n<p>La tecnolog\u00eda que ofrece Zoom est\u00e1 alineada con nuestra visi\u00f3n de c\u00f3mo debe ser la tecnolog\u00eda: una herramienta de alta calidad que nos ayuda a conectar a nuestros profesores de franc\u00e9s contigo, incluso si est\u00e1n muy lejos.<\/p>\r\n\r\n\r\n\r\n\r\n<ul class=\"wp-block-list\">\r\n<li>Es f\u00e1cil de usar. Solo tienes que hacer clic en el enlace que te enviamos para unirte a la clase.<\/li>\r\n<li>Ofrece audio y video en alta definici\u00f3n sin demoras.<\/li>\r\n<li>Puede usarse desde cualquier dispositivo: ordenador, tableta o tel\u00e9fono.<\/li>\r\n<li>Permite compartir pantalla, enviar mensajes instant\u00e1neos y compartir contenido.<\/li>\r\n<\/ul>\r\n\r\n\r\n\r\n\r\n<h2 class=\"wp-block-heading\">\u00bfA qui\u00e9n van dirigidas las clases de franc\u00e9s por Zoom?<\/h2>\r\n\r\n<p>Las clases de franc\u00e9s por Zoom son flexibles, interactivas y se centran en tus propios objetivos. Por lo tanto, son la forma m\u00e1s pr\u00e1ctica de mejorar tu franc\u00e9s: puedes acceder a tus clases desde cualquier lugar con conexi\u00f3n a Internet. Son adecuadas para todos los niveles, as\u00ed que no te preocupes si tu nivel actual es bajo. Si no quieres perder tiempo y deseas aprender con profesores nativos, las clases de franc\u00e9s por Zoom en Live-French.net te ofrecer\u00e1n la mejor experiencia de aprendizaje posible.<\/p>\r\n\r\n\r\n\r\n<h2 class=\"wp-block-heading\">\u00bfC\u00f3mo se desarrolla una clase de franc\u00e9s por Zoom?<\/h2>\r\n\r\n\r\n\r\n\r\n<p>Una vez que te registres, tendr\u00e1s acceso al horario de tu profesor de franc\u00e9s por Zoom. Reservas una hora que te convenga y recibes el enlace para conectarte a la clase. Las lecciones son din\u00e1micas, entretenidas y se centran en la expresi\u00f3n oral en franc\u00e9s para que mejores tu fluidez y confianza al hablar.<\/p>\r\n\r\n\r\n\r\n\r\n<h2 class=\"wp-block-heading\">\u00bfTe interesa aprender franc\u00e9s por Zoom?<\/h2>\r\n\r\n\r\n\r\n\r\n<p>Si deseas probar nuestras clases de franc\u00e9s por Zoom, reg\u00edstrate ahora para una <a href=\"https:\/\/live-french.net\/french-trial-lesson\/\">clase de prueba gratuita<\/a> y descubre c\u00f3mo puedes aprender y mejorar tu franc\u00e9s con uno de <a href=\"https:\/\/live-french.net\/es\/profesor-frances-online\/\">nuestros profesores<\/a> a tu propio ritmo.<\/p>\r\n\r\n<div id=\"media_image-2\" class=\"si-sidebar-widget si-widget si-entry widget widget_media_image amr_widget\"><h4 class=\"widget-title\">Perfectionnez votre fran\u00e7ais &#8211; cours d&#8217;essai gratuit! Inscrivez-vous ici<\/h4><a href=\"https:\/\/member.booknstart.com\/trial-registration?lg=fr&#038;referred_by=CTA&#038;office_id=6\"><img fetchpriority=\"high\" decoding=\"async\" width=\"1024\" height=\"366\" src=\"https:\/\/live-french.net\/wp-content\/uploads\/2025\/04\/CTA-LFNfr-1024x366.jpg\" class=\"image wp-image-27798  attachment-large size-large\" alt=\"\" style=\"max-width: 100%; height: auto;\" title=\"Perfectionnez votre fran\u00e7ais - cours d&#039;essai gratuit! Inscrivez-vous ici\" srcset=\"https:\/\/live-french.net\/wp-content\/uploads\/2025\/04\/CTA-LFNfr-1024x366.jpg 1024w, https:\/\/live-french.net\/wp-content\/uploads\/2025\/04\/CTA-LFNfr-300x107.jpg 300w, https:\/\/live-french.net\/wp-content\/uploads\/2025\/04\/CTA-LFNfr-768x274.jpg 768w, https:\/\/live-french.net\/wp-content\/uploads\/2025\/04\/CTA-LFNfr-1536x549.jpg 1536w, https:\/\/live-french.net\/wp-content\/uploads\/2025\/04\/CTA-LFNfr-2048x731.jpg 2048w\" sizes=\"(max-width: 1024px) 100vw, 1024px\" \/><\/a><\/div>","protected":false},"excerpt":{"rendered":"<p>Zoom es una aplicaci\u00f3n de videoconferencia muy avanzada que se ha vuelto extremadamente popular desde 2020. Live-French.net ahora ofrece clases de franc\u00e9s por Zoom para permitir que quienes ya est\u00e1n&hellip;<\/p>\n","protected":false},"author":1,"featured_media":28173,"parent":0,"menu_order":0,"comment_status":"closed","ping_status":"closed","template":"","meta":{"om_disable_all_campaigns":false,"_monsterinsights_skip_tracking":false,"_monsterinsights_sitenote_active":false,"_monsterinsights_sitenote_note":"","_monsterinsights_sitenote_category":0,"footnotes":""},"class_list":["post-28164","page","type-page","status-publish","has-post-thumbnail","hentry"],"aioseo_notices":[],"yoast_head":"<!-- This site is optimized with the Yoast SEO plugin v26.9 - https:\/\/yoast.com\/product\/yoast-seo-wordpress\/ -->\n<title>Clases de franc\u00e9s en l\u00ednea por Zoom - Live-French.net<\/title>\n<meta name=\"robots\" content=\"index, follow, max-snippet:-1, max-image-preview:large, max-video-preview:-1\" \/>\n<link rel=\"canonical\" href=\"https:\/\/live-french.net\/es\/clases-de-frances-en-linea-por-zoom\/\" \/>\n<meta property=\"og:locale\" content=\"es_ES\" \/>\n<meta property=\"og:type\" content=\"article\" \/>\n<meta property=\"og:title\" content=\"Clases de franc\u00e9s en l\u00ednea por Zoom - Live-French.net\" \/>\n<meta property=\"og:description\" content=\"Zoom es una aplicaci\u00f3n de videoconferencia muy avanzada que se ha vuelto extremadamente popular desde 2020. Live-French.net ahora ofrece clases de franc\u00e9s por Zoom para permitir que quienes ya est\u00e1n&hellip;\" \/>\n<meta property=\"og:url\" content=\"https:\/\/live-french.net\/es\/clases-de-frances-en-linea-por-zoom\/\" \/>\n<meta property=\"og:site_name\" content=\"Live-French.net\" \/>\n<meta property=\"article:modified_time\" content=\"2025-10-29T10:25:10+00:00\" \/>\n<meta property=\"og:image\" content=\"https:\/\/live-french.net\/wp-content\/uploads\/2025\/10\/Clases-de-frances-en-linea-por-Zoom.jpg\" \/>\n\t<meta property=\"og:image:width\" content=\"2240\" \/>\n\t<meta property=\"og:image:height\" content=\"1260\" \/>\n\t<meta property=\"og:image:type\" content=\"image\/jpeg\" \/>\n<meta name=\"twitter:label1\" content=\"Tiempo de lectura\" \/>\n\t<meta name=\"twitter:data1\" content=\"3 minutos\" \/>\n<script type=\"application\/ld+json\" class=\"yoast-schema-graph\">{\"@context\":\"https:\/\/schema.org\",\"@graph\":[{\"@type\":\"WebPage\",\"@id\":\"https:\/\/live-french.net\/es\/clases-de-frances-en-linea-por-zoom\/\",\"url\":\"https:\/\/live-french.net\/es\/clases-de-frances-en-linea-por-zoom\/\",\"name\":\"Clases de franc\u00e9s en l\u00ednea por Zoom - Live-French.net\",\"isPartOf\":{\"@id\":\"https:\/\/live-french.net\/es\/#website\"},\"primaryImageOfPage\":{\"@id\":\"https:\/\/live-french.net\/es\/clases-de-frances-en-linea-por-zoom\/#primaryimage\"},\"image\":{\"@id\":\"https:\/\/live-french.net\/es\/clases-de-frances-en-linea-por-zoom\/#primaryimage\"},\"thumbnailUrl\":\"https:\/\/live-french.net\/wp-content\/uploads\/2025\/10\/Clases-de-frances-en-linea-por-Zoom.jpg\",\"datePublished\":\"2025-10-29T10:19:35+00:00\",\"dateModified\":\"2025-10-29T10:25:10+00:00\",\"breadcrumb\":{\"@id\":\"https:\/\/live-french.net\/es\/clases-de-frances-en-linea-por-zoom\/#breadcrumb\"},\"inLanguage\":\"es\",\"potentialAction\":[{\"@type\":\"ReadAction\",\"target\":[\"https:\/\/live-french.net\/es\/clases-de-frances-en-linea-por-zoom\/\"]}]},{\"@type\":\"ImageObject\",\"inLanguage\":\"es\",\"@id\":\"https:\/\/live-french.net\/es\/clases-de-frances-en-linea-por-zoom\/#primaryimage\",\"url\":\"https:\/\/live-french.net\/wp-content\/uploads\/2025\/10\/Clases-de-frances-en-linea-por-Zoom.jpg\",\"contentUrl\":\"https:\/\/live-french.net\/wp-content\/uploads\/2025\/10\/Clases-de-frances-en-linea-por-Zoom.jpg\",\"width\":2240,\"height\":1260,\"caption\":\"Clases de franc\u00e9s en l\u00ednea por Zoom\"},{\"@type\":\"BreadcrumbList\",\"@id\":\"https:\/\/live-french.net\/es\/clases-de-frances-en-linea-por-zoom\/#breadcrumb\",\"itemListElement\":[{\"@type\":\"ListItem\",\"position\":1,\"name\":\"Home\",\"item\":\"https:\/\/live-french.net\/es\/\"},{\"@type\":\"ListItem\",\"position\":2,\"name\":\"Clases de franc\u00e9s en l\u00ednea por Zoom\"}]},{\"@type\":\"WebSite\",\"@id\":\"https:\/\/live-french.net\/es\/#website\",\"url\":\"https:\/\/live-french.net\/es\/\",\"name\":\"Live-French.net\",\"description\":\"Learn French Online\",\"publisher\":{\"@id\":\"https:\/\/live-french.net\/es\/#organization\"},\"potentialAction\":[{\"@type\":\"SearchAction\",\"target\":{\"@type\":\"EntryPoint\",\"urlTemplate\":\"https:\/\/live-french.net\/es\/?s={search_term_string}\"},\"query-input\":{\"@type\":\"PropertyValueSpecification\",\"valueRequired\":true,\"valueName\":\"search_term_string\"}}],\"inLanguage\":\"es\"},{\"@type\":\"Organization\",\"@id\":\"https:\/\/live-french.net\/es\/#organization\",\"name\":\"Live-French.net\",\"url\":\"https:\/\/live-french.net\/es\/\",\"logo\":{\"@type\":\"ImageObject\",\"inLanguage\":\"es\",\"@id\":\"https:\/\/live-french.net\/es\/#\/schema\/logo\/image\/\",\"url\":\"https:\/\/live-french.net\/wp-content\/uploads\/2021\/12\/cropped-LiveFrenchLogo.png\",\"contentUrl\":\"https:\/\/live-french.net\/wp-content\/uploads\/2021\/12\/cropped-LiveFrenchLogo.png\",\"width\":3319,\"height\":593,\"caption\":\"Live-French.net\"},\"image\":{\"@id\":\"https:\/\/live-french.net\/es\/#\/schema\/logo\/image\/\"}}]}<\/script>\n<!-- \/ Yoast SEO plugin. -->","yoast_head_json":{"title":"Clases de franc\u00e9s en l\u00ednea por Zoom - Live-French.net","robots":{"index":"index","follow":"follow","max-snippet":"max-snippet:-1","max-image-preview":"max-image-preview:large","max-video-preview":"max-video-preview:-1"},"canonical":"https:\/\/live-french.net\/es\/clases-de-frances-en-linea-por-zoom\/","og_locale":"es_ES","og_type":"article","og_title":"Clases de franc\u00e9s en l\u00ednea por Zoom - Live-French.net","og_description":"Zoom es una aplicaci\u00f3n de videoconferencia muy avanzada que se ha vuelto extremadamente popular desde 2020. Live-French.net ahora ofrece clases de franc\u00e9s por Zoom para permitir que quienes ya est\u00e1n&hellip;","og_url":"https:\/\/live-french.net\/es\/clases-de-frances-en-linea-por-zoom\/","og_site_name":"Live-French.net","article_modified_time":"2025-10-29T10:25:10+00:00","og_image":[{"width":2240,"height":1260,"url":"https:\/\/live-french.net\/wp-content\/uploads\/2025\/10\/Clases-de-frances-en-linea-por-Zoom.jpg","type":"image\/jpeg"}],"twitter_misc":{"Tiempo de lectura":"3 minutos"},"schema":{"@context":"https:\/\/schema.org","@graph":[{"@type":"WebPage","@id":"https:\/\/live-french.net\/es\/clases-de-frances-en-linea-por-zoom\/","url":"https:\/\/live-french.net\/es\/clases-de-frances-en-linea-por-zoom\/","name":"Clases de franc\u00e9s en l\u00ednea por Zoom - Live-French.net","isPartOf":{"@id":"https:\/\/live-french.net\/es\/#website"},"primaryImageOfPage":{"@id":"https:\/\/live-french.net\/es\/clases-de-frances-en-linea-por-zoom\/#primaryimage"},"image":{"@id":"https:\/\/live-french.net\/es\/clases-de-frances-en-linea-por-zoom\/#primaryimage"},"thumbnailUrl":"https:\/\/live-french.net\/wp-content\/uploads\/2025\/10\/Clases-de-frances-en-linea-por-Zoom.jpg","datePublished":"2025-10-29T10:19:35+00:00","dateModified":"2025-10-29T10:25:10+00:00","breadcrumb":{"@id":"https:\/\/live-french.net\/es\/clases-de-frances-en-linea-por-zoom\/#breadcrumb"},"inLanguage":"es","potentialAction":[{"@type":"ReadAction","target":["https:\/\/live-french.net\/es\/clases-de-frances-en-linea-por-zoom\/"]}]},{"@type":"ImageObject","inLanguage":"es","@id":"https:\/\/live-french.net\/es\/clases-de-frances-en-linea-por-zoom\/#primaryimage","url":"https:\/\/live-french.net\/wp-content\/uploads\/2025\/10\/Clases-de-frances-en-linea-por-Zoom.jpg","contentUrl":"https:\/\/live-french.net\/wp-content\/uploads\/2025\/10\/Clases-de-frances-en-linea-por-Zoom.jpg","width":2240,"height":1260,"caption":"Clases de franc\u00e9s en l\u00ednea por Zoom"},{"@type":"BreadcrumbList","@id":"https:\/\/live-french.net\/es\/clases-de-frances-en-linea-por-zoom\/#breadcrumb","itemListElement":[{"@type":"ListItem","position":1,"name":"Home","item":"https:\/\/live-french.net\/es\/"},{"@type":"ListItem","position":2,"name":"Clases de franc\u00e9s en l\u00ednea por Zoom"}]},{"@type":"WebSite","@id":"https:\/\/live-french.net\/es\/#website","url":"https:\/\/live-french.net\/es\/","name":"Live-French.net","description":"Learn French Online","publisher":{"@id":"https:\/\/live-french.net\/es\/#organization"},"potentialAction":[{"@type":"SearchAction","target":{"@type":"EntryPoint","urlTemplate":"https:\/\/live-french.net\/es\/?s={search_term_string}"},"query-input":{"@type":"PropertyValueSpecification","valueRequired":true,"valueName":"search_term_string"}}],"inLanguage":"es"},{"@type":"Organization","@id":"https:\/\/live-french.net\/es\/#organization","name":"Live-French.net","url":"https:\/\/live-french.net\/es\/","logo":{"@type":"ImageObject","inLanguage":"es","@id":"https:\/\/live-french.net\/es\/#\/schema\/logo\/image\/","url":"https:\/\/live-french.net\/wp-content\/uploads\/2021\/12\/cropped-LiveFrenchLogo.png","contentUrl":"https:\/\/live-french.net\/wp-content\/uploads\/2021\/12\/cropped-LiveFrenchLogo.png","width":3319,"height":593,"caption":"Live-French.net"},"image":{"@id":"https:\/\/live-french.net\/es\/#\/schema\/logo\/image\/"}}]}},"_links":{"self":[{"href":"https:\/\/live-french.net\/es\/wp-json\/wp\/v2\/pages\/28164","targetHints":{"allow":["GET"]}}],"collection":[{"href":"https:\/\/live-french.net\/es\/wp-json\/wp\/v2\/pages"}],"about":[{"href":"https:\/\/live-french.net\/es\/wp-json\/wp\/v2\/types\/page"}],"author":[{"embeddable":true,"href":"https:\/\/live-french.net\/es\/wp-json\/wp\/v2\/users\/1"}],"replies":[{"embeddable":true,"href":"https:\/\/live-french.net\/es\/wp-json\/wp\/v2\/comments?post=28164"}],"version-history":[{"count":2,"href":"https:\/\/live-french.net\/es\/wp-json\/wp\/v2\/pages\/28164\/revisions"}],"predecessor-version":[{"id":28180,"href":"https:\/\/live-french.net\/es\/wp-json\/wp\/v2\/pages\/28164\/revisions\/28180"}],"wp:featuredmedia":[{"embeddable":true,"href":"https:\/\/live-french.net\/es\/wp-json\/wp\/v2\/media\/28173"}],"wp:attachment":[{"href":"https:\/\/live-french.net\/es\/wp-json\/wp\/v2\/media?parent=28164"}],"curies":[{"name":"wp","href":"https:\/\/api.w.org\/{rel}","templated":true}]}}