{"id":20183,"date":"2022-06-29T10:44:07","date_gmt":"2022-06-29T08:44:07","guid":{"rendered":"https:\/\/live-french.net\/?page_id=20183"},"modified":"2022-06-29T10:44:07","modified_gmt":"2022-06-29T08:44:07","slug":"profesor-de-frances-online","status":"publish","type":"page","link":"https:\/\/live-french.net\/es\/profesor-de-frances-online\/","title":{"rendered":"Profesor de franc\u00e9s online"},"content":{"rendered":"<p>Nuestros profesores de franc\u00e9s online han obtenido grados universitarios en Francia y cuentan con experiencia en la docencia de idiomas en una gran multitud de \u00e1reas, lo que nos permite encontrar siempre el profesor adecuado en base a las necesidades de nuestros clientes.<\/p>\n<h2>Conoce a algunos de nuestros profesores de franc\u00e9s online<\/h2>\n<p>Nuestros profesores de franc\u00e9s por Skype son seleccionados e instruidos para ofrecerte la mejor experiencia de aprendizaje del idioma. Unimos la facilidad de uso de Skype y la calidad de docencia que ofrece un profesor privado para convertir a Live-French.net en la elecci\u00f3n ideal. Conoce a algunos de nuestros profesores de franc\u00e9s online:<\/p>\n<h3>Violaine, profesora de franc\u00e9s por Skype<\/h3>\n<p><img decoding=\"async\" class=\"size-medium alignleft\" src=\"https:\/\/booknstart.com\/images\/violaine.jpg\" width=\"100\" height=\"100\" \/><\/p>\n<p>Violaine es una hablante nativa de franc\u00e9s nacida en Angers, Francia. Actualmente vive en Brasil.<\/p>\n<p>Ha ense\u00f1ado franc\u00e9s en todos los niveles educativos durante los \u00faltimos trece a\u00f1os, y ha preparado con \u00e9xito a un gran n\u00famero de estudiantes para los ex\u00e1menes D.E.L.F. \u2013 D.A.L.F. y T.C.F.<\/p>\n<p>Cuenta con el diploma D.A.E.F.L.E. de la Alliance Fran\u00e7aise, y tiene un M\u00e1ster (MA) en Literatura por la Universidad de Le Mans, Francia.<\/p>\n<p>Violaine disfruta ense\u00f1ando franc\u00e9s online. Considera que es una gran oportunidad para compartir sus conocimientos con estudiantes de todas las partes del mundo, y por eso adapta sus clases en funci\u00f3n de las necesidades de cada estudiante.<\/p>\n<p><a title=\"Profesor de franc\u00e9s online\" href=\"https:\/\/live-french.net\/es\/prueba\/\">&gt;&gt; Reserva una clase de prueba con Violaine o cualquier otro profesor de franc\u00e9s<\/a><\/p>\n<h3>Liliane: experimentada profesora de franc\u00e9s<\/h3>\n<p><img decoding=\"async\" class=\"size-medium alignleft\" src=\"https:\/\/booknstart.com\/images\/liliane.jpg\" width=\"100\" height=\"100\" \/><\/p>\n<p>Liliane proviene de Lyon. Ha trabajado ense\u00f1ando franc\u00e9s como lengua extranjera en diferentes escuelas e institutos durante los \u00faltimos 20 a\u00f1os.<\/p>\n<p>Sus aficiones son la m\u00fasica y literatura francesas, el arte y el turismo. Estar\u00e1 encantada de ser tu profesora de franc\u00e9s.<\/p>\n<p><a title=\"profesor de franc\u00e9s\" href=\"https:\/\/live-french.net\/es\/prueba\/\">&gt;&gt; Reserva una clase de prueba con Liliane o cualquier otro profesor de franc\u00e9s<\/a><\/p>\n<h3><span style=\"font-weight: 400;\">Morgane, docente de franc\u00e9s en l\u00ednea<\/span><\/h3>\n<p><img decoding=\"async\" class=\"size-medium alignleft\" src=\"https:\/\/booknstart.com\/images\/morgane.jpg\" width=\"100\" height=\"100\" \/><\/p>\n<p><span style=\"font-weight: 400;\">\u00a1Hola! Me llamo Morgane. Soy docente nativa de franc\u00e9s de Toulouse, Francia. En la actualidad vivo en R\u00edo de Janeiro, Brasil. Ense\u00f1o franc\u00e9s a todos los niveles y generaciones. Tengo el diploma de Alliance Fran\u00e7aise y el certificado como docente de franc\u00e9s como lengua extranjera. Hablo ingl\u00e9s, espa\u00f1ol y portugu\u00e9s. Me lo paso muy bien ense\u00f1ando franc\u00e9s, charlando con mis estudiantes y conocer nuestras diferentes culturas e idiomas.<\/span><\/p>\n<p><a title=\"profesor de franc\u00e9s\" href=\"https:\/\/live-french.net\/es\/prueba\/\">&gt;&gt; Reserva una clase de prueba con Morgane o cualquier otro profesor de franc\u00e9s<\/a><\/p>\n<h3><span style=\"font-weight: 400;\">Vanessa, docente de franc\u00e9s en l\u00ednea<\/span><\/h3>\n<p><img loading=\"lazy\" decoding=\"async\" class=\"alignnone size-medium\" src=\"https:\/\/booknstart.com\/images\/vanessasg.jpg\" width=\"100\" height=\"100\" \/><\/p>\n<p><a title=\"profesor de franc\u00e9s\" href=\"https:\/\/live-french.net\/es\/prueba\/\">&gt;&gt; Reserva una clase de prueba con Vanessa o cualquier otro profesor de franc\u00e9s<\/a><\/p>\n<h3><span style=\"font-weight: 400;\">Amal, docente de franc\u00e9s en l\u00ednea<\/span><\/h3>\n<p><img loading=\"lazy\" decoding=\"async\" class=\"alignnone size-medium\" src=\"https:\/\/booknstart.com\/images\/amal.jpg\" width=\"100\" height=\"100\" \/><\/p>\n<p><a title=\"profesor de franc\u00e9s\" href=\"https:\/\/live-french.net\/es\/prueba\/\">&gt;&gt; Reserva una clase de prueba con Amal o cualquier otro profesor de franc\u00e9s<\/a><\/p>\n<h2>Habla sobre nuestros diferentes cursos con tu profesor de franc\u00e9s online<\/h2>\n<p>Cuando empieces a aprender franc\u00e9s con uno de nuestros profesores online, tendr\u00e1s la opci\u00f3n de elegir entre diferentes cursos y tipos de clase en franc\u00e9s:<\/p>\n<p>&#8211; <a title=\"Franc\u00e9s conversacional \" href=\"https:\/\/live-french.net\/es\/frances-conversacional\/\">Franc\u00e9s conversacional<\/a><br \/>\n&#8211; <a title=\"Franc\u00e9s para principiantes\" href=\"https:\/\/live-french.net\/es\/frances-principiantes-online\/\">Franc\u00e9s para principiantes<\/a><br \/>\n&#8211; <a title=\"Preparaci\u00f3n para ex\u00e1menes de franc\u00e9s como el DELF-DALF\" href=\"https:\/\/live-french.net\/es\/examenes-frances-delf\/\">Preparaci\u00f3n para ex\u00e1menes de franc\u00e9s como el DELF-DALF<\/a><br \/>\n&#8211; <a title=\"Franc\u00e9s para los negocios\" href=\"https:\/\/live-french.net\/es\/curso-frances-negocios-online\/\">Franc\u00e9s para los negocios<\/a><\/p>\n<p>Dependiendo de tus necesidades, \u00a1Te asignaremos el profesor de franc\u00e9s adecuado!<\/p>\n<div id=\"media_image-2\" class=\"si-sidebar-widget si-widget si-entry widget widget_media_image amr_widget\"><h4 class=\"widget-title\">Perfectionnez votre fran\u00e7ais &#8211; cours d&#8217;essai gratuit! Inscrivez-vous ici<\/h4><a href=\"https:\/\/member.booknstart.com\/trial-registration?lg=fr&#038;referred_by=CTA&#038;office_id=6\"><img loading=\"lazy\" decoding=\"async\" width=\"1024\" height=\"366\" src=\"https:\/\/live-french.net\/wp-content\/uploads\/2025\/04\/CTA-LFNfr-1024x366.jpg\" class=\"image wp-image-27798  attachment-large size-large\" alt=\"\" style=\"max-width: 100%; height: auto;\" title=\"Perfectionnez votre fran\u00e7ais - cours d&#039;essai gratuit! Inscrivez-vous ici\" srcset=\"https:\/\/live-french.net\/wp-content\/uploads\/2025\/04\/CTA-LFNfr-1024x366.jpg 1024w, https:\/\/live-french.net\/wp-content\/uploads\/2025\/04\/CTA-LFNfr-300x107.jpg 300w, https:\/\/live-french.net\/wp-content\/uploads\/2025\/04\/CTA-LFNfr-768x274.jpg 768w, https:\/\/live-french.net\/wp-content\/uploads\/2025\/04\/CTA-LFNfr-1536x549.jpg 1536w, https:\/\/live-french.net\/wp-content\/uploads\/2025\/04\/CTA-LFNfr-2048x731.jpg 2048w\" sizes=\"(max-width: 1024px) 100vw, 1024px\" \/><\/a><\/div>","protected":false},"excerpt":{"rendered":"<p>Nuestros profesores de franc\u00e9s online han obtenido grados universitarios en Francia y cuentan con experiencia en la docencia de idiomas en una gran multitud de \u00e1reas, lo que nos permite&hellip;<\/p>\n","protected":false},"author":1,"featured_media":6675,"parent":0,"menu_order":0,"comment_status":"closed","ping_status":"closed","template":"","meta":{"footnotes":""},"class_list":["post-20183","page","type-page","status-publish","has-post-thumbnail","hentry"],"yoast_head":"<!-- This site is optimized with the Yoast SEO plugin v27.5 - https:\/\/yoast.com\/product\/yoast-seo-wordpress\/ -->\n<title>Profesor de franc\u00e9s online | Live French<\/title>\n<meta name=\"robots\" content=\"index, follow, max-snippet:-1, max-image-preview:large, max-video-preview:-1\" \/>\n<link rel=\"canonical\" href=\"https:\/\/live-french.net\/es\/profesor-de-frances-online\/\" \/>\n<meta property=\"og:locale\" content=\"es_ES\" \/>\n<meta property=\"og:type\" content=\"article\" \/>\n<meta property=\"og:title\" content=\"Profesor de franc\u00e9s online | Live French\" \/>\n<meta property=\"og:description\" content=\"Nuestros profesores de franc\u00e9s online han obtenido grados universitarios en Francia y cuentan con experiencia en la docencia de idiomas en una gran multitud de \u00e1reas, lo que nos permite&hellip;\" \/>\n<meta property=\"og:url\" content=\"https:\/\/live-french.net\/es\/profesor-de-frances-online\/\" \/>\n<meta property=\"og:site_name\" content=\"Live French\" \/>\n<meta property=\"og:image\" content=\"https:\/\/live-french.net\/wp-content\/uploads\/2020\/07\/Profesor-franc\u00e9s-online.jpg\" \/>\n\t<meta property=\"og:image:width\" content=\"846\" \/>\n\t<meta property=\"og:image:height\" content=\"564\" \/>\n\t<meta property=\"og:image:type\" content=\"image\/jpeg\" \/>\n<meta name=\"twitter:label1\" content=\"Tiempo de lectura\" \/>\n\t<meta name=\"twitter:data1\" content=\"5 minutos\" \/>\n<script type=\"application\/ld+json\" class=\"yoast-schema-graph\">{\"@context\":\"https:\\\/\\\/schema.org\",\"@graph\":[{\"@type\":\"WebPage\",\"@id\":\"https:\\\/\\\/live-french.net\\\/es\\\/profesor-de-frances-online\\\/\",\"url\":\"https:\\\/\\\/live-french.net\\\/es\\\/profesor-de-frances-online\\\/\",\"name\":\"Profesor de franc\u00e9s online | Live French\",\"isPartOf\":{\"@id\":\"https:\\\/\\\/live-french.net\\\/es\\\/#website\"},\"primaryImageOfPage\":{\"@id\":\"https:\\\/\\\/live-french.net\\\/es\\\/profesor-de-frances-online\\\/#primaryimage\"},\"image\":{\"@id\":\"https:\\\/\\\/live-french.net\\\/es\\\/profesor-de-frances-online\\\/#primaryimage\"},\"thumbnailUrl\":\"https:\\\/\\\/live-french.net\\\/wp-content\\\/uploads\\\/2020\\\/07\\\/Profesor-franc\u00e9s-online.jpg\",\"datePublished\":\"2022-06-29T08:44:07+00:00\",\"breadcrumb\":{\"@id\":\"https:\\\/\\\/live-french.net\\\/es\\\/profesor-de-frances-online\\\/#breadcrumb\"},\"inLanguage\":\"es\",\"potentialAction\":[{\"@type\":\"ReadAction\",\"target\":[\"https:\\\/\\\/live-french.net\\\/es\\\/profesor-de-frances-online\\\/\"]}]},{\"@type\":\"ImageObject\",\"inLanguage\":\"es\",\"@id\":\"https:\\\/\\\/live-french.net\\\/es\\\/profesor-de-frances-online\\\/#primaryimage\",\"url\":\"https:\\\/\\\/live-french.net\\\/wp-content\\\/uploads\\\/2020\\\/07\\\/Profesor-franc\u00e9s-online.jpg\",\"contentUrl\":\"https:\\\/\\\/live-french.net\\\/wp-content\\\/uploads\\\/2020\\\/07\\\/Profesor-franc\u00e9s-online.jpg\",\"width\":846,\"height\":564,\"caption\":\"Profesor de franc\u00e9s online\"},{\"@type\":\"BreadcrumbList\",\"@id\":\"https:\\\/\\\/live-french.net\\\/es\\\/profesor-de-frances-online\\\/#breadcrumb\",\"itemListElement\":[{\"@type\":\"ListItem\",\"position\":1,\"name\":\"Home\",\"item\":\"https:\\\/\\\/live-french.net\\\/es\\\/\"},{\"@type\":\"ListItem\",\"position\":2,\"name\":\"Profesor de franc\u00e9s online\"}]},{\"@type\":\"WebSite\",\"@id\":\"https:\\\/\\\/live-french.net\\\/es\\\/#website\",\"url\":\"https:\\\/\\\/live-french.net\\\/es\\\/\",\"name\":\"Live French\",\"description\":\"Learn French Online\",\"publisher\":{\"@id\":\"https:\\\/\\\/live-french.net\\\/es\\\/#organization\"},\"potentialAction\":[{\"@type\":\"SearchAction\",\"target\":{\"@type\":\"EntryPoint\",\"urlTemplate\":\"https:\\\/\\\/live-french.net\\\/es\\\/?s={search_term_string}\"},\"query-input\":{\"@type\":\"PropertyValueSpecification\",\"valueRequired\":true,\"valueName\":\"search_term_string\"}}],\"inLanguage\":\"es\"},{\"@type\":\"Organization\",\"@id\":\"https:\\\/\\\/live-french.net\\\/es\\\/#organization\",\"name\":\"Live French\",\"url\":\"https:\\\/\\\/live-french.net\\\/es\\\/\",\"logo\":{\"@type\":\"ImageObject\",\"inLanguage\":\"es\",\"@id\":\"https:\\\/\\\/live-french.net\\\/es\\\/#\\\/schema\\\/logo\\\/image\\\/\",\"url\":\"https:\\\/\\\/live-french.net\\\/wp-content\\\/uploads\\\/2021\\\/12\\\/cropped-LiveFrenchLogo.png\",\"contentUrl\":\"https:\\\/\\\/live-french.net\\\/wp-content\\\/uploads\\\/2021\\\/12\\\/cropped-LiveFrenchLogo.png\",\"width\":3319,\"height\":593,\"caption\":\"Live French\"},\"image\":{\"@id\":\"https:\\\/\\\/live-french.net\\\/es\\\/#\\\/schema\\\/logo\\\/image\\\/\"}}]}<\/script>\n<!-- \/ Yoast SEO plugin. -->","yoast_head_json":{"title":"Profesor de franc\u00e9s online | Live French","robots":{"index":"index","follow":"follow","max-snippet":"max-snippet:-1","max-image-preview":"max-image-preview:large","max-video-preview":"max-video-preview:-1"},"canonical":"https:\/\/live-french.net\/es\/profesor-de-frances-online\/","og_locale":"es_ES","og_type":"article","og_title":"Profesor de franc\u00e9s online | Live French","og_description":"Nuestros profesores de franc\u00e9s online han obtenido grados universitarios en Francia y cuentan con experiencia en la docencia de idiomas en una gran multitud de \u00e1reas, lo que nos permite&hellip;","og_url":"https:\/\/live-french.net\/es\/profesor-de-frances-online\/","og_site_name":"Live French","og_image":[{"width":846,"height":564,"url":"https:\/\/live-french.net\/wp-content\/uploads\/2020\/07\/Profesor-franc\u00e9s-online.jpg","type":"image\/jpeg"}],"twitter_misc":{"Tiempo de lectura":"5 minutos"},"schema":{"@context":"https:\/\/schema.org","@graph":[{"@type":"WebPage","@id":"https:\/\/live-french.net\/es\/profesor-de-frances-online\/","url":"https:\/\/live-french.net\/es\/profesor-de-frances-online\/","name":"Profesor de franc\u00e9s online | Live French","isPartOf":{"@id":"https:\/\/live-french.net\/es\/#website"},"primaryImageOfPage":{"@id":"https:\/\/live-french.net\/es\/profesor-de-frances-online\/#primaryimage"},"image":{"@id":"https:\/\/live-french.net\/es\/profesor-de-frances-online\/#primaryimage"},"thumbnailUrl":"https:\/\/live-french.net\/wp-content\/uploads\/2020\/07\/Profesor-franc\u00e9s-online.jpg","datePublished":"2022-06-29T08:44:07+00:00","breadcrumb":{"@id":"https:\/\/live-french.net\/es\/profesor-de-frances-online\/#breadcrumb"},"inLanguage":"es","potentialAction":[{"@type":"ReadAction","target":["https:\/\/live-french.net\/es\/profesor-de-frances-online\/"]}]},{"@type":"ImageObject","inLanguage":"es","@id":"https:\/\/live-french.net\/es\/profesor-de-frances-online\/#primaryimage","url":"https:\/\/live-french.net\/wp-content\/uploads\/2020\/07\/Profesor-franc\u00e9s-online.jpg","contentUrl":"https:\/\/live-french.net\/wp-content\/uploads\/2020\/07\/Profesor-franc\u00e9s-online.jpg","width":846,"height":564,"caption":"Profesor de franc\u00e9s online"},{"@type":"BreadcrumbList","@id":"https:\/\/live-french.net\/es\/profesor-de-frances-online\/#breadcrumb","itemListElement":[{"@type":"ListItem","position":1,"name":"Home","item":"https:\/\/live-french.net\/es\/"},{"@type":"ListItem","position":2,"name":"Profesor de franc\u00e9s online"}]},{"@type":"WebSite","@id":"https:\/\/live-french.net\/es\/#website","url":"https:\/\/live-french.net\/es\/","name":"Live French","description":"Learn French Online","publisher":{"@id":"https:\/\/live-french.net\/es\/#organization"},"potentialAction":[{"@type":"SearchAction","target":{"@type":"EntryPoint","urlTemplate":"https:\/\/live-french.net\/es\/?s={search_term_string}"},"query-input":{"@type":"PropertyValueSpecification","valueRequired":true,"valueName":"search_term_string"}}],"inLanguage":"es"},{"@type":"Organization","@id":"https:\/\/live-french.net\/es\/#organization","name":"Live French","url":"https:\/\/live-french.net\/es\/","logo":{"@type":"ImageObject","inLanguage":"es","@id":"https:\/\/live-french.net\/es\/#\/schema\/logo\/image\/","url":"https:\/\/live-french.net\/wp-content\/uploads\/2021\/12\/cropped-LiveFrenchLogo.png","contentUrl":"https:\/\/live-french.net\/wp-content\/uploads\/2021\/12\/cropped-LiveFrenchLogo.png","width":3319,"height":593,"caption":"Live French"},"image":{"@id":"https:\/\/live-french.net\/es\/#\/schema\/logo\/image\/"}}]}},"_links":{"self":[{"href":"https:\/\/live-french.net\/es\/wp-json\/wp\/v2\/pages\/20183","targetHints":{"allow":["GET"]}}],"collection":[{"href":"https:\/\/live-french.net\/es\/wp-json\/wp\/v2\/pages"}],"about":[{"href":"https:\/\/live-french.net\/es\/wp-json\/wp\/v2\/types\/page"}],"author":[{"embeddable":true,"href":"https:\/\/live-french.net\/es\/wp-json\/wp\/v2\/users\/1"}],"replies":[{"embeddable":true,"href":"https:\/\/live-french.net\/es\/wp-json\/wp\/v2\/comments?post=20183"}],"version-history":[{"count":2,"href":"https:\/\/live-french.net\/es\/wp-json\/wp\/v2\/pages\/20183\/revisions"}],"predecessor-version":[{"id":21053,"href":"https:\/\/live-french.net\/es\/wp-json\/wp\/v2\/pages\/20183\/revisions\/21053"}],"wp:featuredmedia":[{"embeddable":true,"href":"https:\/\/live-french.net\/es\/wp-json\/wp\/v2\/media\/6675"}],"wp:attachment":[{"href":"https:\/\/live-french.net\/es\/wp-json\/wp\/v2\/media?parent=20183"}],"curies":[{"name":"wp","href":"https:\/\/api.w.org\/{rel}","templated":true}]}}