{"id":2900,"date":"2019-07-29T16:55:14","date_gmt":"2019-07-29T14:55:14","guid":{"rendered":"https:\/\/live-french.net\/blog\/franzosisch-lernen-per-telefon\/"},"modified":"2025-06-14T12:45:59","modified_gmt":"2025-06-14T10:45:59","slug":"franzoesisch-lernen-telefon","status":"publish","type":"page","link":"https:\/\/live-french.net\/de\/franzoesisch-lernen-telefon\/","title":{"rendered":"Franz\u00f6sisch lernen per Telefon"},"content":{"rendered":"<p>Lernen Sie Franz\u00f6sisch mit einem nativen Franz\u00f6sisch-Lehrer per Telefon und bekommen Sie mehr Selbstvertrauen, wenn Sie Franz\u00f6sisch sprechen.<\/p>\n<p>Franz\u00f6sisch lernen per Telefon ist mit Live-French.net sehr einfach und bequem. Ein Franz\u00f6sisch-Lehrer ruft Sie auf Ihrem Festnetz an (keine versteckten Geb\u00fchren!)<br \/>\n<div id=\"custom_html-26\" class=\"widget_text si-sidebar-widget si-widget si-entry widget widget_custom_html amr_widget\"><div class=\"textwidget custom-html-widget\"><a href=\"https:\/\/member.booknstart.com\/trial-registration?lg=fr&referred_by=sCTA&office_id=6\" target=\"_blank\"><img decoding=\"async\" alt=\"Cours d'essai de fran\u00e7ais\" src=\"https:\/\/live-french.net\/wp-content\/uploads\/2023\/02\/sCTA-fr.jpg\"><\/a><\/div><\/div><\/p>\n<h2>Warum franz\u00f6sischer Konversationsunterricht per Telefon?<\/h2>\n<p>Sie verschwenden keine Zeit und Geld auf dem Weg zu Ihrer Franz\u00f6sisch-Sprachschule. <strong>Die Sprachschule kommt zu Ihnen!<\/strong> Beginnen Sie jetzt, Franz\u00f6sisch per Telefon zu lernen. Unsere Franz\u00f6sisch-Lektionen per Telefon dauern 30 Minuten. Sie sind f\u00fcr Menschen, die ihre F\u00e4higkeiten im Telefongespr\u00e4ch mit nativen Franz\u00f6sisch-Lehrern ausbauen wollen, ideal.<\/p>\n<h2>Jetzt Franz\u00f6sisch per Telefon lernen<\/h2>\n<p>Melden Sie sich zum Unterricht bei Live-French.net an und <strong>beginnen Sie 24 Stunden nach Zahlungseingang<\/strong> mit dem Lernen. Sie haben eine gro\u00dfe Auswahl an Franz\u00f6sisch-Lehrer. Unsere Franz\u00f6sisch- Lehrer am Telefon sind muttersprachliche Franz\u00f6sisch-Lehrer, die \u00fcber langj\u00e4hrige Erfahrung im Unterrichten von Franz\u00f6sisch als Fremdsprache (FLE) verf\u00fcgen.<\/p>\n<h2>Mit Franz\u00f6sisch per Telefon erweitern Sie Ihr Franz\u00f6sisch<\/h2>\n<p>&#8211; Erfahren Sie mehr \u00fcber unser <a title=\"Online-Franz\u00f6sisch-Lehrer\" href=\"https:\/\/live-french.net\/de\/franzoesischlehrer\/\">Online-Franz\u00f6sisch-Lehrer<\/a>.<br \/>\n&#8211; Zu Ihrer Information: Wir bieten auch <a title=\"Franz\u00f6sisch-Unterricht per Skype\" href=\"https:\/\/live-french.net\/online-french-lessons-zoom\/\">Franz\u00f6sisch-Unterricht per Zoom<\/a> an.<br \/>\n&#8211; Werfen Sie einen Blick auf die <a title=\"Preise unseres Franz\u00f6sisch-Unterrichts\" href=\"https:\/\/live-french.net\/de\/preise\/\">Preise unseres Franz\u00f6sisch-Unterrichts per Telefon<\/a>.<\/p>\n<p><strong>Franz\u00f6sisch per Telefon mit Live-French.net zu lernen ist ganz leicht und bequem. M\u00f6chten Sie das selbst erfahren? Registrieren Sie sich jetzt einfach <a title=\"Englisch Probestunde\" href=\"https:\/\/live-english.net\/de\/englisch-probestunde\/\">f\u00fcr eine kostenlose Probestunde<\/a>.<\/strong><\/p>\n<div id=\"media_image-2\" class=\"si-sidebar-widget si-widget si-entry widget widget_media_image amr_widget\"><h4 class=\"widget-title\">Perfectionnez votre fran\u00e7ais &#8211; cours d&#8217;essai gratuit! Inscrivez-vous ici<\/h4><a href=\"https:\/\/member.booknstart.com\/trial-registration?lg=fr&#038;referred_by=CTA&#038;office_id=6\"><img fetchpriority=\"high\" decoding=\"async\" width=\"1024\" height=\"366\" src=\"https:\/\/live-french.net\/wp-content\/uploads\/2025\/04\/CTA-LFNfr-1024x366.jpg\" class=\"image wp-image-27798  attachment-large size-large\" alt=\"\" style=\"max-width: 100%; height: auto;\" title=\"Perfectionnez votre fran\u00e7ais - cours d&#039;essai gratuit! Inscrivez-vous ici\" srcset=\"https:\/\/live-french.net\/wp-content\/uploads\/2025\/04\/CTA-LFNfr-1024x366.jpg 1024w, https:\/\/live-french.net\/wp-content\/uploads\/2025\/04\/CTA-LFNfr-300x107.jpg 300w, https:\/\/live-french.net\/wp-content\/uploads\/2025\/04\/CTA-LFNfr-768x274.jpg 768w, https:\/\/live-french.net\/wp-content\/uploads\/2025\/04\/CTA-LFNfr-1536x549.jpg 1536w, https:\/\/live-french.net\/wp-content\/uploads\/2025\/04\/CTA-LFNfr-2048x731.jpg 2048w\" sizes=\"(max-width: 1024px) 100vw, 1024px\" \/><\/a><\/div>","protected":false},"excerpt":{"rendered":"<p>Lernen Sie Franz\u00f6sisch mit einem nativen Franz\u00f6sisch-Lehrer per Telefon und bekommen Sie mehr Selbstvertrauen, wenn Sie Franz\u00f6sisch sprechen. Franz\u00f6sisch lernen per Telefon ist mit Live-French.net sehr einfach und bequem. Ein&hellip;<\/p>\n","protected":false},"author":1,"featured_media":24037,"parent":0,"menu_order":0,"comment_status":"closed","ping_status":"closed","template":"","meta":{"footnotes":""},"class_list":["post-2900","page","type-page","status-publish","has-post-thumbnail","hentry"],"yoast_head":"<!-- This site is optimized with the Yoast SEO plugin v27.5 - https:\/\/yoast.com\/product\/yoast-seo-wordpress\/ -->\n<title>Franz\u00f6sisch lernen per Telefon | Live French<\/title>\n<meta name=\"robots\" content=\"index, follow, max-snippet:-1, max-image-preview:large, max-video-preview:-1\" \/>\n<link rel=\"canonical\" href=\"https:\/\/live-french.net\/de\/franzoesisch-lernen-telefon\/\" \/>\n<meta property=\"og:locale\" content=\"de_DE\" \/>\n<meta property=\"og:type\" content=\"article\" \/>\n<meta property=\"og:title\" content=\"Franz\u00f6sisch lernen per Telefon | Live French\" \/>\n<meta property=\"og:description\" content=\"Lernen Sie Franz\u00f6sisch mit einem nativen Franz\u00f6sisch-Lehrer per Telefon und bekommen Sie mehr Selbstvertrauen, wenn Sie Franz\u00f6sisch sprechen. Franz\u00f6sisch lernen per Telefon ist mit Live-French.net sehr einfach und bequem. Ein&hellip;\" \/>\n<meta property=\"og:url\" content=\"https:\/\/live-french.net\/de\/franzoesisch-lernen-telefon\/\" \/>\n<meta property=\"og:site_name\" content=\"Live French\" \/>\n<meta property=\"article:modified_time\" content=\"2025-06-14T10:45:59+00:00\" \/>\n<meta property=\"og:image\" content=\"https:\/\/live-french.net\/wp-content\/uploads\/2023\/09\/Franzosisch-lernen-per-Telefon-2.jpg\" \/>\n\t<meta property=\"og:image:width\" content=\"2240\" \/>\n\t<meta property=\"og:image:height\" content=\"1260\" \/>\n\t<meta property=\"og:image:type\" content=\"image\/jpeg\" \/>\n<meta name=\"twitter:label1\" content=\"Gesch\u00e4tzte Lesezeit\" \/>\n\t<meta name=\"twitter:data1\" content=\"2\u00a0Minuten\" \/>\n<script type=\"application\/ld+json\" class=\"yoast-schema-graph\">{\"@context\":\"https:\\\/\\\/schema.org\",\"@graph\":[{\"@type\":\"WebPage\",\"@id\":\"https:\\\/\\\/live-french.net\\\/de\\\/franzoesisch-lernen-telefon\\\/\",\"url\":\"https:\\\/\\\/live-french.net\\\/de\\\/franzoesisch-lernen-telefon\\\/\",\"name\":\"Franz\u00f6sisch lernen per Telefon | Live French\",\"isPartOf\":{\"@id\":\"https:\\\/\\\/live-french.net\\\/de\\\/#website\"},\"primaryImageOfPage\":{\"@id\":\"https:\\\/\\\/live-french.net\\\/de\\\/franzoesisch-lernen-telefon\\\/#primaryimage\"},\"image\":{\"@id\":\"https:\\\/\\\/live-french.net\\\/de\\\/franzoesisch-lernen-telefon\\\/#primaryimage\"},\"thumbnailUrl\":\"https:\\\/\\\/live-french.net\\\/wp-content\\\/uploads\\\/2023\\\/09\\\/Franzosisch-lernen-per-Telefon-2.jpg\",\"datePublished\":\"2019-07-29T14:55:14+00:00\",\"dateModified\":\"2025-06-14T10:45:59+00:00\",\"breadcrumb\":{\"@id\":\"https:\\\/\\\/live-french.net\\\/de\\\/franzoesisch-lernen-telefon\\\/#breadcrumb\"},\"inLanguage\":\"de\",\"potentialAction\":[{\"@type\":\"ReadAction\",\"target\":[\"https:\\\/\\\/live-french.net\\\/de\\\/franzoesisch-lernen-telefon\\\/\"]}]},{\"@type\":\"ImageObject\",\"inLanguage\":\"de\",\"@id\":\"https:\\\/\\\/live-french.net\\\/de\\\/franzoesisch-lernen-telefon\\\/#primaryimage\",\"url\":\"https:\\\/\\\/live-french.net\\\/wp-content\\\/uploads\\\/2023\\\/09\\\/Franzosisch-lernen-per-Telefon-2.jpg\",\"contentUrl\":\"https:\\\/\\\/live-french.net\\\/wp-content\\\/uploads\\\/2023\\\/09\\\/Franzosisch-lernen-per-Telefon-2.jpg\",\"width\":2240,\"height\":1260},{\"@type\":\"BreadcrumbList\",\"@id\":\"https:\\\/\\\/live-french.net\\\/de\\\/franzoesisch-lernen-telefon\\\/#breadcrumb\",\"itemListElement\":[{\"@type\":\"ListItem\",\"position\":1,\"name\":\"Home\",\"item\":\"https:\\\/\\\/live-french.net\\\/de\\\/\"},{\"@type\":\"ListItem\",\"position\":2,\"name\":\"Franz\u00f6sisch lernen per Telefon\"}]},{\"@type\":\"WebSite\",\"@id\":\"https:\\\/\\\/live-french.net\\\/de\\\/#website\",\"url\":\"https:\\\/\\\/live-french.net\\\/de\\\/\",\"name\":\"Live French\",\"description\":\"Learn French Online\",\"publisher\":{\"@id\":\"https:\\\/\\\/live-french.net\\\/de\\\/#organization\"},\"potentialAction\":[{\"@type\":\"SearchAction\",\"target\":{\"@type\":\"EntryPoint\",\"urlTemplate\":\"https:\\\/\\\/live-french.net\\\/de\\\/?s={search_term_string}\"},\"query-input\":{\"@type\":\"PropertyValueSpecification\",\"valueRequired\":true,\"valueName\":\"search_term_string\"}}],\"inLanguage\":\"de\"},{\"@type\":\"Organization\",\"@id\":\"https:\\\/\\\/live-french.net\\\/de\\\/#organization\",\"name\":\"Live French\",\"url\":\"https:\\\/\\\/live-french.net\\\/de\\\/\",\"logo\":{\"@type\":\"ImageObject\",\"inLanguage\":\"de\",\"@id\":\"https:\\\/\\\/live-french.net\\\/de\\\/#\\\/schema\\\/logo\\\/image\\\/\",\"url\":\"https:\\\/\\\/live-french.net\\\/wp-content\\\/uploads\\\/2021\\\/12\\\/cropped-LiveFrenchLogo.png\",\"contentUrl\":\"https:\\\/\\\/live-french.net\\\/wp-content\\\/uploads\\\/2021\\\/12\\\/cropped-LiveFrenchLogo.png\",\"width\":3319,\"height\":593,\"caption\":\"Live French\"},\"image\":{\"@id\":\"https:\\\/\\\/live-french.net\\\/de\\\/#\\\/schema\\\/logo\\\/image\\\/\"}}]}<\/script>\n<!-- \/ Yoast SEO plugin. -->","yoast_head_json":{"title":"Franz\u00f6sisch lernen per Telefon | Live French","robots":{"index":"index","follow":"follow","max-snippet":"max-snippet:-1","max-image-preview":"max-image-preview:large","max-video-preview":"max-video-preview:-1"},"canonical":"https:\/\/live-french.net\/de\/franzoesisch-lernen-telefon\/","og_locale":"de_DE","og_type":"article","og_title":"Franz\u00f6sisch lernen per Telefon | Live French","og_description":"Lernen Sie Franz\u00f6sisch mit einem nativen Franz\u00f6sisch-Lehrer per Telefon und bekommen Sie mehr Selbstvertrauen, wenn Sie Franz\u00f6sisch sprechen. Franz\u00f6sisch lernen per Telefon ist mit Live-French.net sehr einfach und bequem. Ein&hellip;","og_url":"https:\/\/live-french.net\/de\/franzoesisch-lernen-telefon\/","og_site_name":"Live French","article_modified_time":"2025-06-14T10:45:59+00:00","og_image":[{"width":2240,"height":1260,"url":"https:\/\/live-french.net\/wp-content\/uploads\/2023\/09\/Franzosisch-lernen-per-Telefon-2.jpg","type":"image\/jpeg"}],"twitter_misc":{"Gesch\u00e4tzte Lesezeit":"2\u00a0Minuten"},"schema":{"@context":"https:\/\/schema.org","@graph":[{"@type":"WebPage","@id":"https:\/\/live-french.net\/de\/franzoesisch-lernen-telefon\/","url":"https:\/\/live-french.net\/de\/franzoesisch-lernen-telefon\/","name":"Franz\u00f6sisch lernen per Telefon | Live French","isPartOf":{"@id":"https:\/\/live-french.net\/de\/#website"},"primaryImageOfPage":{"@id":"https:\/\/live-french.net\/de\/franzoesisch-lernen-telefon\/#primaryimage"},"image":{"@id":"https:\/\/live-french.net\/de\/franzoesisch-lernen-telefon\/#primaryimage"},"thumbnailUrl":"https:\/\/live-french.net\/wp-content\/uploads\/2023\/09\/Franzosisch-lernen-per-Telefon-2.jpg","datePublished":"2019-07-29T14:55:14+00:00","dateModified":"2025-06-14T10:45:59+00:00","breadcrumb":{"@id":"https:\/\/live-french.net\/de\/franzoesisch-lernen-telefon\/#breadcrumb"},"inLanguage":"de","potentialAction":[{"@type":"ReadAction","target":["https:\/\/live-french.net\/de\/franzoesisch-lernen-telefon\/"]}]},{"@type":"ImageObject","inLanguage":"de","@id":"https:\/\/live-french.net\/de\/franzoesisch-lernen-telefon\/#primaryimage","url":"https:\/\/live-french.net\/wp-content\/uploads\/2023\/09\/Franzosisch-lernen-per-Telefon-2.jpg","contentUrl":"https:\/\/live-french.net\/wp-content\/uploads\/2023\/09\/Franzosisch-lernen-per-Telefon-2.jpg","width":2240,"height":1260},{"@type":"BreadcrumbList","@id":"https:\/\/live-french.net\/de\/franzoesisch-lernen-telefon\/#breadcrumb","itemListElement":[{"@type":"ListItem","position":1,"name":"Home","item":"https:\/\/live-french.net\/de\/"},{"@type":"ListItem","position":2,"name":"Franz\u00f6sisch lernen per Telefon"}]},{"@type":"WebSite","@id":"https:\/\/live-french.net\/de\/#website","url":"https:\/\/live-french.net\/de\/","name":"Live French","description":"Learn French Online","publisher":{"@id":"https:\/\/live-french.net\/de\/#organization"},"potentialAction":[{"@type":"SearchAction","target":{"@type":"EntryPoint","urlTemplate":"https:\/\/live-french.net\/de\/?s={search_term_string}"},"query-input":{"@type":"PropertyValueSpecification","valueRequired":true,"valueName":"search_term_string"}}],"inLanguage":"de"},{"@type":"Organization","@id":"https:\/\/live-french.net\/de\/#organization","name":"Live French","url":"https:\/\/live-french.net\/de\/","logo":{"@type":"ImageObject","inLanguage":"de","@id":"https:\/\/live-french.net\/de\/#\/schema\/logo\/image\/","url":"https:\/\/live-french.net\/wp-content\/uploads\/2021\/12\/cropped-LiveFrenchLogo.png","contentUrl":"https:\/\/live-french.net\/wp-content\/uploads\/2021\/12\/cropped-LiveFrenchLogo.png","width":3319,"height":593,"caption":"Live French"},"image":{"@id":"https:\/\/live-french.net\/de\/#\/schema\/logo\/image\/"}}]}},"_links":{"self":[{"href":"https:\/\/live-french.net\/de\/wp-json\/wp\/v2\/pages\/2900","targetHints":{"allow":["GET"]}}],"collection":[{"href":"https:\/\/live-french.net\/de\/wp-json\/wp\/v2\/pages"}],"about":[{"href":"https:\/\/live-french.net\/de\/wp-json\/wp\/v2\/types\/page"}],"author":[{"embeddable":true,"href":"https:\/\/live-french.net\/de\/wp-json\/wp\/v2\/users\/1"}],"replies":[{"embeddable":true,"href":"https:\/\/live-french.net\/de\/wp-json\/wp\/v2\/comments?post=2900"}],"version-history":[{"count":10,"href":"https:\/\/live-french.net\/de\/wp-json\/wp\/v2\/pages\/2900\/revisions"}],"predecessor-version":[{"id":27957,"href":"https:\/\/live-french.net\/de\/wp-json\/wp\/v2\/pages\/2900\/revisions\/27957"}],"wp:featuredmedia":[{"embeddable":true,"href":"https:\/\/live-french.net\/de\/wp-json\/wp\/v2\/media\/24037"}],"wp:attachment":[{"href":"https:\/\/live-french.net\/de\/wp-json\/wp\/v2\/media?parent=2900"}],"curies":[{"name":"wp","href":"https:\/\/api.w.org\/{rel}","templated":true}]}}