{"id":2898,"date":"2019-07-29T16:52:44","date_gmt":"2019-07-29T14:52:44","guid":{"rendered":"https:\/\/live-french.net\/blog\/franzosisch-fur-anfanger-online\/"},"modified":"2025-11-29T14:36:11","modified_gmt":"2025-11-29T13:36:11","slug":"franzoesisch-anfanger-online","status":"publish","type":"page","link":"https:\/\/live-french.net\/de\/franzoesisch-anfanger-online\/","title":{"rendered":"Franz\u00f6sisch f\u00fcr Anf\u00e4nger online"},"content":{"rendered":"<p>Es ist nie zu sp\u00e4t eine Sprache zu lernen! Wenn Sie noch nie Franz\u00f6sisch gelernt haben oder nur ein sehr grundlegendes Wissen \u00fcber Franz\u00f6sisch haben, dann ist dieser Kurs f\u00fcr Sie.<\/p>\n<h2>Franz\u00f6sisch f\u00fcr Anf\u00e4nger: ein strukturiertes Programm<\/h2>\n<p>Live-French.net hat einen <strong>speziellen Online-Franz\u00f6sischkurs f\u00fcr Anf\u00e4nger<\/strong> entworfen. Mit Ihrem Franz\u00f6sisch-Lehrer werden Sie Vokabeln, Grammatik und Aussprache online lernen. Durch die Dialoge werden Sie einige Grundz\u00fcge der Sprache erlernen. Unsere Franz\u00f6sisch-Online-Lehrer sprechen Englisch, sodass Sie alles erkl\u00e4rt bekommen, was Sie wissen m\u00fcssen.<\/p>\n<p><iframe title=\"YouTube video player\" src=\"https:\/\/www.youtube.com\/embed\/iQ-R11cdNhE\" width=\"560\" height=\"315\" frameborder=\"0\" allowfullscreen=\"allowfullscreen\"><\/iframe><\/p>\n<p>Dies ist ein 20-Stunden-Kurs mit Tests nach jeweils f\u00fcnf Stunden, um sicherzustellen, dass Sie den Stoff verarbeiten. Da es Privatstunden sind, k\u00f6nnen wir in Ihrer Lerngeschwindigkeit arbeiten.<\/p>\n<p>Um in einem guten Tempo voranzuschreiten empfehlen wir drei Stunden mit 30 Minuten pro Woche mit Hausaufgaben zwischendurch. Wenn Sie unseren Empfehlungen folgen, umgehen Sie die Frustrationen, die \u00fcblicherweise mit dem Lernen einer neuen Sprache einhergehen.<br \/>\n\n<div class=\"wpcf7 no-js\" id=\"wpcf7-f27602-o1\" lang=\"en-US\" dir=\"ltr\" data-wpcf7-id=\"27602\">\n<div class=\"screen-reader-response\"><p role=\"status\" aria-live=\"polite\" aria-atomic=\"true\"><\/p> <ul><\/ul><\/div>\n<form action=\"\/de\/wp-json\/wp\/v2\/pages\/2898#wpcf7-f27602-o1\" method=\"post\" class=\"wpcf7-form init\" aria-label=\"Contact form\" novalidate=\"novalidate\" data-status=\"init\">\n<div style=\"display: none;\">\n<input type=\"hidden\" name=\"_wpcf7\" value=\"27602\" \/>\n<input type=\"hidden\" name=\"_wpcf7_version\" value=\"6.0.6\" \/>\n<input type=\"hidden\" name=\"_wpcf7_locale\" value=\"en_US\" \/>\n<input type=\"hidden\" name=\"_wpcf7_unit_tag\" value=\"wpcf7-f27602-o1\" \/>\n<input type=\"hidden\" name=\"_wpcf7_container_post\" value=\"0\" \/>\n<input type=\"hidden\" name=\"_wpcf7_posted_data_hash\" value=\"\" \/>\n<input type=\"hidden\" name=\"_wpcf7_recaptcha_response\" value=\"\" \/>\n<\/div>\n<div>\n\t<h2>Laden Sie unseren Anf\u00e4ngerkurs herunter\n\t<\/h2>\n\t<p>Einheit 1 &amp; 2 sind kostenlos!\n\t<\/p>\n<input class=\"wpcf7-form-control wpcf7-hidden\" value=\"6\" type=\"hidden\" name=\"office\" \/>\n<input class=\"wpcf7-form-control wpcf7-hidden\" value=\"de\" type=\"hidden\" name=\"lg\" \/>\n<input class=\"wpcf7-form-control wpcf7-hidden\" value=\"13\" type=\"hidden\" name=\"leadsource\" \/>\n<input class=\"wpcf7-form-control wpcf7-hidden\" value=\"17\" type=\"hidden\" name=\"redirect\" \/>\n\t<p><label for=\"fname\">Vorname:<\/label><br \/>\n<span class=\"wpcf7-form-control-wrap\" data-name=\"fname\"><input size=\"40\" maxlength=\"400\" class=\"wpcf7-form-control wpcf7-text wpcf7-validates-as-required text\" id=\"awf_field-73358383-first\" tabindex=\"500\" aria-required=\"true\" aria-invalid=\"false\" value=\"\" type=\"text\" name=\"fname\" \/><\/span>\n\t<\/p>\n\t<p><label for=\"lname\">Nachname:<\/label><br \/>\n<span class=\"wpcf7-form-control-wrap\" data-name=\"lname\"><input size=\"40\" maxlength=\"400\" class=\"wpcf7-form-control wpcf7-text wpcf7-validates-as-required text\" id=\"awf_field-73358383-last\" tabindex=\"501\" aria-required=\"true\" aria-invalid=\"false\" value=\"\" type=\"text\" name=\"lname\" \/><\/span>\n\t<\/p>\n\t<p><label for=\"alternate\">E-Mail-Adresse:<\/label><br \/>\n<span class=\"wpcf7-form-control-wrap\" data-name=\"alternate\"><input size=\"40\" maxlength=\"400\" class=\"wpcf7-form-control wpcf7-email wpcf7-validates-as-required wpcf7-text wpcf7-validates-as-email text\" id=\"awf_field-73358384\" tabindex=\"502\" aria-required=\"true\" aria-invalid=\"false\" value=\"\" type=\"email\" name=\"alternate\" \/><\/span>\n\t<\/p>\n\t<p><input class=\"wpcf7-form-control wpcf7-submit has-spinner\" type=\"submit\" value=\"Send\" \/>\n\t<\/p>\n<\/div><div class=\"wpcf7-response-output\" aria-hidden=\"true\"><\/div>\n<\/form>\n<\/div>\n<br \/>\nUnser Online-Franz\u00f6sischkurs f\u00fcr Anf\u00e4nger ist f\u00fcr Zoom empfohlen (Schauen Sie sich <a title=\"Franz\u00f6sischstunden \u00fcber Zoom\" href=\"https:\/\/live-french.net\/de\/online-franzosischunterricht-per-zoom\/\">Franz\u00f6sischstunden \u00fcber Zoom<\/a> f\u00fcr weitere Details an).<\/p>\n<p>Franz\u00f6sisch f\u00fcr Anf\u00e4nger Lehrer<\/p>\n<p>F\u00fcr das Franz\u00f6sisch f\u00fcr Anf\u00e4nger Kurs sprechen <strong>alle unsere Lehrer Englisch<\/strong>. Alle Erkl\u00e4rungen, Vokabeln und Grammatikthemen werden auf Englisch besprochen, um sicherzustellen, dass grundlegende Prinzipien verstanden wurden. Unsere <a title=\"Franz\u00f6sischlehrer\" href=\"https:\/\/live-french.net\/de\/franzosisch.php\/2007\/12\/26\/5-franzosischunterricht-unsere-lehrer\">Franz\u00f6sischlehrer<\/a> haben viel Geduld und lernen Wert darauf, die <strong>korrekte Aussprache<\/strong> zu vermitteln, wenn Sie sprechen oder lesen.<\/p>\n<h2>Wie lange dauert es, Franz\u00f6sisch zu lernen, wenn man Anf\u00e4nger ist?<\/h2>\n<p>Offensichtlich gibt es viele verschiedene Faktoren, wie:<\/p>\n<p>&#8211; Sind Sie ge\u00fcbt darin verschiedene Sprachen zu lernen?<\/p>\n<p>&#8211; Haben Sie Ber\u00fchrungspunkte mit der Sprache? (Leben Sie z.B. in einem franz\u00f6sischsprachigem Land?)<\/p>\n<p>&#8211; Verstehen Sie die Grammatik Ihrer eigenen Sprache?<\/p>\n<p>&#8211; Wie schnell lernen Sie neues?<\/p>\n<p>&#8211; Kennen Sie andere lateinische Sprachen, wie Spanisch oder Italienisch?<\/p>\n<p>Unser Ziel ist es Ihnen zu helfen Franz\u00f6sisch so schnell wie m\u00f6glich zu lernen, aber wir werden auch an anderen Punkten der Sprache wie Grammatik, Lesen und Schreiben arbeiten, weil es wichtig ist ein weitgefasstes Verst\u00e4ndnis zu haben, wie Franz\u00f6sisch funktioniert.<\/p>\n<p>Die europ\u00e4ische Nomenklatur hat die Sprachf\u00e4higkeiten in sechs Niveaus unterteilt: A1, A1 (f\u00fcr Einsteiger), B1, B2 (f\u00fcr fortgeschrittene Anf\u00e4nger), C1, C2 (f\u00fcr Fortgeschrittene). Von A1 bis B2 dauert es zwischen sechs und 18 Monate jedes einzelne Niveau zu erreichen.<\/p>\n<h2>Franz\u00f6sisch f\u00fcr Anf\u00e4nger Ebook von Live-French.net<\/h2>\n<p>Der Franz\u00f6sisch f\u00fcr Anf\u00e4nger Kurs beinhaltet ein Ebook, das w\u00e4hrend des Kurses verwendet wird. Sie werden alle Grundlagen lernen Franz\u00f6sisch auf dem A1 Niveau zu sprechen.<\/p>\n<p><strong>Jetzt ist die richtige Zeit, um loszulegen! Registrieren Sie sich f\u00fcr eine <a title=\"Franz\u00f6sisch f\u00fcr Anf\u00e4nger\" href=\"https:\/\/live-french.net\/de\/probestunde-franzoesisch\/\">kostenlose Probestunde<\/a> und sprechen Sie mit einem unserer Online-Lehrer \u00fcber ihre Erwartungen und Ziele.<\/strong><\/p>\n<div id=\"media_image-2\" class=\"si-sidebar-widget si-widget si-entry widget widget_media_image amr_widget\"><h4 class=\"widget-title\">Perfectionnez votre fran\u00e7ais &#8211; cours d&#8217;essai gratuit! Inscrivez-vous ici<\/h4><a href=\"https:\/\/member.booknstart.com\/trial-registration?lg=fr&#038;referred_by=CTA&#038;office_id=6\"><img fetchpriority=\"high\" decoding=\"async\" width=\"1024\" height=\"366\" src=\"https:\/\/live-french.net\/wp-content\/uploads\/2025\/04\/CTA-LFNfr-1024x366.jpg\" class=\"image wp-image-27798  attachment-large size-large\" alt=\"\" style=\"max-width: 100%; height: auto;\" title=\"Perfectionnez votre fran\u00e7ais - cours d&#039;essai gratuit! Inscrivez-vous ici\" srcset=\"https:\/\/live-french.net\/wp-content\/uploads\/2025\/04\/CTA-LFNfr-1024x366.jpg 1024w, https:\/\/live-french.net\/wp-content\/uploads\/2025\/04\/CTA-LFNfr-300x107.jpg 300w, https:\/\/live-french.net\/wp-content\/uploads\/2025\/04\/CTA-LFNfr-768x274.jpg 768w, https:\/\/live-french.net\/wp-content\/uploads\/2025\/04\/CTA-LFNfr-1536x549.jpg 1536w, https:\/\/live-french.net\/wp-content\/uploads\/2025\/04\/CTA-LFNfr-2048x731.jpg 2048w\" sizes=\"(max-width: 1024px) 100vw, 1024px\" \/><\/a><\/div>","protected":false},"excerpt":{"rendered":"<p>Es ist nie zu sp\u00e4t eine Sprache zu lernen! Wenn Sie noch nie Franz\u00f6sisch gelernt haben oder nur ein sehr grundlegendes Wissen \u00fcber Franz\u00f6sisch haben, dann ist dieser Kurs f\u00fcr&hellip;<\/p>\n","protected":false},"author":1,"featured_media":23604,"parent":0,"menu_order":0,"comment_status":"closed","ping_status":"closed","template":"","meta":{"om_disable_all_campaigns":false,"_monsterinsights_skip_tracking":false,"_monsterinsights_sitenote_active":false,"_monsterinsights_sitenote_note":"","_monsterinsights_sitenote_category":0,"footnotes":""},"class_list":["post-2898","page","type-page","status-publish","has-post-thumbnail","hentry"],"aioseo_notices":[],"yoast_head":"<!-- This site is optimized with the Yoast SEO plugin v26.9 - https:\/\/yoast.com\/product\/yoast-seo-wordpress\/ -->\n<title>Franz\u00f6sisch f\u00fcr Anf\u00e4nger online - Live-French.net<\/title>\n<meta name=\"robots\" content=\"index, follow, max-snippet:-1, max-image-preview:large, max-video-preview:-1\" \/>\n<link rel=\"canonical\" href=\"https:\/\/live-french.net\/de\/franzoesisch-anfanger-online\/\" \/>\n<meta property=\"og:locale\" content=\"de_DE\" \/>\n<meta property=\"og:type\" content=\"article\" \/>\n<meta property=\"og:title\" content=\"Franz\u00f6sisch f\u00fcr Anf\u00e4nger online - Live-French.net\" \/>\n<meta property=\"og:description\" content=\"Es ist nie zu sp\u00e4t eine Sprache zu lernen! Wenn Sie noch nie Franz\u00f6sisch gelernt haben oder nur ein sehr grundlegendes Wissen \u00fcber Franz\u00f6sisch haben, dann ist dieser Kurs f\u00fcr&hellip;\" \/>\n<meta property=\"og:url\" content=\"https:\/\/live-french.net\/de\/franzoesisch-anfanger-online\/\" \/>\n<meta property=\"og:site_name\" content=\"Live-French.net\" \/>\n<meta property=\"article:modified_time\" content=\"2025-11-29T13:36:11+00:00\" \/>\n<meta property=\"og:image\" content=\"https:\/\/live-french.net\/wp-content\/uploads\/2023\/07\/Franzosisch-fur-Anfanger.jpg\" \/>\n\t<meta property=\"og:image:width\" content=\"2240\" \/>\n\t<meta property=\"og:image:height\" content=\"1260\" \/>\n\t<meta property=\"og:image:type\" content=\"image\/jpeg\" \/>\n<meta name=\"twitter:label1\" content=\"Gesch\u00e4tzte Lesezeit\" \/>\n\t<meta name=\"twitter:data1\" content=\"3\u00a0Minuten\" \/>\n<script type=\"application\/ld+json\" class=\"yoast-schema-graph\">{\"@context\":\"https:\/\/schema.org\",\"@graph\":[{\"@type\":\"WebPage\",\"@id\":\"https:\/\/live-french.net\/de\/franzoesisch-anfanger-online\/\",\"url\":\"https:\/\/live-french.net\/de\/franzoesisch-anfanger-online\/\",\"name\":\"Franz\u00f6sisch f\u00fcr Anf\u00e4nger online - Live-French.net\",\"isPartOf\":{\"@id\":\"https:\/\/live-french.net\/de\/#website\"},\"primaryImageOfPage\":{\"@id\":\"https:\/\/live-french.net\/de\/franzoesisch-anfanger-online\/#primaryimage\"},\"image\":{\"@id\":\"https:\/\/live-french.net\/de\/franzoesisch-anfanger-online\/#primaryimage\"},\"thumbnailUrl\":\"https:\/\/live-french.net\/wp-content\/uploads\/2023\/07\/Franzosisch-fur-Anfanger.jpg\",\"datePublished\":\"2019-07-29T14:52:44+00:00\",\"dateModified\":\"2025-11-29T13:36:11+00:00\",\"breadcrumb\":{\"@id\":\"https:\/\/live-french.net\/de\/franzoesisch-anfanger-online\/#breadcrumb\"},\"inLanguage\":\"de\",\"potentialAction\":[{\"@type\":\"ReadAction\",\"target\":[\"https:\/\/live-french.net\/de\/franzoesisch-anfanger-online\/\"]}]},{\"@type\":\"ImageObject\",\"inLanguage\":\"de\",\"@id\":\"https:\/\/live-french.net\/de\/franzoesisch-anfanger-online\/#primaryimage\",\"url\":\"https:\/\/live-french.net\/wp-content\/uploads\/2023\/07\/Franzosisch-fur-Anfanger.jpg\",\"contentUrl\":\"https:\/\/live-french.net\/wp-content\/uploads\/2023\/07\/Franzosisch-fur-Anfanger.jpg\",\"width\":2240,\"height\":1260},{\"@type\":\"BreadcrumbList\",\"@id\":\"https:\/\/live-french.net\/de\/franzoesisch-anfanger-online\/#breadcrumb\",\"itemListElement\":[{\"@type\":\"ListItem\",\"position\":1,\"name\":\"Home\",\"item\":\"https:\/\/live-french.net\/de\/\"},{\"@type\":\"ListItem\",\"position\":2,\"name\":\"Franz\u00f6sisch f\u00fcr Anf\u00e4nger online\"}]},{\"@type\":\"WebSite\",\"@id\":\"https:\/\/live-french.net\/de\/#website\",\"url\":\"https:\/\/live-french.net\/de\/\",\"name\":\"Live-French.net\",\"description\":\"Learn French Online\",\"publisher\":{\"@id\":\"https:\/\/live-french.net\/de\/#organization\"},\"potentialAction\":[{\"@type\":\"SearchAction\",\"target\":{\"@type\":\"EntryPoint\",\"urlTemplate\":\"https:\/\/live-french.net\/de\/?s={search_term_string}\"},\"query-input\":{\"@type\":\"PropertyValueSpecification\",\"valueRequired\":true,\"valueName\":\"search_term_string\"}}],\"inLanguage\":\"de\"},{\"@type\":\"Organization\",\"@id\":\"https:\/\/live-french.net\/de\/#organization\",\"name\":\"Live-French.net\",\"url\":\"https:\/\/live-french.net\/de\/\",\"logo\":{\"@type\":\"ImageObject\",\"inLanguage\":\"de\",\"@id\":\"https:\/\/live-french.net\/de\/#\/schema\/logo\/image\/\",\"url\":\"https:\/\/live-french.net\/wp-content\/uploads\/2021\/12\/cropped-LiveFrenchLogo.png\",\"contentUrl\":\"https:\/\/live-french.net\/wp-content\/uploads\/2021\/12\/cropped-LiveFrenchLogo.png\",\"width\":3319,\"height\":593,\"caption\":\"Live-French.net\"},\"image\":{\"@id\":\"https:\/\/live-french.net\/de\/#\/schema\/logo\/image\/\"}}]}<\/script>\n<!-- \/ Yoast SEO plugin. -->","yoast_head_json":{"title":"Franz\u00f6sisch f\u00fcr Anf\u00e4nger online - Live-French.net","robots":{"index":"index","follow":"follow","max-snippet":"max-snippet:-1","max-image-preview":"max-image-preview:large","max-video-preview":"max-video-preview:-1"},"canonical":"https:\/\/live-french.net\/de\/franzoesisch-anfanger-online\/","og_locale":"de_DE","og_type":"article","og_title":"Franz\u00f6sisch f\u00fcr Anf\u00e4nger online - Live-French.net","og_description":"Es ist nie zu sp\u00e4t eine Sprache zu lernen! Wenn Sie noch nie Franz\u00f6sisch gelernt haben oder nur ein sehr grundlegendes Wissen \u00fcber Franz\u00f6sisch haben, dann ist dieser Kurs f\u00fcr&hellip;","og_url":"https:\/\/live-french.net\/de\/franzoesisch-anfanger-online\/","og_site_name":"Live-French.net","article_modified_time":"2025-11-29T13:36:11+00:00","og_image":[{"width":2240,"height":1260,"url":"https:\/\/live-french.net\/wp-content\/uploads\/2023\/07\/Franzosisch-fur-Anfanger.jpg","type":"image\/jpeg"}],"twitter_misc":{"Gesch\u00e4tzte Lesezeit":"3\u00a0Minuten"},"schema":{"@context":"https:\/\/schema.org","@graph":[{"@type":"WebPage","@id":"https:\/\/live-french.net\/de\/franzoesisch-anfanger-online\/","url":"https:\/\/live-french.net\/de\/franzoesisch-anfanger-online\/","name":"Franz\u00f6sisch f\u00fcr Anf\u00e4nger online - Live-French.net","isPartOf":{"@id":"https:\/\/live-french.net\/de\/#website"},"primaryImageOfPage":{"@id":"https:\/\/live-french.net\/de\/franzoesisch-anfanger-online\/#primaryimage"},"image":{"@id":"https:\/\/live-french.net\/de\/franzoesisch-anfanger-online\/#primaryimage"},"thumbnailUrl":"https:\/\/live-french.net\/wp-content\/uploads\/2023\/07\/Franzosisch-fur-Anfanger.jpg","datePublished":"2019-07-29T14:52:44+00:00","dateModified":"2025-11-29T13:36:11+00:00","breadcrumb":{"@id":"https:\/\/live-french.net\/de\/franzoesisch-anfanger-online\/#breadcrumb"},"inLanguage":"de","potentialAction":[{"@type":"ReadAction","target":["https:\/\/live-french.net\/de\/franzoesisch-anfanger-online\/"]}]},{"@type":"ImageObject","inLanguage":"de","@id":"https:\/\/live-french.net\/de\/franzoesisch-anfanger-online\/#primaryimage","url":"https:\/\/live-french.net\/wp-content\/uploads\/2023\/07\/Franzosisch-fur-Anfanger.jpg","contentUrl":"https:\/\/live-french.net\/wp-content\/uploads\/2023\/07\/Franzosisch-fur-Anfanger.jpg","width":2240,"height":1260},{"@type":"BreadcrumbList","@id":"https:\/\/live-french.net\/de\/franzoesisch-anfanger-online\/#breadcrumb","itemListElement":[{"@type":"ListItem","position":1,"name":"Home","item":"https:\/\/live-french.net\/de\/"},{"@type":"ListItem","position":2,"name":"Franz\u00f6sisch f\u00fcr Anf\u00e4nger online"}]},{"@type":"WebSite","@id":"https:\/\/live-french.net\/de\/#website","url":"https:\/\/live-french.net\/de\/","name":"Live-French.net","description":"Learn French Online","publisher":{"@id":"https:\/\/live-french.net\/de\/#organization"},"potentialAction":[{"@type":"SearchAction","target":{"@type":"EntryPoint","urlTemplate":"https:\/\/live-french.net\/de\/?s={search_term_string}"},"query-input":{"@type":"PropertyValueSpecification","valueRequired":true,"valueName":"search_term_string"}}],"inLanguage":"de"},{"@type":"Organization","@id":"https:\/\/live-french.net\/de\/#organization","name":"Live-French.net","url":"https:\/\/live-french.net\/de\/","logo":{"@type":"ImageObject","inLanguage":"de","@id":"https:\/\/live-french.net\/de\/#\/schema\/logo\/image\/","url":"https:\/\/live-french.net\/wp-content\/uploads\/2021\/12\/cropped-LiveFrenchLogo.png","contentUrl":"https:\/\/live-french.net\/wp-content\/uploads\/2021\/12\/cropped-LiveFrenchLogo.png","width":3319,"height":593,"caption":"Live-French.net"},"image":{"@id":"https:\/\/live-french.net\/de\/#\/schema\/logo\/image\/"}}]}},"_links":{"self":[{"href":"https:\/\/live-french.net\/de\/wp-json\/wp\/v2\/pages\/2898","targetHints":{"allow":["GET"]}}],"collection":[{"href":"https:\/\/live-french.net\/de\/wp-json\/wp\/v2\/pages"}],"about":[{"href":"https:\/\/live-french.net\/de\/wp-json\/wp\/v2\/types\/page"}],"author":[{"embeddable":true,"href":"https:\/\/live-french.net\/de\/wp-json\/wp\/v2\/users\/1"}],"replies":[{"embeddable":true,"href":"https:\/\/live-french.net\/de\/wp-json\/wp\/v2\/comments?post=2898"}],"version-history":[{"count":13,"href":"https:\/\/live-french.net\/de\/wp-json\/wp\/v2\/pages\/2898\/revisions"}],"predecessor-version":[{"id":28329,"href":"https:\/\/live-french.net\/de\/wp-json\/wp\/v2\/pages\/2898\/revisions\/28329"}],"wp:featuredmedia":[{"embeddable":true,"href":"https:\/\/live-french.net\/de\/wp-json\/wp\/v2\/media\/23604"}],"wp:attachment":[{"href":"https:\/\/live-french.net\/de\/wp-json\/wp\/v2\/media?parent=2898"}],"curies":[{"name":"wp","href":"https:\/\/api.w.org\/{rel}","templated":true}]}}