{"id":2897,"date":"2019-07-29T16:51:42","date_gmt":"2019-07-29T14:51:42","guid":{"rendered":"https:\/\/live-french.net\/blog\/franzosisch-prufungen-und-delf\/"},"modified":"2023-10-28T21:23:23","modified_gmt":"2023-10-28T19:23:23","slug":"franzosisch-pruefungen-delf","status":"publish","type":"page","link":"https:\/\/live-french.net\/de\/franzosisch-pruefungen-delf\/","title":{"rendered":"Franz\u00f6sisch-Pr\u00fcfungen und DELF"},"content":{"rendered":"<p>Wenn Sie sich auf eine Franz\u00f6sischpr\u00fcfung wie de DELF, DALF, TCF, oder irgend eine andere Pr\u00fcfung vorbereiten, lassen Sie sich von unseren erfahrenen Lehrern helfen, um erfolgreich zu sein.<\/p>\r\n<h2>Franz\u00f6sisch Pr\u00fcfungen<\/h2>\r\n<p>Bereiten Sie sich auf <strong>jede Franz\u00f6sischpr\u00fcfung<\/strong>, die Sie bestehen m\u00fcssen, mit Live-French.net vor.<\/p>\r\n<p>Gleich worum es in Ihrer Franz\u00f6sischpr\u00fcfung geht, Live-French.net hilft Ihnen in der Vorbereitung. Ob es eine Franz\u00f6sichpr\u00fcfung f\u00fcr eine Universit\u00e4t oder eine Hochschule oder f\u00fcr eine Arbeitsstelle in Frankreich ist, unser Team aus Franz\u00f6sischlehrern wei\u00df, wie Sie sich am besten darauf vorbereiten und bietet Ihnen das beste Training.<\/p>\r\n<div id=\"custom_html-26\" class=\"widget_text si-sidebar-widget si-widget si-entry widget widget_custom_html amr_widget\"><div class=\"textwidget custom-html-widget\"><a href=\"https:\/\/member.booknstart.com\/trial-registration?lg=fr&referred_by=sCTA&office_id=6\" target=\"_blank\"><img decoding=\"async\" alt=\"Cours d'essai de fran\u00e7ais\" src=\"https:\/\/live-french.net\/wp-content\/uploads\/2023\/02\/sCTA-fr.jpg\"><\/a><\/div><\/div>\r\n<h2>DELF Pr\u00fcfung<\/h2>\r\n<p>Die <strong>DELF Pr\u00fcfung<\/strong> wird dringend empfohlen, wenn Sie Ihre Franz\u00f6sischkenntnisse nachweisen m\u00fcssen. Unser Vorbereitungskurs f\u00fcr die Pr\u00fcfung DELF behandelt die verschiedenen Teile der DELF Pr\u00fcfung vollst\u00e4ndig. Sie k\u00f6nnen sich auch dazu entscheiden, sich auf ein oder zwei Teile der Pr\u00fcfung zu konzentrieren. Lesen Sie in unserem Blog \u00fcber <a title=\"Franz\u00f6sischpr\u00fcfungen\" href=\"https:\/\/live-french.net\/de\/blog\/category\/franzoesischpruefungen\/\">Franz\u00f6sischpr\u00fcfungen<\/a> und erhalten Sie unsere Erfolgtipps.<\/p>\r\n<h2>Wie bereite ich mich auf DELF vor?<\/h2>\r\n<p>Die beliebtesten Tests sind DELF B1, B2 und DALF C1. Wir bereiten unsere Franz\u00f6sisch-Sch\u00fcler*innen f\u00fcr all diese Tests vor, einschlie\u00dflich A1, A2 und C2.<br \/>\u00dcblicherweise arbeiten wir mit einem Buch, dass Sie zus\u00e4tzlich erwerben m\u00fcssen und haben viele weitere Materialien. Die Pr\u00fcfung besteht aus vier Teilen:<\/p>\r\n<ul>\r\n<li>H\u00f6rverstehen<\/li>\r\n<li>Leseverstehen<\/li>\r\n<li>Schreiben<\/li>\r\n<li>Sprechen<\/li>\r\n<\/ul>\r\n<p>Die \u00dcbungen sind an das Niveau angepasst, das Sie zu beginn ausw\u00e4hlen. W\u00e4hrend der Vorbereitungen, werden Sie mit der Art der \u00dcbung vertraut gemacht, die Sie bestehen m\u00fcssen und der Methodik, der Sie folgen m\u00fcssen. Der erste Teil ermittelt Ihr Einstiegsniveau (welche Pr\u00fcfung Sie machen sollten) und Ihre St\u00e4rken und Schw\u00e4chen.<\/p>\r\n<p>Darauf basierend entscheiden wir uns f\u00fcr eine Strategie. Unser Ziel ist es Ihre Selbstsicherheit und Ihre Fertigkeiten in Bezug auf die Anforderungen der Pr\u00fcfung zu verbessern. Wenn Sie das Gef\u00fchl haben, dass Ihr Verst\u00e4ndnis f\u00fcr Vokabeln oder Grammatik nicht ausreichend ist, dann k\u00f6nnen sich Teile der Stunden auf diese Themen konzentrieren. Der Hauptfokus w\u00e4hrend der Stunden wird darin bestehen einige \u00dcbungen vorzubereiten und zu korrigieren.<\/p>\r\n<p>Ihr Lehrer wird Ihnen einige Tipps geben, wie Sie Ihre Noten verbessern k\u00f6nnen, welche Schl\u00fcsselausdr\u00fccke Sie verwenden sollten, etc.<\/p>\r\n\r\n<h2 class=\"wp-block-heading\">DELF Pr\u00fcfungen mit Violaine<\/h2>\r\n\r\n\r\n\r\n<figure class=\"wp-block-embed is-type-video is-provider-youtube wp-block-embed-youtube wp-embed-aspect-16-9 wp-has-aspect-ratio\">\r\n<div class=\"wp-block-embed__wrapper\">https:\/\/youtu.be\/NxZur_aKEpE<\/div>\r\n<figcaption>DELF Pr\u00fcfungen<\/figcaption>\r\n<\/figure>\r\n\r\n\r\n\r\n<p>F\u00fcr mehr Information: <a href=\"https:\/\/live-french.net\/fr\/blog\/examens-de-francais-fle\/faut-il-passer-un-examen-de-francais-de-type-delf\/\">https:\/\/live-french.net\/fr\/blog\/examens-de-francais-fle\/faut-il-passer-un-examen-de-francais-de-type-delf\/<\/a><\/p>\r\n<div id=\"media_image-2\" class=\"si-sidebar-widget si-widget si-entry widget widget_media_image amr_widget\"><h4 class=\"widget-title\">Perfectionnez votre fran\u00e7ais &#8211; cours d&#8217;essai gratuit! Inscrivez-vous ici<\/h4><a href=\"https:\/\/member.booknstart.com\/trial-registration?lg=fr&#038;referred_by=CTA&#038;office_id=6\"><img fetchpriority=\"high\" decoding=\"async\" width=\"1024\" height=\"366\" src=\"https:\/\/live-french.net\/wp-content\/uploads\/2025\/04\/CTA-LFNfr-1024x366.jpg\" class=\"image wp-image-27798  attachment-large size-large\" alt=\"\" style=\"max-width: 100%; height: auto;\" title=\"Perfectionnez votre fran\u00e7ais - cours d&#039;essai gratuit! Inscrivez-vous ici\" srcset=\"https:\/\/live-french.net\/wp-content\/uploads\/2025\/04\/CTA-LFNfr-1024x366.jpg 1024w, https:\/\/live-french.net\/wp-content\/uploads\/2025\/04\/CTA-LFNfr-300x107.jpg 300w, https:\/\/live-french.net\/wp-content\/uploads\/2025\/04\/CTA-LFNfr-768x274.jpg 768w, https:\/\/live-french.net\/wp-content\/uploads\/2025\/04\/CTA-LFNfr-1536x549.jpg 1536w, https:\/\/live-french.net\/wp-content\/uploads\/2025\/04\/CTA-LFNfr-2048x731.jpg 2048w\" sizes=\"(max-width: 1024px) 100vw, 1024px\" \/><\/a><\/div>","protected":false},"excerpt":{"rendered":"<p>Wenn Sie sich auf eine Franz\u00f6sischpr\u00fcfung wie de DELF, DALF, TCF, oder irgend eine andere Pr\u00fcfung vorbereiten, lassen Sie sich von unseren erfahrenen Lehrern helfen, um erfolgreich zu sein. Franz\u00f6sisch&hellip;<\/p>\n","protected":false},"author":1,"featured_media":21854,"parent":0,"menu_order":0,"comment_status":"closed","ping_status":"closed","template":"","meta":{"om_disable_all_campaigns":false,"_monsterinsights_skip_tracking":false,"_monsterinsights_sitenote_active":false,"_monsterinsights_sitenote_note":"","_monsterinsights_sitenote_category":0,"footnotes":""},"class_list":["post-2897","page","type-page","status-publish","has-post-thumbnail","hentry"],"aioseo_notices":[],"yoast_head":"<!-- This site is optimized with the Yoast SEO plugin v26.9 - https:\/\/yoast.com\/product\/yoast-seo-wordpress\/ -->\n<title>Franz\u00f6sisch-Pr\u00fcfungen und DELF - Live-French.net<\/title>\n<meta name=\"description\" content=\"Wenn Sie sich auf eine Franz\u00f6sischpr\u00fcfung wie de DELF, DALF oder TCF, lassen Sie sich von unseren erfahrenen Lehrern helfen, um erfolgreich zu sein.\" \/>\n<meta name=\"robots\" content=\"index, follow, max-snippet:-1, max-image-preview:large, max-video-preview:-1\" \/>\n<link rel=\"canonical\" href=\"https:\/\/live-french.net\/de\/franzosisch-pruefungen-delf\/\" \/>\n<meta property=\"og:locale\" content=\"de_DE\" \/>\n<meta property=\"og:type\" content=\"article\" \/>\n<meta property=\"og:title\" content=\"Franz\u00f6sisch-Pr\u00fcfungen und DELF - Live-French.net\" \/>\n<meta property=\"og:description\" content=\"Wenn Sie sich auf eine Franz\u00f6sischpr\u00fcfung wie de DELF, DALF oder TCF, lassen Sie sich von unseren erfahrenen Lehrern helfen, um erfolgreich zu sein.\" \/>\n<meta property=\"og:url\" content=\"https:\/\/live-french.net\/de\/franzosisch-pruefungen-delf\/\" \/>\n<meta property=\"og:site_name\" content=\"Live-French.net\" \/>\n<meta property=\"article:modified_time\" content=\"2023-10-28T19:23:23+00:00\" \/>\n<meta property=\"og:image\" content=\"https:\/\/live-french.net\/wp-content\/uploads\/2023\/02\/Franzoesisch-Pruefungen.jpg\" \/>\n\t<meta property=\"og:image:width\" content=\"2240\" \/>\n\t<meta property=\"og:image:height\" content=\"1260\" \/>\n\t<meta property=\"og:image:type\" content=\"image\/jpeg\" \/>\n<meta name=\"twitter:label1\" content=\"Gesch\u00e4tzte Lesezeit\" \/>\n\t<meta name=\"twitter:data1\" content=\"2\u00a0Minuten\" \/>\n<script type=\"application\/ld+json\" class=\"yoast-schema-graph\">{\"@context\":\"https:\/\/schema.org\",\"@graph\":[{\"@type\":\"WebPage\",\"@id\":\"https:\/\/live-french.net\/de\/franzosisch-pruefungen-delf\/\",\"url\":\"https:\/\/live-french.net\/de\/franzosisch-pruefungen-delf\/\",\"name\":\"Franz\u00f6sisch-Pr\u00fcfungen und DELF - Live-French.net\",\"isPartOf\":{\"@id\":\"https:\/\/live-french.net\/de\/#website\"},\"primaryImageOfPage\":{\"@id\":\"https:\/\/live-french.net\/de\/franzosisch-pruefungen-delf\/#primaryimage\"},\"image\":{\"@id\":\"https:\/\/live-french.net\/de\/franzosisch-pruefungen-delf\/#primaryimage\"},\"thumbnailUrl\":\"https:\/\/live-french.net\/wp-content\/uploads\/2023\/02\/Franzoesisch-Pruefungen.jpg\",\"datePublished\":\"2019-07-29T14:51:42+00:00\",\"dateModified\":\"2023-10-28T19:23:23+00:00\",\"description\":\"Wenn Sie sich auf eine Franz\u00f6sischpr\u00fcfung wie de DELF, DALF oder TCF, lassen Sie sich von unseren erfahrenen Lehrern helfen, um erfolgreich zu sein.\",\"breadcrumb\":{\"@id\":\"https:\/\/live-french.net\/de\/franzosisch-pruefungen-delf\/#breadcrumb\"},\"inLanguage\":\"de\",\"potentialAction\":[{\"@type\":\"ReadAction\",\"target\":[\"https:\/\/live-french.net\/de\/franzosisch-pruefungen-delf\/\"]}]},{\"@type\":\"ImageObject\",\"inLanguage\":\"de\",\"@id\":\"https:\/\/live-french.net\/de\/franzosisch-pruefungen-delf\/#primaryimage\",\"url\":\"https:\/\/live-french.net\/wp-content\/uploads\/2023\/02\/Franzoesisch-Pruefungen.jpg\",\"contentUrl\":\"https:\/\/live-french.net\/wp-content\/uploads\/2023\/02\/Franzoesisch-Pruefungen.jpg\",\"width\":2240,\"height\":1260,\"caption\":\"Franz\u00f6sisch-Pr\u00fcfungen\"},{\"@type\":\"BreadcrumbList\",\"@id\":\"https:\/\/live-french.net\/de\/franzosisch-pruefungen-delf\/#breadcrumb\",\"itemListElement\":[{\"@type\":\"ListItem\",\"position\":1,\"name\":\"Home\",\"item\":\"https:\/\/live-french.net\/de\/\"},{\"@type\":\"ListItem\",\"position\":2,\"name\":\"Franz\u00f6sisch-Pr\u00fcfungen und DELF\"}]},{\"@type\":\"WebSite\",\"@id\":\"https:\/\/live-french.net\/de\/#website\",\"url\":\"https:\/\/live-french.net\/de\/\",\"name\":\"Live-French.net\",\"description\":\"Learn French Online\",\"publisher\":{\"@id\":\"https:\/\/live-french.net\/de\/#organization\"},\"potentialAction\":[{\"@type\":\"SearchAction\",\"target\":{\"@type\":\"EntryPoint\",\"urlTemplate\":\"https:\/\/live-french.net\/de\/?s={search_term_string}\"},\"query-input\":{\"@type\":\"PropertyValueSpecification\",\"valueRequired\":true,\"valueName\":\"search_term_string\"}}],\"inLanguage\":\"de\"},{\"@type\":\"Organization\",\"@id\":\"https:\/\/live-french.net\/de\/#organization\",\"name\":\"Live-French.net\",\"url\":\"https:\/\/live-french.net\/de\/\",\"logo\":{\"@type\":\"ImageObject\",\"inLanguage\":\"de\",\"@id\":\"https:\/\/live-french.net\/de\/#\/schema\/logo\/image\/\",\"url\":\"https:\/\/live-french.net\/wp-content\/uploads\/2021\/12\/cropped-LiveFrenchLogo.png\",\"contentUrl\":\"https:\/\/live-french.net\/wp-content\/uploads\/2021\/12\/cropped-LiveFrenchLogo.png\",\"width\":3319,\"height\":593,\"caption\":\"Live-French.net\"},\"image\":{\"@id\":\"https:\/\/live-french.net\/de\/#\/schema\/logo\/image\/\"}}]}<\/script>\n<!-- \/ Yoast SEO plugin. -->","yoast_head_json":{"title":"Franz\u00f6sisch-Pr\u00fcfungen und DELF - Live-French.net","description":"Wenn Sie sich auf eine Franz\u00f6sischpr\u00fcfung wie de DELF, DALF oder TCF, lassen Sie sich von unseren erfahrenen Lehrern helfen, um erfolgreich zu sein.","robots":{"index":"index","follow":"follow","max-snippet":"max-snippet:-1","max-image-preview":"max-image-preview:large","max-video-preview":"max-video-preview:-1"},"canonical":"https:\/\/live-french.net\/de\/franzosisch-pruefungen-delf\/","og_locale":"de_DE","og_type":"article","og_title":"Franz\u00f6sisch-Pr\u00fcfungen und DELF - Live-French.net","og_description":"Wenn Sie sich auf eine Franz\u00f6sischpr\u00fcfung wie de DELF, DALF oder TCF, lassen Sie sich von unseren erfahrenen Lehrern helfen, um erfolgreich zu sein.","og_url":"https:\/\/live-french.net\/de\/franzosisch-pruefungen-delf\/","og_site_name":"Live-French.net","article_modified_time":"2023-10-28T19:23:23+00:00","og_image":[{"width":2240,"height":1260,"url":"https:\/\/live-french.net\/wp-content\/uploads\/2023\/02\/Franzoesisch-Pruefungen.jpg","type":"image\/jpeg"}],"twitter_misc":{"Gesch\u00e4tzte Lesezeit":"2\u00a0Minuten"},"schema":{"@context":"https:\/\/schema.org","@graph":[{"@type":"WebPage","@id":"https:\/\/live-french.net\/de\/franzosisch-pruefungen-delf\/","url":"https:\/\/live-french.net\/de\/franzosisch-pruefungen-delf\/","name":"Franz\u00f6sisch-Pr\u00fcfungen und DELF - Live-French.net","isPartOf":{"@id":"https:\/\/live-french.net\/de\/#website"},"primaryImageOfPage":{"@id":"https:\/\/live-french.net\/de\/franzosisch-pruefungen-delf\/#primaryimage"},"image":{"@id":"https:\/\/live-french.net\/de\/franzosisch-pruefungen-delf\/#primaryimage"},"thumbnailUrl":"https:\/\/live-french.net\/wp-content\/uploads\/2023\/02\/Franzoesisch-Pruefungen.jpg","datePublished":"2019-07-29T14:51:42+00:00","dateModified":"2023-10-28T19:23:23+00:00","description":"Wenn Sie sich auf eine Franz\u00f6sischpr\u00fcfung wie de DELF, DALF oder TCF, lassen Sie sich von unseren erfahrenen Lehrern helfen, um erfolgreich zu sein.","breadcrumb":{"@id":"https:\/\/live-french.net\/de\/franzosisch-pruefungen-delf\/#breadcrumb"},"inLanguage":"de","potentialAction":[{"@type":"ReadAction","target":["https:\/\/live-french.net\/de\/franzosisch-pruefungen-delf\/"]}]},{"@type":"ImageObject","inLanguage":"de","@id":"https:\/\/live-french.net\/de\/franzosisch-pruefungen-delf\/#primaryimage","url":"https:\/\/live-french.net\/wp-content\/uploads\/2023\/02\/Franzoesisch-Pruefungen.jpg","contentUrl":"https:\/\/live-french.net\/wp-content\/uploads\/2023\/02\/Franzoesisch-Pruefungen.jpg","width":2240,"height":1260,"caption":"Franz\u00f6sisch-Pr\u00fcfungen"},{"@type":"BreadcrumbList","@id":"https:\/\/live-french.net\/de\/franzosisch-pruefungen-delf\/#breadcrumb","itemListElement":[{"@type":"ListItem","position":1,"name":"Home","item":"https:\/\/live-french.net\/de\/"},{"@type":"ListItem","position":2,"name":"Franz\u00f6sisch-Pr\u00fcfungen und DELF"}]},{"@type":"WebSite","@id":"https:\/\/live-french.net\/de\/#website","url":"https:\/\/live-french.net\/de\/","name":"Live-French.net","description":"Learn French Online","publisher":{"@id":"https:\/\/live-french.net\/de\/#organization"},"potentialAction":[{"@type":"SearchAction","target":{"@type":"EntryPoint","urlTemplate":"https:\/\/live-french.net\/de\/?s={search_term_string}"},"query-input":{"@type":"PropertyValueSpecification","valueRequired":true,"valueName":"search_term_string"}}],"inLanguage":"de"},{"@type":"Organization","@id":"https:\/\/live-french.net\/de\/#organization","name":"Live-French.net","url":"https:\/\/live-french.net\/de\/","logo":{"@type":"ImageObject","inLanguage":"de","@id":"https:\/\/live-french.net\/de\/#\/schema\/logo\/image\/","url":"https:\/\/live-french.net\/wp-content\/uploads\/2021\/12\/cropped-LiveFrenchLogo.png","contentUrl":"https:\/\/live-french.net\/wp-content\/uploads\/2021\/12\/cropped-LiveFrenchLogo.png","width":3319,"height":593,"caption":"Live-French.net"},"image":{"@id":"https:\/\/live-french.net\/de\/#\/schema\/logo\/image\/"}}]}},"_links":{"self":[{"href":"https:\/\/live-french.net\/de\/wp-json\/wp\/v2\/pages\/2897","targetHints":{"allow":["GET"]}}],"collection":[{"href":"https:\/\/live-french.net\/de\/wp-json\/wp\/v2\/pages"}],"about":[{"href":"https:\/\/live-french.net\/de\/wp-json\/wp\/v2\/types\/page"}],"author":[{"embeddable":true,"href":"https:\/\/live-french.net\/de\/wp-json\/wp\/v2\/users\/1"}],"replies":[{"embeddable":true,"href":"https:\/\/live-french.net\/de\/wp-json\/wp\/v2\/comments?post=2897"}],"version-history":[{"count":5,"href":"https:\/\/live-french.net\/de\/wp-json\/wp\/v2\/pages\/2897\/revisions"}],"predecessor-version":[{"id":24314,"href":"https:\/\/live-french.net\/de\/wp-json\/wp\/v2\/pages\/2897\/revisions\/24314"}],"wp:featuredmedia":[{"embeddable":true,"href":"https:\/\/live-french.net\/de\/wp-json\/wp\/v2\/media\/21854"}],"wp:attachment":[{"href":"https:\/\/live-french.net\/de\/wp-json\/wp\/v2\/media?parent=2897"}],"curies":[{"name":"wp","href":"https:\/\/api.w.org\/{rel}","templated":true}]}}