{"id":2896,"date":"2019-07-29T16:50:32","date_gmt":"2019-07-29T14:50:32","guid":{"rendered":"https:\/\/live-french.net\/blog\/franzosische-konversation-online\/"},"modified":"2025-12-02T10:07:13","modified_gmt":"2025-12-02T09:07:13","slug":"franzoesische-konversation-online","status":"publish","type":"page","link":"https:\/\/live-french.net\/de\/franzoesische-konversation-online\/","title":{"rendered":"Franz\u00f6sische Konversation online"},"content":{"rendered":"<p>Lernen Sie mit Live-French.net franz\u00f6sische Konversationen online. Sprechen Sie mit franz\u00f6sischen Muttersprachlern und verbessern Sie Ihre Konversationsf\u00e4higkeiten.<br \/>\nWenn Sie nicht die M\u00f6glichkeit haben nach Frankreich zu reisen, dann k\u00f6nnen Sie durch ein Programm mit qualifizierten Franz\u00f6sischlehrern Franz\u00f6sisch-Konversationen \u00fcben, gleich wo Sie sind.<\/p>\n<p><iframe title=\"YouTube video player\" src=\"https:\/\/www.youtube.com\/embed\/wY1RbVoiJMU\" width=\"560\" height=\"315\" frameborder=\"0\" allowfullscreen=\"allowfullscreen\"><\/iframe><\/p>\n<h2>Was sind Franz\u00f6sisch Sprachkurs Online?<\/h2>\n<p>W\u00e4hrend der Franz\u00f6sisch-Konversation-Stunden bearbeiten Sie Artikel, Videos und \u00dcbungen mit dem Ziel eine Konversation zu f\u00fchren. Sie diskutieren interessante Themen und debattieren \u00fcber aktuelle Ereignisse. Es ist eine <strong>private Franz\u00f6sischstunde<\/strong>, d.h. der Lehrer ist f\u00fcr Sie da und hilft Ihnen, Ihre Sprachf\u00e4higkeiten in Ihrer Geschwindigkeit und gem\u00e4\u00df Ihren Bed\u00fcrfnissen zu verbessern. Sie erlernen neue Wort und Ausdr\u00fccke und verbessern Ihre Aussprache im Franz\u00f6sischen. Schlie\u00dflich werden Sie Muttersprachler besser verstehen.<br \/>\n<div id=\"custom_html-26\" class=\"widget_text si-sidebar-widget si-widget si-entry widget widget_custom_html amr_widget\"><div class=\"textwidget custom-html-widget\"><a href=\"https:\/\/member.booknstart.com\/trial-registration?lg=fr&referred_by=sCTA&office_id=6\" target=\"_blank\"><img decoding=\"async\" alt=\"Cours d'essai de fran\u00e7ais\" src=\"https:\/\/live-french.net\/wp-content\/uploads\/2023\/02\/sCTA-fr.jpg\"><\/a><\/div><\/div><\/p>\n<h2>Wer kann Franz\u00f6sisch Konversation online lernen?<\/h2>\n<p>Dieser Sprachkurs richtet sich speziell an <strong>intermedi\u00e4re und fortgeschrittene Sprachniveaus<\/strong>. Die Stunden werden auf Franz\u00f6sisch gehalten und bringen Sie auf das n\u00e4chste Level.<br \/>\nFalls Sie Einsteiger sind k\u00f6nnen Sie mit unserem <a title=\"online Franz\u00f6sischkurs f\u00fcr Einsteiger beginnen.\" href=\"https:\/\/live-french.net\/de\/franzosisch.php\/2011\/01\/19\/11-franzosisch-fur-anfanger-online\">online Franz\u00f6sischkurs f\u00fcr Einsteiger beginnen<\/a>.<\/p>\n<h2>Wann k\u00f6nnen Sie Franz\u00f6sisch-Konversationen \u00fcben?<\/h2>\n<p>Sie k\u00f6nnen Stunden zwischen 5:00 und Mitternacht (franz\u00f6sische Zeit) nehmen. Sobald Sie sich registriert haben, k\u00f6nnen Sie sehr schnell online Franz\u00f6sisch lernen!<\/p>\n<h2>Wie funktioniert es?<\/h2>\n<p>Nachdem Sie sich f\u00fcr eine Probestunde oder f\u00fcr einen Franz\u00f6sischkurs registriert haben, erhalten Sie Zugang zum Mitgliederbereich. In ihm k\u00f6nnen Sie unsere Lehrer und deren Stundenpl\u00e4ne anschauen sowie Ihre Stunden online buchen. Sie k\u00f6nnen uns kontaktieren, wenn Sie Hilfe beim Registrieren oder Buchen einer Stunde ben\u00f6tigen.<\/p>\n<p>F\u00fcr die Stunden bieten wir zwei M\u00f6glichkeiten:<\/p>\n<ul>\n<li><a title=\"Skype Franz\u00f6sisch-Konversation\" href=\"https:\/\/live-french.net\/online-french-lessons-zoom\/\">Zoom und Google Meet Franz\u00f6sisch-Konversation<\/a>: Eine interaktive Art mit Ihrem Lehrer zu kommunizieren. Wenn Sie m\u00f6gen, k\u00f6nnen Sie die Webcam verwenden und der Lehrer hat die M\u00f6glichkeit seinen Bildschirminhalt zu \u00fcbertragen, einige Vokabeln in Echtzeit zu schreiben und Ihnen Links zu Artikeln zu senden.<\/li>\n<li><a title=\"Franz\u00f6sisch-Telefon-Konversation\" href=\"https:\/\/live-french.net\/de\/franzosisch.php\/2007\/12\/26\/7-franzosisch-lernen-per-telefon\">Franz\u00f6sisch-Telefon-Konversation<\/a>: Eine gro\u00dfartige Gelegenheit Ihr Franz\u00f6sisch unter realen Bedingungen zu testen, wenn Sie Franz\u00f6sisch am Telefon sprechen m\u00fcssen.<\/li>\n<\/ul>\n<h2>Franz\u00f6sisch online Sprechen mit Live-French.net<\/h2>\n<p>Mit Live-French.net erhalten Sie die Qualit\u00e4t einer etablierten Online-Schule mit der n\u00f6tigen Erfahrung Ihre Lernziele zu erreichen. Registrieren Sie sich f\u00fcr einen Franz\u00f6sisch-Konversation-Kurs und lernen Sie mit einem <a title=\"franz\u00f6sischen Muttersprachler\" href=\"https:\/\/live-french.net\/de\/franzosisch.php\/2007\/12\/26\/5-franzosischunterricht-unsere-lehrer\">franz\u00f6sischen Muttersprachler<\/a>, der es Ihnen mit Themen, die Sie interessieren, leichter macht gem\u00e4\u00df Ihrer Vorkenntnisse und im Hinblick auf Ihre Lernziele Ihr Franz\u00f6sisch zu verbessern. Seit 2007 haben wir tausenden Sch\u00fclern geholfen ihre Franz\u00f6sischsprachkenntnisse zu verbessern. Lernen Sie, genau wie sie Vokabeln, Grammatik und Strukturen. Das ist eine gute Gelegenheit Ihren franz\u00f6sischen Akzent zu verbessern.<\/p>\n<p>Buchen Sie eine Probestunde und beginnen Sie noch heute <a title=\"Franz\u00f6sisch-Konversationen\" href=\"https:\/\/live-french.net\/de\/probestunde-franzoesisch\/\">Franz\u00f6sisch-Konversationen<\/a> zu lernen!<\/p>\n<div id=\"media_image-2\" class=\"si-sidebar-widget si-widget si-entry widget widget_media_image amr_widget\"><h4 class=\"widget-title\">Perfectionnez votre fran\u00e7ais &#8211; cours d&#8217;essai gratuit! Inscrivez-vous ici<\/h4><a href=\"https:\/\/member.booknstart.com\/trial-registration?lg=fr&#038;referred_by=CTA&#038;office_id=6\"><img fetchpriority=\"high\" decoding=\"async\" width=\"1024\" height=\"366\" src=\"https:\/\/live-french.net\/wp-content\/uploads\/2025\/04\/CTA-LFNfr-1024x366.jpg\" class=\"image wp-image-27798  attachment-large size-large\" alt=\"\" style=\"max-width: 100%; height: auto;\" title=\"Perfectionnez votre fran\u00e7ais - cours d&#039;essai gratuit! Inscrivez-vous ici\" srcset=\"https:\/\/live-french.net\/wp-content\/uploads\/2025\/04\/CTA-LFNfr-1024x366.jpg 1024w, https:\/\/live-french.net\/wp-content\/uploads\/2025\/04\/CTA-LFNfr-300x107.jpg 300w, https:\/\/live-french.net\/wp-content\/uploads\/2025\/04\/CTA-LFNfr-768x274.jpg 768w, https:\/\/live-french.net\/wp-content\/uploads\/2025\/04\/CTA-LFNfr-1536x549.jpg 1536w, https:\/\/live-french.net\/wp-content\/uploads\/2025\/04\/CTA-LFNfr-2048x731.jpg 2048w\" sizes=\"(max-width: 1024px) 100vw, 1024px\" \/><\/a><\/div>","protected":false},"excerpt":{"rendered":"<p>Lernen Sie mit Live-French.net franz\u00f6sische Konversationen online. Sprechen Sie mit franz\u00f6sischen Muttersprachlern und verbessern Sie Ihre Konversationsf\u00e4higkeiten. Wenn Sie nicht die M\u00f6glichkeit haben nach Frankreich zu reisen, dann k\u00f6nnen Sie&hellip;<\/p>\n","protected":false},"author":1,"featured_media":22399,"parent":0,"menu_order":0,"comment_status":"closed","ping_status":"closed","template":"","meta":{"om_disable_all_campaigns":false,"_monsterinsights_skip_tracking":false,"_monsterinsights_sitenote_active":false,"_monsterinsights_sitenote_note":"","_monsterinsights_sitenote_category":0,"footnotes":""},"class_list":["post-2896","page","type-page","status-publish","has-post-thumbnail","hentry"],"aioseo_notices":[],"yoast_head":"<!-- This site is optimized with the Yoast SEO plugin v26.9 - https:\/\/yoast.com\/product\/yoast-seo-wordpress\/ -->\n<title>Franz\u00f6sische Konversation online - Live-French.net<\/title>\n<meta name=\"robots\" content=\"index, follow, max-snippet:-1, max-image-preview:large, max-video-preview:-1\" \/>\n<link rel=\"canonical\" href=\"https:\/\/live-french.net\/de\/franzoesische-konversation-online\/\" \/>\n<meta property=\"og:locale\" content=\"de_DE\" \/>\n<meta property=\"og:type\" content=\"article\" \/>\n<meta property=\"og:title\" content=\"Franz\u00f6sische Konversation online - Live-French.net\" \/>\n<meta property=\"og:description\" content=\"Lernen Sie mit Live-French.net franz\u00f6sische Konversationen online. Sprechen Sie mit franz\u00f6sischen Muttersprachlern und verbessern Sie Ihre Konversationsf\u00e4higkeiten. Wenn Sie nicht die M\u00f6glichkeit haben nach Frankreich zu reisen, dann k\u00f6nnen Sie&hellip;\" \/>\n<meta property=\"og:url\" content=\"https:\/\/live-french.net\/de\/franzoesische-konversation-online\/\" \/>\n<meta property=\"og:site_name\" content=\"Live-French.net\" \/>\n<meta property=\"article:modified_time\" content=\"2025-12-02T09:07:13+00:00\" \/>\n<meta property=\"og:image\" content=\"https:\/\/live-french.net\/wp-content\/uploads\/2023\/04\/Franzosische-Konversation-online.jpg\" \/>\n\t<meta property=\"og:image:width\" content=\"2240\" \/>\n\t<meta property=\"og:image:height\" content=\"1260\" \/>\n\t<meta property=\"og:image:type\" content=\"image\/jpeg\" \/>\n<meta name=\"twitter:label1\" content=\"Gesch\u00e4tzte Lesezeit\" \/>\n\t<meta name=\"twitter:data1\" content=\"2\u00a0Minuten\" \/>\n<script type=\"application\/ld+json\" class=\"yoast-schema-graph\">{\"@context\":\"https:\/\/schema.org\",\"@graph\":[{\"@type\":\"WebPage\",\"@id\":\"https:\/\/live-french.net\/de\/franzoesische-konversation-online\/\",\"url\":\"https:\/\/live-french.net\/de\/franzoesische-konversation-online\/\",\"name\":\"Franz\u00f6sische Konversation online - Live-French.net\",\"isPartOf\":{\"@id\":\"https:\/\/live-french.net\/de\/#website\"},\"primaryImageOfPage\":{\"@id\":\"https:\/\/live-french.net\/de\/franzoesische-konversation-online\/#primaryimage\"},\"image\":{\"@id\":\"https:\/\/live-french.net\/de\/franzoesische-konversation-online\/#primaryimage\"},\"thumbnailUrl\":\"https:\/\/live-french.net\/wp-content\/uploads\/2023\/04\/Franzosische-Konversation-online.jpg\",\"datePublished\":\"2019-07-29T14:50:32+00:00\",\"dateModified\":\"2025-12-02T09:07:13+00:00\",\"breadcrumb\":{\"@id\":\"https:\/\/live-french.net\/de\/franzoesische-konversation-online\/#breadcrumb\"},\"inLanguage\":\"de\",\"potentialAction\":[{\"@type\":\"ReadAction\",\"target\":[\"https:\/\/live-french.net\/de\/franzoesische-konversation-online\/\"]}]},{\"@type\":\"ImageObject\",\"inLanguage\":\"de\",\"@id\":\"https:\/\/live-french.net\/de\/franzoesische-konversation-online\/#primaryimage\",\"url\":\"https:\/\/live-french.net\/wp-content\/uploads\/2023\/04\/Franzosische-Konversation-online.jpg\",\"contentUrl\":\"https:\/\/live-french.net\/wp-content\/uploads\/2023\/04\/Franzosische-Konversation-online.jpg\",\"width\":2240,\"height\":1260,\"caption\":\"Franz\u00f6sische Konversation online\"},{\"@type\":\"BreadcrumbList\",\"@id\":\"https:\/\/live-french.net\/de\/franzoesische-konversation-online\/#breadcrumb\",\"itemListElement\":[{\"@type\":\"ListItem\",\"position\":1,\"name\":\"Home\",\"item\":\"https:\/\/live-french.net\/de\/\"},{\"@type\":\"ListItem\",\"position\":2,\"name\":\"Franz\u00f6sische Konversation online\"}]},{\"@type\":\"WebSite\",\"@id\":\"https:\/\/live-french.net\/de\/#website\",\"url\":\"https:\/\/live-french.net\/de\/\",\"name\":\"Live-French.net\",\"description\":\"Learn French Online\",\"publisher\":{\"@id\":\"https:\/\/live-french.net\/de\/#organization\"},\"potentialAction\":[{\"@type\":\"SearchAction\",\"target\":{\"@type\":\"EntryPoint\",\"urlTemplate\":\"https:\/\/live-french.net\/de\/?s={search_term_string}\"},\"query-input\":{\"@type\":\"PropertyValueSpecification\",\"valueRequired\":true,\"valueName\":\"search_term_string\"}}],\"inLanguage\":\"de\"},{\"@type\":\"Organization\",\"@id\":\"https:\/\/live-french.net\/de\/#organization\",\"name\":\"Live-French.net\",\"url\":\"https:\/\/live-french.net\/de\/\",\"logo\":{\"@type\":\"ImageObject\",\"inLanguage\":\"de\",\"@id\":\"https:\/\/live-french.net\/de\/#\/schema\/logo\/image\/\",\"url\":\"https:\/\/live-french.net\/wp-content\/uploads\/2021\/12\/cropped-LiveFrenchLogo.png\",\"contentUrl\":\"https:\/\/live-french.net\/wp-content\/uploads\/2021\/12\/cropped-LiveFrenchLogo.png\",\"width\":3319,\"height\":593,\"caption\":\"Live-French.net\"},\"image\":{\"@id\":\"https:\/\/live-french.net\/de\/#\/schema\/logo\/image\/\"}}]}<\/script>\n<!-- \/ Yoast SEO plugin. -->","yoast_head_json":{"title":"Franz\u00f6sische Konversation online - Live-French.net","robots":{"index":"index","follow":"follow","max-snippet":"max-snippet:-1","max-image-preview":"max-image-preview:large","max-video-preview":"max-video-preview:-1"},"canonical":"https:\/\/live-french.net\/de\/franzoesische-konversation-online\/","og_locale":"de_DE","og_type":"article","og_title":"Franz\u00f6sische Konversation online - Live-French.net","og_description":"Lernen Sie mit Live-French.net franz\u00f6sische Konversationen online. Sprechen Sie mit franz\u00f6sischen Muttersprachlern und verbessern Sie Ihre Konversationsf\u00e4higkeiten. Wenn Sie nicht die M\u00f6glichkeit haben nach Frankreich zu reisen, dann k\u00f6nnen Sie&hellip;","og_url":"https:\/\/live-french.net\/de\/franzoesische-konversation-online\/","og_site_name":"Live-French.net","article_modified_time":"2025-12-02T09:07:13+00:00","og_image":[{"width":2240,"height":1260,"url":"https:\/\/live-french.net\/wp-content\/uploads\/2023\/04\/Franzosische-Konversation-online.jpg","type":"image\/jpeg"}],"twitter_misc":{"Gesch\u00e4tzte Lesezeit":"2\u00a0Minuten"},"schema":{"@context":"https:\/\/schema.org","@graph":[{"@type":"WebPage","@id":"https:\/\/live-french.net\/de\/franzoesische-konversation-online\/","url":"https:\/\/live-french.net\/de\/franzoesische-konversation-online\/","name":"Franz\u00f6sische Konversation online - Live-French.net","isPartOf":{"@id":"https:\/\/live-french.net\/de\/#website"},"primaryImageOfPage":{"@id":"https:\/\/live-french.net\/de\/franzoesische-konversation-online\/#primaryimage"},"image":{"@id":"https:\/\/live-french.net\/de\/franzoesische-konversation-online\/#primaryimage"},"thumbnailUrl":"https:\/\/live-french.net\/wp-content\/uploads\/2023\/04\/Franzosische-Konversation-online.jpg","datePublished":"2019-07-29T14:50:32+00:00","dateModified":"2025-12-02T09:07:13+00:00","breadcrumb":{"@id":"https:\/\/live-french.net\/de\/franzoesische-konversation-online\/#breadcrumb"},"inLanguage":"de","potentialAction":[{"@type":"ReadAction","target":["https:\/\/live-french.net\/de\/franzoesische-konversation-online\/"]}]},{"@type":"ImageObject","inLanguage":"de","@id":"https:\/\/live-french.net\/de\/franzoesische-konversation-online\/#primaryimage","url":"https:\/\/live-french.net\/wp-content\/uploads\/2023\/04\/Franzosische-Konversation-online.jpg","contentUrl":"https:\/\/live-french.net\/wp-content\/uploads\/2023\/04\/Franzosische-Konversation-online.jpg","width":2240,"height":1260,"caption":"Franz\u00f6sische Konversation online"},{"@type":"BreadcrumbList","@id":"https:\/\/live-french.net\/de\/franzoesische-konversation-online\/#breadcrumb","itemListElement":[{"@type":"ListItem","position":1,"name":"Home","item":"https:\/\/live-french.net\/de\/"},{"@type":"ListItem","position":2,"name":"Franz\u00f6sische Konversation online"}]},{"@type":"WebSite","@id":"https:\/\/live-french.net\/de\/#website","url":"https:\/\/live-french.net\/de\/","name":"Live-French.net","description":"Learn French Online","publisher":{"@id":"https:\/\/live-french.net\/de\/#organization"},"potentialAction":[{"@type":"SearchAction","target":{"@type":"EntryPoint","urlTemplate":"https:\/\/live-french.net\/de\/?s={search_term_string}"},"query-input":{"@type":"PropertyValueSpecification","valueRequired":true,"valueName":"search_term_string"}}],"inLanguage":"de"},{"@type":"Organization","@id":"https:\/\/live-french.net\/de\/#organization","name":"Live-French.net","url":"https:\/\/live-french.net\/de\/","logo":{"@type":"ImageObject","inLanguage":"de","@id":"https:\/\/live-french.net\/de\/#\/schema\/logo\/image\/","url":"https:\/\/live-french.net\/wp-content\/uploads\/2021\/12\/cropped-LiveFrenchLogo.png","contentUrl":"https:\/\/live-french.net\/wp-content\/uploads\/2021\/12\/cropped-LiveFrenchLogo.png","width":3319,"height":593,"caption":"Live-French.net"},"image":{"@id":"https:\/\/live-french.net\/de\/#\/schema\/logo\/image\/"}}]}},"_links":{"self":[{"href":"https:\/\/live-french.net\/de\/wp-json\/wp\/v2\/pages\/2896","targetHints":{"allow":["GET"]}}],"collection":[{"href":"https:\/\/live-french.net\/de\/wp-json\/wp\/v2\/pages"}],"about":[{"href":"https:\/\/live-french.net\/de\/wp-json\/wp\/v2\/types\/page"}],"author":[{"embeddable":true,"href":"https:\/\/live-french.net\/de\/wp-json\/wp\/v2\/users\/1"}],"replies":[{"embeddable":true,"href":"https:\/\/live-french.net\/de\/wp-json\/wp\/v2\/comments?post=2896"}],"version-history":[{"count":12,"href":"https:\/\/live-french.net\/de\/wp-json\/wp\/v2\/pages\/2896\/revisions"}],"predecessor-version":[{"id":28353,"href":"https:\/\/live-french.net\/de\/wp-json\/wp\/v2\/pages\/2896\/revisions\/28353"}],"wp:featuredmedia":[{"embeddable":true,"href":"https:\/\/live-french.net\/de\/wp-json\/wp\/v2\/media\/22399"}],"wp:attachment":[{"href":"https:\/\/live-french.net\/de\/wp-json\/wp\/v2\/media?parent=2896"}],"curies":[{"name":"wp","href":"https:\/\/api.w.org\/{rel}","templated":true}]}}