{"id":2891,"date":"2019-07-29T16:44:00","date_gmt":"2019-07-29T14:44:00","guid":{"rendered":"https:\/\/live-french.net\/blog\/business-franzosisch-online-kurs\/"},"modified":"2025-11-29T14:54:26","modified_gmt":"2025-11-29T13:54:26","slug":"business-franzoesisch-online-kurs","status":"publish","type":"page","link":"https:\/\/live-french.net\/de\/business-franzoesisch-online-kurs\/","title":{"rendered":"Business-Franz\u00f6sisch Online-Kurs"},"content":{"rendered":"<p>Franz\u00f6sisch ist eine der meist gesprochenen Sprachen der Welt. Wenn Sie mit Menschen aus Frankreich, Afrika, Quebec oder anderen L\u00e4ndern zusammenarbeiten, dann m\u00fcssen Sie Franz\u00f6sisch sprechen. Daf\u00fcr haben wir einen speziellen Business-Franz\u00f6sisch-Kurs entworfen.<\/p>\n<h2>Business-Franz\u00f6sisch Online<\/h2>\n<p>Der Live-Franz\u00f6sisch-Business Kurs wurde entwickelt, um Ihnen zu helfen, Ihr Franz\u00f6sisch in berufsrelevanten Situationen und in der gesch\u00e4ftlichen Kommunikation zu meistern<\/p>\n<p>Der Online-Kurs Business Franz\u00f6sisch legt auch Schwerpunkte auf konkrete Ziele, die Moderation von Meetings, das Verfassen von Berichten und E-Mails, das Erstellen von Pr\u00e4sentationen und mehr. Unsere muttersprachlichen Franz\u00f6sisch-Lehrer haben nicht nur Erfahrung im Unterrichten, sondern bringen auch einen wirtschaftlichen Hintergrund mit.<\/p>\n<p>Live-French.net hat einen speziellen Online-Business-Franz\u00f6sisch-Kurs entwickelt, der Sie in arbeitsbezogenen Themen selbstbewusster macht. Wenn Sie komplexe Business-Konversationen auf Franz\u00f6sisch halten m\u00fcssen, dann registrieren Sie sich f\u00fcr diesen Kurs.<\/p>\n<h2>Business-Franz\u00f6sisch per Zoom<\/h2>\n<p>Wir wissen, dass es als Gesch\u00e4ftsmann oder \u2013 frau nicht immer leicht ist Zeit zum \u00dcben von Franz\u00f6sisch zu haben. Wenn Sie an unserem <a title=\"Online-Franz\u00f6sischunterricht per Zoom\" href=\"https:\/\/live-french.net\/de\/online-franzosischunterricht-per-zoom\/\">Franz\u00f6sisch-Business-Kurs \u00fcber Zoom<\/a> teilnehmen, dann haben Sie kurze Sitzungen (30 min) mit Konzentration auf die Themen, die Sie ben\u00f6tigen um voranzukommen. Das ist sehr effizient und effektiv. Mit uns haben Sie die Flexibilit\u00e4t Ihre Stunden vor der Arbeit oder w\u00e4hrend Ihrer Mittagspause zu haben. Selbst wenn Sie auf Gesch\u00e4ftsreise sind, k\u00f6nnen Sie Stunden haben, solange Sie \u00fcber eine gute Internetanbindung verf\u00fcgen.<\/p>\n<h2>F\u00fcr wen eignet sich Business Franz\u00f6sisch online?<\/h2>\n<p>Der Kurs Franz\u00f6sisch Business richtet sich an Berufst\u00e4tige mit mindestens B1-Niveau, deren Berufsleben in irgendeiner Weise mit einem franz\u00f6sischsprachigen Land zu tun hat. Sie arbeiten an Ihrem Wortschatz und Ihrer Aussprache, aber auch an Ihrem Verst\u00e4ndnis f\u00fcr die franz\u00f6sische Unternehmenskultur und -umgebung. Wirtschaftsfranz\u00f6sisch zu beherrschen, wird sich erheblich auf Ihren beruflichen Erfolg und Ihre Karriereentwicklung auswirken. Und wenn Sie in einem franz\u00f6sischsprachigen Team arbeiten, werden Sie Ihr Umfeld besser verstehen k\u00f6nnen.<\/p>\n<h2>Ein Bewerbungsgespr\u00e4ch auf Franz\u00f6sisch vorbereiten<\/h2>\n<p>In einem Teil des Franz\u00f6sisch-Business-Kurses bereiten wir Sie auf Ihr n\u00e4chstes Vorstellungsgespr\u00e4ch auf Franz\u00f6sisch vor. W\u00e4hrend des Kurses proben Sie die h\u00e4ufigsten Fragen. Wenn Ihre Franz\u00f6sischkenntnisse getestet werden k\u00f6nnen Sie zeigen, dass Sie flie\u00dfend \u00fcber Ihre Karriere und andere Themen auf Franz\u00f6sisch sprechen k\u00f6nnen.<\/p>\n<h2>Zur Vertiefung:<\/h2>\n<p>1. Lesen Sie unsere Tipps zur <a title=\"Wie bereiten Sie ein Business-Meeting auf Franz\u00f6sisch vor?\" href=\"https:\/\/live-french.net\/de\/blog\/business-franzoesisch\/business-meeting-franzoesisch\/\">Vorbereitung von Gesch\u00e4ftstreffen auf Franz\u00f6sisch<\/a> und wie Sie diese zum Erfolg bringen<br \/>\n2. <a title=\"Wichtige Vokabeln f\u00fcr Business Franz\u00f6sisch\" href=\"https:\/\/live-french.net\/de\/blog\/business-franzoesisch\/vokabeln-business-franzoesisch\/\">Franz\u00f6sische Vokabeln<\/a> f\u00fcr jede Gesch\u00e4ftsgelegenheit<br \/>\n3. <a title=\"Fehler, die man bei einem Vorstellungsgespr\u00e4ch auf Franz\u00f6sisch vermeiden sollte\" href=\"https:\/\/live-french.net\/de\/blog\/business-franzoesisch\/bewerbungsgesprach-auf-franzosisch-2\/\">Fehler, die man bei einem Vorstellungsgespr\u00e4ch auf Franz\u00f6sisch vermeiden sollte <\/a><\/p>\n<div id=\"media_image-2\" class=\"si-sidebar-widget si-widget si-entry widget widget_media_image amr_widget\"><h4 class=\"widget-title\">Perfectionnez votre fran\u00e7ais &#8211; cours d&#8217;essai gratuit! Inscrivez-vous ici<\/h4><a href=\"https:\/\/member.booknstart.com\/trial-registration?lg=fr&#038;referred_by=CTA&#038;office_id=6\"><img fetchpriority=\"high\" decoding=\"async\" width=\"1024\" height=\"366\" src=\"https:\/\/live-french.net\/wp-content\/uploads\/2025\/04\/CTA-LFNfr-1024x366.jpg\" class=\"image wp-image-27798  attachment-large size-large\" alt=\"\" style=\"max-width: 100%; height: auto;\" title=\"Perfectionnez votre fran\u00e7ais - cours d&#039;essai gratuit! Inscrivez-vous ici\" srcset=\"https:\/\/live-french.net\/wp-content\/uploads\/2025\/04\/CTA-LFNfr-1024x366.jpg 1024w, https:\/\/live-french.net\/wp-content\/uploads\/2025\/04\/CTA-LFNfr-300x107.jpg 300w, https:\/\/live-french.net\/wp-content\/uploads\/2025\/04\/CTA-LFNfr-768x274.jpg 768w, https:\/\/live-french.net\/wp-content\/uploads\/2025\/04\/CTA-LFNfr-1536x549.jpg 1536w, https:\/\/live-french.net\/wp-content\/uploads\/2025\/04\/CTA-LFNfr-2048x731.jpg 2048w\" sizes=\"(max-width: 1024px) 100vw, 1024px\" \/><\/a><\/div>","protected":false},"excerpt":{"rendered":"<p>Franz\u00f6sisch ist eine der meist gesprochenen Sprachen der Welt. Wenn Sie mit Menschen aus Frankreich, Afrika, Quebec oder anderen L\u00e4ndern zusammenarbeiten, dann m\u00fcssen Sie Franz\u00f6sisch sprechen. Daf\u00fcr haben wir einen&hellip;<\/p>\n","protected":false},"author":1,"featured_media":23664,"parent":0,"menu_order":0,"comment_status":"closed","ping_status":"closed","template":"","meta":{"om_disable_all_campaigns":false,"_monsterinsights_skip_tracking":false,"_monsterinsights_sitenote_active":false,"_monsterinsights_sitenote_note":"","_monsterinsights_sitenote_category":0,"footnotes":""},"class_list":["post-2891","page","type-page","status-publish","has-post-thumbnail","hentry"],"aioseo_notices":[],"yoast_head":"<!-- This site is optimized with the Yoast SEO plugin v26.9 - https:\/\/yoast.com\/product\/yoast-seo-wordpress\/ -->\n<title>Business-Franz\u00f6sisch Online-Kurs - Live-French.net<\/title>\n<meta name=\"robots\" content=\"index, follow, max-snippet:-1, max-image-preview:large, max-video-preview:-1\" \/>\n<link rel=\"canonical\" href=\"https:\/\/live-french.net\/de\/business-franzoesisch-online-kurs\/\" \/>\n<meta property=\"og:locale\" content=\"de_DE\" \/>\n<meta property=\"og:type\" content=\"article\" \/>\n<meta property=\"og:title\" content=\"Business-Franz\u00f6sisch Online-Kurs - Live-French.net\" \/>\n<meta property=\"og:description\" content=\"Franz\u00f6sisch ist eine der meist gesprochenen Sprachen der Welt. Wenn Sie mit Menschen aus Frankreich, Afrika, Quebec oder anderen L\u00e4ndern zusammenarbeiten, dann m\u00fcssen Sie Franz\u00f6sisch sprechen. Daf\u00fcr haben wir einen&hellip;\" \/>\n<meta property=\"og:url\" content=\"https:\/\/live-french.net\/de\/business-franzoesisch-online-kurs\/\" \/>\n<meta property=\"og:site_name\" content=\"Live-French.net\" \/>\n<meta property=\"article:modified_time\" content=\"2025-11-29T13:54:26+00:00\" \/>\n<meta property=\"og:image\" content=\"https:\/\/live-french.net\/wp-content\/uploads\/2023\/07\/Business-Franzosisch-Online-Kurs.jpg\" \/>\n\t<meta property=\"og:image:width\" content=\"2240\" \/>\n\t<meta property=\"og:image:height\" content=\"1260\" \/>\n\t<meta property=\"og:image:type\" content=\"image\/jpeg\" \/>\n<meta name=\"twitter:label1\" content=\"Gesch\u00e4tzte Lesezeit\" \/>\n\t<meta name=\"twitter:data1\" content=\"2\u00a0Minuten\" \/>\n<script type=\"application\/ld+json\" class=\"yoast-schema-graph\">{\"@context\":\"https:\/\/schema.org\",\"@graph\":[{\"@type\":\"WebPage\",\"@id\":\"https:\/\/live-french.net\/de\/business-franzoesisch-online-kurs\/\",\"url\":\"https:\/\/live-french.net\/de\/business-franzoesisch-online-kurs\/\",\"name\":\"Business-Franz\u00f6sisch Online-Kurs - Live-French.net\",\"isPartOf\":{\"@id\":\"https:\/\/live-french.net\/de\/#website\"},\"primaryImageOfPage\":{\"@id\":\"https:\/\/live-french.net\/de\/business-franzoesisch-online-kurs\/#primaryimage\"},\"image\":{\"@id\":\"https:\/\/live-french.net\/de\/business-franzoesisch-online-kurs\/#primaryimage\"},\"thumbnailUrl\":\"https:\/\/live-french.net\/wp-content\/uploads\/2023\/07\/Business-Franzosisch-Online-Kurs.jpg\",\"datePublished\":\"2019-07-29T14:44:00+00:00\",\"dateModified\":\"2025-11-29T13:54:26+00:00\",\"breadcrumb\":{\"@id\":\"https:\/\/live-french.net\/de\/business-franzoesisch-online-kurs\/#breadcrumb\"},\"inLanguage\":\"de\",\"potentialAction\":[{\"@type\":\"ReadAction\",\"target\":[\"https:\/\/live-french.net\/de\/business-franzoesisch-online-kurs\/\"]}]},{\"@type\":\"ImageObject\",\"inLanguage\":\"de\",\"@id\":\"https:\/\/live-french.net\/de\/business-franzoesisch-online-kurs\/#primaryimage\",\"url\":\"https:\/\/live-french.net\/wp-content\/uploads\/2023\/07\/Business-Franzosisch-Online-Kurs.jpg\",\"contentUrl\":\"https:\/\/live-french.net\/wp-content\/uploads\/2023\/07\/Business-Franzosisch-Online-Kurs.jpg\",\"width\":2240,\"height\":1260},{\"@type\":\"BreadcrumbList\",\"@id\":\"https:\/\/live-french.net\/de\/business-franzoesisch-online-kurs\/#breadcrumb\",\"itemListElement\":[{\"@type\":\"ListItem\",\"position\":1,\"name\":\"Home\",\"item\":\"https:\/\/live-french.net\/de\/\"},{\"@type\":\"ListItem\",\"position\":2,\"name\":\"Business-Franz\u00f6sisch Online-Kurs\"}]},{\"@type\":\"WebSite\",\"@id\":\"https:\/\/live-french.net\/de\/#website\",\"url\":\"https:\/\/live-french.net\/de\/\",\"name\":\"Live-French.net\",\"description\":\"Learn French Online\",\"publisher\":{\"@id\":\"https:\/\/live-french.net\/de\/#organization\"},\"potentialAction\":[{\"@type\":\"SearchAction\",\"target\":{\"@type\":\"EntryPoint\",\"urlTemplate\":\"https:\/\/live-french.net\/de\/?s={search_term_string}\"},\"query-input\":{\"@type\":\"PropertyValueSpecification\",\"valueRequired\":true,\"valueName\":\"search_term_string\"}}],\"inLanguage\":\"de\"},{\"@type\":\"Organization\",\"@id\":\"https:\/\/live-french.net\/de\/#organization\",\"name\":\"Live-French.net\",\"url\":\"https:\/\/live-french.net\/de\/\",\"logo\":{\"@type\":\"ImageObject\",\"inLanguage\":\"de\",\"@id\":\"https:\/\/live-french.net\/de\/#\/schema\/logo\/image\/\",\"url\":\"https:\/\/live-french.net\/wp-content\/uploads\/2021\/12\/cropped-LiveFrenchLogo.png\",\"contentUrl\":\"https:\/\/live-french.net\/wp-content\/uploads\/2021\/12\/cropped-LiveFrenchLogo.png\",\"width\":3319,\"height\":593,\"caption\":\"Live-French.net\"},\"image\":{\"@id\":\"https:\/\/live-french.net\/de\/#\/schema\/logo\/image\/\"}}]}<\/script>\n<!-- \/ Yoast SEO plugin. -->","yoast_head_json":{"title":"Business-Franz\u00f6sisch Online-Kurs - Live-French.net","robots":{"index":"index","follow":"follow","max-snippet":"max-snippet:-1","max-image-preview":"max-image-preview:large","max-video-preview":"max-video-preview:-1"},"canonical":"https:\/\/live-french.net\/de\/business-franzoesisch-online-kurs\/","og_locale":"de_DE","og_type":"article","og_title":"Business-Franz\u00f6sisch Online-Kurs - Live-French.net","og_description":"Franz\u00f6sisch ist eine der meist gesprochenen Sprachen der Welt. Wenn Sie mit Menschen aus Frankreich, Afrika, Quebec oder anderen L\u00e4ndern zusammenarbeiten, dann m\u00fcssen Sie Franz\u00f6sisch sprechen. Daf\u00fcr haben wir einen&hellip;","og_url":"https:\/\/live-french.net\/de\/business-franzoesisch-online-kurs\/","og_site_name":"Live-French.net","article_modified_time":"2025-11-29T13:54:26+00:00","og_image":[{"width":2240,"height":1260,"url":"https:\/\/live-french.net\/wp-content\/uploads\/2023\/07\/Business-Franzosisch-Online-Kurs.jpg","type":"image\/jpeg"}],"twitter_misc":{"Gesch\u00e4tzte Lesezeit":"2\u00a0Minuten"},"schema":{"@context":"https:\/\/schema.org","@graph":[{"@type":"WebPage","@id":"https:\/\/live-french.net\/de\/business-franzoesisch-online-kurs\/","url":"https:\/\/live-french.net\/de\/business-franzoesisch-online-kurs\/","name":"Business-Franz\u00f6sisch Online-Kurs - Live-French.net","isPartOf":{"@id":"https:\/\/live-french.net\/de\/#website"},"primaryImageOfPage":{"@id":"https:\/\/live-french.net\/de\/business-franzoesisch-online-kurs\/#primaryimage"},"image":{"@id":"https:\/\/live-french.net\/de\/business-franzoesisch-online-kurs\/#primaryimage"},"thumbnailUrl":"https:\/\/live-french.net\/wp-content\/uploads\/2023\/07\/Business-Franzosisch-Online-Kurs.jpg","datePublished":"2019-07-29T14:44:00+00:00","dateModified":"2025-11-29T13:54:26+00:00","breadcrumb":{"@id":"https:\/\/live-french.net\/de\/business-franzoesisch-online-kurs\/#breadcrumb"},"inLanguage":"de","potentialAction":[{"@type":"ReadAction","target":["https:\/\/live-french.net\/de\/business-franzoesisch-online-kurs\/"]}]},{"@type":"ImageObject","inLanguage":"de","@id":"https:\/\/live-french.net\/de\/business-franzoesisch-online-kurs\/#primaryimage","url":"https:\/\/live-french.net\/wp-content\/uploads\/2023\/07\/Business-Franzosisch-Online-Kurs.jpg","contentUrl":"https:\/\/live-french.net\/wp-content\/uploads\/2023\/07\/Business-Franzosisch-Online-Kurs.jpg","width":2240,"height":1260},{"@type":"BreadcrumbList","@id":"https:\/\/live-french.net\/de\/business-franzoesisch-online-kurs\/#breadcrumb","itemListElement":[{"@type":"ListItem","position":1,"name":"Home","item":"https:\/\/live-french.net\/de\/"},{"@type":"ListItem","position":2,"name":"Business-Franz\u00f6sisch Online-Kurs"}]},{"@type":"WebSite","@id":"https:\/\/live-french.net\/de\/#website","url":"https:\/\/live-french.net\/de\/","name":"Live-French.net","description":"Learn French Online","publisher":{"@id":"https:\/\/live-french.net\/de\/#organization"},"potentialAction":[{"@type":"SearchAction","target":{"@type":"EntryPoint","urlTemplate":"https:\/\/live-french.net\/de\/?s={search_term_string}"},"query-input":{"@type":"PropertyValueSpecification","valueRequired":true,"valueName":"search_term_string"}}],"inLanguage":"de"},{"@type":"Organization","@id":"https:\/\/live-french.net\/de\/#organization","name":"Live-French.net","url":"https:\/\/live-french.net\/de\/","logo":{"@type":"ImageObject","inLanguage":"de","@id":"https:\/\/live-french.net\/de\/#\/schema\/logo\/image\/","url":"https:\/\/live-french.net\/wp-content\/uploads\/2021\/12\/cropped-LiveFrenchLogo.png","contentUrl":"https:\/\/live-french.net\/wp-content\/uploads\/2021\/12\/cropped-LiveFrenchLogo.png","width":3319,"height":593,"caption":"Live-French.net"},"image":{"@id":"https:\/\/live-french.net\/de\/#\/schema\/logo\/image\/"}}]}},"_links":{"self":[{"href":"https:\/\/live-french.net\/de\/wp-json\/wp\/v2\/pages\/2891","targetHints":{"allow":["GET"]}}],"collection":[{"href":"https:\/\/live-french.net\/de\/wp-json\/wp\/v2\/pages"}],"about":[{"href":"https:\/\/live-french.net\/de\/wp-json\/wp\/v2\/types\/page"}],"author":[{"embeddable":true,"href":"https:\/\/live-french.net\/de\/wp-json\/wp\/v2\/users\/1"}],"replies":[{"embeddable":true,"href":"https:\/\/live-french.net\/de\/wp-json\/wp\/v2\/comments?post=2891"}],"version-history":[{"count":6,"href":"https:\/\/live-french.net\/de\/wp-json\/wp\/v2\/pages\/2891\/revisions"}],"predecessor-version":[{"id":28334,"href":"https:\/\/live-french.net\/de\/wp-json\/wp\/v2\/pages\/2891\/revisions\/28334"}],"wp:featuredmedia":[{"embeddable":true,"href":"https:\/\/live-french.net\/de\/wp-json\/wp\/v2\/media\/23664"}],"wp:attachment":[{"href":"https:\/\/live-french.net\/de\/wp-json\/wp\/v2\/media?parent=2891"}],"curies":[{"name":"wp","href":"https:\/\/api.w.org\/{rel}","templated":true}]}}