{"id":28154,"date":"2025-10-29T11:03:36","date_gmt":"2025-10-29T10:03:36","guid":{"rendered":"https:\/\/live-french.net\/online-franzosischunterricht-per-zoom\/"},"modified":"2025-10-29T11:15:06","modified_gmt":"2025-10-29T10:15:06","slug":"online-franzosischunterricht-per-zoom","status":"publish","type":"page","link":"https:\/\/live-french.net\/de\/online-franzosischunterricht-per-zoom\/","title":{"rendered":"Online-Franz\u00f6sischunterricht per Zoom"},"content":{"rendered":"\r\n\r\n<p>Zoom ist eine sehr fortschrittliche Videokonferenz-App, die seit 2020 \u00e4u\u00dferst beliebt geworden ist. Live-French.net bietet jetzt auch Franz\u00f6sischunterricht \u00fcber Zoom an, um denjenigen, die bereits mit dieser App vertraut sind, die M\u00f6glichkeit zu geben, sich mit ihren Franz\u00f6sischlehrern \u00fcber Zoom zu verbinden. <a title=\"Einzelunterricht Franz\u00f6sisch\" href=\"https:\/\/live-french.net\/online-french-course\/\">Einzelunterricht<\/a> und <a title=\"Franz\u00f6sisch-Gruppenunterricht\" href=\"https:\/\/live-french.net\/live-french-club-french-group-lessons\/\">Gruppenunterricht<\/a> finden \u00fcber Zoom statt.<\/p>\r\n\r\n<div id=\"custom_html-26\" class=\"widget_text si-sidebar-widget si-widget si-entry widget widget_custom_html amr_widget\"><div class=\"textwidget custom-html-widget\"><a href=\"https:\/\/member.booknstart.com\/trial-registration?lg=fr&referred_by=sCTA&office_id=6\" target=\"_blank\"><img decoding=\"async\" alt=\"Cours d'essai de fran\u00e7ais\" src=\"https:\/\/live-french.net\/wp-content\/uploads\/2023\/02\/sCTA-fr.jpg\"><\/a><\/div><\/div>\r\n\r\n<h2 class=\"wp-block-heading\">Was sind die Vorteile von Franz\u00f6sischunterricht \u00fcber Zoom?<\/h2>\r\n\r\n\r\n\r\n\r\n<p>Heutzutage gibt es eine gro\u00dfe Auswahl an Apps, die VoIP-Kommunikation erm\u00f6glichen. Allerdings erreichen nicht alle Apps die Servicequalit\u00e4t, die Zoom bietet. Der Ton ist ausgezeichnet, das Video ist in hoher Aufl\u00f6sung, es ist einfach zu bedienen und funktioniert sowohl auf dem Computer als auch auf dem Smartphone problemlos.<\/p>\r\n\r\n\r\n\r\n\r\n<p>Wir suchten eine App, die gut zu unserem Online-Franz\u00f6sischunterricht passt \u2013 und Zoom erf\u00fcllte alle Kriterien!<\/p>\r\n\r\n\r\n\r\n\r\n<p>Die von Zoom bereitgestellte Technologie entspricht genau unserem Verst\u00e4ndnis davon, wie Technologie sein sollte: ein hochwertiges Werkzeug, das uns hilft, unsere Franz\u00f6sischlehrer mit Ihnen zu verbinden, auch wenn Sie weit voneinander entfernt sind.<\/p>\r\n\r\n\r\n\r\n\r\n<ul class=\"wp-block-list\">\r\n<li>Benutzerfreundlich \u2013 einfach auf den Link klicken, den wir Ihnen senden, um am Unterricht teilzunehmen.<\/li>\r\n<li>Bietet HD-Audio und -Video ohne Verz\u00f6gerungen.<\/li>\r\n<li>Kann auf jedem Ger\u00e4t verwendet werden \u2013 Computer, Tablet oder Smartphone.<\/li>\r\n<li>Erm\u00f6glicht Bildschirmfreigabe, Sofortnachrichten und Inhaltsfreigabe.<\/li>\r\n<\/ul>\r\n\r\n\r\n\r\n\r\n<h2 class=\"wp-block-heading\">F\u00fcr wen sind Franz\u00f6sischstunden \u00fcber Zoom geeignet?<\/h2>\r\n\r\n<p>Franz\u00f6sischunterricht \u00fcber Zoom ist flexibel, interaktiv und auf Ihre individuellen Ziele ausgerichtet. Es ist daher die bequemste Art, Ihr Franz\u00f6sisch zu verbessern \u2013 Sie k\u00f6nnen von jedem Ort mit Internetverbindung teilnehmen. Der Unterricht eignet sich f\u00fcr alle Niveaus, also keine Sorge, wenn Ihr Franz\u00f6sisch noch nicht fortgeschritten ist. Wenn Sie keine Zeit verschwenden und dennoch mit muttersprachlichen Lehrern lernen m\u00f6chten, bieten Ihnen die Zoom-Franz\u00f6sischstunden bei Live-French.net das bestm\u00f6gliche Lernerlebnis.<\/p>\r\n\r\n\r\n\r\n<h2 class=\"wp-block-heading\">Wie l\u00e4uft eine Franz\u00f6sischstunde \u00fcber Zoom ab?<\/h2>\r\n\r\n\r\n\r\n\r\n<p>Nach der Anmeldung haben Sie Zugriff auf den Stundenplan Ihres Zoom-Franz\u00f6sischlehrers. Sie buchen einen Termin, der Ihnen passt, und erhalten den Link, um sich mit dem Unterricht zu verbinden. Die Lektionen sind unterhaltsam, motivierend und konzentrieren sich auf m\u00fcndliche Franz\u00f6sischkenntnisse, damit Sie Ihre Sprachfl\u00fcssigkeit und Ihr Selbstvertrauen verbessern.<\/p>\r\n\r\n\r\n\r\n\r\n<h2 class=\"wp-block-heading\">Interessieren Sie sich f\u00fcr Franz\u00f6sischunterricht \u00fcber Zoom?<\/h2>\r\n\r\n\r\n\r\n\r\n<p>Wenn Sie unseren Franz\u00f6sischunterricht \u00fcber Zoom ausprobieren m\u00f6chten, melden Sie sich jetzt f\u00fcr eine <a href=\"https:\/\/live-french.net\/french-trial-lesson\/\">kostenlose Probestunde<\/a> an und entdecken Sie, wie Sie mit einem unserer <a href=\"https:\/\/live-french.net\/de\/franzoesischlehrer\/\">Franz\u00f6sischlehrer<\/a> in Ihrem eigenen Tempo lernen und Ihr Franz\u00f6sisch verbessern k\u00f6nnen.<\/p>\r\n\r\n<div id=\"media_image-2\" class=\"si-sidebar-widget si-widget si-entry widget widget_media_image amr_widget\"><h4 class=\"widget-title\">Perfectionnez votre fran\u00e7ais &#8211; cours d&#8217;essai gratuit! Inscrivez-vous ici<\/h4><a href=\"https:\/\/member.booknstart.com\/trial-registration?lg=fr&#038;referred_by=CTA&#038;office_id=6\"><img fetchpriority=\"high\" decoding=\"async\" width=\"1024\" height=\"366\" src=\"https:\/\/live-french.net\/wp-content\/uploads\/2025\/04\/CTA-LFNfr-1024x366.jpg\" class=\"image wp-image-27798  attachment-large size-large\" alt=\"\" style=\"max-width: 100%; height: auto;\" title=\"Perfectionnez votre fran\u00e7ais - cours d&#039;essai gratuit! Inscrivez-vous ici\" srcset=\"https:\/\/live-french.net\/wp-content\/uploads\/2025\/04\/CTA-LFNfr-1024x366.jpg 1024w, https:\/\/live-french.net\/wp-content\/uploads\/2025\/04\/CTA-LFNfr-300x107.jpg 300w, https:\/\/live-french.net\/wp-content\/uploads\/2025\/04\/CTA-LFNfr-768x274.jpg 768w, https:\/\/live-french.net\/wp-content\/uploads\/2025\/04\/CTA-LFNfr-1536x549.jpg 1536w, https:\/\/live-french.net\/wp-content\/uploads\/2025\/04\/CTA-LFNfr-2048x731.jpg 2048w\" sizes=\"(max-width: 1024px) 100vw, 1024px\" \/><\/a><\/div>","protected":false},"excerpt":{"rendered":"<p>Zoom ist eine sehr fortschrittliche Videokonferenz-App, die seit 2020 \u00e4u\u00dferst beliebt geworden ist. Live-French.net bietet jetzt auch Franz\u00f6sischunterricht \u00fcber Zoom an, um denjenigen, die bereits mit dieser App vertraut sind,&hellip;<\/p>\n","protected":false},"author":1,"featured_media":28155,"parent":0,"menu_order":0,"comment_status":"closed","ping_status":"closed","template":"","meta":{"om_disable_all_campaigns":false,"_monsterinsights_skip_tracking":false,"_monsterinsights_sitenote_active":false,"_monsterinsights_sitenote_note":"","_monsterinsights_sitenote_category":0,"footnotes":""},"class_list":["post-28154","page","type-page","status-publish","has-post-thumbnail","hentry"],"aioseo_notices":[],"yoast_head":"<!-- This site is optimized with the Yoast SEO plugin v26.9 - https:\/\/yoast.com\/product\/yoast-seo-wordpress\/ -->\n<title>Online-Franz\u00f6sischunterricht per Zoom - Live-French.net<\/title>\n<meta name=\"robots\" content=\"index, follow, max-snippet:-1, max-image-preview:large, max-video-preview:-1\" \/>\n<link rel=\"canonical\" href=\"https:\/\/live-french.net\/de\/online-franzosischunterricht-per-zoom\/\" \/>\n<meta property=\"og:locale\" content=\"de_DE\" \/>\n<meta property=\"og:type\" content=\"article\" \/>\n<meta property=\"og:title\" content=\"Online-Franz\u00f6sischunterricht per Zoom - Live-French.net\" \/>\n<meta property=\"og:description\" content=\"Zoom ist eine sehr fortschrittliche Videokonferenz-App, die seit 2020 \u00e4u\u00dferst beliebt geworden ist. Live-French.net bietet jetzt auch Franz\u00f6sischunterricht \u00fcber Zoom an, um denjenigen, die bereits mit dieser App vertraut sind,&hellip;\" \/>\n<meta property=\"og:url\" content=\"https:\/\/live-french.net\/de\/online-franzosischunterricht-per-zoom\/\" \/>\n<meta property=\"og:site_name\" content=\"Live-French.net\" \/>\n<meta property=\"article:modified_time\" content=\"2025-10-29T10:15:06+00:00\" \/>\n<meta property=\"og:image\" content=\"https:\/\/live-french.net\/wp-content\/uploads\/2025\/10\/Online-Franzosischunterricht-per-Zoom.jpg\" \/>\n\t<meta property=\"og:image:width\" content=\"2240\" \/>\n\t<meta property=\"og:image:height\" content=\"1260\" \/>\n\t<meta property=\"og:image:type\" content=\"image\/jpeg\" \/>\n<meta name=\"twitter:label1\" content=\"Gesch\u00e4tzte Lesezeit\" \/>\n\t<meta name=\"twitter:data1\" content=\"2\u00a0Minuten\" \/>\n<script type=\"application\/ld+json\" class=\"yoast-schema-graph\">{\"@context\":\"https:\/\/schema.org\",\"@graph\":[{\"@type\":\"WebPage\",\"@id\":\"https:\/\/live-french.net\/de\/online-franzosischunterricht-per-zoom\/\",\"url\":\"https:\/\/live-french.net\/de\/online-franzosischunterricht-per-zoom\/\",\"name\":\"Online-Franz\u00f6sischunterricht per Zoom - Live-French.net\",\"isPartOf\":{\"@id\":\"https:\/\/live-french.net\/de\/#website\"},\"primaryImageOfPage\":{\"@id\":\"https:\/\/live-french.net\/de\/online-franzosischunterricht-per-zoom\/#primaryimage\"},\"image\":{\"@id\":\"https:\/\/live-french.net\/de\/online-franzosischunterricht-per-zoom\/#primaryimage\"},\"thumbnailUrl\":\"https:\/\/live-french.net\/wp-content\/uploads\/2025\/10\/Online-Franzosischunterricht-per-Zoom.jpg\",\"datePublished\":\"2025-10-29T10:03:36+00:00\",\"dateModified\":\"2025-10-29T10:15:06+00:00\",\"breadcrumb\":{\"@id\":\"https:\/\/live-french.net\/de\/online-franzosischunterricht-per-zoom\/#breadcrumb\"},\"inLanguage\":\"de\",\"potentialAction\":[{\"@type\":\"ReadAction\",\"target\":[\"https:\/\/live-french.net\/de\/online-franzosischunterricht-per-zoom\/\"]}]},{\"@type\":\"ImageObject\",\"inLanguage\":\"de\",\"@id\":\"https:\/\/live-french.net\/de\/online-franzosischunterricht-per-zoom\/#primaryimage\",\"url\":\"https:\/\/live-french.net\/wp-content\/uploads\/2025\/10\/Online-Franzosischunterricht-per-Zoom.jpg\",\"contentUrl\":\"https:\/\/live-french.net\/wp-content\/uploads\/2025\/10\/Online-Franzosischunterricht-per-Zoom.jpg\",\"width\":2240,\"height\":1260,\"caption\":\"Online-Franz\u00f6sischunterricht per Zoom\"},{\"@type\":\"BreadcrumbList\",\"@id\":\"https:\/\/live-french.net\/de\/online-franzosischunterricht-per-zoom\/#breadcrumb\",\"itemListElement\":[{\"@type\":\"ListItem\",\"position\":1,\"name\":\"Home\",\"item\":\"https:\/\/live-french.net\/de\/\"},{\"@type\":\"ListItem\",\"position\":2,\"name\":\"Online-Franz\u00f6sischunterricht per Zoom\"}]},{\"@type\":\"WebSite\",\"@id\":\"https:\/\/live-french.net\/de\/#website\",\"url\":\"https:\/\/live-french.net\/de\/\",\"name\":\"Live-French.net\",\"description\":\"Learn French Online\",\"publisher\":{\"@id\":\"https:\/\/live-french.net\/de\/#organization\"},\"potentialAction\":[{\"@type\":\"SearchAction\",\"target\":{\"@type\":\"EntryPoint\",\"urlTemplate\":\"https:\/\/live-french.net\/de\/?s={search_term_string}\"},\"query-input\":{\"@type\":\"PropertyValueSpecification\",\"valueRequired\":true,\"valueName\":\"search_term_string\"}}],\"inLanguage\":\"de\"},{\"@type\":\"Organization\",\"@id\":\"https:\/\/live-french.net\/de\/#organization\",\"name\":\"Live-French.net\",\"url\":\"https:\/\/live-french.net\/de\/\",\"logo\":{\"@type\":\"ImageObject\",\"inLanguage\":\"de\",\"@id\":\"https:\/\/live-french.net\/de\/#\/schema\/logo\/image\/\",\"url\":\"https:\/\/live-french.net\/wp-content\/uploads\/2021\/12\/cropped-LiveFrenchLogo.png\",\"contentUrl\":\"https:\/\/live-french.net\/wp-content\/uploads\/2021\/12\/cropped-LiveFrenchLogo.png\",\"width\":3319,\"height\":593,\"caption\":\"Live-French.net\"},\"image\":{\"@id\":\"https:\/\/live-french.net\/de\/#\/schema\/logo\/image\/\"}}]}<\/script>\n<!-- \/ Yoast SEO plugin. -->","yoast_head_json":{"title":"Online-Franz\u00f6sischunterricht per Zoom - Live-French.net","robots":{"index":"index","follow":"follow","max-snippet":"max-snippet:-1","max-image-preview":"max-image-preview:large","max-video-preview":"max-video-preview:-1"},"canonical":"https:\/\/live-french.net\/de\/online-franzosischunterricht-per-zoom\/","og_locale":"de_DE","og_type":"article","og_title":"Online-Franz\u00f6sischunterricht per Zoom - Live-French.net","og_description":"Zoom ist eine sehr fortschrittliche Videokonferenz-App, die seit 2020 \u00e4u\u00dferst beliebt geworden ist. Live-French.net bietet jetzt auch Franz\u00f6sischunterricht \u00fcber Zoom an, um denjenigen, die bereits mit dieser App vertraut sind,&hellip;","og_url":"https:\/\/live-french.net\/de\/online-franzosischunterricht-per-zoom\/","og_site_name":"Live-French.net","article_modified_time":"2025-10-29T10:15:06+00:00","og_image":[{"width":2240,"height":1260,"url":"https:\/\/live-french.net\/wp-content\/uploads\/2025\/10\/Online-Franzosischunterricht-per-Zoom.jpg","type":"image\/jpeg"}],"twitter_misc":{"Gesch\u00e4tzte Lesezeit":"2\u00a0Minuten"},"schema":{"@context":"https:\/\/schema.org","@graph":[{"@type":"WebPage","@id":"https:\/\/live-french.net\/de\/online-franzosischunterricht-per-zoom\/","url":"https:\/\/live-french.net\/de\/online-franzosischunterricht-per-zoom\/","name":"Online-Franz\u00f6sischunterricht per Zoom - Live-French.net","isPartOf":{"@id":"https:\/\/live-french.net\/de\/#website"},"primaryImageOfPage":{"@id":"https:\/\/live-french.net\/de\/online-franzosischunterricht-per-zoom\/#primaryimage"},"image":{"@id":"https:\/\/live-french.net\/de\/online-franzosischunterricht-per-zoom\/#primaryimage"},"thumbnailUrl":"https:\/\/live-french.net\/wp-content\/uploads\/2025\/10\/Online-Franzosischunterricht-per-Zoom.jpg","datePublished":"2025-10-29T10:03:36+00:00","dateModified":"2025-10-29T10:15:06+00:00","breadcrumb":{"@id":"https:\/\/live-french.net\/de\/online-franzosischunterricht-per-zoom\/#breadcrumb"},"inLanguage":"de","potentialAction":[{"@type":"ReadAction","target":["https:\/\/live-french.net\/de\/online-franzosischunterricht-per-zoom\/"]}]},{"@type":"ImageObject","inLanguage":"de","@id":"https:\/\/live-french.net\/de\/online-franzosischunterricht-per-zoom\/#primaryimage","url":"https:\/\/live-french.net\/wp-content\/uploads\/2025\/10\/Online-Franzosischunterricht-per-Zoom.jpg","contentUrl":"https:\/\/live-french.net\/wp-content\/uploads\/2025\/10\/Online-Franzosischunterricht-per-Zoom.jpg","width":2240,"height":1260,"caption":"Online-Franz\u00f6sischunterricht per Zoom"},{"@type":"BreadcrumbList","@id":"https:\/\/live-french.net\/de\/online-franzosischunterricht-per-zoom\/#breadcrumb","itemListElement":[{"@type":"ListItem","position":1,"name":"Home","item":"https:\/\/live-french.net\/de\/"},{"@type":"ListItem","position":2,"name":"Online-Franz\u00f6sischunterricht per Zoom"}]},{"@type":"WebSite","@id":"https:\/\/live-french.net\/de\/#website","url":"https:\/\/live-french.net\/de\/","name":"Live-French.net","description":"Learn French Online","publisher":{"@id":"https:\/\/live-french.net\/de\/#organization"},"potentialAction":[{"@type":"SearchAction","target":{"@type":"EntryPoint","urlTemplate":"https:\/\/live-french.net\/de\/?s={search_term_string}"},"query-input":{"@type":"PropertyValueSpecification","valueRequired":true,"valueName":"search_term_string"}}],"inLanguage":"de"},{"@type":"Organization","@id":"https:\/\/live-french.net\/de\/#organization","name":"Live-French.net","url":"https:\/\/live-french.net\/de\/","logo":{"@type":"ImageObject","inLanguage":"de","@id":"https:\/\/live-french.net\/de\/#\/schema\/logo\/image\/","url":"https:\/\/live-french.net\/wp-content\/uploads\/2021\/12\/cropped-LiveFrenchLogo.png","contentUrl":"https:\/\/live-french.net\/wp-content\/uploads\/2021\/12\/cropped-LiveFrenchLogo.png","width":3319,"height":593,"caption":"Live-French.net"},"image":{"@id":"https:\/\/live-french.net\/de\/#\/schema\/logo\/image\/"}}]}},"_links":{"self":[{"href":"https:\/\/live-french.net\/de\/wp-json\/wp\/v2\/pages\/28154","targetHints":{"allow":["GET"]}}],"collection":[{"href":"https:\/\/live-french.net\/de\/wp-json\/wp\/v2\/pages"}],"about":[{"href":"https:\/\/live-french.net\/de\/wp-json\/wp\/v2\/types\/page"}],"author":[{"embeddable":true,"href":"https:\/\/live-french.net\/de\/wp-json\/wp\/v2\/users\/1"}],"replies":[{"embeddable":true,"href":"https:\/\/live-french.net\/de\/wp-json\/wp\/v2\/comments?post=28154"}],"version-history":[{"count":2,"href":"https:\/\/live-french.net\/de\/wp-json\/wp\/v2\/pages\/28154\/revisions"}],"predecessor-version":[{"id":28163,"href":"https:\/\/live-french.net\/de\/wp-json\/wp\/v2\/pages\/28154\/revisions\/28163"}],"wp:featuredmedia":[{"embeddable":true,"href":"https:\/\/live-french.net\/de\/wp-json\/wp\/v2\/media\/28155"}],"wp:attachment":[{"href":"https:\/\/live-french.net\/de\/wp-json\/wp\/v2\/media?parent=28154"}],"curies":[{"name":"wp","href":"https:\/\/api.w.org\/{rel}","templated":true}]}}